{"id":30431,"date":"2020-08-21T12:54:45","date_gmt":"2020-08-21T12:54:45","guid":{"rendered":"http:\/\/tugraztestweb.asol.at\/gesamtverzeichnis\/unkategorisiert\/personalbibliographien-oesterreichischer-astronomen-chemiker-geodaeten-geologen-mathematiker-und-physiker\/"},"modified":"2020-08-21T14:55:45","modified_gmt":"2020-08-21T12:55:45","slug":"personalbibliographien-oesterreichischer-astronomen-chemiker-geodaeten-geologen-mathematiker-und-physiker","status":"publish","type":"product","link":"https:\/\/tugraztestweb.asol.at\/en\/gesamtverzeichnis\/uncategorized\/personalbibliographien-oesterreichischer-astronomen-chemiker-geodaeten-geologen-mathematiker-und-physiker\/","title":{"rendered":"Personalbibliographien \u00f6sterreichischer Astronomen, Chemiker, Geod\u00e4ten, Geologen, Mathematiker und Physiker"},"content":{"rendered":"<p class=\"qtranxs-available-languages-message qtranxs-available-languages-message-en\">Sorry, this entry is only available in <a href=\"https:\/\/tugraztestweb.asol.at\/de\/wp-json\/wp\/v2\/product\/30431\" class=\"qtranxs-available-language-link qtranxs-available-language-link-de\" title=\"Deutsch\">Deutsch<\/a>.<\/p><p>Drei bibliothekarisch-bibliographische Experten, Karl F. Stock, Rudolf Heilinger und Maryl\u00e8ne Stock, stehen f\u00fcr Qualit\u00e4t, sie bearbeiten seit 1962 biobibliographische Nachschlagewerke, die seit 1966 in verschiedenen Ausgaben und Themenbereichen publiziert werden.<\/p>","protected":false},"excerpt":{"rendered":"<p class=\"qtranxs-available-languages-message qtranxs-available-languages-message-en\">Sorry, this entry is only available in <a href=\"https:\/\/tugraztestweb.asol.at\/de\/wp-json\/wp\/v2\/product\/30431\" class=\"qtranxs-available-language-link qtranxs-available-language-link-de\" title=\"Deutsch\">Deutsch<\/a>.<\/p>\n<p>Drei bibliothekarisch-bibliographische Experten, Karl F. Stock, Rudolf Heilinger und Maryl\u00e8ne Stock, stehen f\u00fcr Qualit\u00e4t, sie bearbeiten seit 1962 biobibliographische Nachschlagewerke, die seit 1966 in verschiedenen Ausgaben und Themenbereichen publiziert werden.<\/p>\n","protected":false},"featured_media":39927,"comment_status":"open","ping_status":"closed","template":"","meta":[],"yoast_head":"<!-- This site is optimized with the Yoast SEO plugin v16.1.1 - https:\/\/yoast.com\/wordpress\/plugins\/seo\/ -->\n<link rel=\"canonical\" href=\"https:\/\/tugraztestweb.asol.at\/en\/gesamtverzeichnis\/uncategorized\/personalbibliographien-oesterreichischer-astronomen-chemiker-geodaeten-geologen-mathematiker-und-physiker\/\" \/>\n<meta property=\"og:locale\" content=\"en_US\" \/>\n<meta property=\"og:type\" content=\"article\" \/>\n<meta property=\"og:title\" content=\"Personalbibliographien \u00f6sterreichischer Astronomen, Chemiker, Geod\u00e4ten, Geologen, Mathematiker und Physiker - Verlag der TU Graz\" \/>\n<meta property=\"og:description\" content=\"Drei bibliothekarisch-bibliographische Experten, Karl F. Stock, Rudolf Heilinger und Maryl\u00e8ne Stock, stehen f\u00fcr Qualit\u00e4t, sie bearbeiten seit 1962 biobibliographische Nachschlagewerke, die seit 1966 in verschiedenen Ausgaben und Themenbereichen publiziert werden.\" \/>\n<meta property=\"og:url\" content=\"https:\/\/tugraztestweb.asol.at\/en\/gesamtverzeichnis\/uncategorized\/personalbibliographien-oesterreichischer-astronomen-chemiker-geodaeten-geologen-mathematiker-und-physiker\/\" \/>\n<meta property=\"og:site_name\" content=\"Verlag der TU Graz\" \/>\n<meta property=\"article:modified_time\" content=\"2020-08-21T12:55:45+00:00\" \/>\n<meta property=\"og:image\" content=\"https:\/\/tugraztestweb.asol.at\/wp-content\/uploads\/2020\/08\/image-978-3-85125-355-9.jpg\" \/>\n\t<meta property=\"og:image:width\" content=\"499\" \/>\n\t<meta property=\"og:image:height\" content=\"728\" \/>\n<meta name=\"twitter:card\" content=\"summary_large_image\" \/>\n<script type=\"application\/ld+json\" class=\"yoast-schema-graph\">{\"@context\":\"https:\/\/schema.org\",\"@graph\":[{\"@type\":\"WebSite\",\"@id\":\"https:\/\/tugraztestweb.asol.at\/#website\",\"url\":\"https:\/\/tugraztestweb.asol.at\/\",\"name\":\"Verlag der TU Graz\",\"description\":\"Verlag der Technischen Universit\\u00e4t Graz\",\"potentialAction\":[{\"@type\":\"SearchAction\",\"target\":\"https:\/\/tugraztestweb.asol.at\/?s={search_term_string}\",\"query-input\":\"required name=search_term_string\"}],\"inLanguage\":\"en-US\"},{\"@type\":\"ImageObject\",\"@id\":\"https:\/\/tugraztestweb.asol.at\/en\/gesamtverzeichnis\/uncategorized\/personalbibliographien-oesterreichischer-astronomen-chemiker-geodaeten-geologen-mathematiker-und-physiker\/#primaryimage\",\"inLanguage\":\"en-US\",\"url\":\"https:\/\/tugraztestweb.asol.at\/wp-content\/uploads\/2020\/08\/image-978-3-85125-355-9.jpg\",\"contentUrl\":\"https:\/\/tugraztestweb.asol.at\/wp-content\/uploads\/2020\/08\/image-978-3-85125-355-9.jpg\",\"width\":499,\"height\":728},{\"@type\":\"WebPage\",\"@id\":\"https:\/\/tugraztestweb.asol.at\/en\/gesamtverzeichnis\/uncategorized\/personalbibliographien-oesterreichischer-astronomen-chemiker-geodaeten-geologen-mathematiker-und-physiker\/#webpage\",\"url\":\"https:\/\/tugraztestweb.asol.at\/en\/gesamtverzeichnis\/uncategorized\/personalbibliographien-oesterreichischer-astronomen-chemiker-geodaeten-geologen-mathematiker-und-physiker\/\",\"name\":\"Personalbibliographien \\u00f6sterreichischer Astronomen, Chemiker, Geod\\u00e4ten, Geologen, Mathematiker und Physiker - Verlag der TU Graz\",\"isPartOf\":{\"@id\":\"https:\/\/tugraztestweb.asol.at\/#website\"},\"primaryImageOfPage\":{\"@id\":\"https:\/\/tugraztestweb.asol.at\/en\/gesamtverzeichnis\/uncategorized\/personalbibliographien-oesterreichischer-astronomen-chemiker-geodaeten-geologen-mathematiker-und-physiker\/#primaryimage\"},\"datePublished\":\"2020-08-21T12:54:45+00:00\",\"dateModified\":\"2020-08-21T12:55:45+00:00\",\"breadcrumb\":{\"@id\":\"https:\/\/tugraztestweb.asol.at\/en\/gesamtverzeichnis\/uncategorized\/personalbibliographien-oesterreichischer-astronomen-chemiker-geodaeten-geologen-mathematiker-und-physiker\/#breadcrumb\"},\"inLanguage\":\"en-US\",\"potentialAction\":[{\"@type\":\"ReadAction\",\"target\":[\"https:\/\/tugraztestweb.asol.at\/en\/gesamtverzeichnis\/uncategorized\/personalbibliographien-oesterreichischer-astronomen-chemiker-geodaeten-geologen-mathematiker-und-physiker\/\"]}]},{\"@type\":\"BreadcrumbList\",\"@id\":\"https:\/\/tugraztestweb.asol.at\/en\/gesamtverzeichnis\/uncategorized\/personalbibliographien-oesterreichischer-astronomen-chemiker-geodaeten-geologen-mathematiker-und-physiker\/#breadcrumb\",\"itemListElement\":[{\"@type\":\"ListItem\",\"position\":1,\"item\":{\"@type\":\"WebPage\",\"@id\":\"https:\/\/tugraztestweb.asol.at\/\",\"url\":\"https:\/\/tugraztestweb.asol.at\/\",\"name\":\"Home\"}},{\"@type\":\"ListItem\",\"position\":2,\"item\":{\"@type\":\"WebPage\",\"@id\":\"https:\/\/tugraztestweb.asol.at\/gesamtverzeichnis\/\",\"url\":\"https:\/\/tugraztestweb.asol.at\/gesamtverzeichnis\/\",\"name\":\"Gesamtverzeichnis\"}},{\"@type\":\"ListItem\",\"position\":3,\"item\":{\"@type\":\"WebPage\",\"@id\":\"https:\/\/tugraztestweb.asol.at\/en\/gesamtverzeichnis\/uncategorized\/personalbibliographien-oesterreichischer-astronomen-chemiker-geodaeten-geologen-mathematiker-und-physiker\/\",\"url\":\"https:\/\/tugraztestweb.asol.at\/en\/gesamtverzeichnis\/uncategorized\/personalbibliographien-oesterreichischer-astronomen-chemiker-geodaeten-geologen-mathematiker-und-physiker\/\",\"name\":\"Personalbibliographien \\u00f6sterreichischer Astronomen, Chemiker, Geod\\u00e4ten, Geologen, Mathematiker und Physiker\"}}]}]}<\/script>\n<!-- \/ Yoast SEO plugin. -->","_links":{"self":[{"href":"https:\/\/tugraztestweb.asol.at\/en\/wp-json\/wp\/v2\/product\/30431"}],"collection":[{"href":"https:\/\/tugraztestweb.asol.at\/en\/wp-json\/wp\/v2\/product"}],"about":[{"href":"https:\/\/tugraztestweb.asol.at\/en\/wp-json\/wp\/v2\/types\/product"}],"replies":[{"embeddable":true,"href":"https:\/\/tugraztestweb.asol.at\/en\/wp-json\/wp\/v2\/comments?post=30431"}],"wp:featuredmedia":[{"embeddable":true,"href":"https:\/\/tugraztestweb.asol.at\/en\/wp-json\/wp\/v2\/media\/39927"}],"wp:attachment":[{"href":"https:\/\/tugraztestweb.asol.at\/en\/wp-json\/wp\/v2\/media?parent=30431"}],"curies":[{"name":"wp","href":"https:\/\/api.w.org\/{rel}","templated":true}]}}