{"id":30443,"date":"2020-08-21T12:54:48","date_gmt":"2020-08-21T12:54:48","guid":{"rendered":"http:\/\/tugraztestweb.asol.at\/gesamtverzeichnis\/unkategorisiert\/nachhaltig-bauen-mit-beton-werkstoff-und-konstruktion-beton-graz14\/"},"modified":"2020-08-21T14:55:48","modified_gmt":"2020-08-21T12:55:48","slug":"nachhaltig-bauen-mit-beton-werkstoff-und-konstruktion-beton-graz14","status":"publish","type":"product","link":"https:\/\/tugraztestweb.asol.at\/en\/gesamtverzeichnis\/bauingenieurwissenschaften\/nachhaltig-bauen-mit-beton-werkstoff-und-konstruktion-beton-graz14\/","title":{"rendered":"Nachhaltig Bauen mit Beton: Werkstoff und Konstruktion, Beton Graz\u00b414"},"content":{"rendered":"<p class=\"qtranxs-available-languages-message qtranxs-available-languages-message-en\">Sorry, this entry is only available in <a href=\"https:\/\/tugraztestweb.asol.at\/de\/wp-json\/wp\/v2\/product\/30443\" class=\"qtranxs-available-language-link qtranxs-available-language-link-de\" title=\"Deutsch\">Deutsch<\/a>.<\/p><p><\/p>\n<div>Das breite Interesse sowie das positive Echo auf das 1. Grazer Betonkolloquium 2012 hat uns motiviert, diese Veranstaltung im Zweijahres-Rhythmus fortzusetzen. Allen Vortragenden, Teilnehmern und Sponsoren sind wir zu Dank verpflichtet.<\/div>\n<div><\/div>\n<div>Die Rahmenbedingungen f\u00fcr Wirtschaft und Gesellschaft \u00e4ndern sich rasant, so auch f\u00fcr den meist verwendeten Werkstoff Beton im Speziellen und im gesamten Bausektor im Allgemeinen. Die Anforderungen an Bauprodukte und Bauwerke steigen. Daher sind alle Entscheidungstr\u00e4ger gefordert, zur Weiterentwicklung der Betonbauweise in all ihren Facetten beizutragen: Erzeuger von Beton und daraus hergestellten Bauprodukten, Zulieferer von Inhaltsstoffen, Planer, Bauherrn und nicht zuletzt auch die Wissenschaft.<\/div>\n<div><\/div>\n<div>Stand beim 1. Grazer Betonkolloquium die Vielseitigkeit dieses Werkstoffs im Vordergrund, wollen wir uns heuer den Erfordernissen und Entwicklungspotentialen im Kontext der Nachhaltigkeit widmen. Schlie\u00dflich war und ist der Grundgedanke des Grazer Betonkolloquiums, Erzeuger, Planer, Bauherrn und Forscher in einer kreativen Atmosph\u00e4re zusammen zu bringen und ihnen Gelegenheit zum pers\u00f6nlichen Austausch zu geben. Dabei sollen aktuelle Forschungsergebnisse, erste Anwendungserfahrungen, aber auch Probleme aus der Praxis sowie ein allf\u00e4lliger Handlungsbedarf er\u00f6rtert werden.<\/div>\n<div><\/div>\n<div>F\u00fcr das heurige Kolloquium haben wir 5 Themenbereiche definiert: zuerst wird auf Werkstoffebene er\u00f6rtert, wie die Umweltwirkungen des Werkstoffs Beton gering gehalten werden k\u00f6nnen. Daraufhin erfolgt die Betrachtung auf Konstruktionsebene, welchen Beitrag effiziente, ressourcenschonende und kreislauff\u00e4hige Konstruktionen leisten k\u00f6nnen, womit auch die Schnittstelle Werkstoff \u2013 Konstruktion angesprochen ist. Neue Entwicklungen finden auch ihren Niederschlag im Regelwerk, weshalb diesem Thema der dritte Abschnitt gewidmet ist. Der vierte Abschnitt n\u00e4hert sich dem Life Cycle Design an, wie Tragewerke f\u00fcr eine vorgegebene Nutzungsdauer zu entwerfen sind. Ausf\u00fchrungen und Umsetzung all dieser \u00dcberlegungen stehen im Zentrum des letzten Abschnitts.<\/div>\n<div><\/div>\n<div>Es freut uns sehr, dass wir auch heuer wieder namenhafte Vortragende mit ebenso aktuellen wie interessanten Themen gewinnen konnten. Erstmals wollen wir heuer jungen Wissenschaftlern Gelegenheit geben, ihre Ideen und Forschungsarbeiten zum diesj\u00e4hrigen Thema vorzustellen, deren beste auch im Rahmen des Best Paper Award pr\u00e4miiert werden. Somit hoffen wir, auch mit dem 2. Grazer Betonkolloquium einen Beitrag zur Weiterentwicklung der Betonbauweise zu leisten, auch im Sinne der ingenieurethischen Verantwortung f\u00fcr Umwelt und Gesellschaft, zu der sich die TU Graz als \u201eUniversity of Sustainable Technologies\u201c bekennt.<\/div>\n<div><\/div>\n<div>Auch haben wieder einige Mitarbeiterinnen und Mitarbeiter der beteiligten Institute, vielfach im Verborgenen, entscheidend zum Gelingen dieser Veranstaltung beigetragen, wof\u00fcr ihnen an dieser Stelle herzlich gedankt sei: Joachim Juhart, Doris Marchler, Waltraud Reichl und Gerhard Santner.<\/div>\n<div><\/div>\n<p><\/p>","protected":false},"excerpt":{"rendered":"<p class=\"qtranxs-available-languages-message qtranxs-available-languages-message-en\">Sorry, this entry is only available in <a href=\"https:\/\/tugraztestweb.asol.at\/de\/wp-json\/wp\/v2\/product\/30443\" class=\"qtranxs-available-language-link qtranxs-available-language-link-de\" title=\"Deutsch\">Deutsch<\/a>.<\/p>\n<div>Das breite Interesse sowie das positive Echo auf das 1. Grazer Betonkolloquium 2012 hat uns motiviert, diese Veranstaltung im Zweijahres-Rhythmus fortzusetzen. Allen Vortragenden, Teilnehmern und Sponsoren sind wir zu Dank verpflichtet.<\/div>\n<div><\/div>\n<div>Die Rahmenbedingungen f\u00fcr Wirtschaft und Gesellschaft \u00e4ndern sich rasant, so auch f\u00fcr den meist verwendeten Werkstoff Beton im Speziellen und im gesamten Bausektor im Allgemeinen. Die Anforderungen an Bauprodukte und Bauwerke steigen. Daher sind alle Entscheidungstr\u00e4ger gefordert, zur Weiterentwicklung der Betonbauweise in all ihren Facetten beizutragen: Erzeuger von Beton und daraus hergestellten Bauprodukten, Zulieferer von Inhaltsstoffen, Planer, Bauherrn und nicht zuletzt auch die Wissenschaft.<\/div>\n<div><\/div>\n<div>Stand beim 1. Grazer Betonkolloquium die Vielseitigkeit dieses Werkstoffs im Vordergrund, wollen wir uns heuer den Erfordernissen und Entwicklungspotentialen im Kontext der Nachhaltigkeit widmen. Schlie\u00dflich war und ist der Grundgedanke des Grazer Betonkolloquiums, Erzeuger, Planer, Bauherrn und Forscher in einer kreativen Atmosph\u00e4re zusammen zu bringen und ihnen Gelegenheit zum pers\u00f6nlichen Austausch zu geben. Dabei sollen aktuelle Forschungsergebnisse, erste Anwendungserfahrungen, aber auch Probleme aus der Praxis sowie ein allf\u00e4lliger Handlungsbedarf er\u00f6rtert werden.<\/div>\n<div><\/div>\n<div>F\u00fcr das heurige Kolloquium haben wir 5 Themenbereiche definiert: zuerst wird auf Werkstoffebene er\u00f6rtert, wie die Umweltwirkungen des Werkstoffs Beton gering gehalten werden k\u00f6nnen. Daraufhin erfolgt die Betrachtung auf Konstruktionsebene, welchen Beitrag effiziente, ressourcenschonende und kreislauff\u00e4hige Konstruktionen leisten k\u00f6nnen, womit auch die Schnittstelle Werkstoff \u2013 Konstruktion angesprochen ist. Neue Entwicklungen finden auch ihren Niederschlag im Regelwerk, weshalb diesem Thema der dritte Abschnitt gewidmet ist. Der vierte Abschnitt n\u00e4hert sich dem Life Cycle Design an, wie Tragewerke f\u00fcr eine vorgegebene Nutzungsdauer zu entwerfen sind. Ausf\u00fchrungen und Umsetzung all dieser \u00dcberlegungen stehen im Zentrum des letzten Abschnitts.<\/div>\n<div><\/div>\n<div>Es freut uns sehr, dass wir auch heuer wieder namenhafte Vortragende mit ebenso aktuellen wie interessanten Themen gewinnen konnten. Erstmals wollen wir heuer jungen Wissenschaftlern Gelegenheit geben, ihre Ideen und Forschungsarbeiten zum diesj\u00e4hrigen Thema vorzustellen, deren beste auch im Rahmen des Best Paper Award pr\u00e4miiert werden. Somit hoffen wir, auch mit dem 2. Grazer Betonkolloquium einen Beitrag zur Weiterentwicklung der Betonbauweise zu leisten, auch im Sinne der ingenieurethischen Verantwortung f\u00fcr Umwelt und Gesellschaft, zu der sich die TU Graz als \u201eUniversity of Sustainable Technologies\u201c bekennt.<\/div>\n<div><\/div>\n<div>Auch haben wieder einige Mitarbeiterinnen und Mitarbeiter der beteiligten Institute, vielfach im Verborgenen, entscheidend zum Gelingen dieser Veranstaltung beigetragen, wof\u00fcr ihnen an dieser Stelle herzlich gedankt sei: Joachim Juhart, Doris Marchler, Waltraud Reichl und Gerhard Santner.<\/div>\n<div><\/div>\n","protected":false},"featured_media":39930,"comment_status":"open","ping_status":"closed","template":"","meta":[],"yoast_head":"<!-- This site is optimized with the Yoast SEO plugin v16.1.1 - https:\/\/yoast.com\/wordpress\/plugins\/seo\/ -->\n<link rel=\"canonical\" href=\"https:\/\/tugraztestweb.asol.at\/gesamtverzeichnis\/bauingenieurwissenschaften\/nachhaltig-bauen-mit-beton-werkstoff-und-konstruktion-beton-graz14\/\" \/>\n<meta property=\"og:locale\" content=\"en_US\" \/>\n<meta property=\"og:type\" content=\"article\" \/>\n<meta property=\"og:title\" content=\"Nachhaltig Bauen mit Beton: Werkstoff und Konstruktion, Beton Graz\u00b414 - Verlag der TU Graz\" \/>\n<meta property=\"og:description\" content=\"Das breite Interesse sowie das positive Echo auf das 1. Grazer Betonkolloquium 2012 hat uns motiviert, diese Veranstaltung im Zweijahres-Rhythmus fortzusetzen. Allen Vortragenden, Teilnehmern und Sponsoren sind wir zu Dank verpflichtet.Die Rahmenbedingungen f\u00fcr Wirtschaft und Gesellschaft \u00e4ndern sich rasant, so auch f\u00fcr den meist verwendeten Werkstoff Beton im Speziellen und im gesamten Bausektor im Allgemeinen. Die Anforderungen an Bauprodukte und Bauwerke steigen. Daher sind alle Entscheidungstr\u00e4ger gefordert, zur Weiterentwicklung der Betonbauweise in all ihren Facetten beizutragen: Erzeuger von Beton und daraus hergestellten Bauprodukten, Zulieferer von Inhaltsstoffen, Planer, Bauherrn und nicht zuletzt auch die Wissenschaft.Stand beim 1. Grazer Betonkolloquium die Vielseitigkeit dieses Werkstoffs im Vordergrund, wollen wir uns heuer den Erfordernissen und Entwicklungspotentialen im Kontext der Nachhaltigkeit widmen. Schlie\u00dflich war und ist der Grundgedanke des Grazer Betonkolloquiums, Erzeuger, Planer, Bauherrn und Forscher in einer kreativen Atmosph\u00e4re zusammen zu bringen und ihnen Gelegenheit zum pers\u00f6nlichen Austausch zu geben. Dabei sollen aktuelle Forschungsergebnisse, erste Anwendungserfahrungen, aber auch Probleme aus der Praxis sowie ein allf\u00e4lliger Handlungsbedarf er\u00f6rtert werden.F\u00fcr das heurige Kolloquium haben wir 5 Themenbereiche definiert: zuerst wird auf Werkstoffebene er\u00f6rtert, wie die Umweltwirkungen des Werkstoffs Beton gering gehalten werden k\u00f6nnen. Daraufhin erfolgt die Betrachtung auf Konstruktionsebene, welchen Beitrag effiziente, ressourcenschonende und kreislauff\u00e4hige Konstruktionen leisten k\u00f6nnen, womit auch die Schnittstelle Werkstoff \u2013 Konstruktion angesprochen ist. Neue Entwicklungen finden auch ihren Niederschlag im Regelwerk, weshalb diesem Thema der dritte Abschnitt gewidmet ist. Der vierte Abschnitt n\u00e4hert sich dem Life Cycle Design an, wie Tragewerke f\u00fcr eine vorgegebene Nutzungsdauer zu entwerfen sind. Ausf\u00fchrungen und Umsetzung all dieser \u00dcberlegungen stehen im Zentrum des letzten Abschnitts.Es freut uns sehr, dass wir auch heuer wieder namenhafte Vortragende mit ebenso aktuellen wie interessanten Themen gewinnen konnten. Erstmals wollen wir heuer jungen Wissenschaftlern Gelegenheit geben, ihre Ideen und Forschungsarbeiten zum diesj\u00e4hrigen Thema vorzustellen, deren beste auch im Rahmen des Best Paper Award pr\u00e4miiert werden. Somit hoffen wir, auch mit dem 2. Grazer Betonkolloquium einen Beitrag zur Weiterentwicklung der Betonbauweise zu leisten, auch im Sinne der ingenieurethischen Verantwortung f\u00fcr Umwelt und Gesellschaft, zu der sich die TU Graz als \u201eUniversity of Sustainable Technologies\u201c bekennt.Auch haben wieder einige Mitarbeiterinnen und Mitarbeiter der beteiligten Institute, vielfach im Verborgenen, entscheidend zum Gelingen dieser Veranstaltung beigetragen, wof\u00fcr ihnen an dieser Stelle herzlich gedankt sei: Joachim Juhart, Doris Marchler, Waltraud Reichl und Gerhard Santner.\" \/>\n<meta property=\"og:url\" content=\"https:\/\/tugraztestweb.asol.at\/gesamtverzeichnis\/bauingenieurwissenschaften\/nachhaltig-bauen-mit-beton-werkstoff-und-konstruktion-beton-graz14\/\" \/>\n<meta property=\"og:site_name\" content=\"Verlag der TU Graz\" \/>\n<meta property=\"article:modified_time\" content=\"2020-08-21T12:55:48+00:00\" \/>\n<meta property=\"og:image\" content=\"https:\/\/tugraztestweb.asol.at\/wp-content\/uploads\/2020\/08\/image-978-3-85125-360-3.jpg\" \/>\n\t<meta property=\"og:image:width\" content=\"558\" \/>\n\t<meta property=\"og:image:height\" content=\"786\" \/>\n<meta name=\"twitter:card\" content=\"summary_large_image\" \/>\n<meta name=\"twitter:label1\" content=\"Est. reading time\">\n\t<meta name=\"twitter:data1\" content=\"2 minutes\">\n<script type=\"application\/ld+json\" class=\"yoast-schema-graph\">{\"@context\":\"https:\/\/schema.org\",\"@graph\":[{\"@type\":\"WebSite\",\"@id\":\"https:\/\/tugraztestweb.asol.at\/#website\",\"url\":\"https:\/\/tugraztestweb.asol.at\/\",\"name\":\"Verlag der TU Graz\",\"description\":\"Verlag der Technischen Universit\\u00e4t Graz\",\"potentialAction\":[{\"@type\":\"SearchAction\",\"target\":\"https:\/\/tugraztestweb.asol.at\/?s={search_term_string}\",\"query-input\":\"required name=search_term_string\"}],\"inLanguage\":\"en-US\"},{\"@type\":\"ImageObject\",\"@id\":\"https:\/\/tugraztestweb.asol.at\/gesamtverzeichnis\/bauingenieurwissenschaften\/nachhaltig-bauen-mit-beton-werkstoff-und-konstruktion-beton-graz14\/#primaryimage\",\"inLanguage\":\"en-US\",\"url\":\"https:\/\/tugraztestweb.asol.at\/wp-content\/uploads\/2020\/08\/image-978-3-85125-360-3.jpg\",\"contentUrl\":\"https:\/\/tugraztestweb.asol.at\/wp-content\/uploads\/2020\/08\/image-978-3-85125-360-3.jpg\",\"width\":558,\"height\":786},{\"@type\":\"WebPage\",\"@id\":\"https:\/\/tugraztestweb.asol.at\/gesamtverzeichnis\/bauingenieurwissenschaften\/nachhaltig-bauen-mit-beton-werkstoff-und-konstruktion-beton-graz14\/#webpage\",\"url\":\"https:\/\/tugraztestweb.asol.at\/gesamtverzeichnis\/bauingenieurwissenschaften\/nachhaltig-bauen-mit-beton-werkstoff-und-konstruktion-beton-graz14\/\",\"name\":\"Nachhaltig Bauen mit Beton: Werkstoff und Konstruktion, Beton Graz\\u00b414 - Verlag der TU Graz\",\"isPartOf\":{\"@id\":\"https:\/\/tugraztestweb.asol.at\/#website\"},\"primaryImageOfPage\":{\"@id\":\"https:\/\/tugraztestweb.asol.at\/gesamtverzeichnis\/bauingenieurwissenschaften\/nachhaltig-bauen-mit-beton-werkstoff-und-konstruktion-beton-graz14\/#primaryimage\"},\"datePublished\":\"2020-08-21T12:54:48+00:00\",\"dateModified\":\"2020-08-21T12:55:48+00:00\",\"breadcrumb\":{\"@id\":\"https:\/\/tugraztestweb.asol.at\/gesamtverzeichnis\/bauingenieurwissenschaften\/nachhaltig-bauen-mit-beton-werkstoff-und-konstruktion-beton-graz14\/#breadcrumb\"},\"inLanguage\":\"en-US\",\"potentialAction\":[{\"@type\":\"ReadAction\",\"target\":[\"https:\/\/tugraztestweb.asol.at\/gesamtverzeichnis\/bauingenieurwissenschaften\/nachhaltig-bauen-mit-beton-werkstoff-und-konstruktion-beton-graz14\/\"]}]},{\"@type\":\"BreadcrumbList\",\"@id\":\"https:\/\/tugraztestweb.asol.at\/gesamtverzeichnis\/bauingenieurwissenschaften\/nachhaltig-bauen-mit-beton-werkstoff-und-konstruktion-beton-graz14\/#breadcrumb\",\"itemListElement\":[{\"@type\":\"ListItem\",\"position\":1,\"item\":{\"@type\":\"WebPage\",\"@id\":\"https:\/\/tugraztestweb.asol.at\/\",\"url\":\"https:\/\/tugraztestweb.asol.at\/\",\"name\":\"Home\"}},{\"@type\":\"ListItem\",\"position\":2,\"item\":{\"@type\":\"WebPage\",\"@id\":\"https:\/\/tugraztestweb.asol.at\/gesamtverzeichnis\/\",\"url\":\"https:\/\/tugraztestweb.asol.at\/gesamtverzeichnis\/\",\"name\":\"Gesamtverzeichnis\"}},{\"@type\":\"ListItem\",\"position\":3,\"item\":{\"@type\":\"WebPage\",\"@id\":\"https:\/\/tugraztestweb.asol.at\/gesamtverzeichnis\/bauingenieurwissenschaften\/nachhaltig-bauen-mit-beton-werkstoff-und-konstruktion-beton-graz14\/\",\"url\":\"https:\/\/tugraztestweb.asol.at\/gesamtverzeichnis\/bauingenieurwissenschaften\/nachhaltig-bauen-mit-beton-werkstoff-und-konstruktion-beton-graz14\/\",\"name\":\"Nachhaltig Bauen mit Beton: Werkstoff und Konstruktion, Beton Graz\\u00b414\"}}]}]}<\/script>\n<!-- \/ Yoast SEO plugin. -->","_links":{"self":[{"href":"https:\/\/tugraztestweb.asol.at\/en\/wp-json\/wp\/v2\/product\/30443"}],"collection":[{"href":"https:\/\/tugraztestweb.asol.at\/en\/wp-json\/wp\/v2\/product"}],"about":[{"href":"https:\/\/tugraztestweb.asol.at\/en\/wp-json\/wp\/v2\/types\/product"}],"replies":[{"embeddable":true,"href":"https:\/\/tugraztestweb.asol.at\/en\/wp-json\/wp\/v2\/comments?post=30443"}],"wp:featuredmedia":[{"embeddable":true,"href":"https:\/\/tugraztestweb.asol.at\/en\/wp-json\/wp\/v2\/media\/39930"}],"wp:attachment":[{"href":"https:\/\/tugraztestweb.asol.at\/en\/wp-json\/wp\/v2\/media?parent=30443"}],"curies":[{"name":"wp","href":"https:\/\/api.w.org\/{rel}","templated":true}]}}