{"id":30445,"date":"2020-08-21T12:54:48","date_gmt":"2020-08-21T12:54:48","guid":{"rendered":"http:\/\/tugraztestweb.asol.at\/gesamtverzeichnis\/unkategorisiert\/niemandsraeume\/"},"modified":"2020-08-21T14:55:48","modified_gmt":"2020-08-21T12:55:48","slug":"niemandsraeume","status":"publish","type":"product","link":"https:\/\/tugraztestweb.asol.at\/en\/gesamtverzeichnis\/architektur\/niemandsraeume\/","title":{"rendered":"Niemandsr\u00e4ume"},"content":{"rendered":"<p class=\"qtranxs-available-languages-message qtranxs-available-languages-message-en\">Sorry, this entry is only available in <a href=\"https:\/\/tugraztestweb.asol.at\/de\/wp-json\/wp\/v2\/product\/30445\" class=\"qtranxs-available-language-link qtranxs-available-language-link-de\" title=\"Deutsch\">Deutsch<\/a>.<\/p><p>Ausgangslage f\u00fcr \u201eNIEMANDSR\u00c4UME\u201c ist die Behauptung, dass die Utopie nicht als Bauaufgabe \u2013 also als gescheiterter Plan \u2013 zu verstehen ist, sondern als Werkzeug, kritisch, k\u00fcnstlerisch und gesellschaftsf\u00e4hig zu arbeiten. In Bildern denken, nicht in \u00f6konomischen Worth\u00fclsen, und Entw\u00fcrfe zulassen, die nie als Realvision gedacht waren.<br \/>\n\u201eNIEMANDSR\u00c4UME\u201c ist eine \u201eGraphic Novel\u201c, ein Comicroman, der als k\u00fcnstlerische Ausdrucksform auch in der Architektur an Bedeutung gewinnt. Dieses Medium schafft es, Potentiale der Architektur aufzuzeigen und den Betrachter Bild f\u00fcr Bild auf eine Reise in Vergangenes, Gegenw\u00e4rtiges und Zuk\u00fcnftiges einzuladen. \u201eNIEMANDSR\u00c4UME\u201c ist eine Gegen\u00fcberstellung einzelner Architektur-Utopien und macht erdachte R\u00e4ume experimentell erlebbar.<\/p>","protected":false},"excerpt":{"rendered":"<p class=\"qtranxs-available-languages-message qtranxs-available-languages-message-en\">Sorry, this entry is only available in <a href=\"https:\/\/tugraztestweb.asol.at\/de\/wp-json\/wp\/v2\/product\/30445\" class=\"qtranxs-available-language-link qtranxs-available-language-link-de\" title=\"Deutsch\">Deutsch<\/a>.<\/p>\n<p>Ausgangslage f\u00fcr \u201eNIEMANDSR\u00c4UME\u201c ist die Behauptung, dass die Utopie nicht als Bauaufgabe \u2013 also als gescheiterter Plan \u2013 zu verstehen ist, sondern als Werkzeug, kritisch, k\u00fcnstlerisch und gesellschaftsf\u00e4hig zu arbeiten. In Bildern denken, nicht in \u00f6konomischen Worth\u00fclsen, und Entw\u00fcrfe zulassen, die nie als Realvision gedacht waren.<br \/>\n\u201eNIEMANDSR\u00c4UME\u201c ist eine \u201eGraphic Novel\u201c, ein Comicroman, der als k\u00fcnstlerische Ausdrucksform auch in der Architektur an Bedeutung gewinnt. Dieses Medium schafft es, Potentiale der Architektur aufzuzeigen und den Betrachter Bild f\u00fcr Bild auf eine Reise in Vergangenes, Gegenw\u00e4rtiges und Zuk\u00fcnftiges einzuladen. \u201eNIEMANDSR\u00c4UME\u201c ist eine Gegen\u00fcberstellung einzelner Architektur-Utopien und macht erdachte R\u00e4ume experimentell erlebbar.<\/p>\n","protected":false},"featured_media":39931,"comment_status":"open","ping_status":"closed","template":"","meta":[],"yoast_head":"<!-- This site is optimized with the Yoast SEO plugin v16.1.1 - https:\/\/yoast.com\/wordpress\/plugins\/seo\/ -->\n<link rel=\"canonical\" href=\"https:\/\/tugraztestweb.asol.at\/gesamtverzeichnis\/architektur\/niemandsraeume\/\" \/>\n<meta property=\"og:locale\" content=\"en_US\" \/>\n<meta property=\"og:type\" content=\"article\" \/>\n<meta property=\"og:title\" content=\"Niemandsr\u00e4ume - Verlag der TU Graz\" \/>\n<meta property=\"og:description\" content=\"Ausgangslage f\u00fcr \u201eNIEMANDSR\u00c4UME\u201c ist die Behauptung, dass die Utopie nicht als Bauaufgabe \u2013 also als gescheiterter Plan \u2013 zu verstehen ist, sondern als Werkzeug, kritisch, k\u00fcnstlerisch und gesellschaftsf\u00e4hig zu arbeiten. In Bildern denken, nicht in \u00f6konomischen Worth\u00fclsen, und Entw\u00fcrfe zulassen, die nie als Realvision gedacht waren. \u201eNIEMANDSR\u00c4UME\u201c ist eine \u201eGraphic Novel\u201c, ein Comicroman, der als k\u00fcnstlerische Ausdrucksform auch in der Architektur an Bedeutung gewinnt. Dieses Medium schafft es, Potentiale der Architektur aufzuzeigen und den Betrachter Bild f\u00fcr Bild auf eine Reise in Vergangenes, Gegenw\u00e4rtiges und Zuk\u00fcnftiges einzuladen. \u201eNIEMANDSR\u00c4UME\u201c ist eine Gegen\u00fcberstellung einzelner Architektur-Utopien und macht erdachte R\u00e4ume experimentell erlebbar.\" \/>\n<meta property=\"og:url\" content=\"https:\/\/tugraztestweb.asol.at\/gesamtverzeichnis\/architektur\/niemandsraeume\/\" \/>\n<meta property=\"og:site_name\" content=\"Verlag der TU Graz\" \/>\n<meta property=\"article:modified_time\" content=\"2020-08-21T12:55:48+00:00\" \/>\n<meta property=\"og:image\" content=\"https:\/\/tugraztestweb.asol.at\/wp-content\/uploads\/2020\/08\/image-978-3-85125-361-0.jpg\" \/>\n\t<meta property=\"og:image:width\" content=\"589\" \/>\n\t<meta property=\"og:image:height\" content=\"785\" \/>\n<meta name=\"twitter:card\" content=\"summary_large_image\" \/>\n<meta name=\"twitter:label1\" content=\"Est. reading time\">\n\t<meta name=\"twitter:data1\" content=\"1 minute\">\n<script type=\"application\/ld+json\" class=\"yoast-schema-graph\">{\"@context\":\"https:\/\/schema.org\",\"@graph\":[{\"@type\":\"WebSite\",\"@id\":\"https:\/\/tugraztestweb.asol.at\/#website\",\"url\":\"https:\/\/tugraztestweb.asol.at\/\",\"name\":\"Verlag der TU Graz\",\"description\":\"Verlag der Technischen Universit\\u00e4t Graz\",\"potentialAction\":[{\"@type\":\"SearchAction\",\"target\":\"https:\/\/tugraztestweb.asol.at\/?s={search_term_string}\",\"query-input\":\"required name=search_term_string\"}],\"inLanguage\":\"en-US\"},{\"@type\":\"ImageObject\",\"@id\":\"https:\/\/tugraztestweb.asol.at\/gesamtverzeichnis\/architektur\/niemandsraeume\/#primaryimage\",\"inLanguage\":\"en-US\",\"url\":\"https:\/\/tugraztestweb.asol.at\/wp-content\/uploads\/2020\/08\/image-978-3-85125-361-0.jpg\",\"contentUrl\":\"https:\/\/tugraztestweb.asol.at\/wp-content\/uploads\/2020\/08\/image-978-3-85125-361-0.jpg\",\"width\":589,\"height\":785},{\"@type\":\"WebPage\",\"@id\":\"https:\/\/tugraztestweb.asol.at\/gesamtverzeichnis\/architektur\/niemandsraeume\/#webpage\",\"url\":\"https:\/\/tugraztestweb.asol.at\/gesamtverzeichnis\/architektur\/niemandsraeume\/\",\"name\":\"Niemandsr\\u00e4ume - Verlag der TU Graz\",\"isPartOf\":{\"@id\":\"https:\/\/tugraztestweb.asol.at\/#website\"},\"primaryImageOfPage\":{\"@id\":\"https:\/\/tugraztestweb.asol.at\/gesamtverzeichnis\/architektur\/niemandsraeume\/#primaryimage\"},\"datePublished\":\"2020-08-21T12:54:48+00:00\",\"dateModified\":\"2020-08-21T12:55:48+00:00\",\"breadcrumb\":{\"@id\":\"https:\/\/tugraztestweb.asol.at\/gesamtverzeichnis\/architektur\/niemandsraeume\/#breadcrumb\"},\"inLanguage\":\"en-US\",\"potentialAction\":[{\"@type\":\"ReadAction\",\"target\":[\"https:\/\/tugraztestweb.asol.at\/gesamtverzeichnis\/architektur\/niemandsraeume\/\"]}]},{\"@type\":\"BreadcrumbList\",\"@id\":\"https:\/\/tugraztestweb.asol.at\/gesamtverzeichnis\/architektur\/niemandsraeume\/#breadcrumb\",\"itemListElement\":[{\"@type\":\"ListItem\",\"position\":1,\"item\":{\"@type\":\"WebPage\",\"@id\":\"https:\/\/tugraztestweb.asol.at\/\",\"url\":\"https:\/\/tugraztestweb.asol.at\/\",\"name\":\"Home\"}},{\"@type\":\"ListItem\",\"position\":2,\"item\":{\"@type\":\"WebPage\",\"@id\":\"https:\/\/tugraztestweb.asol.at\/gesamtverzeichnis\/\",\"url\":\"https:\/\/tugraztestweb.asol.at\/gesamtverzeichnis\/\",\"name\":\"Gesamtverzeichnis\"}},{\"@type\":\"ListItem\",\"position\":3,\"item\":{\"@type\":\"WebPage\",\"@id\":\"https:\/\/tugraztestweb.asol.at\/gesamtverzeichnis\/architektur\/niemandsraeume\/\",\"url\":\"https:\/\/tugraztestweb.asol.at\/gesamtverzeichnis\/architektur\/niemandsraeume\/\",\"name\":\"Niemandsr\\u00e4ume\"}}]}]}<\/script>\n<!-- \/ Yoast SEO plugin. -->","_links":{"self":[{"href":"https:\/\/tugraztestweb.asol.at\/en\/wp-json\/wp\/v2\/product\/30445"}],"collection":[{"href":"https:\/\/tugraztestweb.asol.at\/en\/wp-json\/wp\/v2\/product"}],"about":[{"href":"https:\/\/tugraztestweb.asol.at\/en\/wp-json\/wp\/v2\/types\/product"}],"replies":[{"embeddable":true,"href":"https:\/\/tugraztestweb.asol.at\/en\/wp-json\/wp\/v2\/comments?post=30445"}],"wp:featuredmedia":[{"embeddable":true,"href":"https:\/\/tugraztestweb.asol.at\/en\/wp-json\/wp\/v2\/media\/39931"}],"wp:attachment":[{"href":"https:\/\/tugraztestweb.asol.at\/en\/wp-json\/wp\/v2\/media?parent=30445"}],"curies":[{"name":"wp","href":"https:\/\/api.w.org\/{rel}","templated":true}]}}