{"id":30461,"date":"2020-08-21T12:54:49","date_gmt":"2020-08-21T12:54:49","guid":{"rendered":"http:\/\/tugraztestweb.asol.at\/gesamtverzeichnis\/unkategorisiert\/1-grazer-bim-tagung-bim-werkzeug-zur-optimierung-der-planungs-und-bauprozesse\/"},"modified":"2020-08-21T14:55:49","modified_gmt":"2020-08-21T12:55:49","slug":"1-grazer-bim-tagung-bim-werkzeug-zur-optimierung-der-planungs-und-bauprozesse","status":"publish","type":"product","link":"https:\/\/tugraztestweb.asol.at\/en\/gesamtverzeichnis\/bauingenieurwissenschaften\/1-grazer-bim-tagung-bim-werkzeug-zur-optimierung-der-planungs-und-bauprozesse\/","title":{"rendered":"1. Grazer BIM-Tagung; BIM &#8211; Werkzeug zur Optimierung der Planungs- und Bauprozesse"},"content":{"rendered":"<p class=\"qtranxs-available-languages-message qtranxs-available-languages-message-en\">Sorry, this entry is only available in <a href=\"https:\/\/tugraztestweb.asol.at\/de\/wp-json\/wp\/v2\/product\/30461\" class=\"qtranxs-available-language-link qtranxs-available-language-link-de\" title=\"Deutsch\">Deutsch<\/a>.<\/p><p>Das Thema BIM &#8211; Building Information Modelling &#8211; ist derzeit in der Planungs- und Bauwelt ein stehender Begriff, der sich langsam zu etablieren scheint. Dennoch herrscht bei den am Bau Beteiligten eine erhebliche Unsicherheit \u00fcber dieses Werkzeug. Aus diesem Grund beleuchtete die Fakult\u00e4t f\u00fcr Bauingenieurwissenschaften der TU Graz im Rahmen der 1. Grazer BIM-Tagung die M\u00f6glichkeiten von BIM n\u00e4her und konkretisierte das derzeit diffuse Bild von BIM mit Hilfe von zahlreichen Beitr\u00e4gen von Wissenschaftlern und Praktikern.<\/p>","protected":false},"excerpt":{"rendered":"<p class=\"qtranxs-available-languages-message qtranxs-available-languages-message-en\">Sorry, this entry is only available in <a href=\"https:\/\/tugraztestweb.asol.at\/de\/wp-json\/wp\/v2\/product\/30461\" class=\"qtranxs-available-language-link qtranxs-available-language-link-de\" title=\"Deutsch\">Deutsch<\/a>.<\/p>\n<p>Das Thema BIM &#8211; Building Information Modelling &#8211; ist derzeit in der Planungs- und Bauwelt ein stehender Begriff, der sich langsam zu etablieren scheint. Dennoch herrscht bei den am Bau Beteiligten eine erhebliche Unsicherheit \u00fcber dieses Werkzeug. Aus diesem Grund beleuchtete die Fakult\u00e4t f\u00fcr Bauingenieurwissenschaften der TU Graz im Rahmen der 1. Grazer BIM-Tagung die M\u00f6glichkeiten von BIM n\u00e4her und konkretisierte das derzeit diffuse Bild von BIM mit Hilfe von zahlreichen Beitr\u00e4gen von Wissenschaftlern und Praktikern.<\/p>\n","protected":false},"featured_media":39939,"comment_status":"open","ping_status":"closed","template":"","meta":[],"yoast_head":"<!-- This site is optimized with the Yoast SEO plugin v16.1.1 - https:\/\/yoast.com\/wordpress\/plugins\/seo\/ -->\n<link rel=\"canonical\" href=\"https:\/\/tugraztestweb.asol.at\/en\/gesamtverzeichnis\/bauingenieurwissenschaften\/1-grazer-bim-tagung-bim-werkzeug-zur-optimierung-der-planungs-und-bauprozesse\/\" \/>\n<meta property=\"og:locale\" content=\"en_US\" \/>\n<meta property=\"og:type\" content=\"article\" \/>\n<meta property=\"og:title\" content=\"1. Grazer BIM-Tagung; BIM - Werkzeug zur Optimierung der Planungs- und Bauprozesse - Verlag der TU Graz\" \/>\n<meta property=\"og:description\" content=\"Das Thema BIM - Building Information Modelling - ist derzeit in der Planungs- und Bauwelt ein stehender Begriff, der sich langsam zu etablieren scheint. Dennoch herrscht bei den am Bau Beteiligten eine erhebliche Unsicherheit \u00fcber dieses Werkzeug. Aus diesem Grund beleuchtete die Fakult\u00e4t f\u00fcr Bauingenieurwissenschaften der TU Graz im Rahmen der 1. Grazer BIM-Tagung die M\u00f6glichkeiten von BIM n\u00e4her und konkretisierte das derzeit diffuse Bild von BIM mit Hilfe von zahlreichen Beitr\u00e4gen von Wissenschaftlern und Praktikern.\" \/>\n<meta property=\"og:url\" content=\"https:\/\/tugraztestweb.asol.at\/en\/gesamtverzeichnis\/bauingenieurwissenschaften\/1-grazer-bim-tagung-bim-werkzeug-zur-optimierung-der-planungs-und-bauprozesse\/\" \/>\n<meta property=\"og:site_name\" content=\"Verlag der TU Graz\" \/>\n<meta property=\"article:modified_time\" content=\"2020-08-21T12:55:49+00:00\" \/>\n<meta property=\"og:image\" content=\"https:\/\/tugraztestweb.asol.at\/wp-content\/uploads\/2020\/08\/image-978-3-85125-369-6.jpg\" \/>\n\t<meta property=\"og:image:width\" content=\"561\" \/>\n\t<meta property=\"og:image:height\" content=\"789\" \/>\n<meta name=\"twitter:card\" content=\"summary_large_image\" \/>\n<script type=\"application\/ld+json\" class=\"yoast-schema-graph\">{\"@context\":\"https:\/\/schema.org\",\"@graph\":[{\"@type\":\"WebSite\",\"@id\":\"https:\/\/tugraztestweb.asol.at\/#website\",\"url\":\"https:\/\/tugraztestweb.asol.at\/\",\"name\":\"Verlag der TU Graz\",\"description\":\"Verlag der Technischen Universit\\u00e4t Graz\",\"potentialAction\":[{\"@type\":\"SearchAction\",\"target\":\"https:\/\/tugraztestweb.asol.at\/?s={search_term_string}\",\"query-input\":\"required name=search_term_string\"}],\"inLanguage\":\"en-US\"},{\"@type\":\"ImageObject\",\"@id\":\"https:\/\/tugraztestweb.asol.at\/en\/gesamtverzeichnis\/bauingenieurwissenschaften\/1-grazer-bim-tagung-bim-werkzeug-zur-optimierung-der-planungs-und-bauprozesse\/#primaryimage\",\"inLanguage\":\"en-US\",\"url\":\"https:\/\/tugraztestweb.asol.at\/wp-content\/uploads\/2020\/08\/image-978-3-85125-369-6.jpg\",\"contentUrl\":\"https:\/\/tugraztestweb.asol.at\/wp-content\/uploads\/2020\/08\/image-978-3-85125-369-6.jpg\",\"width\":561,\"height\":789},{\"@type\":\"WebPage\",\"@id\":\"https:\/\/tugraztestweb.asol.at\/en\/gesamtverzeichnis\/bauingenieurwissenschaften\/1-grazer-bim-tagung-bim-werkzeug-zur-optimierung-der-planungs-und-bauprozesse\/#webpage\",\"url\":\"https:\/\/tugraztestweb.asol.at\/en\/gesamtverzeichnis\/bauingenieurwissenschaften\/1-grazer-bim-tagung-bim-werkzeug-zur-optimierung-der-planungs-und-bauprozesse\/\",\"name\":\"1. Grazer BIM-Tagung; BIM - Werkzeug zur Optimierung der Planungs- und Bauprozesse - Verlag der TU Graz\",\"isPartOf\":{\"@id\":\"https:\/\/tugraztestweb.asol.at\/#website\"},\"primaryImageOfPage\":{\"@id\":\"https:\/\/tugraztestweb.asol.at\/en\/gesamtverzeichnis\/bauingenieurwissenschaften\/1-grazer-bim-tagung-bim-werkzeug-zur-optimierung-der-planungs-und-bauprozesse\/#primaryimage\"},\"datePublished\":\"2020-08-21T12:54:49+00:00\",\"dateModified\":\"2020-08-21T12:55:49+00:00\",\"breadcrumb\":{\"@id\":\"https:\/\/tugraztestweb.asol.at\/en\/gesamtverzeichnis\/bauingenieurwissenschaften\/1-grazer-bim-tagung-bim-werkzeug-zur-optimierung-der-planungs-und-bauprozesse\/#breadcrumb\"},\"inLanguage\":\"en-US\",\"potentialAction\":[{\"@type\":\"ReadAction\",\"target\":[\"https:\/\/tugraztestweb.asol.at\/en\/gesamtverzeichnis\/bauingenieurwissenschaften\/1-grazer-bim-tagung-bim-werkzeug-zur-optimierung-der-planungs-und-bauprozesse\/\"]}]},{\"@type\":\"BreadcrumbList\",\"@id\":\"https:\/\/tugraztestweb.asol.at\/en\/gesamtverzeichnis\/bauingenieurwissenschaften\/1-grazer-bim-tagung-bim-werkzeug-zur-optimierung-der-planungs-und-bauprozesse\/#breadcrumb\",\"itemListElement\":[{\"@type\":\"ListItem\",\"position\":1,\"item\":{\"@type\":\"WebPage\",\"@id\":\"https:\/\/tugraztestweb.asol.at\/\",\"url\":\"https:\/\/tugraztestweb.asol.at\/\",\"name\":\"Home\"}},{\"@type\":\"ListItem\",\"position\":2,\"item\":{\"@type\":\"WebPage\",\"@id\":\"https:\/\/tugraztestweb.asol.at\/gesamtverzeichnis\/\",\"url\":\"https:\/\/tugraztestweb.asol.at\/gesamtverzeichnis\/\",\"name\":\"Gesamtverzeichnis\"}},{\"@type\":\"ListItem\",\"position\":3,\"item\":{\"@type\":\"WebPage\",\"@id\":\"https:\/\/tugraztestweb.asol.at\/en\/gesamtverzeichnis\/bauingenieurwissenschaften\/1-grazer-bim-tagung-bim-werkzeug-zur-optimierung-der-planungs-und-bauprozesse\/\",\"url\":\"https:\/\/tugraztestweb.asol.at\/en\/gesamtverzeichnis\/bauingenieurwissenschaften\/1-grazer-bim-tagung-bim-werkzeug-zur-optimierung-der-planungs-und-bauprozesse\/\",\"name\":\"1. Grazer BIM-Tagung; BIM &#8211; Werkzeug zur Optimierung der Planungs- und Bauprozesse\"}}]}]}<\/script>\n<!-- \/ Yoast SEO plugin. -->","_links":{"self":[{"href":"https:\/\/tugraztestweb.asol.at\/en\/wp-json\/wp\/v2\/product\/30461"}],"collection":[{"href":"https:\/\/tugraztestweb.asol.at\/en\/wp-json\/wp\/v2\/product"}],"about":[{"href":"https:\/\/tugraztestweb.asol.at\/en\/wp-json\/wp\/v2\/types\/product"}],"replies":[{"embeddable":true,"href":"https:\/\/tugraztestweb.asol.at\/en\/wp-json\/wp\/v2\/comments?post=30461"}],"wp:featuredmedia":[{"embeddable":true,"href":"https:\/\/tugraztestweb.asol.at\/en\/wp-json\/wp\/v2\/media\/39939"}],"wp:attachment":[{"href":"https:\/\/tugraztestweb.asol.at\/en\/wp-json\/wp\/v2\/media?parent=30461"}],"curies":[{"name":"wp","href":"https:\/\/api.w.org\/{rel}","templated":true}]}}