{"id":30473,"date":"2020-08-21T12:54:49","date_gmt":"2020-08-21T12:54:49","guid":{"rendered":"http:\/\/tugraztestweb.asol.at\/gesamtverzeichnis\/unkategorisiert\/nachhaltige-entwicklungen-an-der-tu-graz-und-ihre-initiatoren\/"},"modified":"2020-08-21T14:55:49","modified_gmt":"2020-08-21T12:55:49","slug":"nachhaltige-entwicklungen-an-der-tu-graz-und-ihre-initiatoren","status":"publish","type":"product","link":"https:\/\/tugraztestweb.asol.at\/en\/gesamtverzeichnis\/interdiszipinaeres\/nachhaltige-entwicklungen-an-der-tu-graz-und-ihre-initiatoren\/","title":{"rendered":"Nachhaltige Entwicklungen an der TU Graz und ihre Initiatoren"},"content":{"rendered":"<p class=\"qtranxs-available-languages-message qtranxs-available-languages-message-en\">Sorry, this entry is only available in <a href=\"https:\/\/tugraztestweb.asol.at\/de\/wp-json\/wp\/v2\/product\/30473\" class=\"qtranxs-available-language-link qtranxs-available-language-link-de\" title=\"Deutsch\">Deutsch<\/a>.<\/p><p><\/p>\n<div>Die Technische Universit\u00e4t Graz ist aus dem 1811 initiierten Unterricht am Joanneum hervorgegangen, dessen Ziel es von Beginn an war, das Wissen der Gegenwart durch Anwendung in der Praxis in besonderer Weise f\u00fcr das Wohl der Menschen nutzbar zu machen.<\/div>\n<div><\/div>\n<div>Das Forum Technik und Gesellschaft an der TU Graz hat zur 200sten Wiederkehr der Gr\u00fcndung des Joanneums eine Veranstaltungsreihe durchgef\u00fchrt, in der unter dem Titel &#8220;Nachhaltige Entwicklungen an der TU Graz und ihre Initiatoren&#8221; 16 ausgew\u00e4hlte Pers\u00f6nlichkeiten der TU Graz, die der Verwirklichung dieses Gr\u00fcndungsgedankens in herausragender Weise entsprochen haben, aus ihrem wissenschaftlichen Lebenswerk berichtet haben.<\/div>\n<div><\/div>\n<div>Der vorliegende Band dokumentiert die genannte Veranstaltungsreihe und bildet damit den Beitrag des Forums Technik und Gesellschaft zum Jubil\u00e4umsjahr 2011.<\/div>\n<div><\/div>\n<div>Das Forum Technik und Gesellschaft wurde 2001 gegr\u00fcndet und ist eine Kooperation der Technischen Universit\u00e4t Graz und von alumniTUGraz 1887 mit rund 30 Partnerunternehmen.<\/div>\n<div><\/div>\n<p><\/p>","protected":false},"excerpt":{"rendered":"<p class=\"qtranxs-available-languages-message qtranxs-available-languages-message-en\">Sorry, this entry is only available in <a href=\"https:\/\/tugraztestweb.asol.at\/de\/wp-json\/wp\/v2\/product\/30473\" class=\"qtranxs-available-language-link qtranxs-available-language-link-de\" title=\"Deutsch\">Deutsch<\/a>.<\/p>\n<div>Die Technische Universit\u00e4t Graz ist aus dem 1811 initiierten Unterricht am Joanneum hervorgegangen, dessen Ziel es von Beginn an war, das Wissen der Gegenwart durch Anwendung in der Praxis in besonderer Weise f\u00fcr das Wohl der Menschen nutzbar zu machen.<\/div>\n<div><\/div>\n<div>Das Forum Technik und Gesellschaft an der TU Graz hat zur 200sten Wiederkehr der Gr\u00fcndung des Joanneums eine Veranstaltungsreihe durchgef\u00fchrt, in der unter dem Titel &#8220;Nachhaltige Entwicklungen an der TU Graz und ihre Initiatoren&#8221; 16 ausgew\u00e4hlte Pers\u00f6nlichkeiten der TU Graz, die der Verwirklichung dieses Gr\u00fcndungsgedankens in herausragender Weise entsprochen haben, aus ihrem wissenschaftlichen Lebenswerk berichtet haben.<\/div>\n<div><\/div>\n<div>Der vorliegende Band dokumentiert die genannte Veranstaltungsreihe und bildet damit den Beitrag des Forums Technik und Gesellschaft zum Jubil\u00e4umsjahr 2011.<\/div>\n<div><\/div>\n<div>Das Forum Technik und Gesellschaft wurde 2001 gegr\u00fcndet und ist eine Kooperation der Technischen Universit\u00e4t Graz und von alumniTUGraz 1887 mit rund 30 Partnerunternehmen.<\/div>\n<div><\/div>\n","protected":false},"featured_media":39946,"comment_status":"open","ping_status":"closed","template":"","meta":[],"yoast_head":"<!-- This site is optimized with the Yoast SEO plugin v16.1.1 - https:\/\/yoast.com\/wordpress\/plugins\/seo\/ -->\n<link rel=\"canonical\" href=\"https:\/\/tugraztestweb.asol.at\/en\/gesamtverzeichnis\/interdiszipinaeres\/nachhaltige-entwicklungen-an-der-tu-graz-und-ihre-initiatoren\/\" \/>\n<meta property=\"og:locale\" content=\"en_US\" \/>\n<meta property=\"og:type\" content=\"article\" \/>\n<meta property=\"og:title\" content=\"Nachhaltige Entwicklungen an der TU Graz und ihre Initiatoren - Verlag der TU Graz\" \/>\n<meta property=\"og:description\" content=\"Die Technische Universit\u00e4t Graz ist aus dem 1811 initiierten Unterricht am Joanneum hervorgegangen, dessen Ziel es von Beginn an war, das Wissen der Gegenwart durch Anwendung in der Praxis in besonderer Weise f\u00fcr das Wohl der Menschen nutzbar zu machen.Das Forum Technik und Gesellschaft an der TU Graz hat zur 200sten Wiederkehr der Gr\u00fcndung des Joanneums eine Veranstaltungsreihe durchgef\u00fchrt, in der unter dem Titel &quot;Nachhaltige Entwicklungen an der TU Graz und ihre Initiatoren&quot; 16 ausgew\u00e4hlte Pers\u00f6nlichkeiten der TU Graz, die der Verwirklichung dieses Gr\u00fcndungsgedankens in herausragender Weise entsprochen haben, aus ihrem wissenschaftlichen Lebenswerk berichtet haben.Der vorliegende Band dokumentiert die genannte Veranstaltungsreihe und bildet damit den Beitrag des Forums Technik und Gesellschaft zum Jubil\u00e4umsjahr 2011.Das Forum Technik und Gesellschaft wurde 2001 gegr\u00fcndet und ist eine Kooperation der Technischen Universit\u00e4t Graz und von alumniTUGraz 1887 mit rund 30 Partnerunternehmen.\" \/>\n<meta property=\"og:url\" content=\"https:\/\/tugraztestweb.asol.at\/en\/gesamtverzeichnis\/interdiszipinaeres\/nachhaltige-entwicklungen-an-der-tu-graz-und-ihre-initiatoren\/\" \/>\n<meta property=\"og:site_name\" content=\"Verlag der TU Graz\" \/>\n<meta property=\"article:modified_time\" content=\"2020-08-21T12:55:49+00:00\" \/>\n<meta property=\"og:image\" content=\"https:\/\/tugraztestweb.asol.at\/wp-content\/uploads\/2020\/08\/image-978-3-85125-376-4.jpg\" \/>\n\t<meta property=\"og:image:width\" content=\"587\" \/>\n\t<meta property=\"og:image:height\" content=\"818\" \/>\n<meta name=\"twitter:card\" content=\"summary_large_image\" \/>\n<meta name=\"twitter:label1\" content=\"Est. reading time\">\n\t<meta name=\"twitter:data1\" content=\"1 minute\">\n<script type=\"application\/ld+json\" class=\"yoast-schema-graph\">{\"@context\":\"https:\/\/schema.org\",\"@graph\":[{\"@type\":\"WebSite\",\"@id\":\"https:\/\/tugraztestweb.asol.at\/#website\",\"url\":\"https:\/\/tugraztestweb.asol.at\/\",\"name\":\"Verlag der TU Graz\",\"description\":\"Verlag der Technischen Universit\\u00e4t Graz\",\"potentialAction\":[{\"@type\":\"SearchAction\",\"target\":\"https:\/\/tugraztestweb.asol.at\/?s={search_term_string}\",\"query-input\":\"required name=search_term_string\"}],\"inLanguage\":\"en-US\"},{\"@type\":\"ImageObject\",\"@id\":\"https:\/\/tugraztestweb.asol.at\/en\/gesamtverzeichnis\/interdiszipinaeres\/nachhaltige-entwicklungen-an-der-tu-graz-und-ihre-initiatoren\/#primaryimage\",\"inLanguage\":\"en-US\",\"url\":\"https:\/\/tugraztestweb.asol.at\/wp-content\/uploads\/2020\/08\/image-978-3-85125-376-4.jpg\",\"contentUrl\":\"https:\/\/tugraztestweb.asol.at\/wp-content\/uploads\/2020\/08\/image-978-3-85125-376-4.jpg\",\"width\":587,\"height\":818},{\"@type\":\"WebPage\",\"@id\":\"https:\/\/tugraztestweb.asol.at\/en\/gesamtverzeichnis\/interdiszipinaeres\/nachhaltige-entwicklungen-an-der-tu-graz-und-ihre-initiatoren\/#webpage\",\"url\":\"https:\/\/tugraztestweb.asol.at\/en\/gesamtverzeichnis\/interdiszipinaeres\/nachhaltige-entwicklungen-an-der-tu-graz-und-ihre-initiatoren\/\",\"name\":\"Nachhaltige Entwicklungen an der TU Graz und ihre Initiatoren - Verlag der TU Graz\",\"isPartOf\":{\"@id\":\"https:\/\/tugraztestweb.asol.at\/#website\"},\"primaryImageOfPage\":{\"@id\":\"https:\/\/tugraztestweb.asol.at\/en\/gesamtverzeichnis\/interdiszipinaeres\/nachhaltige-entwicklungen-an-der-tu-graz-und-ihre-initiatoren\/#primaryimage\"},\"datePublished\":\"2020-08-21T12:54:49+00:00\",\"dateModified\":\"2020-08-21T12:55:49+00:00\",\"breadcrumb\":{\"@id\":\"https:\/\/tugraztestweb.asol.at\/en\/gesamtverzeichnis\/interdiszipinaeres\/nachhaltige-entwicklungen-an-der-tu-graz-und-ihre-initiatoren\/#breadcrumb\"},\"inLanguage\":\"en-US\",\"potentialAction\":[{\"@type\":\"ReadAction\",\"target\":[\"https:\/\/tugraztestweb.asol.at\/en\/gesamtverzeichnis\/interdiszipinaeres\/nachhaltige-entwicklungen-an-der-tu-graz-und-ihre-initiatoren\/\"]}]},{\"@type\":\"BreadcrumbList\",\"@id\":\"https:\/\/tugraztestweb.asol.at\/en\/gesamtverzeichnis\/interdiszipinaeres\/nachhaltige-entwicklungen-an-der-tu-graz-und-ihre-initiatoren\/#breadcrumb\",\"itemListElement\":[{\"@type\":\"ListItem\",\"position\":1,\"item\":{\"@type\":\"WebPage\",\"@id\":\"https:\/\/tugraztestweb.asol.at\/\",\"url\":\"https:\/\/tugraztestweb.asol.at\/\",\"name\":\"Home\"}},{\"@type\":\"ListItem\",\"position\":2,\"item\":{\"@type\":\"WebPage\",\"@id\":\"https:\/\/tugraztestweb.asol.at\/gesamtverzeichnis\/\",\"url\":\"https:\/\/tugraztestweb.asol.at\/gesamtverzeichnis\/\",\"name\":\"Gesamtverzeichnis\"}},{\"@type\":\"ListItem\",\"position\":3,\"item\":{\"@type\":\"WebPage\",\"@id\":\"https:\/\/tugraztestweb.asol.at\/en\/gesamtverzeichnis\/interdiszipinaeres\/nachhaltige-entwicklungen-an-der-tu-graz-und-ihre-initiatoren\/\",\"url\":\"https:\/\/tugraztestweb.asol.at\/en\/gesamtverzeichnis\/interdiszipinaeres\/nachhaltige-entwicklungen-an-der-tu-graz-und-ihre-initiatoren\/\",\"name\":\"Nachhaltige Entwicklungen an der TU Graz und ihre Initiatoren\"}}]}]}<\/script>\n<!-- \/ Yoast SEO plugin. -->","_links":{"self":[{"href":"https:\/\/tugraztestweb.asol.at\/en\/wp-json\/wp\/v2\/product\/30473"}],"collection":[{"href":"https:\/\/tugraztestweb.asol.at\/en\/wp-json\/wp\/v2\/product"}],"about":[{"href":"https:\/\/tugraztestweb.asol.at\/en\/wp-json\/wp\/v2\/types\/product"}],"replies":[{"embeddable":true,"href":"https:\/\/tugraztestweb.asol.at\/en\/wp-json\/wp\/v2\/comments?post=30473"}],"wp:featuredmedia":[{"embeddable":true,"href":"https:\/\/tugraztestweb.asol.at\/en\/wp-json\/wp\/v2\/media\/39946"}],"wp:attachment":[{"href":"https:\/\/tugraztestweb.asol.at\/en\/wp-json\/wp\/v2\/media?parent=30473"}],"curies":[{"name":"wp","href":"https:\/\/api.w.org\/{rel}","templated":true}]}}