{"id":30475,"date":"2020-08-21T12:54:49","date_gmt":"2020-08-21T12:54:49","guid":{"rendered":"http:\/\/tugraztestweb.asol.at\/gesamtverzeichnis\/unkategorisiert\/high-density-and-living-comfort\/"},"modified":"2020-08-21T14:55:49","modified_gmt":"2020-08-21T12:55:49","slug":"high-density-and-living-comfort","status":"publish","type":"product","link":"https:\/\/tugraztestweb.asol.at\/en\/gesamtverzeichnis\/architektur\/high-density-and-living-comfort\/","title":{"rendered":"High Density and Living Comfort"},"content":{"rendered":"<p class=\"qtranxs-available-languages-message qtranxs-available-languages-message-en\">Sorry, this entry is only available in <a href=\"https:\/\/tugraztestweb.asol.at\/de\/wp-json\/wp\/v2\/product\/30475\" class=\"qtranxs-available-language-link qtranxs-available-language-link-de\" title=\"Deutsch\">Deutsch<\/a>.<\/p><p>High Density &#038; Living Comfort untersucht die Lebensqualit\u00e4t in Stadtgebieten Asiens in Bezug auf hochverdichtete Geb\u00e4udestrukturen. Internationale Fachexperten pr\u00e4sentieren und diskutieren ihre Ideen f\u00fcr zuk\u00fcnftige Entwicklungen und bedienen sich dabei unterschiedlicher Methoden, die auf die Untersuchung verschiedener Entwicklungsstadien und Dimensionen ausgerichtet sind. Das komplexe Ph\u00e4nomen der Nachverdichtung und ihrer Auswirkungen auf Siedlungsstrukturen wird auf den unterschiedlichen Ma\u00dfstabsebenen der Makro-, Meso-, und Mikroebene erforscht.<\/p>","protected":false},"excerpt":{"rendered":"<p class=\"qtranxs-available-languages-message qtranxs-available-languages-message-en\">Sorry, this entry is only available in <a href=\"https:\/\/tugraztestweb.asol.at\/de\/wp-json\/wp\/v2\/product\/30475\" class=\"qtranxs-available-language-link qtranxs-available-language-link-de\" title=\"Deutsch\">Deutsch<\/a>.<\/p>\n<p>High Density &#038; Living Comfort untersucht die Lebensqualit\u00e4t in Stadtgebieten Asiens in Bezug auf hochverdichtete Geb\u00e4udestrukturen. Internationale Fachexperten pr\u00e4sentieren und diskutieren ihre Ideen f\u00fcr zuk\u00fcnftige Entwicklungen und bedienen sich dabei unterschiedlicher Methoden, die auf die Untersuchung verschiedener Entwicklungsstadien und Dimensionen ausgerichtet sind. Das komplexe Ph\u00e4nomen der Nachverdichtung und ihrer Auswirkungen auf Siedlungsstrukturen wird auf den unterschiedlichen Ma\u00dfstabsebenen der Makro-, Meso-, und Mikroebene erforscht.<\/p>\n","protected":false},"featured_media":39947,"comment_status":"open","ping_status":"closed","template":"","meta":[],"yoast_head":"<!-- This site is optimized with the Yoast SEO plugin v16.1.1 - https:\/\/yoast.com\/wordpress\/plugins\/seo\/ -->\n<link rel=\"canonical\" href=\"https:\/\/tugraztestweb.asol.at\/gesamtverzeichnis\/architektur\/high-density-and-living-comfort\/\" \/>\n<meta property=\"og:locale\" content=\"en_US\" \/>\n<meta property=\"og:type\" content=\"article\" \/>\n<meta property=\"og:title\" content=\"High Density and Living Comfort - Verlag der TU Graz\" \/>\n<meta property=\"og:description\" content=\"High Density &amp; Living Comfort untersucht die Lebensqualit\u00e4t in Stadtgebieten Asiens in Bezug auf hochverdichtete Geb\u00e4udestrukturen. Internationale Fachexperten pr\u00e4sentieren und diskutieren ihre Ideen f\u00fcr zuk\u00fcnftige Entwicklungen und bedienen sich dabei unterschiedlicher Methoden, die auf die Untersuchung verschiedener Entwicklungsstadien und Dimensionen ausgerichtet sind. Das komplexe Ph\u00e4nomen der Nachverdichtung und ihrer Auswirkungen auf Siedlungsstrukturen wird auf den unterschiedlichen Ma\u00dfstabsebenen der Makro-, Meso-, und Mikroebene erforscht.\" \/>\n<meta property=\"og:url\" content=\"https:\/\/tugraztestweb.asol.at\/gesamtverzeichnis\/architektur\/high-density-and-living-comfort\/\" \/>\n<meta property=\"og:site_name\" content=\"Verlag der TU Graz\" \/>\n<meta property=\"article:modified_time\" content=\"2020-08-21T12:55:49+00:00\" \/>\n<meta property=\"og:image\" content=\"https:\/\/tugraztestweb.asol.at\/wp-content\/uploads\/2020\/08\/image-978-3-85125-377-1.jpg\" \/>\n\t<meta property=\"og:image:width\" content=\"651\" \/>\n\t<meta property=\"og:image:height\" content=\"651\" \/>\n<meta name=\"twitter:card\" content=\"summary_large_image\" \/>\n<script type=\"application\/ld+json\" class=\"yoast-schema-graph\">{\"@context\":\"https:\/\/schema.org\",\"@graph\":[{\"@type\":\"WebSite\",\"@id\":\"https:\/\/tugraztestweb.asol.at\/#website\",\"url\":\"https:\/\/tugraztestweb.asol.at\/\",\"name\":\"Verlag der TU Graz\",\"description\":\"Verlag der Technischen Universit\\u00e4t Graz\",\"potentialAction\":[{\"@type\":\"SearchAction\",\"target\":\"https:\/\/tugraztestweb.asol.at\/?s={search_term_string}\",\"query-input\":\"required name=search_term_string\"}],\"inLanguage\":\"en-US\"},{\"@type\":\"ImageObject\",\"@id\":\"https:\/\/tugraztestweb.asol.at\/gesamtverzeichnis\/architektur\/high-density-and-living-comfort\/#primaryimage\",\"inLanguage\":\"en-US\",\"url\":\"https:\/\/tugraztestweb.asol.at\/wp-content\/uploads\/2020\/08\/image-978-3-85125-377-1.jpg\",\"contentUrl\":\"https:\/\/tugraztestweb.asol.at\/wp-content\/uploads\/2020\/08\/image-978-3-85125-377-1.jpg\",\"width\":651,\"height\":651},{\"@type\":\"WebPage\",\"@id\":\"https:\/\/tugraztestweb.asol.at\/gesamtverzeichnis\/architektur\/high-density-and-living-comfort\/#webpage\",\"url\":\"https:\/\/tugraztestweb.asol.at\/gesamtverzeichnis\/architektur\/high-density-and-living-comfort\/\",\"name\":\"High Density and Living Comfort - Verlag der TU Graz\",\"isPartOf\":{\"@id\":\"https:\/\/tugraztestweb.asol.at\/#website\"},\"primaryImageOfPage\":{\"@id\":\"https:\/\/tugraztestweb.asol.at\/gesamtverzeichnis\/architektur\/high-density-and-living-comfort\/#primaryimage\"},\"datePublished\":\"2020-08-21T12:54:49+00:00\",\"dateModified\":\"2020-08-21T12:55:49+00:00\",\"breadcrumb\":{\"@id\":\"https:\/\/tugraztestweb.asol.at\/gesamtverzeichnis\/architektur\/high-density-and-living-comfort\/#breadcrumb\"},\"inLanguage\":\"en-US\",\"potentialAction\":[{\"@type\":\"ReadAction\",\"target\":[\"https:\/\/tugraztestweb.asol.at\/gesamtverzeichnis\/architektur\/high-density-and-living-comfort\/\"]}]},{\"@type\":\"BreadcrumbList\",\"@id\":\"https:\/\/tugraztestweb.asol.at\/gesamtverzeichnis\/architektur\/high-density-and-living-comfort\/#breadcrumb\",\"itemListElement\":[{\"@type\":\"ListItem\",\"position\":1,\"item\":{\"@type\":\"WebPage\",\"@id\":\"https:\/\/tugraztestweb.asol.at\/\",\"url\":\"https:\/\/tugraztestweb.asol.at\/\",\"name\":\"Home\"}},{\"@type\":\"ListItem\",\"position\":2,\"item\":{\"@type\":\"WebPage\",\"@id\":\"https:\/\/tugraztestweb.asol.at\/gesamtverzeichnis\/\",\"url\":\"https:\/\/tugraztestweb.asol.at\/gesamtverzeichnis\/\",\"name\":\"Gesamtverzeichnis\"}},{\"@type\":\"ListItem\",\"position\":3,\"item\":{\"@type\":\"WebPage\",\"@id\":\"https:\/\/tugraztestweb.asol.at\/gesamtverzeichnis\/architektur\/high-density-and-living-comfort\/\",\"url\":\"https:\/\/tugraztestweb.asol.at\/gesamtverzeichnis\/architektur\/high-density-and-living-comfort\/\",\"name\":\"High Density and Living Comfort\"}}]}]}<\/script>\n<!-- \/ Yoast SEO plugin. -->","_links":{"self":[{"href":"https:\/\/tugraztestweb.asol.at\/en\/wp-json\/wp\/v2\/product\/30475"}],"collection":[{"href":"https:\/\/tugraztestweb.asol.at\/en\/wp-json\/wp\/v2\/product"}],"about":[{"href":"https:\/\/tugraztestweb.asol.at\/en\/wp-json\/wp\/v2\/types\/product"}],"replies":[{"embeddable":true,"href":"https:\/\/tugraztestweb.asol.at\/en\/wp-json\/wp\/v2\/comments?post=30475"}],"wp:featuredmedia":[{"embeddable":true,"href":"https:\/\/tugraztestweb.asol.at\/en\/wp-json\/wp\/v2\/media\/39947"}],"wp:attachment":[{"href":"https:\/\/tugraztestweb.asol.at\/en\/wp-json\/wp\/v2\/media?parent=30475"}],"curies":[{"name":"wp","href":"https:\/\/api.w.org\/{rel}","templated":true}]}}