{"id":30496,"date":"2020-08-21T12:54:52","date_gmt":"2020-08-21T12:54:52","guid":{"rendered":"http:\/\/tugraztestweb.asol.at\/gesamtverzeichnis\/unkategorisiert\/8-grazer-baubetriebs-und-baurechtsseminar\/"},"modified":"2020-08-21T14:55:53","modified_gmt":"2020-08-21T12:55:53","slug":"8-grazer-baubetriebs-und-baurechtsseminar","status":"publish","type":"product","link":"https:\/\/tugraztestweb.asol.at\/en\/gesamtverzeichnis\/bauingenieurwissenschaften\/8-grazer-baubetriebs-und-baurechtsseminar\/","title":{"rendered":"8. Grazer Baubetriebs- und Baurechtsseminar"},"content":{"rendered":"<p class=\"qtranxs-available-languages-message qtranxs-available-languages-message-en\">Sorry, this entry is only available in <a href=\"https:\/\/tugraztestweb.asol.at\/de\/wp-json\/wp\/v2\/product\/30496\" class=\"qtranxs-available-language-link qtranxs-available-language-link-de\" title=\"Deutsch\">Deutsch<\/a>.<\/p><p>Vorwort<br \/>Die Abwicklung von Bauvorhaben ist gekennzeichnet durch die<br \/>\nM\u00f6glichkeit, dass der Besteller auch w\u00e4hrend der Bauausf\u00fchrung<br \/>\n\u00c4nderungen der Bestellung vornehmen kann. Die Frage, ob und wenn ja, wie<br \/>\n weit solche \u00c4nderungen m\u00f6glich sind, ist eine der Kernfragen, die sich<br \/>\ndas 8. Grazer Baubetriebs- und Baurechtsseminar stellt. Gerade die<br \/>\nFrage, ob die Anordnungen zur Bauzeit auch zum Anordnungsrecht geh\u00f6ren,<br \/>\nstellt eine strittige rechtliche Fragestellung dar. <br \/>Aufgrund der<br \/>\nkontroversiellen Diskussionen zum Anordnungsrecht m\u00f6chten wir damit<br \/>\nerneut ein Thema aufgreifen, welches zudem eine hohe parktische Relevanz<br \/>\n besitzt. Auch wenn die Folgen der AG-seitigen Anordnungen in monet\u00e4rer<br \/>\nund zeitlicher Hinsicht gerade in der Praxis h\u00e4ufig unsystematisch<br \/>\nabgewickelt werden, empfiehlt sich &#8211; nicht nur aus universit\u00e4rer<br \/>\nSichtweise &#8211; eine systematische Aufarbeitung. Aus diesem Grund haben wir<br \/>\n Baujuristen und Baubetriebler, Vertreter der Auftraggeber und<br \/>\nAuftragnehmer gebeten, ihre Sichtweise darzulegen.<\/p>","protected":false},"excerpt":{"rendered":"<p class=\"qtranxs-available-languages-message qtranxs-available-languages-message-en\">Sorry, this entry is only available in <a href=\"https:\/\/tugraztestweb.asol.at\/de\/wp-json\/wp\/v2\/product\/30496\" class=\"qtranxs-available-language-link qtranxs-available-language-link-de\" title=\"Deutsch\">Deutsch<\/a>.<\/p>\n<p>Vorwort<br \/>Die Abwicklung von Bauvorhaben ist gekennzeichnet durch die<br \/>\nM\u00f6glichkeit, dass der Besteller auch w\u00e4hrend der Bauausf\u00fchrung<br \/>\n\u00c4nderungen der Bestellung vornehmen kann. Die Frage, ob und wenn ja, wie<br \/>\n weit solche \u00c4nderungen m\u00f6glich sind, ist eine der Kernfragen, die sich<br \/>\ndas 8. Grazer Baubetriebs- und Baurechtsseminar stellt. Gerade die<br \/>\nFrage, ob die Anordnungen zur Bauzeit auch zum Anordnungsrecht geh\u00f6ren,<br \/>\nstellt eine strittige rechtliche Fragestellung dar. <br \/>Aufgrund der<br \/>\nkontroversiellen Diskussionen zum Anordnungsrecht m\u00f6chten wir damit<br \/>\nerneut ein Thema aufgreifen, welches zudem eine hohe parktische Relevanz<br \/>\n besitzt. Auch wenn die Folgen der AG-seitigen Anordnungen in monet\u00e4rer<br \/>\nund zeitlicher Hinsicht gerade in der Praxis h\u00e4ufig unsystematisch<br \/>\nabgewickelt werden, empfiehlt sich &#8211; nicht nur aus universit\u00e4rer<br \/>\nSichtweise &#8211; eine systematische Aufarbeitung. Aus diesem Grund haben wir<br \/>\n Baujuristen und Baubetriebler, Vertreter der Auftraggeber und<br \/>\nAuftragnehmer gebeten, ihre Sichtweise darzulegen.<\/p>\n","protected":false},"featured_media":39959,"comment_status":"open","ping_status":"closed","template":"","meta":[],"yoast_head":"<!-- This site is optimized with the Yoast SEO plugin v16.1.1 - https:\/\/yoast.com\/wordpress\/plugins\/seo\/ -->\n<link rel=\"canonical\" href=\"https:\/\/tugraztestweb.asol.at\/gesamtverzeichnis\/bauingenieurwissenschaften\/8-grazer-baubetriebs-und-baurechtsseminar\/\" \/>\n<meta property=\"og:locale\" content=\"en_US\" \/>\n<meta property=\"og:type\" content=\"article\" \/>\n<meta property=\"og:title\" content=\"8. Grazer Baubetriebs- und Baurechtsseminar - Verlag der TU Graz\" \/>\n<meta property=\"og:description\" content=\"VorwortDie Abwicklung von Bauvorhaben ist gekennzeichnet durch die M\u00f6glichkeit, dass der Besteller auch w\u00e4hrend der Bauausf\u00fchrung \u00c4nderungen der Bestellung vornehmen kann. Die Frage, ob und wenn ja, wie weit solche \u00c4nderungen m\u00f6glich sind, ist eine der Kernfragen, die sich das 8. Grazer Baubetriebs- und Baurechtsseminar stellt. Gerade die Frage, ob die Anordnungen zur Bauzeit auch zum Anordnungsrecht geh\u00f6ren, stellt eine strittige rechtliche Fragestellung dar. Aufgrund der kontroversiellen Diskussionen zum Anordnungsrecht m\u00f6chten wir damit erneut ein Thema aufgreifen, welches zudem eine hohe parktische Relevanz besitzt. Auch wenn die Folgen der AG-seitigen Anordnungen in monet\u00e4rer und zeitlicher Hinsicht gerade in der Praxis h\u00e4ufig unsystematisch abgewickelt werden, empfiehlt sich - nicht nur aus universit\u00e4rer Sichtweise - eine systematische Aufarbeitung. Aus diesem Grund haben wir Baujuristen und Baubetriebler, Vertreter der Auftraggeber und Auftragnehmer gebeten, ihre Sichtweise darzulegen.\" \/>\n<meta property=\"og:url\" content=\"https:\/\/tugraztestweb.asol.at\/gesamtverzeichnis\/bauingenieurwissenschaften\/8-grazer-baubetriebs-und-baurechtsseminar\/\" \/>\n<meta property=\"og:site_name\" content=\"Verlag der TU Graz\" \/>\n<meta property=\"article:modified_time\" content=\"2020-08-21T12:55:53+00:00\" \/>\n<meta property=\"og:image\" content=\"https:\/\/tugraztestweb.asol.at\/wp-content\/uploads\/2020\/08\/image-978-3-85125-384-9.jpg\" \/>\n\t<meta property=\"og:image:width\" content=\"577\" \/>\n\t<meta property=\"og:image:height\" content=\"817\" \/>\n<meta name=\"twitter:card\" content=\"summary_large_image\" \/>\n<meta name=\"twitter:label1\" content=\"Est. reading time\">\n\t<meta name=\"twitter:data1\" content=\"1 minute\">\n<script type=\"application\/ld+json\" class=\"yoast-schema-graph\">{\"@context\":\"https:\/\/schema.org\",\"@graph\":[{\"@type\":\"WebSite\",\"@id\":\"https:\/\/tugraztestweb.asol.at\/#website\",\"url\":\"https:\/\/tugraztestweb.asol.at\/\",\"name\":\"Verlag der TU Graz\",\"description\":\"Verlag der Technischen Universit\\u00e4t Graz\",\"potentialAction\":[{\"@type\":\"SearchAction\",\"target\":\"https:\/\/tugraztestweb.asol.at\/?s={search_term_string}\",\"query-input\":\"required name=search_term_string\"}],\"inLanguage\":\"en-US\"},{\"@type\":\"ImageObject\",\"@id\":\"https:\/\/tugraztestweb.asol.at\/gesamtverzeichnis\/bauingenieurwissenschaften\/8-grazer-baubetriebs-und-baurechtsseminar\/#primaryimage\",\"inLanguage\":\"en-US\",\"url\":\"https:\/\/tugraztestweb.asol.at\/wp-content\/uploads\/2020\/08\/image-978-3-85125-384-9.jpg\",\"contentUrl\":\"https:\/\/tugraztestweb.asol.at\/wp-content\/uploads\/2020\/08\/image-978-3-85125-384-9.jpg\",\"width\":577,\"height\":817},{\"@type\":\"WebPage\",\"@id\":\"https:\/\/tugraztestweb.asol.at\/gesamtverzeichnis\/bauingenieurwissenschaften\/8-grazer-baubetriebs-und-baurechtsseminar\/#webpage\",\"url\":\"https:\/\/tugraztestweb.asol.at\/gesamtverzeichnis\/bauingenieurwissenschaften\/8-grazer-baubetriebs-und-baurechtsseminar\/\",\"name\":\"8. Grazer Baubetriebs- und Baurechtsseminar - Verlag der TU Graz\",\"isPartOf\":{\"@id\":\"https:\/\/tugraztestweb.asol.at\/#website\"},\"primaryImageOfPage\":{\"@id\":\"https:\/\/tugraztestweb.asol.at\/gesamtverzeichnis\/bauingenieurwissenschaften\/8-grazer-baubetriebs-und-baurechtsseminar\/#primaryimage\"},\"datePublished\":\"2020-08-21T12:54:52+00:00\",\"dateModified\":\"2020-08-21T12:55:53+00:00\",\"breadcrumb\":{\"@id\":\"https:\/\/tugraztestweb.asol.at\/gesamtverzeichnis\/bauingenieurwissenschaften\/8-grazer-baubetriebs-und-baurechtsseminar\/#breadcrumb\"},\"inLanguage\":\"en-US\",\"potentialAction\":[{\"@type\":\"ReadAction\",\"target\":[\"https:\/\/tugraztestweb.asol.at\/gesamtverzeichnis\/bauingenieurwissenschaften\/8-grazer-baubetriebs-und-baurechtsseminar\/\"]}]},{\"@type\":\"BreadcrumbList\",\"@id\":\"https:\/\/tugraztestweb.asol.at\/gesamtverzeichnis\/bauingenieurwissenschaften\/8-grazer-baubetriebs-und-baurechtsseminar\/#breadcrumb\",\"itemListElement\":[{\"@type\":\"ListItem\",\"position\":1,\"item\":{\"@type\":\"WebPage\",\"@id\":\"https:\/\/tugraztestweb.asol.at\/\",\"url\":\"https:\/\/tugraztestweb.asol.at\/\",\"name\":\"Home\"}},{\"@type\":\"ListItem\",\"position\":2,\"item\":{\"@type\":\"WebPage\",\"@id\":\"https:\/\/tugraztestweb.asol.at\/gesamtverzeichnis\/\",\"url\":\"https:\/\/tugraztestweb.asol.at\/gesamtverzeichnis\/\",\"name\":\"Gesamtverzeichnis\"}},{\"@type\":\"ListItem\",\"position\":3,\"item\":{\"@type\":\"WebPage\",\"@id\":\"https:\/\/tugraztestweb.asol.at\/gesamtverzeichnis\/bauingenieurwissenschaften\/8-grazer-baubetriebs-und-baurechtsseminar\/\",\"url\":\"https:\/\/tugraztestweb.asol.at\/gesamtverzeichnis\/bauingenieurwissenschaften\/8-grazer-baubetriebs-und-baurechtsseminar\/\",\"name\":\"8. Grazer Baubetriebs- und Baurechtsseminar\"}}]}]}<\/script>\n<!-- \/ Yoast SEO plugin. -->","_links":{"self":[{"href":"https:\/\/tugraztestweb.asol.at\/en\/wp-json\/wp\/v2\/product\/30496"}],"collection":[{"href":"https:\/\/tugraztestweb.asol.at\/en\/wp-json\/wp\/v2\/product"}],"about":[{"href":"https:\/\/tugraztestweb.asol.at\/en\/wp-json\/wp\/v2\/types\/product"}],"replies":[{"embeddable":true,"href":"https:\/\/tugraztestweb.asol.at\/en\/wp-json\/wp\/v2\/comments?post=30496"}],"wp:featuredmedia":[{"embeddable":true,"href":"https:\/\/tugraztestweb.asol.at\/en\/wp-json\/wp\/v2\/media\/39959"}],"wp:attachment":[{"href":"https:\/\/tugraztestweb.asol.at\/en\/wp-json\/wp\/v2\/media?parent=30496"}],"curies":[{"name":"wp","href":"https:\/\/api.w.org\/{rel}","templated":true}]}}