{"id":30504,"date":"2020-08-21T12:54:53","date_gmt":"2020-08-21T12:54:53","guid":{"rendered":"http:\/\/tugraztestweb.asol.at\/gesamtverzeichnis\/unkategorisiert\/studie-zur-employability-der-tu-graz-absolventinnen-2015\/"},"modified":"2020-08-21T14:55:53","modified_gmt":"2020-08-21T12:55:53","slug":"studie-zur-employability-der-tu-graz-absolvent-inn-en-2015","status":"publish","type":"product","link":"https:\/\/tugraztestweb.asol.at\/en\/gesamtverzeichnis\/maschinenbau-und-wirtschaftswissenschaften\/studie-zur-employability-der-tu-graz-absolvent-inn-en-2015\/","title":{"rendered":"Studie zur Employability der TU Graz Absolvent\/inn\/en \u2013 2015"},"content":{"rendered":"<p class=\"qtranxs-available-languages-message qtranxs-available-languages-message-en\">Sorry, this entry is only available in <a href=\"https:\/\/tugraztestweb.asol.at\/de\/wp-json\/wp\/v2\/product\/30504\" class=\"qtranxs-available-language-link qtranxs-available-language-link-de\" title=\"Deutsch\">Deutsch<\/a>.<\/p><p>Vorwort<\/p>\n<p>Regelm\u00e4\u00dfige Befragungen von Stakeholderinnen und Stakeholdern stellen f\u00fcr die TU Graz eine wichtige M\u00f6glichkeit dar zu \u00fcberpr\u00fcfen, ob ihre Angebote und Leistungen dem Bedarf ihrer Zielgruppen entsprechen. Die Absolventinnen und Absolventen der TU Graz sind zusammen mit den Forschungsergebnissen die zentralen Leistungen der Technischen Universit\u00e4t. <\/p>\n<p>Die vorliegende Studie hat das Ziel, die aktuelle Situation in Bezug auf die Employability unserer Absolventinnen und Absolventen darzustellen. Dazu war es erforderlich, Absolventinnen und Absolventen der TU Graz sowie Arbeitgeberinnen und Arbeitgeber zu befragen.<\/p>\n<p>Die Erhebung der Sicht von Arbeitgeberinnen und Arbeitgebern war nur durch die aktive Mitwirkung von zahlreichen Unternehmen m\u00f6glich. Einige sind auf den letzten Seiten dieser Studie namentlich angef\u00fchrt. <\/p>\n<p>An dieser Stelle m\u00f6chte ich mich sehr herzlich beim Verein alumniTUGraz 1887, vertreten durch Herrn Dipl.-Ing. Mag. phil. Wolfgang Wallner und Frau Petra Palli, die den Versand der Onlinefrageb\u00f6gen an das Alumni-Netzwerk unterst\u00fctzt haben, bedanken. Dank geb\u00fchrt auch Herrn Dipl.-Ing. Christoph Adametz, dem Leiter des Career Centers der TU Graz, f\u00fcr seine Unterst\u00fctzung und Anregungen. Des Weiteren m\u00f6chte ich mich bei allen Vertreterinnen und Vertretern der Unternehmen sowie bei allen Absolventinnen und Absolventen der TU Graz, die an den Onlineerhebungen teilgenommen haben, sehr herzlich bedanken! <\/p>\n<p>Ohne Ihre Mitwirkung w\u00e4re diese Studie nicht m\u00f6glich gewesen!<\/p>\n<p>O. Univ.-Prof. Dipl.-Ing. Dr. techn. Ulrich Bauer<\/p>","protected":false},"excerpt":{"rendered":"<p class=\"qtranxs-available-languages-message qtranxs-available-languages-message-en\">Sorry, this entry is only available in <a href=\"https:\/\/tugraztestweb.asol.at\/de\/wp-json\/wp\/v2\/product\/30504\" class=\"qtranxs-available-language-link qtranxs-available-language-link-de\" title=\"Deutsch\">Deutsch<\/a>.<\/p>\n<p>Vorwort<\/p>\n<p>Regelm\u00e4\u00dfige Befragungen von Stakeholderinnen und Stakeholdern stellen f\u00fcr die TU Graz eine wichtige M\u00f6glichkeit dar zu \u00fcberpr\u00fcfen, ob ihre Angebote und Leistungen dem Bedarf ihrer Zielgruppen entsprechen. Die Absolventinnen und Absolventen der TU Graz sind zusammen mit den Forschungsergebnissen die zentralen Leistungen der Technischen Universit\u00e4t. <\/p>\n<p>Die vorliegende Studie hat das Ziel, die aktuelle Situation in Bezug auf die Employability unserer Absolventinnen und Absolventen darzustellen. Dazu war es erforderlich, Absolventinnen und Absolventen der TU Graz sowie Arbeitgeberinnen und Arbeitgeber zu befragen.<\/p>\n<p>Die Erhebung der Sicht von Arbeitgeberinnen und Arbeitgebern war nur durch die aktive Mitwirkung von zahlreichen Unternehmen m\u00f6glich. Einige sind auf den letzten Seiten dieser Studie namentlich angef\u00fchrt. <\/p>\n<p>An dieser Stelle m\u00f6chte ich mich sehr herzlich beim Verein alumniTUGraz 1887, vertreten durch Herrn Dipl.-Ing. Mag. phil. Wolfgang Wallner und Frau Petra Palli, die den Versand der Onlinefrageb\u00f6gen an das Alumni-Netzwerk unterst\u00fctzt haben, bedanken. Dank geb\u00fchrt auch Herrn Dipl.-Ing. Christoph Adametz, dem Leiter des Career Centers der TU Graz, f\u00fcr seine Unterst\u00fctzung und Anregungen. Des Weiteren m\u00f6chte ich mich bei allen Vertreterinnen und Vertretern der Unternehmen sowie bei allen Absolventinnen und Absolventen der TU Graz, die an den Onlineerhebungen teilgenommen haben, sehr herzlich bedanken! <\/p>\n<p>Ohne Ihre Mitwirkung w\u00e4re diese Studie nicht m\u00f6glich gewesen!<\/p>\n<p>O. Univ.-Prof. Dipl.-Ing. Dr. techn. Ulrich Bauer<\/p>\n","protected":false},"featured_media":39963,"comment_status":"open","ping_status":"closed","template":"","meta":[],"yoast_head":"<!-- This site is optimized with the Yoast SEO plugin v16.1.1 - https:\/\/yoast.com\/wordpress\/plugins\/seo\/ -->\n<link rel=\"canonical\" href=\"https:\/\/tugraztestweb.asol.at\/en\/gesamtverzeichnis\/maschinenbau-und-wirtschaftswissenschaften\/studie-zur-employability-der-tu-graz-absolvent-inn-en-2015\/\" \/>\n<meta property=\"og:locale\" content=\"en_US\" \/>\n<meta property=\"og:type\" content=\"article\" \/>\n<meta property=\"og:title\" content=\"Studie zur Employability der TU Graz Absolvent\/inn\/en \u2013 2015 - Verlag der TU Graz\" \/>\n<meta property=\"og:description\" content=\"Vorwort Regelm\u00e4\u00dfige Befragungen von Stakeholderinnen und Stakeholdern stellen f\u00fcr die TU Graz eine wichtige M\u00f6glichkeit dar zu \u00fcberpr\u00fcfen, ob ihre Angebote und Leistungen dem Bedarf ihrer Zielgruppen entsprechen. Die Absolventinnen und Absolventen der TU Graz sind zusammen mit den Forschungsergebnissen die zentralen Leistungen der Technischen Universit\u00e4t.  Die vorliegende Studie hat das Ziel, die aktuelle Situation in Bezug auf die Employability unserer Absolventinnen und Absolventen darzustellen. Dazu war es erforderlich, Absolventinnen und Absolventen der TU Graz sowie Arbeitgeberinnen und Arbeitgeber zu befragen. Die Erhebung der Sicht von Arbeitgeberinnen und Arbeitgebern war nur durch die aktive Mitwirkung von zahlreichen Unternehmen m\u00f6glich. Einige sind auf den letzten Seiten dieser Studie namentlich angef\u00fchrt.  An dieser Stelle m\u00f6chte ich mich sehr herzlich beim Verein alumniTUGraz 1887, vertreten durch Herrn Dipl.-Ing. Mag. phil. Wolfgang Wallner und Frau Petra Palli, die den Versand der Onlinefrageb\u00f6gen an das Alumni-Netzwerk unterst\u00fctzt haben, bedanken. Dank geb\u00fchrt auch Herrn Dipl.-Ing. Christoph Adametz, dem Leiter des Career Centers der TU Graz, f\u00fcr seine Unterst\u00fctzung und Anregungen. Des Weiteren m\u00f6chte ich mich bei allen Vertreterinnen und Vertretern der Unternehmen sowie bei allen Absolventinnen und Absolventen der TU Graz, die an den Onlineerhebungen teilgenommen haben, sehr herzlich bedanken!  Ohne Ihre Mitwirkung w\u00e4re diese Studie nicht m\u00f6glich gewesen! O. Univ.-Prof. Dipl.-Ing. Dr. techn. Ulrich Bauer\" \/>\n<meta property=\"og:url\" content=\"https:\/\/tugraztestweb.asol.at\/en\/gesamtverzeichnis\/maschinenbau-und-wirtschaftswissenschaften\/studie-zur-employability-der-tu-graz-absolvent-inn-en-2015\/\" \/>\n<meta property=\"og:site_name\" content=\"Verlag der TU Graz\" \/>\n<meta property=\"article:modified_time\" content=\"2020-08-21T12:55:53+00:00\" \/>\n<meta property=\"og:image\" content=\"https:\/\/tugraztestweb.asol.at\/wp-content\/uploads\/2020\/08\/image-978-3-85125-386-3.jpg\" \/>\n\t<meta property=\"og:image:width\" content=\"454\" \/>\n\t<meta property=\"og:image:height\" content=\"643\" \/>\n<meta name=\"twitter:card\" content=\"summary_large_image\" \/>\n<meta name=\"twitter:label1\" content=\"Est. reading time\">\n\t<meta name=\"twitter:data1\" content=\"1 minute\">\n<script type=\"application\/ld+json\" class=\"yoast-schema-graph\">{\"@context\":\"https:\/\/schema.org\",\"@graph\":[{\"@type\":\"WebSite\",\"@id\":\"https:\/\/tugraztestweb.asol.at\/#website\",\"url\":\"https:\/\/tugraztestweb.asol.at\/\",\"name\":\"Verlag der TU Graz\",\"description\":\"Verlag der Technischen Universit\\u00e4t Graz\",\"potentialAction\":[{\"@type\":\"SearchAction\",\"target\":\"https:\/\/tugraztestweb.asol.at\/?s={search_term_string}\",\"query-input\":\"required name=search_term_string\"}],\"inLanguage\":\"en-US\"},{\"@type\":\"ImageObject\",\"@id\":\"https:\/\/tugraztestweb.asol.at\/en\/gesamtverzeichnis\/maschinenbau-und-wirtschaftswissenschaften\/studie-zur-employability-der-tu-graz-absolvent-inn-en-2015\/#primaryimage\",\"inLanguage\":\"en-US\",\"url\":\"https:\/\/tugraztestweb.asol.at\/wp-content\/uploads\/2020\/08\/image-978-3-85125-386-3.jpg\",\"contentUrl\":\"https:\/\/tugraztestweb.asol.at\/wp-content\/uploads\/2020\/08\/image-978-3-85125-386-3.jpg\",\"width\":454,\"height\":643},{\"@type\":\"WebPage\",\"@id\":\"https:\/\/tugraztestweb.asol.at\/en\/gesamtverzeichnis\/maschinenbau-und-wirtschaftswissenschaften\/studie-zur-employability-der-tu-graz-absolvent-inn-en-2015\/#webpage\",\"url\":\"https:\/\/tugraztestweb.asol.at\/en\/gesamtverzeichnis\/maschinenbau-und-wirtschaftswissenschaften\/studie-zur-employability-der-tu-graz-absolvent-inn-en-2015\/\",\"name\":\"Studie zur Employability der TU Graz Absolvent\/inn\/en \\u2013 2015 - Verlag der TU Graz\",\"isPartOf\":{\"@id\":\"https:\/\/tugraztestweb.asol.at\/#website\"},\"primaryImageOfPage\":{\"@id\":\"https:\/\/tugraztestweb.asol.at\/en\/gesamtverzeichnis\/maschinenbau-und-wirtschaftswissenschaften\/studie-zur-employability-der-tu-graz-absolvent-inn-en-2015\/#primaryimage\"},\"datePublished\":\"2020-08-21T12:54:53+00:00\",\"dateModified\":\"2020-08-21T12:55:53+00:00\",\"breadcrumb\":{\"@id\":\"https:\/\/tugraztestweb.asol.at\/en\/gesamtverzeichnis\/maschinenbau-und-wirtschaftswissenschaften\/studie-zur-employability-der-tu-graz-absolvent-inn-en-2015\/#breadcrumb\"},\"inLanguage\":\"en-US\",\"potentialAction\":[{\"@type\":\"ReadAction\",\"target\":[\"https:\/\/tugraztestweb.asol.at\/en\/gesamtverzeichnis\/maschinenbau-und-wirtschaftswissenschaften\/studie-zur-employability-der-tu-graz-absolvent-inn-en-2015\/\"]}]},{\"@type\":\"BreadcrumbList\",\"@id\":\"https:\/\/tugraztestweb.asol.at\/en\/gesamtverzeichnis\/maschinenbau-und-wirtschaftswissenschaften\/studie-zur-employability-der-tu-graz-absolvent-inn-en-2015\/#breadcrumb\",\"itemListElement\":[{\"@type\":\"ListItem\",\"position\":1,\"item\":{\"@type\":\"WebPage\",\"@id\":\"https:\/\/tugraztestweb.asol.at\/\",\"url\":\"https:\/\/tugraztestweb.asol.at\/\",\"name\":\"Home\"}},{\"@type\":\"ListItem\",\"position\":2,\"item\":{\"@type\":\"WebPage\",\"@id\":\"https:\/\/tugraztestweb.asol.at\/gesamtverzeichnis\/\",\"url\":\"https:\/\/tugraztestweb.asol.at\/gesamtverzeichnis\/\",\"name\":\"Gesamtverzeichnis\"}},{\"@type\":\"ListItem\",\"position\":3,\"item\":{\"@type\":\"WebPage\",\"@id\":\"https:\/\/tugraztestweb.asol.at\/en\/gesamtverzeichnis\/maschinenbau-und-wirtschaftswissenschaften\/studie-zur-employability-der-tu-graz-absolvent-inn-en-2015\/\",\"url\":\"https:\/\/tugraztestweb.asol.at\/en\/gesamtverzeichnis\/maschinenbau-und-wirtschaftswissenschaften\/studie-zur-employability-der-tu-graz-absolvent-inn-en-2015\/\",\"name\":\"Studie zur Employability der TU Graz Absolvent\/inn\/en \\u2013 2015\"}}]}]}<\/script>\n<!-- \/ Yoast SEO plugin. -->","_links":{"self":[{"href":"https:\/\/tugraztestweb.asol.at\/en\/wp-json\/wp\/v2\/product\/30504"}],"collection":[{"href":"https:\/\/tugraztestweb.asol.at\/en\/wp-json\/wp\/v2\/product"}],"about":[{"href":"https:\/\/tugraztestweb.asol.at\/en\/wp-json\/wp\/v2\/types\/product"}],"replies":[{"embeddable":true,"href":"https:\/\/tugraztestweb.asol.at\/en\/wp-json\/wp\/v2\/comments?post=30504"}],"wp:featuredmedia":[{"embeddable":true,"href":"https:\/\/tugraztestweb.asol.at\/en\/wp-json\/wp\/v2\/media\/39963"}],"wp:attachment":[{"href":"https:\/\/tugraztestweb.asol.at\/en\/wp-json\/wp\/v2\/media?parent=30504"}],"curies":[{"name":"wp","href":"https:\/\/api.w.org\/{rel}","templated":true}]}}