{"id":30512,"date":"2020-08-27T08:36:47","date_gmt":"2020-08-27T08:36:47","guid":{"rendered":"http:\/\/tugraztestweb.asol.at\/gesamtverzeichnis\/unkategorisiert\/intralogistik-4-0-logistik-werkstatt-graz-2015-19-20-mai-2015\/"},"modified":"2020-08-27T10:37:47","modified_gmt":"2020-08-27T08:37:47","slug":"intralogistik-4-0-logistik-werkstatt-graz-2015-19-20-mai-2015","status":"publish","type":"product","link":"https:\/\/tugraztestweb.asol.at\/en\/gesamtverzeichnis\/maschinenbau-und-wirtschaftswissenschaften\/intralogistik-4-0-logistik-werkstatt-graz-2015-19-20-mai-2015\/","title":{"rendered":"Intralogistik 4.0?! Logistik Werkstatt Graz 2015, 19.-20. Mai 2015"},"content":{"rendered":"<p class=\"qtranxs-available-languages-message qtranxs-available-languages-message-en\">Sorry, this entry is only available in <a href=\"https:\/\/tugraztestweb.asol.at\/de\/wp-json\/wp\/v2\/product\/30512\" class=\"qtranxs-available-language-link qtranxs-available-language-link-de\" title=\"Deutsch\">Deutsch<\/a>.<\/p><p>Sehr geehrte Damen und Herren!<br \/>Die Logistikwerkstatt Graz unter dem Motto Wissenschaft trifft Wirtschaft sieht sich als Plattform, um neue technologische und strategische Entwicklungen der Logistik vorzustellen und zu diskutieren. Zu den jeweils aktuellen Themen werden Forschungsprojekte und Forschungsbedarfe im Hinblick auf eine zeitnahe Realisierung in der Praxis oder eine langfristige Perspektive komplexer Forschungsfragen pr\u00e4sentiert und er\u00f6rtet.<br \/>Den Teilnehmern wird an den zwei Tagen der Stand von Forschung und Entwicklung in Industrie und Hochschule im Rahmen der Vortr\u00e4ge vermittelt, der anschlie\u00dfend themen-orientiert in den \u201eWerkstattsitzungen\u201c ausf\u00fchrlich zwischen Vortragenden und Teilnehmern besprochen wird. Den Abschluss der Veranstaltung bildet eine Podiumsdiskussion, die durch eine Kurzpr\u00e4sentation der verschiedenen Werkstattergebnisse eingeleitet wird.<br \/>Logistikwerkstatt Graz 2015<br \/>Intralogistik 4.0?!<br \/>Anforderungen durch Industrie 4.0 und Multichannel-Logistik. Die Intralogistik in Produktion und Distribution wird durch steigende Erwartungen und Anforderungen der Kunden in Industrie und Handel gefordert. Mit intelligenten Chips ausgestattete G\u00fcter, die aufgrund lokaler Konstellationen kurzfristig alternative Transportwege anfordern oder ihre Bearbeitungsreihenfolgen und somit Routen ver\u00e4ndern wie auch Fertigprodukte, die vom Endverbraucher auf unterschiedlichen Kan\u00e4len geordert werden, stellen eine Herausforderung dar. K\u00fcrzere Auftragsdurchlaufzeiten in einer individualisierten Massenproduktion und minimale Lieferzeiten aus siebenstelligen Sortimenten \u00fcber eine hochbelastete Infrastruktur in urbane R\u00e4ume zu minimalen Kosten stellen eine weitere Herausforderung dar. Aktuelle \u00dcbergriffe wie Industrie 4.0 oder Multichannel-Logistik beinhalten eine Vielzahl an Einzelthemen mit hoher Logistikrelevanz wie 3D-Prozessdatenvisualisierung, Taktile Interaktion und Gestensteuerung, Augmented Reality, Internet der Dinge, Zellulare F\u00f6rdertechnik oder Cyber-Physische-Systeme.<br \/>Hier zeigt die Logistikwerkstatt Graz 2015 die Leistungen und Herausforderungen f\u00fcr Wissenschaft und Wirtschaft auf und motiviert zu gemeinsamen Projekten und Kooperationen. Sie widmet sich dieses Jahr der Leitfrage, in wie weit wir bereits von Intralogistik 4.0 sprechen k\u00f6nnen, die diesen Anforderungen gerecht wird, und welche Aufgaben und Herausforderungen noch vor uns liegen und gel\u00f6st werden m\u00fcssen.<br \/>Hierzu haben wir folgende drei Themenkomplexe gebildet:<br \/>\u2022 \u201eMultichannel-Logistik\u201c<br \/>\u2022 \u201eZellulare F\u00f6rdertechnik versus Stetigf\u00f6rdertechnik\u201c<br \/>\u2022 \u201eGrenzen des Wachstums f\u00fcr Verteilzentren\u201c<br \/>In diesen Themenbl\u00f6cken werden wechselseitig hochkar\u00e4tige Referenten aus Wirtschaft und Wissenschaft neue Produkte und Projekte pr\u00e4sentieren. In den Werkstattbl\u00f6cken k\u00f6nnen die Teilnehmer mit den Referenten die Themen nochmals diskutieren. Am Ende des zweiten Tages werden die Ergebnisse der Werkstattsitzungen mit Unterst\u00fctzung der Fachpresse in einer abschlie\u00dfenden Plenums-\/Podiumsdiskussion zusammengef\u00fchrt. <br \/>Dirk Jodin<\/p>","protected":false},"excerpt":{"rendered":"<p class=\"qtranxs-available-languages-message qtranxs-available-languages-message-en\">Sorry, this entry is only available in <a href=\"https:\/\/tugraztestweb.asol.at\/de\/wp-json\/wp\/v2\/product\/30512\" class=\"qtranxs-available-language-link qtranxs-available-language-link-de\" title=\"Deutsch\">Deutsch<\/a>.<\/p>\n<p>Sehr geehrte Damen und Herren!<br \/>Die Logistikwerkstatt Graz unter dem Motto Wissenschaft trifft Wirtschaft sieht sich als Plattform, um neue technologische und strategische Entwicklungen der Logistik vorzustellen und zu diskutieren. Zu den jeweils aktuellen Themen werden Forschungsprojekte und Forschungsbedarfe im Hinblick auf eine zeitnahe Realisierung in der Praxis oder eine langfristige Perspektive komplexer Forschungsfragen pr\u00e4sentiert und er\u00f6rtet.<br \/>Den Teilnehmern wird an den zwei Tagen der Stand von Forschung und Entwicklung in Industrie und Hochschule im Rahmen der Vortr\u00e4ge vermittelt, der anschlie\u00dfend themen-orientiert in den \u201eWerkstattsitzungen\u201c ausf\u00fchrlich zwischen Vortragenden und Teilnehmern besprochen wird. Den Abschluss der Veranstaltung bildet eine Podiumsdiskussion, die durch eine Kurzpr\u00e4sentation der verschiedenen Werkstattergebnisse eingeleitet wird.<br \/>Logistikwerkstatt Graz 2015<br \/>Intralogistik 4.0?!<br \/>Anforderungen durch Industrie 4.0 und Multichannel-Logistik. Die Intralogistik in Produktion und Distribution wird durch steigende Erwartungen und Anforderungen der Kunden in Industrie und Handel gefordert. Mit intelligenten Chips ausgestattete G\u00fcter, die aufgrund lokaler Konstellationen kurzfristig alternative Transportwege anfordern oder ihre Bearbeitungsreihenfolgen und somit Routen ver\u00e4ndern wie auch Fertigprodukte, die vom Endverbraucher auf unterschiedlichen Kan\u00e4len geordert werden, stellen eine Herausforderung dar. K\u00fcrzere Auftragsdurchlaufzeiten in einer individualisierten Massenproduktion und minimale Lieferzeiten aus siebenstelligen Sortimenten \u00fcber eine hochbelastete Infrastruktur in urbane R\u00e4ume zu minimalen Kosten stellen eine weitere Herausforderung dar. Aktuelle \u00dcbergriffe wie Industrie 4.0 oder Multichannel-Logistik beinhalten eine Vielzahl an Einzelthemen mit hoher Logistikrelevanz wie 3D-Prozessdatenvisualisierung, Taktile Interaktion und Gestensteuerung, Augmented Reality, Internet der Dinge, Zellulare F\u00f6rdertechnik oder Cyber-Physische-Systeme.<br \/>Hier zeigt die Logistikwerkstatt Graz 2015 die Leistungen und Herausforderungen f\u00fcr Wissenschaft und Wirtschaft auf und motiviert zu gemeinsamen Projekten und Kooperationen. Sie widmet sich dieses Jahr der Leitfrage, in wie weit wir bereits von Intralogistik 4.0 sprechen k\u00f6nnen, die diesen Anforderungen gerecht wird, und welche Aufgaben und Herausforderungen noch vor uns liegen und gel\u00f6st werden m\u00fcssen.<br \/>Hierzu haben wir folgende drei Themenkomplexe gebildet:<br \/>\u2022 \u201eMultichannel-Logistik\u201c<br \/>\u2022 \u201eZellulare F\u00f6rdertechnik versus Stetigf\u00f6rdertechnik\u201c<br \/>\u2022 \u201eGrenzen des Wachstums f\u00fcr Verteilzentren\u201c<br \/>In diesen Themenbl\u00f6cken werden wechselseitig hochkar\u00e4tige Referenten aus Wirtschaft und Wissenschaft neue Produkte und Projekte pr\u00e4sentieren. In den Werkstattbl\u00f6cken k\u00f6nnen die Teilnehmer mit den Referenten die Themen nochmals diskutieren. Am Ende des zweiten Tages werden die Ergebnisse der Werkstattsitzungen mit Unterst\u00fctzung der Fachpresse in einer abschlie\u00dfenden Plenums-\/Podiumsdiskussion zusammengef\u00fchrt. <br \/>Dirk Jodin<\/p>\n","protected":false},"featured_media":39967,"comment_status":"open","ping_status":"closed","template":"","meta":[],"yoast_head":"<!-- This site is optimized with the Yoast SEO plugin v16.1.1 - https:\/\/yoast.com\/wordpress\/plugins\/seo\/ -->\n<link rel=\"canonical\" href=\"https:\/\/tugraztestweb.asol.at\/gesamtverzeichnis\/maschinenbau-und-wirtschaftswissenschaften\/intralogistik-4-0-logistik-werkstatt-graz-2015-19-20-mai-2015\/\" \/>\n<meta property=\"og:locale\" content=\"en_US\" \/>\n<meta property=\"og:type\" content=\"article\" \/>\n<meta property=\"og:title\" content=\"Intralogistik 4.0?! Logistik Werkstatt Graz 2015, 19.-20. Mai 2015 - Verlag der TU Graz\" \/>\n<meta property=\"og:description\" content=\"Sehr geehrte Damen und Herren!Die Logistikwerkstatt Graz unter dem Motto Wissenschaft trifft Wirtschaft sieht sich als Plattform, um neue technologische und strategische Entwicklungen der Logistik vorzustellen und zu diskutieren. Zu den jeweils aktuellen Themen werden Forschungsprojekte und Forschungsbedarfe im Hinblick auf eine zeitnahe Realisierung in der Praxis oder eine langfristige Perspektive komplexer Forschungsfragen pr\u00e4sentiert und er\u00f6rtet.Den Teilnehmern wird an den zwei Tagen der Stand von Forschung und Entwicklung in Industrie und Hochschule im Rahmen der Vortr\u00e4ge vermittelt, der anschlie\u00dfend themen-orientiert in den \u201eWerkstattsitzungen\u201c ausf\u00fchrlich zwischen Vortragenden und Teilnehmern besprochen wird. Den Abschluss der Veranstaltung bildet eine Podiumsdiskussion, die durch eine Kurzpr\u00e4sentation der verschiedenen Werkstattergebnisse eingeleitet wird.Logistikwerkstatt Graz 2015Intralogistik 4.0?!Anforderungen durch Industrie 4.0 und Multichannel-Logistik. Die Intralogistik in Produktion und Distribution wird durch steigende Erwartungen und Anforderungen der Kunden in Industrie und Handel gefordert. Mit intelligenten Chips ausgestattete G\u00fcter, die aufgrund lokaler Konstellationen kurzfristig alternative Transportwege anfordern oder ihre Bearbeitungsreihenfolgen und somit Routen ver\u00e4ndern wie auch Fertigprodukte, die vom Endverbraucher auf unterschiedlichen Kan\u00e4len geordert werden, stellen eine Herausforderung dar. K\u00fcrzere Auftragsdurchlaufzeiten in einer individualisierten Massenproduktion und minimale Lieferzeiten aus siebenstelligen Sortimenten \u00fcber eine hochbelastete Infrastruktur in urbane R\u00e4ume zu minimalen Kosten stellen eine weitere Herausforderung dar. Aktuelle \u00dcbergriffe wie Industrie 4.0 oder Multichannel-Logistik beinhalten eine Vielzahl an Einzelthemen mit hoher Logistikrelevanz wie 3D-Prozessdatenvisualisierung, Taktile Interaktion und Gestensteuerung, Augmented Reality, Internet der Dinge, Zellulare F\u00f6rdertechnik oder Cyber-Physische-Systeme.Hier zeigt die Logistikwerkstatt Graz 2015 die Leistungen und Herausforderungen f\u00fcr Wissenschaft und Wirtschaft auf und motiviert zu gemeinsamen Projekten und Kooperationen. Sie widmet sich dieses Jahr der Leitfrage, in wie weit wir bereits von Intralogistik 4.0 sprechen k\u00f6nnen, die diesen Anforderungen gerecht wird, und welche Aufgaben und Herausforderungen noch vor uns liegen und gel\u00f6st werden m\u00fcssen.Hierzu haben wir folgende drei Themenkomplexe gebildet:\u2022 \u201eMultichannel-Logistik\u201c\u2022 \u201eZellulare F\u00f6rdertechnik versus Stetigf\u00f6rdertechnik\u201c\u2022 \u201eGrenzen des Wachstums f\u00fcr Verteilzentren\u201cIn diesen Themenbl\u00f6cken werden wechselseitig hochkar\u00e4tige Referenten aus Wirtschaft und Wissenschaft neue Produkte und Projekte pr\u00e4sentieren. In den Werkstattbl\u00f6cken k\u00f6nnen die Teilnehmer mit den Referenten die Themen nochmals diskutieren. Am Ende des zweiten Tages werden die Ergebnisse der Werkstattsitzungen mit Unterst\u00fctzung der Fachpresse in einer abschlie\u00dfenden Plenums-\/Podiumsdiskussion zusammengef\u00fchrt. Dirk Jodin\" \/>\n<meta property=\"og:url\" content=\"https:\/\/tugraztestweb.asol.at\/gesamtverzeichnis\/maschinenbau-und-wirtschaftswissenschaften\/intralogistik-4-0-logistik-werkstatt-graz-2015-19-20-mai-2015\/\" \/>\n<meta property=\"og:site_name\" content=\"Verlag der TU Graz\" \/>\n<meta property=\"article:modified_time\" content=\"2020-08-27T08:37:47+00:00\" \/>\n<meta property=\"og:image\" content=\"https:\/\/tugraztestweb.asol.at\/wp-content\/uploads\/2020\/08\/image-978-3-85125-394-8.jpg\" \/>\n\t<meta property=\"og:image:width\" content=\"589\" \/>\n\t<meta property=\"og:image:height\" content=\"858\" \/>\n<meta name=\"twitter:card\" content=\"summary_large_image\" \/>\n<meta name=\"twitter:label1\" content=\"Est. reading time\">\n\t<meta name=\"twitter:data1\" content=\"2 minutes\">\n<script type=\"application\/ld+json\" class=\"yoast-schema-graph\">{\"@context\":\"https:\/\/schema.org\",\"@graph\":[{\"@type\":\"WebSite\",\"@id\":\"https:\/\/tugraztestweb.asol.at\/#website\",\"url\":\"https:\/\/tugraztestweb.asol.at\/\",\"name\":\"Verlag der TU Graz\",\"description\":\"Verlag der Technischen Universit\\u00e4t Graz\",\"potentialAction\":[{\"@type\":\"SearchAction\",\"target\":\"https:\/\/tugraztestweb.asol.at\/?s={search_term_string}\",\"query-input\":\"required name=search_term_string\"}],\"inLanguage\":\"en-US\"},{\"@type\":\"ImageObject\",\"@id\":\"https:\/\/tugraztestweb.asol.at\/gesamtverzeichnis\/maschinenbau-und-wirtschaftswissenschaften\/intralogistik-4-0-logistik-werkstatt-graz-2015-19-20-mai-2015\/#primaryimage\",\"inLanguage\":\"en-US\",\"url\":\"https:\/\/tugraztestweb.asol.at\/wp-content\/uploads\/2020\/08\/image-978-3-85125-394-8.jpg\",\"contentUrl\":\"https:\/\/tugraztestweb.asol.at\/wp-content\/uploads\/2020\/08\/image-978-3-85125-394-8.jpg\",\"width\":589,\"height\":858},{\"@type\":\"WebPage\",\"@id\":\"https:\/\/tugraztestweb.asol.at\/gesamtverzeichnis\/maschinenbau-und-wirtschaftswissenschaften\/intralogistik-4-0-logistik-werkstatt-graz-2015-19-20-mai-2015\/#webpage\",\"url\":\"https:\/\/tugraztestweb.asol.at\/gesamtverzeichnis\/maschinenbau-und-wirtschaftswissenschaften\/intralogistik-4-0-logistik-werkstatt-graz-2015-19-20-mai-2015\/\",\"name\":\"Intralogistik 4.0?! Logistik Werkstatt Graz 2015, 19.-20. Mai 2015 - Verlag der TU Graz\",\"isPartOf\":{\"@id\":\"https:\/\/tugraztestweb.asol.at\/#website\"},\"primaryImageOfPage\":{\"@id\":\"https:\/\/tugraztestweb.asol.at\/gesamtverzeichnis\/maschinenbau-und-wirtschaftswissenschaften\/intralogistik-4-0-logistik-werkstatt-graz-2015-19-20-mai-2015\/#primaryimage\"},\"datePublished\":\"2020-08-27T08:36:47+00:00\",\"dateModified\":\"2020-08-27T08:37:47+00:00\",\"breadcrumb\":{\"@id\":\"https:\/\/tugraztestweb.asol.at\/gesamtverzeichnis\/maschinenbau-und-wirtschaftswissenschaften\/intralogistik-4-0-logistik-werkstatt-graz-2015-19-20-mai-2015\/#breadcrumb\"},\"inLanguage\":\"en-US\",\"potentialAction\":[{\"@type\":\"ReadAction\",\"target\":[\"https:\/\/tugraztestweb.asol.at\/gesamtverzeichnis\/maschinenbau-und-wirtschaftswissenschaften\/intralogistik-4-0-logistik-werkstatt-graz-2015-19-20-mai-2015\/\"]}]},{\"@type\":\"BreadcrumbList\",\"@id\":\"https:\/\/tugraztestweb.asol.at\/gesamtverzeichnis\/maschinenbau-und-wirtschaftswissenschaften\/intralogistik-4-0-logistik-werkstatt-graz-2015-19-20-mai-2015\/#breadcrumb\",\"itemListElement\":[{\"@type\":\"ListItem\",\"position\":1,\"item\":{\"@type\":\"WebPage\",\"@id\":\"https:\/\/tugraztestweb.asol.at\/\",\"url\":\"https:\/\/tugraztestweb.asol.at\/\",\"name\":\"Home\"}},{\"@type\":\"ListItem\",\"position\":2,\"item\":{\"@type\":\"WebPage\",\"@id\":\"https:\/\/tugraztestweb.asol.at\/gesamtverzeichnis\/\",\"url\":\"https:\/\/tugraztestweb.asol.at\/gesamtverzeichnis\/\",\"name\":\"Gesamtverzeichnis\"}},{\"@type\":\"ListItem\",\"position\":3,\"item\":{\"@type\":\"WebPage\",\"@id\":\"https:\/\/tugraztestweb.asol.at\/gesamtverzeichnis\/maschinenbau-und-wirtschaftswissenschaften\/intralogistik-4-0-logistik-werkstatt-graz-2015-19-20-mai-2015\/\",\"url\":\"https:\/\/tugraztestweb.asol.at\/gesamtverzeichnis\/maschinenbau-und-wirtschaftswissenschaften\/intralogistik-4-0-logistik-werkstatt-graz-2015-19-20-mai-2015\/\",\"name\":\"Intralogistik 4.0?! Logistik Werkstatt Graz 2015, 19.-20. Mai 2015\"}}]}]}<\/script>\n<!-- \/ Yoast SEO plugin. -->","_links":{"self":[{"href":"https:\/\/tugraztestweb.asol.at\/en\/wp-json\/wp\/v2\/product\/30512"}],"collection":[{"href":"https:\/\/tugraztestweb.asol.at\/en\/wp-json\/wp\/v2\/product"}],"about":[{"href":"https:\/\/tugraztestweb.asol.at\/en\/wp-json\/wp\/v2\/types\/product"}],"replies":[{"embeddable":true,"href":"https:\/\/tugraztestweb.asol.at\/en\/wp-json\/wp\/v2\/comments?post=30512"}],"wp:featuredmedia":[{"embeddable":true,"href":"https:\/\/tugraztestweb.asol.at\/en\/wp-json\/wp\/v2\/media\/39967"}],"wp:attachment":[{"href":"https:\/\/tugraztestweb.asol.at\/en\/wp-json\/wp\/v2\/media?parent=30512"}],"curies":[{"name":"wp","href":"https:\/\/api.w.org\/{rel}","templated":true}]}}