{"id":30514,"date":"2020-08-27T07:22:51","date_gmt":"2020-08-27T07:22:51","guid":{"rendered":"http:\/\/tugraztestweb.asol.at\/gesamtverzeichnis\/unkategorisiert\/ccsh15-1st-international-academic-conference-on-climate-change-and-sustainable-heritage-2015\/"},"modified":"2020-08-27T09:23:51","modified_gmt":"2020-08-27T07:23:51","slug":"ccsh15-1st-international-academic-conference-on-climate-change-and-sustainable-heritage-2015-ebook","status":"publish","type":"product","link":"https:\/\/tugraztestweb.asol.at\/en\/gesamtverzeichnis\/architektur\/ccsh15-1st-international-academic-conference-on-climate-change-and-sustainable-heritage-2015-ebook\/","title":{"rendered":"CCSH15. 1st International Academic Conference on Climate Change and Sustainable Heritage 2015"},"content":{"rendered":"<p class=\"qtranxs-available-languages-message qtranxs-available-languages-message-en\">Sorry, this entry is only available in <a href=\"https:\/\/tugraztestweb.asol.at\/de\/wp-json\/wp\/v2\/product\/30514\" class=\"qtranxs-available-language-link qtranxs-available-language-link-de\" title=\"Deutsch\">Deutsch<\/a>.<\/p><p>CCSH15 1. Internationale Akademische Konferenz \u00fcber Klimawandel und Nachhaltiges Kulturerbe.<br \/>\nDie Hauptthemen der Konferenz haben sich mit Klimawandel und Nachhaltigem Kulturerbe, sowie Nachhaltigkeit in Planung und Gestaltung, befasst. Ziel der Konferenz war es, Strategien und Prinzipien zu diskutieren, welche die Auswirkungen des Klimawechsels bezogen auf Katastrophenmanagement, Klima-Anpassung und -Milderung zum Gegenstand haben, sowie einen transdisziplin\u00e4ren Dialog f\u00fcr resilientes und nachhaltiges Kulturerbe f\u00fcr zuk\u00fcnftige Generationen zu initiieren.<\/p>","protected":false},"excerpt":{"rendered":"<p class=\"qtranxs-available-languages-message qtranxs-available-languages-message-en\">Sorry, this entry is only available in <a href=\"https:\/\/tugraztestweb.asol.at\/de\/wp-json\/wp\/v2\/product\/30514\" class=\"qtranxs-available-language-link qtranxs-available-language-link-de\" title=\"Deutsch\">Deutsch<\/a>.<\/p>\n<p>CCSH15 1. Internationale Akademische Konferenz \u00fcber Klimawandel und Nachhaltiges Kulturerbe.<br \/>\nDie Hauptthemen der Konferenz haben sich mit Klimawandel und Nachhaltigem Kulturerbe, sowie Nachhaltigkeit in Planung und Gestaltung, befasst. Ziel der Konferenz war es, Strategien und Prinzipien zu diskutieren, welche die Auswirkungen des Klimawechsels bezogen auf Katastrophenmanagement, Klima-Anpassung und -Milderung zum Gegenstand haben, sowie einen transdisziplin\u00e4ren Dialog f\u00fcr resilientes und nachhaltiges Kulturerbe f\u00fcr zuk\u00fcnftige Generationen zu initiieren.<\/p>\n","protected":false},"featured_media":39968,"comment_status":"open","ping_status":"closed","template":"","meta":[],"yoast_head":"<!-- This site is optimized with the Yoast SEO plugin v16.1.1 - https:\/\/yoast.com\/wordpress\/plugins\/seo\/ -->\n<link rel=\"canonical\" href=\"https:\/\/tugraztestweb.asol.at\/en\/gesamtverzeichnis\/architektur\/ccsh15-1st-international-academic-conference-on-climate-change-and-sustainable-heritage-2015-ebook\/\" \/>\n<meta property=\"og:locale\" content=\"en_US\" \/>\n<meta property=\"og:type\" content=\"article\" \/>\n<meta property=\"og:title\" content=\"CCSH15. 1st International Academic Conference on Climate Change and Sustainable Heritage 2015 - Verlag der TU Graz\" \/>\n<meta property=\"og:description\" content=\"CCSH15 1. Internationale Akademische Konferenz \u00fcber Klimawandel und Nachhaltiges Kulturerbe. Die Hauptthemen der Konferenz haben sich mit Klimawandel und Nachhaltigem Kulturerbe, sowie Nachhaltigkeit in Planung und Gestaltung, befasst. Ziel der Konferenz war es, Strategien und Prinzipien zu diskutieren, welche die Auswirkungen des Klimawechsels bezogen auf Katastrophenmanagement, Klima-Anpassung und -Milderung zum Gegenstand haben, sowie einen transdisziplin\u00e4ren Dialog f\u00fcr resilientes und nachhaltiges Kulturerbe f\u00fcr zuk\u00fcnftige Generationen zu initiieren.\" \/>\n<meta property=\"og:url\" content=\"https:\/\/tugraztestweb.asol.at\/en\/gesamtverzeichnis\/architektur\/ccsh15-1st-international-academic-conference-on-climate-change-and-sustainable-heritage-2015-ebook\/\" \/>\n<meta property=\"og:site_name\" content=\"Verlag der TU Graz\" \/>\n<meta property=\"article:modified_time\" content=\"2020-08-27T07:23:51+00:00\" \/>\n<meta property=\"og:image\" content=\"https:\/\/tugraztestweb.asol.at\/wp-content\/uploads\/2020\/08\/image-978-3-85125-389-4.jpg\" \/>\n\t<meta property=\"og:image:width\" content=\"631\" \/>\n\t<meta property=\"og:image:height\" content=\"893\" \/>\n<meta name=\"twitter:card\" content=\"summary_large_image\" \/>\n<script type=\"application\/ld+json\" class=\"yoast-schema-graph\">{\"@context\":\"https:\/\/schema.org\",\"@graph\":[{\"@type\":\"WebSite\",\"@id\":\"https:\/\/tugraztestweb.asol.at\/#website\",\"url\":\"https:\/\/tugraztestweb.asol.at\/\",\"name\":\"Verlag der TU Graz\",\"description\":\"Verlag der Technischen Universit\\u00e4t Graz\",\"potentialAction\":[{\"@type\":\"SearchAction\",\"target\":\"https:\/\/tugraztestweb.asol.at\/?s={search_term_string}\",\"query-input\":\"required name=search_term_string\"}],\"inLanguage\":\"en-US\"},{\"@type\":\"ImageObject\",\"@id\":\"https:\/\/tugraztestweb.asol.at\/en\/gesamtverzeichnis\/architektur\/ccsh15-1st-international-academic-conference-on-climate-change-and-sustainable-heritage-2015-ebook\/#primaryimage\",\"inLanguage\":\"en-US\",\"url\":\"https:\/\/tugraztestweb.asol.at\/wp-content\/uploads\/2020\/08\/image-978-3-85125-389-4.jpg\",\"contentUrl\":\"https:\/\/tugraztestweb.asol.at\/wp-content\/uploads\/2020\/08\/image-978-3-85125-389-4.jpg\",\"width\":631,\"height\":893},{\"@type\":\"WebPage\",\"@id\":\"https:\/\/tugraztestweb.asol.at\/en\/gesamtverzeichnis\/architektur\/ccsh15-1st-international-academic-conference-on-climate-change-and-sustainable-heritage-2015-ebook\/#webpage\",\"url\":\"https:\/\/tugraztestweb.asol.at\/en\/gesamtverzeichnis\/architektur\/ccsh15-1st-international-academic-conference-on-climate-change-and-sustainable-heritage-2015-ebook\/\",\"name\":\"CCSH15. 1st International Academic Conference on Climate Change and Sustainable Heritage 2015 - Verlag der TU Graz\",\"isPartOf\":{\"@id\":\"https:\/\/tugraztestweb.asol.at\/#website\"},\"primaryImageOfPage\":{\"@id\":\"https:\/\/tugraztestweb.asol.at\/en\/gesamtverzeichnis\/architektur\/ccsh15-1st-international-academic-conference-on-climate-change-and-sustainable-heritage-2015-ebook\/#primaryimage\"},\"datePublished\":\"2020-08-27T07:22:51+00:00\",\"dateModified\":\"2020-08-27T07:23:51+00:00\",\"breadcrumb\":{\"@id\":\"https:\/\/tugraztestweb.asol.at\/en\/gesamtverzeichnis\/architektur\/ccsh15-1st-international-academic-conference-on-climate-change-and-sustainable-heritage-2015-ebook\/#breadcrumb\"},\"inLanguage\":\"en-US\",\"potentialAction\":[{\"@type\":\"ReadAction\",\"target\":[\"https:\/\/tugraztestweb.asol.at\/en\/gesamtverzeichnis\/architektur\/ccsh15-1st-international-academic-conference-on-climate-change-and-sustainable-heritage-2015-ebook\/\"]}]},{\"@type\":\"BreadcrumbList\",\"@id\":\"https:\/\/tugraztestweb.asol.at\/en\/gesamtverzeichnis\/architektur\/ccsh15-1st-international-academic-conference-on-climate-change-and-sustainable-heritage-2015-ebook\/#breadcrumb\",\"itemListElement\":[{\"@type\":\"ListItem\",\"position\":1,\"item\":{\"@type\":\"WebPage\",\"@id\":\"https:\/\/tugraztestweb.asol.at\/\",\"url\":\"https:\/\/tugraztestweb.asol.at\/\",\"name\":\"Home\"}},{\"@type\":\"ListItem\",\"position\":2,\"item\":{\"@type\":\"WebPage\",\"@id\":\"https:\/\/tugraztestweb.asol.at\/gesamtverzeichnis\/\",\"url\":\"https:\/\/tugraztestweb.asol.at\/gesamtverzeichnis\/\",\"name\":\"Gesamtverzeichnis\"}},{\"@type\":\"ListItem\",\"position\":3,\"item\":{\"@type\":\"WebPage\",\"@id\":\"https:\/\/tugraztestweb.asol.at\/en\/gesamtverzeichnis\/architektur\/ccsh15-1st-international-academic-conference-on-climate-change-and-sustainable-heritage-2015-ebook\/\",\"url\":\"https:\/\/tugraztestweb.asol.at\/en\/gesamtverzeichnis\/architektur\/ccsh15-1st-international-academic-conference-on-climate-change-and-sustainable-heritage-2015-ebook\/\",\"name\":\"CCSH15. 1st International Academic Conference on Climate Change and Sustainable Heritage 2015\"}}]}]}<\/script>\n<!-- \/ Yoast SEO plugin. -->","_links":{"self":[{"href":"https:\/\/tugraztestweb.asol.at\/en\/wp-json\/wp\/v2\/product\/30514"}],"collection":[{"href":"https:\/\/tugraztestweb.asol.at\/en\/wp-json\/wp\/v2\/product"}],"about":[{"href":"https:\/\/tugraztestweb.asol.at\/en\/wp-json\/wp\/v2\/types\/product"}],"replies":[{"embeddable":true,"href":"https:\/\/tugraztestweb.asol.at\/en\/wp-json\/wp\/v2\/comments?post=30514"}],"wp:featuredmedia":[{"embeddable":true,"href":"https:\/\/tugraztestweb.asol.at\/en\/wp-json\/wp\/v2\/media\/39968"}],"wp:attachment":[{"href":"https:\/\/tugraztestweb.asol.at\/en\/wp-json\/wp\/v2\/media?parent=30514"}],"curies":[{"name":"wp","href":"https:\/\/api.w.org\/{rel}","templated":true}]}}