{"id":30553,"date":"2020-08-27T07:40:23","date_gmt":"2020-08-27T07:40:23","guid":{"rendered":"http:\/\/tugraztestweb.asol.at\/gesamtverzeichnis\/unkategorisiert\/kriech-und-schaedigungsuntersuchungen-von-schweissverbindungen-eines-neuentwickelten-chromstahls-2\/"},"modified":"2020-08-27T09:41:23","modified_gmt":"2020-08-27T07:41:23","slug":"kriech-und-schaedigungsuntersuchungen-von-schweissverbindungen-eines-neuentwickelten-chromstahls-ebook","status":"publish","type":"product","link":"https:\/\/tugraztestweb.asol.at\/en\/gesamtverzeichnis\/maschinenbau-und-wirtschaftswissenschaften\/kriech-und-schaedigungsuntersuchungen-von-schweissverbindungen-eines-neuentwickelten-chromstahls-ebook\/","title":{"rendered":"Kriech-und Sch\u00e4digungsuntersuchungen von Schwei\u00dfverbindungen eines neuentwickelten Chromstahls"},"content":{"rendered":"<p class=\"qtranxs-available-languages-message qtranxs-available-languages-message-en\">Sorry, this entry is only available in <a href=\"https:\/\/tugraztestweb.asol.at\/de\/wp-json\/wp\/v2\/product\/30553\" class=\"qtranxs-available-language-link qtranxs-available-language-link-de\" title=\"Deutsch\">Deutsch<\/a>.<\/p><p>Hochlegierte 9 % Chromst\u00e4hle sind wichtige Vertreter f\u00fcr<br \/>\nHochtemperaturanwendungen in thermischen Kraftwerken. Fehler in der<br \/>\nW\u00e4rmeeinflusszone von Schwei\u00dfverbindungen aufgrund des Typ IV Versagens<br \/>\nsind allerdings der limitierende Faktor hinsichtlich der<br \/>\nLangzeitfestigkeit dieser Werkstoffe. Aus diesem Grund wurde in den<br \/>\nletzten Jahren ein revolution\u00e4res Legierungskonzept entwickelt, welches<br \/>\ndurch kontrollierte Zugabe von Bor und Stickstoff die Langzeitstabilit\u00e4t<br \/>\n der Mikrostruktur erh\u00f6ht. Dieser sogenannte MARBN-Stahl (MARtensitic<br \/>\nsteel strengthened with Boron and Nitrogen) soll durch die Unterdr\u00fcckung<br \/>\n der Feinkornzone in der W\u00e4rmeeinflusszone das fr\u00fchzeitige Typ IV<br \/>\nVersagen in den Schwei\u00dfverbindungen verhindern. Um dies zu \u00fcberpr\u00fcfen,<br \/>\nwurde in dieser Arbeit das Kriechverhalten von Schwei\u00dfverbindungen<br \/>\nzweier MARBN-Testlegierungen untersucht. Die Kriechfestigkeit der<br \/>\nSchwei\u00dfverbindungen wurde analysiert und das Sch\u00e4digungsverhalten wurde<br \/>\nmithilfe von licht- und elektronenmikroskopischen Analyseverfahren,<br \/>\nR\u00fcckstreubeugungsmessungen und Synchrotron \u03bcCT untersucht. Die<br \/>\nErgebnisse zeigen, dass ein fr\u00fchzeitiges Versagen durch Typ IV mit<br \/>\ndiesen Testlegierungen und den angewendeten Schwei\u00dfverfahren nicht<br \/>\nverhindert werden konnte, doch speziell die Kriechergebnisse der<br \/>\nElektronenstrahl-Schwei\u00dfverbindungen zeigen das enorme Potential dieses<br \/>\nLegierungskonzeptes.<\/p>","protected":false},"excerpt":{"rendered":"<p class=\"qtranxs-available-languages-message qtranxs-available-languages-message-en\">Sorry, this entry is only available in <a href=\"https:\/\/tugraztestweb.asol.at\/de\/wp-json\/wp\/v2\/product\/30553\" class=\"qtranxs-available-language-link qtranxs-available-language-link-de\" title=\"Deutsch\">Deutsch<\/a>.<\/p>\n<p>Hochlegierte 9 % Chromst\u00e4hle sind wichtige Vertreter f\u00fcr<br \/>\nHochtemperaturanwendungen in thermischen Kraftwerken. Fehler in der<br \/>\nW\u00e4rmeeinflusszone von Schwei\u00dfverbindungen aufgrund des Typ IV Versagens<br \/>\nsind allerdings der limitierende Faktor hinsichtlich der<br \/>\nLangzeitfestigkeit dieser Werkstoffe. Aus diesem Grund wurde in den<br \/>\nletzten Jahren ein revolution\u00e4res Legierungskonzept entwickelt, welches<br \/>\ndurch kontrollierte Zugabe von Bor und Stickstoff die Langzeitstabilit\u00e4t<br \/>\n der Mikrostruktur erh\u00f6ht. Dieser sogenannte MARBN-Stahl (MARtensitic<br \/>\nsteel strengthened with Boron and Nitrogen) soll durch die Unterdr\u00fcckung<br \/>\n der Feinkornzone in der W\u00e4rmeeinflusszone das fr\u00fchzeitige Typ IV<br \/>\nVersagen in den Schwei\u00dfverbindungen verhindern. Um dies zu \u00fcberpr\u00fcfen,<br \/>\nwurde in dieser Arbeit das Kriechverhalten von Schwei\u00dfverbindungen<br \/>\nzweier MARBN-Testlegierungen untersucht. Die Kriechfestigkeit der<br \/>\nSchwei\u00dfverbindungen wurde analysiert und das Sch\u00e4digungsverhalten wurde<br \/>\nmithilfe von licht- und elektronenmikroskopischen Analyseverfahren,<br \/>\nR\u00fcckstreubeugungsmessungen und Synchrotron \u03bcCT untersucht. Die<br \/>\nErgebnisse zeigen, dass ein fr\u00fchzeitiges Versagen durch Typ IV mit<br \/>\ndiesen Testlegierungen und den angewendeten Schwei\u00dfverfahren nicht<br \/>\nverhindert werden konnte, doch speziell die Kriechergebnisse der<br \/>\nElektronenstrahl-Schwei\u00dfverbindungen zeigen das enorme Potential dieses<br \/>\nLegierungskonzeptes.<\/p>\n","protected":false},"featured_media":39986,"comment_status":"open","ping_status":"closed","template":"","meta":[],"yoast_head":"<!-- This site is optimized with the Yoast SEO plugin v16.1.1 - https:\/\/yoast.com\/wordpress\/plugins\/seo\/ -->\n<link rel=\"canonical\" href=\"https:\/\/tugraztestweb.asol.at\/en\/gesamtverzeichnis\/maschinenbau-und-wirtschaftswissenschaften\/kriech-und-schaedigungsuntersuchungen-von-schweissverbindungen-eines-neuentwickelten-chromstahls-ebook\/\" \/>\n<meta property=\"og:locale\" content=\"en_US\" \/>\n<meta property=\"og:type\" content=\"article\" \/>\n<meta property=\"og:title\" content=\"Kriech-und Sch\u00e4digungsuntersuchungen von Schwei\u00dfverbindungen eines neuentwickelten Chromstahls - Verlag der TU Graz\" \/>\n<meta property=\"og:description\" content=\"Hochlegierte 9 % Chromst\u00e4hle sind wichtige Vertreter f\u00fcr Hochtemperaturanwendungen in thermischen Kraftwerken. Fehler in der W\u00e4rmeeinflusszone von Schwei\u00dfverbindungen aufgrund des Typ IV Versagens sind allerdings der limitierende Faktor hinsichtlich der Langzeitfestigkeit dieser Werkstoffe. Aus diesem Grund wurde in den letzten Jahren ein revolution\u00e4res Legierungskonzept entwickelt, welches durch kontrollierte Zugabe von Bor und Stickstoff die Langzeitstabilit\u00e4t der Mikrostruktur erh\u00f6ht. Dieser sogenannte MARBN-Stahl (MARtensitic steel strengthened with Boron and Nitrogen) soll durch die Unterdr\u00fcckung der Feinkornzone in der W\u00e4rmeeinflusszone das fr\u00fchzeitige Typ IV Versagen in den Schwei\u00dfverbindungen verhindern. Um dies zu \u00fcberpr\u00fcfen, wurde in dieser Arbeit das Kriechverhalten von Schwei\u00dfverbindungen zweier MARBN-Testlegierungen untersucht. Die Kriechfestigkeit der Schwei\u00dfverbindungen wurde analysiert und das Sch\u00e4digungsverhalten wurde mithilfe von licht- und elektronenmikroskopischen Analyseverfahren, R\u00fcckstreubeugungsmessungen und Synchrotron \u03bcCT untersucht. Die Ergebnisse zeigen, dass ein fr\u00fchzeitiges Versagen durch Typ IV mit diesen Testlegierungen und den angewendeten Schwei\u00dfverfahren nicht verhindert werden konnte, doch speziell die Kriechergebnisse der Elektronenstrahl-Schwei\u00dfverbindungen zeigen das enorme Potential dieses Legierungskonzeptes.\" \/>\n<meta property=\"og:url\" content=\"https:\/\/tugraztestweb.asol.at\/en\/gesamtverzeichnis\/maschinenbau-und-wirtschaftswissenschaften\/kriech-und-schaedigungsuntersuchungen-von-schweissverbindungen-eines-neuentwickelten-chromstahls-ebook\/\" \/>\n<meta property=\"og:site_name\" content=\"Verlag der TU Graz\" \/>\n<meta property=\"article:modified_time\" content=\"2020-08-27T07:41:23+00:00\" \/>\n<meta property=\"og:image\" content=\"https:\/\/tugraztestweb.asol.at\/wp-content\/uploads\/2020\/08\/image-978-3-85125-408-2.jpg\" \/>\n\t<meta property=\"og:image:width\" content=\"519\" \/>\n\t<meta property=\"og:image:height\" content=\"760\" \/>\n<meta name=\"twitter:card\" content=\"summary_large_image\" \/>\n<meta name=\"twitter:label1\" content=\"Est. reading time\">\n\t<meta name=\"twitter:data1\" content=\"1 minute\">\n<script type=\"application\/ld+json\" class=\"yoast-schema-graph\">{\"@context\":\"https:\/\/schema.org\",\"@graph\":[{\"@type\":\"WebSite\",\"@id\":\"https:\/\/tugraztestweb.asol.at\/#website\",\"url\":\"https:\/\/tugraztestweb.asol.at\/\",\"name\":\"Verlag der TU Graz\",\"description\":\"Verlag der Technischen Universit\\u00e4t Graz\",\"potentialAction\":[{\"@type\":\"SearchAction\",\"target\":\"https:\/\/tugraztestweb.asol.at\/?s={search_term_string}\",\"query-input\":\"required name=search_term_string\"}],\"inLanguage\":\"en-US\"},{\"@type\":\"ImageObject\",\"@id\":\"https:\/\/tugraztestweb.asol.at\/en\/gesamtverzeichnis\/maschinenbau-und-wirtschaftswissenschaften\/kriech-und-schaedigungsuntersuchungen-von-schweissverbindungen-eines-neuentwickelten-chromstahls-ebook\/#primaryimage\",\"inLanguage\":\"en-US\",\"url\":\"https:\/\/tugraztestweb.asol.at\/wp-content\/uploads\/2020\/08\/image-978-3-85125-408-2.jpg\",\"contentUrl\":\"https:\/\/tugraztestweb.asol.at\/wp-content\/uploads\/2020\/08\/image-978-3-85125-408-2.jpg\",\"width\":519,\"height\":760},{\"@type\":\"WebPage\",\"@id\":\"https:\/\/tugraztestweb.asol.at\/en\/gesamtverzeichnis\/maschinenbau-und-wirtschaftswissenschaften\/kriech-und-schaedigungsuntersuchungen-von-schweissverbindungen-eines-neuentwickelten-chromstahls-ebook\/#webpage\",\"url\":\"https:\/\/tugraztestweb.asol.at\/en\/gesamtverzeichnis\/maschinenbau-und-wirtschaftswissenschaften\/kriech-und-schaedigungsuntersuchungen-von-schweissverbindungen-eines-neuentwickelten-chromstahls-ebook\/\",\"name\":\"Kriech-und Sch\\u00e4digungsuntersuchungen von Schwei\\u00dfverbindungen eines neuentwickelten Chromstahls - Verlag der TU Graz\",\"isPartOf\":{\"@id\":\"https:\/\/tugraztestweb.asol.at\/#website\"},\"primaryImageOfPage\":{\"@id\":\"https:\/\/tugraztestweb.asol.at\/en\/gesamtverzeichnis\/maschinenbau-und-wirtschaftswissenschaften\/kriech-und-schaedigungsuntersuchungen-von-schweissverbindungen-eines-neuentwickelten-chromstahls-ebook\/#primaryimage\"},\"datePublished\":\"2020-08-27T07:40:23+00:00\",\"dateModified\":\"2020-08-27T07:41:23+00:00\",\"breadcrumb\":{\"@id\":\"https:\/\/tugraztestweb.asol.at\/en\/gesamtverzeichnis\/maschinenbau-und-wirtschaftswissenschaften\/kriech-und-schaedigungsuntersuchungen-von-schweissverbindungen-eines-neuentwickelten-chromstahls-ebook\/#breadcrumb\"},\"inLanguage\":\"en-US\",\"potentialAction\":[{\"@type\":\"ReadAction\",\"target\":[\"https:\/\/tugraztestweb.asol.at\/en\/gesamtverzeichnis\/maschinenbau-und-wirtschaftswissenschaften\/kriech-und-schaedigungsuntersuchungen-von-schweissverbindungen-eines-neuentwickelten-chromstahls-ebook\/\"]}]},{\"@type\":\"BreadcrumbList\",\"@id\":\"https:\/\/tugraztestweb.asol.at\/en\/gesamtverzeichnis\/maschinenbau-und-wirtschaftswissenschaften\/kriech-und-schaedigungsuntersuchungen-von-schweissverbindungen-eines-neuentwickelten-chromstahls-ebook\/#breadcrumb\",\"itemListElement\":[{\"@type\":\"ListItem\",\"position\":1,\"item\":{\"@type\":\"WebPage\",\"@id\":\"https:\/\/tugraztestweb.asol.at\/\",\"url\":\"https:\/\/tugraztestweb.asol.at\/\",\"name\":\"Home\"}},{\"@type\":\"ListItem\",\"position\":2,\"item\":{\"@type\":\"WebPage\",\"@id\":\"https:\/\/tugraztestweb.asol.at\/gesamtverzeichnis\/\",\"url\":\"https:\/\/tugraztestweb.asol.at\/gesamtverzeichnis\/\",\"name\":\"Gesamtverzeichnis\"}},{\"@type\":\"ListItem\",\"position\":3,\"item\":{\"@type\":\"WebPage\",\"@id\":\"https:\/\/tugraztestweb.asol.at\/en\/gesamtverzeichnis\/maschinenbau-und-wirtschaftswissenschaften\/kriech-und-schaedigungsuntersuchungen-von-schweissverbindungen-eines-neuentwickelten-chromstahls-ebook\/\",\"url\":\"https:\/\/tugraztestweb.asol.at\/en\/gesamtverzeichnis\/maschinenbau-und-wirtschaftswissenschaften\/kriech-und-schaedigungsuntersuchungen-von-schweissverbindungen-eines-neuentwickelten-chromstahls-ebook\/\",\"name\":\"Kriech-und Sch\\u00e4digungsuntersuchungen von Schwei\\u00dfverbindungen eines neuentwickelten Chromstahls\"}}]}]}<\/script>\n<!-- \/ Yoast SEO plugin. -->","_links":{"self":[{"href":"https:\/\/tugraztestweb.asol.at\/en\/wp-json\/wp\/v2\/product\/30553"}],"collection":[{"href":"https:\/\/tugraztestweb.asol.at\/en\/wp-json\/wp\/v2\/product"}],"about":[{"href":"https:\/\/tugraztestweb.asol.at\/en\/wp-json\/wp\/v2\/types\/product"}],"replies":[{"embeddable":true,"href":"https:\/\/tugraztestweb.asol.at\/en\/wp-json\/wp\/v2\/comments?post=30553"}],"wp:featuredmedia":[{"embeddable":true,"href":"https:\/\/tugraztestweb.asol.at\/en\/wp-json\/wp\/v2\/media\/39986"}],"wp:attachment":[{"href":"https:\/\/tugraztestweb.asol.at\/en\/wp-json\/wp\/v2\/media?parent=30553"}],"curies":[{"name":"wp","href":"https:\/\/api.w.org\/{rel}","templated":true}]}}