{"id":30569,"date":"2020-08-21T12:54:58","date_gmt":"2020-08-21T12:54:58","guid":{"rendered":"http:\/\/tugraztestweb.asol.at\/gesamtverzeichnis\/unkategorisiert\/zuverlaessigkeits-und-sicherheitsorientierte-auslegung-und-betriebsfuehrung-elektrischer-netze\/"},"modified":"2020-08-21T14:55:58","modified_gmt":"2020-08-21T12:55:58","slug":"zuverlaessigkeits-und-sicherheitsorientierte-auslegung-und-betriebsfuehrung-elektrischer-netze","status":"publish","type":"product","link":"https:\/\/tugraztestweb.asol.at\/en\/gesamtverzeichnis\/elektrotechnik-und-informationstechnik\/zuverlaessigkeits-und-sicherheitsorientierte-auslegung-und-betriebsfuehrung-elektrischer-netze\/","title":{"rendered":"Zuverl\u00e4ssigkeits- und sicherheitsorientierte Auslegung und Betriebsf\u00fchrung elektrischer Netze"},"content":{"rendered":"<p class=\"qtranxs-available-languages-message qtranxs-available-languages-message-en\">Sorry, this entry is only available in <a href=\"https:\/\/tugraztestweb.asol.at\/de\/wp-json\/wp\/v2\/product\/30569\" class=\"qtranxs-available-language-link qtranxs-available-language-link-de\" title=\"Deutsch\">Deutsch<\/a>.<\/p><p>Die zentralen Aufgaben jedes Netzbetreibers sind die Errichtung und die Betriebsf\u00fchrung von elektrischen Anlagen in den konzessionierten Netzgebieten. Dabei stehen die Versorgungszuverl\u00e4ssigkeit und Versorgungsqualit\u00e4t sowie der sichere, effiziente und wirtschaftliche Betrieb im Vordergrund. In dieser Arbeit werden technische, organisatorische und rechtliche Aspekte von Elektrizit\u00e4tsversorgungssystemen n\u00e4her beleuchtet und neue, wissenschaftliche Erkenntnisse pr\u00e4sentiert.<\/p>\n<p>Zu Beginn der Habilitationsschrift werden die grundlegenden Rahmenbedingungen f\u00fcr die Betriebsf\u00fchrung von elektrischen Netzen erl\u00e4utert. Anschlie\u00dfend wird auf Funktionen einer zentralen Netzleitstelle und deren Schnittstellen zu anderen Systemapplikationen eingegangen. Ein weiteres Kapitel befasst sich mit Forschungsprojekten rund um die Auslegung und Betriebsf\u00fchrung von elektrischen Anlagen. Dabei wird auf unterschiedliche Themen wie z.B. Netzautomatisierung, Ma\u00dfnahmen zur Reduktion von St\u00f6reintr\u00e4gen, Wirkleistungsstabilit\u00e4t, Erdschlussortung und Erdungsthematik eingegangen.<\/p>\n<p>Die Vorbereitung auf und die Strategie bei Gro\u00dfst\u00f6rungen bis hin zum Blackout nehmen durch die ge\u00e4nderten Rahmenbedingungen im Netzbetrieb eine immer bedeutendere Rolle ein. Diese Themen werden von den technischen und organisatorischen Voraussetzungen \u00fcber das Training bis hin zum Krisenmanagement betrachtet. Den Abschluss dieser Arbeit bildet die Beschreibung derzeit vorhandener M\u00f6glichkeiten der Zertifizierung von Leitstellen und des Netzbetriebes.<\/p>","protected":false},"excerpt":{"rendered":"<p class=\"qtranxs-available-languages-message qtranxs-available-languages-message-en\">Sorry, this entry is only available in <a href=\"https:\/\/tugraztestweb.asol.at\/de\/wp-json\/wp\/v2\/product\/30569\" class=\"qtranxs-available-language-link qtranxs-available-language-link-de\" title=\"Deutsch\">Deutsch<\/a>.<\/p>\n<p>Die zentralen Aufgaben jedes Netzbetreibers sind die Errichtung und die Betriebsf\u00fchrung von elektrischen Anlagen in den konzessionierten Netzgebieten. Dabei stehen die Versorgungszuverl\u00e4ssigkeit und Versorgungsqualit\u00e4t sowie der sichere, effiziente und wirtschaftliche Betrieb im Vordergrund. In dieser Arbeit werden technische, organisatorische und rechtliche Aspekte von Elektrizit\u00e4tsversorgungssystemen n\u00e4her beleuchtet und neue, wissenschaftliche Erkenntnisse pr\u00e4sentiert.<\/p>\n<p>Zu Beginn der Habilitationsschrift werden die grundlegenden Rahmenbedingungen f\u00fcr die Betriebsf\u00fchrung von elektrischen Netzen erl\u00e4utert. Anschlie\u00dfend wird auf Funktionen einer zentralen Netzleitstelle und deren Schnittstellen zu anderen Systemapplikationen eingegangen. Ein weiteres Kapitel befasst sich mit Forschungsprojekten rund um die Auslegung und Betriebsf\u00fchrung von elektrischen Anlagen. Dabei wird auf unterschiedliche Themen wie z.B. Netzautomatisierung, Ma\u00dfnahmen zur Reduktion von St\u00f6reintr\u00e4gen, Wirkleistungsstabilit\u00e4t, Erdschlussortung und Erdungsthematik eingegangen.<\/p>\n<p>Die Vorbereitung auf und die Strategie bei Gro\u00dfst\u00f6rungen bis hin zum Blackout nehmen durch die ge\u00e4nderten Rahmenbedingungen im Netzbetrieb eine immer bedeutendere Rolle ein. Diese Themen werden von den technischen und organisatorischen Voraussetzungen \u00fcber das Training bis hin zum Krisenmanagement betrachtet. Den Abschluss dieser Arbeit bildet die Beschreibung derzeit vorhandener M\u00f6glichkeiten der Zertifizierung von Leitstellen und des Netzbetriebes.<\/p>\n","protected":false},"featured_media":39992,"comment_status":"open","ping_status":"closed","template":"","meta":[],"yoast_head":"<!-- This site is optimized with the Yoast SEO plugin v16.1.1 - https:\/\/yoast.com\/wordpress\/plugins\/seo\/ -->\n<link rel=\"canonical\" href=\"https:\/\/tugraztestweb.asol.at\/en\/gesamtverzeichnis\/elektrotechnik-und-informationstechnik\/zuverlaessigkeits-und-sicherheitsorientierte-auslegung-und-betriebsfuehrung-elektrischer-netze\/\" \/>\n<meta property=\"og:locale\" content=\"en_US\" \/>\n<meta property=\"og:type\" content=\"article\" \/>\n<meta property=\"og:title\" content=\"Zuverl\u00e4ssigkeits- und sicherheitsorientierte Auslegung und Betriebsf\u00fchrung elektrischer Netze - Verlag der TU Graz\" \/>\n<meta property=\"og:description\" content=\"Die zentralen Aufgaben jedes Netzbetreibers sind die Errichtung und die Betriebsf\u00fchrung von elektrischen Anlagen in den konzessionierten Netzgebieten. Dabei stehen die Versorgungszuverl\u00e4ssigkeit und Versorgungsqualit\u00e4t sowie der sichere, effiziente und wirtschaftliche Betrieb im Vordergrund. In dieser Arbeit werden technische, organisatorische und rechtliche Aspekte von Elektrizit\u00e4tsversorgungssystemen n\u00e4her beleuchtet und neue, wissenschaftliche Erkenntnisse pr\u00e4sentiert. Zu Beginn der Habilitationsschrift werden die grundlegenden Rahmenbedingungen f\u00fcr die Betriebsf\u00fchrung von elektrischen Netzen erl\u00e4utert. Anschlie\u00dfend wird auf Funktionen einer zentralen Netzleitstelle und deren Schnittstellen zu anderen Systemapplikationen eingegangen. Ein weiteres Kapitel befasst sich mit Forschungsprojekten rund um die Auslegung und Betriebsf\u00fchrung von elektrischen Anlagen. Dabei wird auf unterschiedliche Themen wie z.B. Netzautomatisierung, Ma\u00dfnahmen zur Reduktion von St\u00f6reintr\u00e4gen, Wirkleistungsstabilit\u00e4t, Erdschlussortung und Erdungsthematik eingegangen. Die Vorbereitung auf und die Strategie bei Gro\u00dfst\u00f6rungen bis hin zum Blackout nehmen durch die ge\u00e4nderten Rahmenbedingungen im Netzbetrieb eine immer bedeutendere Rolle ein. Diese Themen werden von den technischen und organisatorischen Voraussetzungen \u00fcber das Training bis hin zum Krisenmanagement betrachtet. Den Abschluss dieser Arbeit bildet die Beschreibung derzeit vorhandener M\u00f6glichkeiten der Zertifizierung von Leitstellen und des Netzbetriebes.\" \/>\n<meta property=\"og:url\" content=\"https:\/\/tugraztestweb.asol.at\/en\/gesamtverzeichnis\/elektrotechnik-und-informationstechnik\/zuverlaessigkeits-und-sicherheitsorientierte-auslegung-und-betriebsfuehrung-elektrischer-netze\/\" \/>\n<meta property=\"og:site_name\" content=\"Verlag der TU Graz\" \/>\n<meta property=\"article:modified_time\" content=\"2020-08-21T12:55:58+00:00\" \/>\n<meta property=\"og:image\" content=\"https:\/\/tugraztestweb.asol.at\/wp-content\/uploads\/2020\/08\/image-978-3-85125-413-6.jpg\" \/>\n\t<meta property=\"og:image:width\" content=\"519\" \/>\n\t<meta property=\"og:image:height\" content=\"762\" \/>\n<meta name=\"twitter:card\" content=\"summary_large_image\" \/>\n<meta name=\"twitter:label1\" content=\"Est. reading time\">\n\t<meta name=\"twitter:data1\" content=\"1 minute\">\n<script type=\"application\/ld+json\" class=\"yoast-schema-graph\">{\"@context\":\"https:\/\/schema.org\",\"@graph\":[{\"@type\":\"WebSite\",\"@id\":\"https:\/\/tugraztestweb.asol.at\/#website\",\"url\":\"https:\/\/tugraztestweb.asol.at\/\",\"name\":\"Verlag der TU Graz\",\"description\":\"Verlag der Technischen Universit\\u00e4t Graz\",\"potentialAction\":[{\"@type\":\"SearchAction\",\"target\":\"https:\/\/tugraztestweb.asol.at\/?s={search_term_string}\",\"query-input\":\"required name=search_term_string\"}],\"inLanguage\":\"en-US\"},{\"@type\":\"ImageObject\",\"@id\":\"https:\/\/tugraztestweb.asol.at\/en\/gesamtverzeichnis\/elektrotechnik-und-informationstechnik\/zuverlaessigkeits-und-sicherheitsorientierte-auslegung-und-betriebsfuehrung-elektrischer-netze\/#primaryimage\",\"inLanguage\":\"en-US\",\"url\":\"https:\/\/tugraztestweb.asol.at\/wp-content\/uploads\/2020\/08\/image-978-3-85125-413-6.jpg\",\"contentUrl\":\"https:\/\/tugraztestweb.asol.at\/wp-content\/uploads\/2020\/08\/image-978-3-85125-413-6.jpg\",\"width\":519,\"height\":762},{\"@type\":\"WebPage\",\"@id\":\"https:\/\/tugraztestweb.asol.at\/en\/gesamtverzeichnis\/elektrotechnik-und-informationstechnik\/zuverlaessigkeits-und-sicherheitsorientierte-auslegung-und-betriebsfuehrung-elektrischer-netze\/#webpage\",\"url\":\"https:\/\/tugraztestweb.asol.at\/en\/gesamtverzeichnis\/elektrotechnik-und-informationstechnik\/zuverlaessigkeits-und-sicherheitsorientierte-auslegung-und-betriebsfuehrung-elektrischer-netze\/\",\"name\":\"Zuverl\\u00e4ssigkeits- und sicherheitsorientierte Auslegung und Betriebsf\\u00fchrung elektrischer Netze - Verlag der TU Graz\",\"isPartOf\":{\"@id\":\"https:\/\/tugraztestweb.asol.at\/#website\"},\"primaryImageOfPage\":{\"@id\":\"https:\/\/tugraztestweb.asol.at\/en\/gesamtverzeichnis\/elektrotechnik-und-informationstechnik\/zuverlaessigkeits-und-sicherheitsorientierte-auslegung-und-betriebsfuehrung-elektrischer-netze\/#primaryimage\"},\"datePublished\":\"2020-08-21T12:54:58+00:00\",\"dateModified\":\"2020-08-21T12:55:58+00:00\",\"breadcrumb\":{\"@id\":\"https:\/\/tugraztestweb.asol.at\/en\/gesamtverzeichnis\/elektrotechnik-und-informationstechnik\/zuverlaessigkeits-und-sicherheitsorientierte-auslegung-und-betriebsfuehrung-elektrischer-netze\/#breadcrumb\"},\"inLanguage\":\"en-US\",\"potentialAction\":[{\"@type\":\"ReadAction\",\"target\":[\"https:\/\/tugraztestweb.asol.at\/en\/gesamtverzeichnis\/elektrotechnik-und-informationstechnik\/zuverlaessigkeits-und-sicherheitsorientierte-auslegung-und-betriebsfuehrung-elektrischer-netze\/\"]}]},{\"@type\":\"BreadcrumbList\",\"@id\":\"https:\/\/tugraztestweb.asol.at\/en\/gesamtverzeichnis\/elektrotechnik-und-informationstechnik\/zuverlaessigkeits-und-sicherheitsorientierte-auslegung-und-betriebsfuehrung-elektrischer-netze\/#breadcrumb\",\"itemListElement\":[{\"@type\":\"ListItem\",\"position\":1,\"item\":{\"@type\":\"WebPage\",\"@id\":\"https:\/\/tugraztestweb.asol.at\/\",\"url\":\"https:\/\/tugraztestweb.asol.at\/\",\"name\":\"Home\"}},{\"@type\":\"ListItem\",\"position\":2,\"item\":{\"@type\":\"WebPage\",\"@id\":\"https:\/\/tugraztestweb.asol.at\/gesamtverzeichnis\/\",\"url\":\"https:\/\/tugraztestweb.asol.at\/gesamtverzeichnis\/\",\"name\":\"Gesamtverzeichnis\"}},{\"@type\":\"ListItem\",\"position\":3,\"item\":{\"@type\":\"WebPage\",\"@id\":\"https:\/\/tugraztestweb.asol.at\/en\/gesamtverzeichnis\/elektrotechnik-und-informationstechnik\/zuverlaessigkeits-und-sicherheitsorientierte-auslegung-und-betriebsfuehrung-elektrischer-netze\/\",\"url\":\"https:\/\/tugraztestweb.asol.at\/en\/gesamtverzeichnis\/elektrotechnik-und-informationstechnik\/zuverlaessigkeits-und-sicherheitsorientierte-auslegung-und-betriebsfuehrung-elektrischer-netze\/\",\"name\":\"Zuverl\\u00e4ssigkeits- und sicherheitsorientierte Auslegung und Betriebsf\\u00fchrung elektrischer Netze\"}}]}]}<\/script>\n<!-- \/ Yoast SEO plugin. -->","_links":{"self":[{"href":"https:\/\/tugraztestweb.asol.at\/en\/wp-json\/wp\/v2\/product\/30569"}],"collection":[{"href":"https:\/\/tugraztestweb.asol.at\/en\/wp-json\/wp\/v2\/product"}],"about":[{"href":"https:\/\/tugraztestweb.asol.at\/en\/wp-json\/wp\/v2\/types\/product"}],"replies":[{"embeddable":true,"href":"https:\/\/tugraztestweb.asol.at\/en\/wp-json\/wp\/v2\/comments?post=30569"}],"wp:featuredmedia":[{"embeddable":true,"href":"https:\/\/tugraztestweb.asol.at\/en\/wp-json\/wp\/v2\/media\/39992"}],"wp:attachment":[{"href":"https:\/\/tugraztestweb.asol.at\/en\/wp-json\/wp\/v2\/media?parent=30569"}],"curies":[{"name":"wp","href":"https:\/\/api.w.org\/{rel}","templated":true}]}}