{"id":30583,"date":"2020-08-27T08:26:27","date_gmt":"2020-08-27T08:26:27","guid":{"rendered":"http:\/\/tugraztestweb.asol.at\/gesamtverzeichnis\/unkategorisiert\/cad-basierte-methoden-zur-unterstuetzung-der-karosseriekonstruktion-in-der-konzeptphase\/"},"modified":"2020-08-27T10:27:27","modified_gmt":"2020-08-27T08:27:27","slug":"cad-basierte-methoden-zur-unterstuetzung-der-karosseriekonstruktion-in-der-konzeptphase","status":"publish","type":"product","link":"https:\/\/tugraztestweb.asol.at\/en\/gesamtverzeichnis\/maschinenbau-und-wirtschaftswissenschaften\/cad-basierte-methoden-zur-unterstuetzung-der-karosseriekonstruktion-in-der-konzeptphase\/","title":{"rendered":"CAD-basierte Methoden zur Unterst\u00fctzung der Karosseriekonstruktion in der Konzeptphase"},"content":{"rendered":"<p class=\"qtranxs-available-languages-message qtranxs-available-languages-message-en\">Sorry, this entry is only available in <a href=\"https:\/\/tugraztestweb.asol.at\/de\/wp-json\/wp\/v2\/product\/30583\" class=\"qtranxs-available-language-link qtranxs-available-language-link-de\" title=\"Deutsch\">Deutsch<\/a>.<\/p><p>Der fr\u00fchen Phase der Fahrzeugentwicklung wird eine besondere Bedeutung beigemessen. So haben die technischen Entscheidungen in diesem Abschnitt ma\u00dfgeblichen Einfluss auf das Erreichen von Entwicklungszielen. Jedoch kann sich die Entscheidungsfindung zu diesem Zeitpunkt zumeist nur auf virtuelle Werkzeuge st\u00fctzen, da Prototypen in unzureichendem Ma\u00dfe vorhanden sind. Eine wichtige Rolle spielen hierbei moderne, wissensbasierte CAD-Systeme, die eine Vielzahl von Funktionalit\u00e4ten der virtuellen Produktentwicklung vereinen.<br \/>\nDie vorliegende Arbeit untersucht die Anwendung von wissensbasierten CAD- Programmen in der Konzeptphase der Fahrzeugentwicklung und liefert ein Vorgehensmodell, welches eine Koppelung von funktionaler Auslegung mit einer teilautomatisierten Geometriemodellierung vorsieht. Die Wirksamkeit dieses Vorgehensmodells wird anhand von konkreten Beispielen aus der Karosserieentwicklung evaluiert und es werden neuartige Methoden f\u00fcr die funktionale Auslegung erarbeitet. Bei den Anwendungsbeispielen handelt es sich um die Kinematikauslegung einer Fahrzeugt\u00fcre und die Bauraumauslegung einer Sto\u00dff\u00e4ngerstruktur.<br \/>\nDurch den gezielten Einsatz von wissensbasierten CAD-Systemen liefert diese Arbeit einen wesentlichen Beitrag  zur Effizienz- und Qualit\u00e4tssteigerung in der Konzeptphase der Fahrzeugentwicklung.<\/p>","protected":false},"excerpt":{"rendered":"<p class=\"qtranxs-available-languages-message qtranxs-available-languages-message-en\">Sorry, this entry is only available in <a href=\"https:\/\/tugraztestweb.asol.at\/de\/wp-json\/wp\/v2\/product\/30583\" class=\"qtranxs-available-language-link qtranxs-available-language-link-de\" title=\"Deutsch\">Deutsch<\/a>.<\/p>\n<p>Der fr\u00fchen Phase der Fahrzeugentwicklung wird eine besondere Bedeutung beigemessen. So haben die technischen Entscheidungen in diesem Abschnitt ma\u00dfgeblichen Einfluss auf das Erreichen von Entwicklungszielen. Jedoch kann sich die Entscheidungsfindung zu diesem Zeitpunkt zumeist nur auf virtuelle Werkzeuge st\u00fctzen, da Prototypen in unzureichendem Ma\u00dfe vorhanden sind. Eine wichtige Rolle spielen hierbei moderne, wissensbasierte CAD-Systeme, die eine Vielzahl von Funktionalit\u00e4ten der virtuellen Produktentwicklung vereinen.<br \/>\nDie vorliegende Arbeit untersucht die Anwendung von wissensbasierten CAD- Programmen in der Konzeptphase der Fahrzeugentwicklung und liefert ein Vorgehensmodell, welches eine Koppelung von funktionaler Auslegung mit einer teilautomatisierten Geometriemodellierung vorsieht. Die Wirksamkeit dieses Vorgehensmodells wird anhand von konkreten Beispielen aus der Karosserieentwicklung evaluiert und es werden neuartige Methoden f\u00fcr die funktionale Auslegung erarbeitet. Bei den Anwendungsbeispielen handelt es sich um die Kinematikauslegung einer Fahrzeugt\u00fcre und die Bauraumauslegung einer Sto\u00dff\u00e4ngerstruktur.<br \/>\nDurch den gezielten Einsatz von wissensbasierten CAD-Systemen liefert diese Arbeit einen wesentlichen Beitrag  zur Effizienz- und Qualit\u00e4tssteigerung in der Konzeptphase der Fahrzeugentwicklung.<\/p>\n","protected":false},"featured_media":39998,"comment_status":"open","ping_status":"closed","template":"","meta":[],"yoast_head":"<!-- This site is optimized with the Yoast SEO plugin v16.1.1 - https:\/\/yoast.com\/wordpress\/plugins\/seo\/ -->\n<link rel=\"canonical\" href=\"https:\/\/tugraztestweb.asol.at\/gesamtverzeichnis\/maschinenbau-und-wirtschaftswissenschaften\/cad-basierte-methoden-zur-unterstuetzung-der-karosseriekonstruktion-in-der-konzeptphase\/\" \/>\n<meta property=\"og:locale\" content=\"en_US\" \/>\n<meta property=\"og:type\" content=\"article\" \/>\n<meta property=\"og:title\" content=\"CAD-basierte Methoden zur Unterst\u00fctzung der Karosseriekonstruktion in der Konzeptphase - Verlag der TU Graz\" \/>\n<meta property=\"og:description\" content=\"Der fr\u00fchen Phase der Fahrzeugentwicklung wird eine besondere Bedeutung beigemessen. So haben die technischen Entscheidungen in diesem Abschnitt ma\u00dfgeblichen Einfluss auf das Erreichen von Entwicklungszielen. Jedoch kann sich die Entscheidungsfindung zu diesem Zeitpunkt zumeist nur auf virtuelle Werkzeuge st\u00fctzen, da Prototypen in unzureichendem Ma\u00dfe vorhanden sind. Eine wichtige Rolle spielen hierbei moderne, wissensbasierte CAD-Systeme, die eine Vielzahl von Funktionalit\u00e4ten der virtuellen Produktentwicklung vereinen. Die vorliegende Arbeit untersucht die Anwendung von wissensbasierten CAD- Programmen in der Konzeptphase der Fahrzeugentwicklung und liefert ein Vorgehensmodell, welches eine Koppelung von funktionaler Auslegung mit einer teilautomatisierten Geometriemodellierung vorsieht. Die Wirksamkeit dieses Vorgehensmodells wird anhand von konkreten Beispielen aus der Karosserieentwicklung evaluiert und es werden neuartige Methoden f\u00fcr die funktionale Auslegung erarbeitet. Bei den Anwendungsbeispielen handelt es sich um die Kinematikauslegung einer Fahrzeugt\u00fcre und die Bauraumauslegung einer Sto\u00dff\u00e4ngerstruktur. Durch den gezielten Einsatz von wissensbasierten CAD-Systemen liefert diese Arbeit einen wesentlichen Beitrag zur Effizienz- und Qualit\u00e4tssteigerung in der Konzeptphase der Fahrzeugentwicklung.\" \/>\n<meta property=\"og:url\" content=\"https:\/\/tugraztestweb.asol.at\/gesamtverzeichnis\/maschinenbau-und-wirtschaftswissenschaften\/cad-basierte-methoden-zur-unterstuetzung-der-karosseriekonstruktion-in-der-konzeptphase\/\" \/>\n<meta property=\"og:site_name\" content=\"Verlag der TU Graz\" \/>\n<meta property=\"article:modified_time\" content=\"2020-08-27T08:27:27+00:00\" \/>\n<meta property=\"og:image\" content=\"https:\/\/tugraztestweb.asol.at\/wp-content\/uploads\/2020\/08\/image-978-3-85125-420-4.jpg\" \/>\n\t<meta property=\"og:image:width\" content=\"374\" \/>\n\t<meta property=\"og:image:height\" content=\"548\" \/>\n<meta name=\"twitter:card\" content=\"summary_large_image\" \/>\n<meta name=\"twitter:label1\" content=\"Est. reading time\">\n\t<meta name=\"twitter:data1\" content=\"1 minute\">\n<script type=\"application\/ld+json\" class=\"yoast-schema-graph\">{\"@context\":\"https:\/\/schema.org\",\"@graph\":[{\"@type\":\"WebSite\",\"@id\":\"https:\/\/tugraztestweb.asol.at\/#website\",\"url\":\"https:\/\/tugraztestweb.asol.at\/\",\"name\":\"Verlag der TU Graz\",\"description\":\"Verlag der Technischen Universit\\u00e4t Graz\",\"potentialAction\":[{\"@type\":\"SearchAction\",\"target\":\"https:\/\/tugraztestweb.asol.at\/?s={search_term_string}\",\"query-input\":\"required name=search_term_string\"}],\"inLanguage\":\"en-US\"},{\"@type\":\"ImageObject\",\"@id\":\"https:\/\/tugraztestweb.asol.at\/gesamtverzeichnis\/maschinenbau-und-wirtschaftswissenschaften\/cad-basierte-methoden-zur-unterstuetzung-der-karosseriekonstruktion-in-der-konzeptphase\/#primaryimage\",\"inLanguage\":\"en-US\",\"url\":\"https:\/\/tugraztestweb.asol.at\/wp-content\/uploads\/2020\/08\/image-978-3-85125-420-4.jpg\",\"contentUrl\":\"https:\/\/tugraztestweb.asol.at\/wp-content\/uploads\/2020\/08\/image-978-3-85125-420-4.jpg\",\"width\":374,\"height\":548},{\"@type\":\"WebPage\",\"@id\":\"https:\/\/tugraztestweb.asol.at\/gesamtverzeichnis\/maschinenbau-und-wirtschaftswissenschaften\/cad-basierte-methoden-zur-unterstuetzung-der-karosseriekonstruktion-in-der-konzeptphase\/#webpage\",\"url\":\"https:\/\/tugraztestweb.asol.at\/gesamtverzeichnis\/maschinenbau-und-wirtschaftswissenschaften\/cad-basierte-methoden-zur-unterstuetzung-der-karosseriekonstruktion-in-der-konzeptphase\/\",\"name\":\"CAD-basierte Methoden zur Unterst\\u00fctzung der Karosseriekonstruktion in der Konzeptphase - Verlag der TU Graz\",\"isPartOf\":{\"@id\":\"https:\/\/tugraztestweb.asol.at\/#website\"},\"primaryImageOfPage\":{\"@id\":\"https:\/\/tugraztestweb.asol.at\/gesamtverzeichnis\/maschinenbau-und-wirtschaftswissenschaften\/cad-basierte-methoden-zur-unterstuetzung-der-karosseriekonstruktion-in-der-konzeptphase\/#primaryimage\"},\"datePublished\":\"2020-08-27T08:26:27+00:00\",\"dateModified\":\"2020-08-27T08:27:27+00:00\",\"breadcrumb\":{\"@id\":\"https:\/\/tugraztestweb.asol.at\/gesamtverzeichnis\/maschinenbau-und-wirtschaftswissenschaften\/cad-basierte-methoden-zur-unterstuetzung-der-karosseriekonstruktion-in-der-konzeptphase\/#breadcrumb\"},\"inLanguage\":\"en-US\",\"potentialAction\":[{\"@type\":\"ReadAction\",\"target\":[\"https:\/\/tugraztestweb.asol.at\/gesamtverzeichnis\/maschinenbau-und-wirtschaftswissenschaften\/cad-basierte-methoden-zur-unterstuetzung-der-karosseriekonstruktion-in-der-konzeptphase\/\"]}]},{\"@type\":\"BreadcrumbList\",\"@id\":\"https:\/\/tugraztestweb.asol.at\/gesamtverzeichnis\/maschinenbau-und-wirtschaftswissenschaften\/cad-basierte-methoden-zur-unterstuetzung-der-karosseriekonstruktion-in-der-konzeptphase\/#breadcrumb\",\"itemListElement\":[{\"@type\":\"ListItem\",\"position\":1,\"item\":{\"@type\":\"WebPage\",\"@id\":\"https:\/\/tugraztestweb.asol.at\/\",\"url\":\"https:\/\/tugraztestweb.asol.at\/\",\"name\":\"Home\"}},{\"@type\":\"ListItem\",\"position\":2,\"item\":{\"@type\":\"WebPage\",\"@id\":\"https:\/\/tugraztestweb.asol.at\/gesamtverzeichnis\/\",\"url\":\"https:\/\/tugraztestweb.asol.at\/gesamtverzeichnis\/\",\"name\":\"Gesamtverzeichnis\"}},{\"@type\":\"ListItem\",\"position\":3,\"item\":{\"@type\":\"WebPage\",\"@id\":\"https:\/\/tugraztestweb.asol.at\/gesamtverzeichnis\/maschinenbau-und-wirtschaftswissenschaften\/cad-basierte-methoden-zur-unterstuetzung-der-karosseriekonstruktion-in-der-konzeptphase\/\",\"url\":\"https:\/\/tugraztestweb.asol.at\/gesamtverzeichnis\/maschinenbau-und-wirtschaftswissenschaften\/cad-basierte-methoden-zur-unterstuetzung-der-karosseriekonstruktion-in-der-konzeptphase\/\",\"name\":\"CAD-basierte Methoden zur Unterst\\u00fctzung der Karosseriekonstruktion in der Konzeptphase\"}}]}]}<\/script>\n<!-- \/ Yoast SEO plugin. -->","_links":{"self":[{"href":"https:\/\/tugraztestweb.asol.at\/en\/wp-json\/wp\/v2\/product\/30583"}],"collection":[{"href":"https:\/\/tugraztestweb.asol.at\/en\/wp-json\/wp\/v2\/product"}],"about":[{"href":"https:\/\/tugraztestweb.asol.at\/en\/wp-json\/wp\/v2\/types\/product"}],"replies":[{"embeddable":true,"href":"https:\/\/tugraztestweb.asol.at\/en\/wp-json\/wp\/v2\/comments?post=30583"}],"wp:featuredmedia":[{"embeddable":true,"href":"https:\/\/tugraztestweb.asol.at\/en\/wp-json\/wp\/v2\/media\/39998"}],"wp:attachment":[{"href":"https:\/\/tugraztestweb.asol.at\/en\/wp-json\/wp\/v2\/media?parent=30583"}],"curies":[{"name":"wp","href":"https:\/\/api.w.org\/{rel}","templated":true}]}}