{"id":30587,"date":"2020-08-27T08:25:46","date_gmt":"2020-08-27T08:25:46","guid":{"rendered":"http:\/\/tugraztestweb.asol.at\/gesamtverzeichnis\/unkategorisiert\/maximum-tire-road-friction-coefficient-estimation\/"},"modified":"2020-08-27T10:26:46","modified_gmt":"2020-08-27T08:26:46","slug":"maximum-tire-road-friction-coefficient-estimation","status":"publish","type":"product","link":"https:\/\/tugraztestweb.asol.at\/en\/gesamtverzeichnis\/maschinenbau-und-wirtschaftswissenschaften\/maximum-tire-road-friction-coefficient-estimation\/","title":{"rendered":"Maximum Tire-Road Friction Coefficient Estimation"},"content":{"rendered":"<p class=\"qtranxs-available-languages-message qtranxs-available-languages-message-en\">Sorry, this entry is only available in <a href=\"https:\/\/tugraztestweb.asol.at\/de\/wp-json\/wp\/v2\/product\/30587\" class=\"qtranxs-available-language-link qtranxs-available-language-link-de\" title=\"Deutsch\">Deutsch<\/a>.<\/p><p>Stra\u00dfen- und Reifenzust\u00e4nde beeinflussen ma\u00dfgeblich die Fahrzeugreaktion auf eine Eingabe durch Fahrerinnen- und Fahrer oder Eingriffe von Fahrerassistenzsystemen. Letztere werden f\u00fcr Serienanwendungen aktuell auf trockene Fahrbahnen ausgelegt, um Fehlausl\u00f6sungen zu vermeiden. In der vorliegenden Arbeit wird ein Verfahren zur Sch\u00e4tzung des aktuellen Stra\u00dfen- und Reifenzustands vorgestellt, welches auf Messungen des fahrdynamischen Zustands des Fahrzeuges beruht. Als Basis f\u00fcr die verwendete Sensorik dient ein mit Elektronischer Stabilit\u00e4tskontrolle ausgestattetes Fahrzeug. Im ersten Teil der Arbeit wird die Forschungsfrage beantwortet, welche Fahrzustandsgr\u00f6\u00dfen zur Sch\u00e4tzung des aktuellen Stra\u00dfen- und Reifenzustands theoretisch in Frage kommen. Daf\u00fcr wird eine Sensitivit\u00e4tsanalyse mit Hilfe eines Zweispurmodells durchgef\u00fchrt, welches durch gew\u00f6hnliche Differentialgleichungen beschrieben ist. Im zweiten Teil der Arbeit wird eine Methode zur fahrdynamikbasierten Sch\u00e4tzung von Stra\u00dfen- und Reifenzustand unter Verwendung eines Partikelfilters vorgestellt. Es wird gezeigt, dass das vorgeschlagene Verfahren Potential zur Verbesserung von bestehenden Methoden der Stra\u00dfen- und Reifenzustandssch\u00e4tzung bietet. Die notwendige Genauigkeit f\u00fcr einen AEB kann trotzdem \u00fcber einige Fahrbereiche erreicht werden.<\/p>","protected":false},"excerpt":{"rendered":"<p class=\"qtranxs-available-languages-message qtranxs-available-languages-message-en\">Sorry, this entry is only available in <a href=\"https:\/\/tugraztestweb.asol.at\/de\/wp-json\/wp\/v2\/product\/30587\" class=\"qtranxs-available-language-link qtranxs-available-language-link-de\" title=\"Deutsch\">Deutsch<\/a>.<\/p>\n<p>Stra\u00dfen- und Reifenzust\u00e4nde beeinflussen ma\u00dfgeblich die Fahrzeugreaktion auf eine Eingabe durch Fahrerinnen- und Fahrer oder Eingriffe von Fahrerassistenzsystemen. Letztere werden f\u00fcr Serienanwendungen aktuell auf trockene Fahrbahnen ausgelegt, um Fehlausl\u00f6sungen zu vermeiden. In der vorliegenden Arbeit wird ein Verfahren zur Sch\u00e4tzung des aktuellen Stra\u00dfen- und Reifenzustands vorgestellt, welches auf Messungen des fahrdynamischen Zustands des Fahrzeuges beruht. Als Basis f\u00fcr die verwendete Sensorik dient ein mit Elektronischer Stabilit\u00e4tskontrolle ausgestattetes Fahrzeug. Im ersten Teil der Arbeit wird die Forschungsfrage beantwortet, welche Fahrzustandsgr\u00f6\u00dfen zur Sch\u00e4tzung des aktuellen Stra\u00dfen- und Reifenzustands theoretisch in Frage kommen. Daf\u00fcr wird eine Sensitivit\u00e4tsanalyse mit Hilfe eines Zweispurmodells durchgef\u00fchrt, welches durch gew\u00f6hnliche Differentialgleichungen beschrieben ist. Im zweiten Teil der Arbeit wird eine Methode zur fahrdynamikbasierten Sch\u00e4tzung von Stra\u00dfen- und Reifenzustand unter Verwendung eines Partikelfilters vorgestellt. Es wird gezeigt, dass das vorgeschlagene Verfahren Potential zur Verbesserung von bestehenden Methoden der Stra\u00dfen- und Reifenzustandssch\u00e4tzung bietet. Die notwendige Genauigkeit f\u00fcr einen AEB kann trotzdem \u00fcber einige Fahrbereiche erreicht werden.<\/p>\n","protected":false},"featured_media":40000,"comment_status":"open","ping_status":"closed","template":"","meta":[],"yoast_head":"<!-- This site is optimized with the Yoast SEO plugin v16.1.1 - https:\/\/yoast.com\/wordpress\/plugins\/seo\/ -->\n<link rel=\"canonical\" href=\"https:\/\/tugraztestweb.asol.at\/gesamtverzeichnis\/maschinenbau-und-wirtschaftswissenschaften\/maximum-tire-road-friction-coefficient-estimation\/\" \/>\n<meta property=\"og:locale\" content=\"en_US\" \/>\n<meta property=\"og:type\" content=\"article\" \/>\n<meta property=\"og:title\" content=\"Maximum Tire-Road Friction Coefficient Estimation - Verlag der TU Graz\" \/>\n<meta property=\"og:description\" content=\"Stra\u00dfen- und Reifenzust\u00e4nde beeinflussen ma\u00dfgeblich die Fahrzeugreaktion auf eine Eingabe durch Fahrerinnen- und Fahrer oder Eingriffe von Fahrerassistenzsystemen. Letztere werden f\u00fcr Serienanwendungen aktuell auf trockene Fahrbahnen ausgelegt, um Fehlausl\u00f6sungen zu vermeiden. In der vorliegenden Arbeit wird ein Verfahren zur Sch\u00e4tzung des aktuellen Stra\u00dfen- und Reifenzustands vorgestellt, welches auf Messungen des fahrdynamischen Zustands des Fahrzeuges beruht. Als Basis f\u00fcr die verwendete Sensorik dient ein mit Elektronischer Stabilit\u00e4tskontrolle ausgestattetes Fahrzeug. Im ersten Teil der Arbeit wird die Forschungsfrage beantwortet, welche Fahrzustandsgr\u00f6\u00dfen zur Sch\u00e4tzung des aktuellen Stra\u00dfen- und Reifenzustands theoretisch in Frage kommen. Daf\u00fcr wird eine Sensitivit\u00e4tsanalyse mit Hilfe eines Zweispurmodells durchgef\u00fchrt, welches durch gew\u00f6hnliche Differentialgleichungen beschrieben ist. Im zweiten Teil der Arbeit wird eine Methode zur fahrdynamikbasierten Sch\u00e4tzung von Stra\u00dfen- und Reifenzustand unter Verwendung eines Partikelfilters vorgestellt. Es wird gezeigt, dass das vorgeschlagene Verfahren Potential zur Verbesserung von bestehenden Methoden der Stra\u00dfen- und Reifenzustandssch\u00e4tzung bietet. Die notwendige Genauigkeit f\u00fcr einen AEB kann trotzdem \u00fcber einige Fahrbereiche erreicht werden.\" \/>\n<meta property=\"og:url\" content=\"https:\/\/tugraztestweb.asol.at\/gesamtverzeichnis\/maschinenbau-und-wirtschaftswissenschaften\/maximum-tire-road-friction-coefficient-estimation\/\" \/>\n<meta property=\"og:site_name\" content=\"Verlag der TU Graz\" \/>\n<meta property=\"article:modified_time\" content=\"2020-08-27T08:26:46+00:00\" \/>\n<meta property=\"og:image\" content=\"https:\/\/tugraztestweb.asol.at\/wp-content\/uploads\/2020\/08\/image-978-3-85125-422-8.jpg\" \/>\n\t<meta property=\"og:image:width\" content=\"374\" \/>\n\t<meta property=\"og:image:height\" content=\"548\" \/>\n<meta name=\"twitter:card\" content=\"summary_large_image\" \/>\n<meta name=\"twitter:label1\" content=\"Est. reading time\">\n\t<meta name=\"twitter:data1\" content=\"1 minute\">\n<script type=\"application\/ld+json\" class=\"yoast-schema-graph\">{\"@context\":\"https:\/\/schema.org\",\"@graph\":[{\"@type\":\"WebSite\",\"@id\":\"https:\/\/tugraztestweb.asol.at\/#website\",\"url\":\"https:\/\/tugraztestweb.asol.at\/\",\"name\":\"Verlag der TU Graz\",\"description\":\"Verlag der Technischen Universit\\u00e4t Graz\",\"potentialAction\":[{\"@type\":\"SearchAction\",\"target\":\"https:\/\/tugraztestweb.asol.at\/?s={search_term_string}\",\"query-input\":\"required name=search_term_string\"}],\"inLanguage\":\"en-US\"},{\"@type\":\"ImageObject\",\"@id\":\"https:\/\/tugraztestweb.asol.at\/gesamtverzeichnis\/maschinenbau-und-wirtschaftswissenschaften\/maximum-tire-road-friction-coefficient-estimation\/#primaryimage\",\"inLanguage\":\"en-US\",\"url\":\"https:\/\/tugraztestweb.asol.at\/wp-content\/uploads\/2020\/08\/image-978-3-85125-422-8.jpg\",\"contentUrl\":\"https:\/\/tugraztestweb.asol.at\/wp-content\/uploads\/2020\/08\/image-978-3-85125-422-8.jpg\",\"width\":374,\"height\":548},{\"@type\":\"WebPage\",\"@id\":\"https:\/\/tugraztestweb.asol.at\/gesamtverzeichnis\/maschinenbau-und-wirtschaftswissenschaften\/maximum-tire-road-friction-coefficient-estimation\/#webpage\",\"url\":\"https:\/\/tugraztestweb.asol.at\/gesamtverzeichnis\/maschinenbau-und-wirtschaftswissenschaften\/maximum-tire-road-friction-coefficient-estimation\/\",\"name\":\"Maximum Tire-Road Friction Coefficient Estimation - Verlag der TU Graz\",\"isPartOf\":{\"@id\":\"https:\/\/tugraztestweb.asol.at\/#website\"},\"primaryImageOfPage\":{\"@id\":\"https:\/\/tugraztestweb.asol.at\/gesamtverzeichnis\/maschinenbau-und-wirtschaftswissenschaften\/maximum-tire-road-friction-coefficient-estimation\/#primaryimage\"},\"datePublished\":\"2020-08-27T08:25:46+00:00\",\"dateModified\":\"2020-08-27T08:26:46+00:00\",\"breadcrumb\":{\"@id\":\"https:\/\/tugraztestweb.asol.at\/gesamtverzeichnis\/maschinenbau-und-wirtschaftswissenschaften\/maximum-tire-road-friction-coefficient-estimation\/#breadcrumb\"},\"inLanguage\":\"en-US\",\"potentialAction\":[{\"@type\":\"ReadAction\",\"target\":[\"https:\/\/tugraztestweb.asol.at\/gesamtverzeichnis\/maschinenbau-und-wirtschaftswissenschaften\/maximum-tire-road-friction-coefficient-estimation\/\"]}]},{\"@type\":\"BreadcrumbList\",\"@id\":\"https:\/\/tugraztestweb.asol.at\/gesamtverzeichnis\/maschinenbau-und-wirtschaftswissenschaften\/maximum-tire-road-friction-coefficient-estimation\/#breadcrumb\",\"itemListElement\":[{\"@type\":\"ListItem\",\"position\":1,\"item\":{\"@type\":\"WebPage\",\"@id\":\"https:\/\/tugraztestweb.asol.at\/\",\"url\":\"https:\/\/tugraztestweb.asol.at\/\",\"name\":\"Home\"}},{\"@type\":\"ListItem\",\"position\":2,\"item\":{\"@type\":\"WebPage\",\"@id\":\"https:\/\/tugraztestweb.asol.at\/gesamtverzeichnis\/\",\"url\":\"https:\/\/tugraztestweb.asol.at\/gesamtverzeichnis\/\",\"name\":\"Gesamtverzeichnis\"}},{\"@type\":\"ListItem\",\"position\":3,\"item\":{\"@type\":\"WebPage\",\"@id\":\"https:\/\/tugraztestweb.asol.at\/gesamtverzeichnis\/maschinenbau-und-wirtschaftswissenschaften\/maximum-tire-road-friction-coefficient-estimation\/\",\"url\":\"https:\/\/tugraztestweb.asol.at\/gesamtverzeichnis\/maschinenbau-und-wirtschaftswissenschaften\/maximum-tire-road-friction-coefficient-estimation\/\",\"name\":\"Maximum Tire-Road Friction Coefficient Estimation\"}}]}]}<\/script>\n<!-- \/ Yoast SEO plugin. -->","_links":{"self":[{"href":"https:\/\/tugraztestweb.asol.at\/en\/wp-json\/wp\/v2\/product\/30587"}],"collection":[{"href":"https:\/\/tugraztestweb.asol.at\/en\/wp-json\/wp\/v2\/product"}],"about":[{"href":"https:\/\/tugraztestweb.asol.at\/en\/wp-json\/wp\/v2\/types\/product"}],"replies":[{"embeddable":true,"href":"https:\/\/tugraztestweb.asol.at\/en\/wp-json\/wp\/v2\/comments?post=30587"}],"wp:featuredmedia":[{"embeddable":true,"href":"https:\/\/tugraztestweb.asol.at\/en\/wp-json\/wp\/v2\/media\/40000"}],"wp:attachment":[{"href":"https:\/\/tugraztestweb.asol.at\/en\/wp-json\/wp\/v2\/media?parent=30587"}],"curies":[{"name":"wp","href":"https:\/\/api.w.org\/{rel}","templated":true}]}}