{"id":30592,"date":"2020-08-21T12:54:58","date_gmt":"2020-08-21T12:54:58","guid":{"rendered":"http:\/\/tugraztestweb.asol.at\/gesamtverzeichnis\/unkategorisiert\/es-rissen-alle-stricke-doch-wir-ueberlebten\/"},"modified":"2020-08-21T14:55:58","modified_gmt":"2020-08-21T12:55:58","slug":"es-rissen-alle-stricke-doch-wir-ueberlebten","status":"publish","type":"product","link":"https:\/\/tugraztestweb.asol.at\/en\/gesamtverzeichnis\/interdiszipinaeres\/es-rissen-alle-stricke-doch-wir-ueberlebten\/","title":{"rendered":"Es rissen alle Stricke &#8211; doch wir \u00fcberlebten"},"content":{"rendered":"<p class=\"qtranxs-available-languages-message qtranxs-available-languages-message-en\">Sorry, this entry is only available in <a href=\"https:\/\/tugraztestweb.asol.at\/de\/wp-json\/wp\/v2\/product\/30592\" class=\"qtranxs-available-language-link qtranxs-available-language-link-de\" title=\"Deutsch\">Deutsch<\/a>.<\/p><p>Otto Nestroy erinnert sich mit an seine Kindheit und Jugend in der dunkelsten Zeit des 20. Jahrhunderts. In Episoden und kurzen Anekdoten berichtet er von den kleinen Lichtblicken der Kriegsjahre, erz\u00e4hlt vom \u00dcberlebenskampf der Wiener Bev\u00f6lkerung zur Zeit des Zweiten Weltkriegs und wie man in der Nachkriegszeit gemeinsam den langen, schweren Weg zur\u00fcck in die Normalit\u00e4t gegangen ist.<\/p>","protected":false},"excerpt":{"rendered":"<p class=\"qtranxs-available-languages-message qtranxs-available-languages-message-en\">Sorry, this entry is only available in <a href=\"https:\/\/tugraztestweb.asol.at\/de\/wp-json\/wp\/v2\/product\/30592\" class=\"qtranxs-available-language-link qtranxs-available-language-link-de\" title=\"Deutsch\">Deutsch<\/a>.<\/p>\n<p>Otto Nestroy erinnert sich mit an seine Kindheit und Jugend in der dunkelsten Zeit des 20. Jahrhunderts. In Episoden und kurzen Anekdoten berichtet er von den kleinen Lichtblicken der Kriegsjahre, erz\u00e4hlt vom \u00dcberlebenskampf der Wiener Bev\u00f6lkerung zur Zeit des Zweiten Weltkriegs und wie man in der Nachkriegszeit gemeinsam den langen, schweren Weg zur\u00fcck in die Normalit\u00e4t gegangen ist.<\/p>\n","protected":false},"featured_media":40002,"comment_status":"open","ping_status":"closed","template":"","meta":[],"yoast_head":"<!-- This site is optimized with the Yoast SEO plugin v16.1.1 - https:\/\/yoast.com\/wordpress\/plugins\/seo\/ -->\n<link rel=\"canonical\" href=\"https:\/\/tugraztestweb.asol.at\/en\/gesamtverzeichnis\/interdiszipinaeres\/es-rissen-alle-stricke-doch-wir-ueberlebten\/\" \/>\n<meta property=\"og:locale\" content=\"en_US\" \/>\n<meta property=\"og:type\" content=\"article\" \/>\n<meta property=\"og:title\" content=\"Es rissen alle Stricke - doch wir \u00fcberlebten - Verlag der TU Graz\" \/>\n<meta property=\"og:description\" content=\"Otto Nestroy erinnert sich mit an seine Kindheit und Jugend in der dunkelsten Zeit des 20. Jahrhunderts. In Episoden und kurzen Anekdoten berichtet er von den kleinen Lichtblicken der Kriegsjahre, erz\u00e4hlt vom \u00dcberlebenskampf der Wiener Bev\u00f6lkerung zur Zeit des Zweiten Weltkriegs und wie man in der Nachkriegszeit gemeinsam den langen, schweren Weg zur\u00fcck in die Normalit\u00e4t gegangen ist.\" \/>\n<meta property=\"og:url\" content=\"https:\/\/tugraztestweb.asol.at\/en\/gesamtverzeichnis\/interdiszipinaeres\/es-rissen-alle-stricke-doch-wir-ueberlebten\/\" \/>\n<meta property=\"og:site_name\" content=\"Verlag der TU Graz\" \/>\n<meta property=\"article:modified_time\" content=\"2020-08-21T12:55:58+00:00\" \/>\n<meta property=\"og:image\" content=\"https:\/\/tugraztestweb.asol.at\/wp-content\/uploads\/2020\/08\/image-978-3-85125-424-2.jpg\" \/>\n\t<meta property=\"og:image:width\" content=\"434\" \/>\n\t<meta property=\"og:image:height\" content=\"564\" \/>\n<meta name=\"twitter:card\" content=\"summary_large_image\" \/>\n<script type=\"application\/ld+json\" class=\"yoast-schema-graph\">{\"@context\":\"https:\/\/schema.org\",\"@graph\":[{\"@type\":\"WebSite\",\"@id\":\"https:\/\/tugraztestweb.asol.at\/#website\",\"url\":\"https:\/\/tugraztestweb.asol.at\/\",\"name\":\"Verlag der TU Graz\",\"description\":\"Verlag der Technischen Universit\\u00e4t Graz\",\"potentialAction\":[{\"@type\":\"SearchAction\",\"target\":\"https:\/\/tugraztestweb.asol.at\/?s={search_term_string}\",\"query-input\":\"required name=search_term_string\"}],\"inLanguage\":\"en-US\"},{\"@type\":\"ImageObject\",\"@id\":\"https:\/\/tugraztestweb.asol.at\/en\/gesamtverzeichnis\/interdiszipinaeres\/es-rissen-alle-stricke-doch-wir-ueberlebten\/#primaryimage\",\"inLanguage\":\"en-US\",\"url\":\"https:\/\/tugraztestweb.asol.at\/wp-content\/uploads\/2020\/08\/image-978-3-85125-424-2.jpg\",\"contentUrl\":\"https:\/\/tugraztestweb.asol.at\/wp-content\/uploads\/2020\/08\/image-978-3-85125-424-2.jpg\",\"width\":434,\"height\":564},{\"@type\":\"WebPage\",\"@id\":\"https:\/\/tugraztestweb.asol.at\/en\/gesamtverzeichnis\/interdiszipinaeres\/es-rissen-alle-stricke-doch-wir-ueberlebten\/#webpage\",\"url\":\"https:\/\/tugraztestweb.asol.at\/en\/gesamtverzeichnis\/interdiszipinaeres\/es-rissen-alle-stricke-doch-wir-ueberlebten\/\",\"name\":\"Es rissen alle Stricke - doch wir \\u00fcberlebten - Verlag der TU Graz\",\"isPartOf\":{\"@id\":\"https:\/\/tugraztestweb.asol.at\/#website\"},\"primaryImageOfPage\":{\"@id\":\"https:\/\/tugraztestweb.asol.at\/en\/gesamtverzeichnis\/interdiszipinaeres\/es-rissen-alle-stricke-doch-wir-ueberlebten\/#primaryimage\"},\"datePublished\":\"2020-08-21T12:54:58+00:00\",\"dateModified\":\"2020-08-21T12:55:58+00:00\",\"breadcrumb\":{\"@id\":\"https:\/\/tugraztestweb.asol.at\/en\/gesamtverzeichnis\/interdiszipinaeres\/es-rissen-alle-stricke-doch-wir-ueberlebten\/#breadcrumb\"},\"inLanguage\":\"en-US\",\"potentialAction\":[{\"@type\":\"ReadAction\",\"target\":[\"https:\/\/tugraztestweb.asol.at\/en\/gesamtverzeichnis\/interdiszipinaeres\/es-rissen-alle-stricke-doch-wir-ueberlebten\/\"]}]},{\"@type\":\"BreadcrumbList\",\"@id\":\"https:\/\/tugraztestweb.asol.at\/en\/gesamtverzeichnis\/interdiszipinaeres\/es-rissen-alle-stricke-doch-wir-ueberlebten\/#breadcrumb\",\"itemListElement\":[{\"@type\":\"ListItem\",\"position\":1,\"item\":{\"@type\":\"WebPage\",\"@id\":\"https:\/\/tugraztestweb.asol.at\/\",\"url\":\"https:\/\/tugraztestweb.asol.at\/\",\"name\":\"Home\"}},{\"@type\":\"ListItem\",\"position\":2,\"item\":{\"@type\":\"WebPage\",\"@id\":\"https:\/\/tugraztestweb.asol.at\/gesamtverzeichnis\/\",\"url\":\"https:\/\/tugraztestweb.asol.at\/gesamtverzeichnis\/\",\"name\":\"Gesamtverzeichnis\"}},{\"@type\":\"ListItem\",\"position\":3,\"item\":{\"@type\":\"WebPage\",\"@id\":\"https:\/\/tugraztestweb.asol.at\/en\/gesamtverzeichnis\/interdiszipinaeres\/es-rissen-alle-stricke-doch-wir-ueberlebten\/\",\"url\":\"https:\/\/tugraztestweb.asol.at\/en\/gesamtverzeichnis\/interdiszipinaeres\/es-rissen-alle-stricke-doch-wir-ueberlebten\/\",\"name\":\"Es rissen alle Stricke &#8211; doch wir \\u00fcberlebten\"}}]}]}<\/script>\n<!-- \/ Yoast SEO plugin. -->","_links":{"self":[{"href":"https:\/\/tugraztestweb.asol.at\/en\/wp-json\/wp\/v2\/product\/30592"}],"collection":[{"href":"https:\/\/tugraztestweb.asol.at\/en\/wp-json\/wp\/v2\/product"}],"about":[{"href":"https:\/\/tugraztestweb.asol.at\/en\/wp-json\/wp\/v2\/types\/product"}],"replies":[{"embeddable":true,"href":"https:\/\/tugraztestweb.asol.at\/en\/wp-json\/wp\/v2\/comments?post=30592"}],"wp:featuredmedia":[{"embeddable":true,"href":"https:\/\/tugraztestweb.asol.at\/en\/wp-json\/wp\/v2\/media\/40002"}],"wp:attachment":[{"href":"https:\/\/tugraztestweb.asol.at\/en\/wp-json\/wp\/v2\/media?parent=30592"}],"curies":[{"name":"wp","href":"https:\/\/api.w.org\/{rel}","templated":true}]}}