{"id":30597,"date":"2020-08-21T12:54:59","date_gmt":"2020-08-21T12:54:59","guid":{"rendered":"http:\/\/tugraztestweb.asol.at\/gesamtverzeichnis\/unkategorisiert\/sensorik-ueber-alles-alles-ueber-sensorik\/"},"modified":"2020-08-21T14:55:59","modified_gmt":"2020-08-21T12:55:59","slug":"sensorik-ueber-alles-alles-ueber-sensorik","status":"publish","type":"product","link":"https:\/\/tugraztestweb.asol.at\/en\/gesamtverzeichnis\/technische-chemie-verfahrenstechnik-und-umwelttechnik\/sensorik-ueber-alles-alles-ueber-sensorik\/","title":{"rendered":"Sensorik \u00fcber alles? Alles \u00fcber Sensorik!"},"content":{"rendered":"<p class=\"qtranxs-available-languages-message qtranxs-available-languages-message-en\">Sorry, this entry is only available in <a href=\"https:\/\/tugraztestweb.asol.at\/de\/wp-json\/wp\/v2\/product\/30597\" class=\"qtranxs-available-language-link qtranxs-available-language-link-de\" title=\"Deutsch\">Deutsch<\/a>.<\/p><p>Vorwort:<br \/>\nLiebe Teilnehmerinnen und Teilnehmer der 5. SN\u00d6 Jahrestagung,<br \/>\nals wir vor nunmehr mehr als 5 Jahren den Beschluss fassten, eine Plattform zur Vernetzung der Sensorik-Interessierten \u00d6sterreichs zu gr\u00fcnden und schlussendlich das Sensorik Netzwerk \u00d6sterreich ins Leben riefen, waren wir sehr vorsichtig, was eine Prognose zur Entwicklung des SN\u00d6 betraf. Mittlerweile d\u00fcrfen wir uns \u00fcber eine sehr positive Entwicklung des SN\u00d6 freuen \u2013 mit ca. 50 Mitgliedern, der mittlerweile 5. SN\u00d6 Jahrestagung sowie einer sehr guten Einbindung in die Aktivit\u00e4ten der European Sensory Science Society E3S k\u00f6nnen wir eine sehr positive Bilanz ziehen!<\/p>\n<p>Nachdem wir uns in den SN\u00d6 Jahrestagungen der letzten Jahre mit verschiedenen sensorischen Themen befassten, wollen wir bei der 5. SN\u00d6 Jahrestagung zu den \u201eEckpfeilern der Sensorik\u201c zur\u00fcckkehren. Obwohl in der Praxis nat\u00fcrlich nicht trennbar, so sollen die 4 Parameter Pr\u00fcfperson, Situation, Methode und Produkt in der heurigen Tagung separat voneinander betrachtet werden. Neue Erkenntnisse aus den Konsumentenwissenschaften, die Notwendigkeit auch unter un\u00fcblichen (r\u00e4umlichen) Gegebenheiten zu testen, die in den letzten Jahren rasante Entwicklung und Ver\u00f6ffentlichung von neuen (schnellen) Methoden sowie die Entwicklung von neuen Produkten haben uns dazu veranlasst, einen Versuch zu starten, diese Eckpfeiler getrennt voneinander zu beleuchten.<br \/>\nDie Taste Party als Abschluss der SN\u00d6 Jahrestagungen ist zur Tradition geworden \u2013 auch heuer bildet die Taste Party den Schlusspunkt. Wir haben die Gelegenheit, nicht nur einen Vortrag zur neuen Methode Temporal Dominance of Sensation (TDS) zu h\u00f6ren, sondern an einem TDS Experiment auch interaktiv teilzunehmen.<\/p>\n<p>Wir \u2013 die Kolleginnen und Kollegen des SN\u00d6 Vorstands \u2013 freuen uns \u00fcber Ihre Teilnahme an der heurigen Jahrestagung! Sollten Sie dar\u00fcber hinaus Interesse und Lust haben, die Sensoriklandschaft \u00d6sterreichs aktiv mitzugestalten, dann treten Sie mit uns in Verbindung! Die im Anschluss an die Jahrestagung stattfindende Generalversammlung bietet eine gute Gelegenheit dazu.<br \/>\nDer SN\u00d6 Vorstand w\u00fcnscht Ihnen einen spannenden und informativen Nachmittag!<br \/>\nMit herzlichen Gr\u00fc\u00dfen<br \/>\nBarbara Siegmund<br \/>\n(Obfrau des SN\u00d6)<\/p>","protected":false},"excerpt":{"rendered":"<p class=\"qtranxs-available-languages-message qtranxs-available-languages-message-en\">Sorry, this entry is only available in <a href=\"https:\/\/tugraztestweb.asol.at\/de\/wp-json\/wp\/v2\/product\/30597\" class=\"qtranxs-available-language-link qtranxs-available-language-link-de\" title=\"Deutsch\">Deutsch<\/a>.<\/p>\n<p>Vorwort:<br \/>\nLiebe Teilnehmerinnen und Teilnehmer der 5. SN\u00d6 Jahrestagung,<br \/>\nals wir vor nunmehr mehr als 5 Jahren den Beschluss fassten, eine Plattform zur Vernetzung der Sensorik-Interessierten \u00d6sterreichs zu gr\u00fcnden und schlussendlich das Sensorik Netzwerk \u00d6sterreich ins Leben riefen, waren wir sehr vorsichtig, was eine Prognose zur Entwicklung des SN\u00d6 betraf. Mittlerweile d\u00fcrfen wir uns \u00fcber eine sehr positive Entwicklung des SN\u00d6 freuen \u2013 mit ca. 50 Mitgliedern, der mittlerweile 5. SN\u00d6 Jahrestagung sowie einer sehr guten Einbindung in die Aktivit\u00e4ten der European Sensory Science Society E3S k\u00f6nnen wir eine sehr positive Bilanz ziehen!<\/p>\n<p>Nachdem wir uns in den SN\u00d6 Jahrestagungen der letzten Jahre mit verschiedenen sensorischen Themen befassten, wollen wir bei der 5. SN\u00d6 Jahrestagung zu den \u201eEckpfeilern der Sensorik\u201c zur\u00fcckkehren. Obwohl in der Praxis nat\u00fcrlich nicht trennbar, so sollen die 4 Parameter Pr\u00fcfperson, Situation, Methode und Produkt in der heurigen Tagung separat voneinander betrachtet werden. Neue Erkenntnisse aus den Konsumentenwissenschaften, die Notwendigkeit auch unter un\u00fcblichen (r\u00e4umlichen) Gegebenheiten zu testen, die in den letzten Jahren rasante Entwicklung und Ver\u00f6ffentlichung von neuen (schnellen) Methoden sowie die Entwicklung von neuen Produkten haben uns dazu veranlasst, einen Versuch zu starten, diese Eckpfeiler getrennt voneinander zu beleuchten.<br \/>\nDie Taste Party als Abschluss der SN\u00d6 Jahrestagungen ist zur Tradition geworden \u2013 auch heuer bildet die Taste Party den Schlusspunkt. Wir haben die Gelegenheit, nicht nur einen Vortrag zur neuen Methode Temporal Dominance of Sensation (TDS) zu h\u00f6ren, sondern an einem TDS Experiment auch interaktiv teilzunehmen.<\/p>\n<p>Wir \u2013 die Kolleginnen und Kollegen des SN\u00d6 Vorstands \u2013 freuen uns \u00fcber Ihre Teilnahme an der heurigen Jahrestagung! Sollten Sie dar\u00fcber hinaus Interesse und Lust haben, die Sensoriklandschaft \u00d6sterreichs aktiv mitzugestalten, dann treten Sie mit uns in Verbindung! Die im Anschluss an die Jahrestagung stattfindende Generalversammlung bietet eine gute Gelegenheit dazu.<br \/>\nDer SN\u00d6 Vorstand w\u00fcnscht Ihnen einen spannenden und informativen Nachmittag!<br \/>\nMit herzlichen Gr\u00fc\u00dfen<br \/>\nBarbara Siegmund<br \/>\n(Obfrau des SN\u00d6)<\/p>\n","protected":false},"featured_media":40004,"comment_status":"open","ping_status":"closed","template":"","meta":[],"yoast_head":"<!-- This site is optimized with the Yoast SEO plugin v16.1.1 - https:\/\/yoast.com\/wordpress\/plugins\/seo\/ -->\n<link rel=\"canonical\" href=\"https:\/\/tugraztestweb.asol.at\/gesamtverzeichnis\/technische-chemie-verfahrenstechnik-und-umwelttechnik\/sensorik-ueber-alles-alles-ueber-sensorik\/\" \/>\n<meta property=\"og:locale\" content=\"en_US\" \/>\n<meta property=\"og:type\" content=\"article\" \/>\n<meta property=\"og:title\" content=\"Sensorik \u00fcber alles? Alles \u00fcber Sensorik! - Verlag der TU Graz\" \/>\n<meta property=\"og:description\" content=\"Vorwort: Liebe Teilnehmerinnen und Teilnehmer der 5. SN\u00d6 Jahrestagung, als wir vor nunmehr mehr als 5 Jahren den Beschluss fassten, eine Plattform zur Vernetzung der Sensorik-Interessierten \u00d6sterreichs zu gr\u00fcnden und schlussendlich das Sensorik Netzwerk \u00d6sterreich ins Leben riefen, waren wir sehr vorsichtig, was eine Prognose zur Entwicklung des SN\u00d6 betraf. Mittlerweile d\u00fcrfen wir uns \u00fcber eine sehr positive Entwicklung des SN\u00d6 freuen \u2013 mit ca. 50 Mitgliedern, der mittlerweile 5. SN\u00d6 Jahrestagung sowie einer sehr guten Einbindung in die Aktivit\u00e4ten der European Sensory Science Society E3S k\u00f6nnen wir eine sehr positive Bilanz ziehen! Nachdem wir uns in den SN\u00d6 Jahrestagungen der letzten Jahre mit verschiedenen sensorischen Themen befassten, wollen wir bei der 5. SN\u00d6 Jahrestagung zu den \u201eEckpfeilern der Sensorik\u201c zur\u00fcckkehren. Obwohl in der Praxis nat\u00fcrlich nicht trennbar, so sollen die 4 Parameter Pr\u00fcfperson, Situation, Methode und Produkt in der heurigen Tagung separat voneinander betrachtet werden. Neue Erkenntnisse aus den Konsumentenwissenschaften, die Notwendigkeit auch unter un\u00fcblichen (r\u00e4umlichen) Gegebenheiten zu testen, die in den letzten Jahren rasante Entwicklung und Ver\u00f6ffentlichung von neuen (schnellen) Methoden sowie die Entwicklung von neuen Produkten haben uns dazu veranlasst, einen Versuch zu starten, diese Eckpfeiler getrennt voneinander zu beleuchten. Die Taste Party als Abschluss der SN\u00d6 Jahrestagungen ist zur Tradition geworden \u2013 auch heuer bildet die Taste Party den Schlusspunkt. Wir haben die Gelegenheit, nicht nur einen Vortrag zur neuen Methode Temporal Dominance of Sensation (TDS) zu h\u00f6ren, sondern an einem TDS Experiment auch interaktiv teilzunehmen. Wir \u2013 die Kolleginnen und Kollegen des SN\u00d6 Vorstands \u2013 freuen uns \u00fcber Ihre Teilnahme an der heurigen Jahrestagung! Sollten Sie dar\u00fcber hinaus Interesse und Lust haben, die Sensoriklandschaft \u00d6sterreichs aktiv mitzugestalten, dann treten Sie mit uns in Verbindung! Die im Anschluss an die Jahrestagung stattfindende Generalversammlung bietet eine gute Gelegenheit dazu. Der SN\u00d6 Vorstand w\u00fcnscht Ihnen einen spannenden und informativen Nachmittag! Mit herzlichen Gr\u00fc\u00dfen Barbara Siegmund (Obfrau des SN\u00d6)\" \/>\n<meta property=\"og:url\" content=\"https:\/\/tugraztestweb.asol.at\/gesamtverzeichnis\/technische-chemie-verfahrenstechnik-und-umwelttechnik\/sensorik-ueber-alles-alles-ueber-sensorik\/\" \/>\n<meta property=\"og:site_name\" content=\"Verlag der TU Graz\" \/>\n<meta property=\"article:modified_time\" content=\"2020-08-21T12:55:59+00:00\" \/>\n<meta property=\"og:image\" content=\"https:\/\/tugraztestweb.asol.at\/wp-content\/uploads\/2020\/08\/image-978-3-85125-426-6.jpg\" \/>\n\t<meta property=\"og:image:width\" content=\"482\" \/>\n\t<meta property=\"og:image:height\" content=\"683\" \/>\n<meta name=\"twitter:card\" content=\"summary_large_image\" \/>\n<meta name=\"twitter:label1\" content=\"Est. reading time\">\n\t<meta name=\"twitter:data1\" content=\"2 minutes\">\n<script type=\"application\/ld+json\" class=\"yoast-schema-graph\">{\"@context\":\"https:\/\/schema.org\",\"@graph\":[{\"@type\":\"WebSite\",\"@id\":\"https:\/\/tugraztestweb.asol.at\/#website\",\"url\":\"https:\/\/tugraztestweb.asol.at\/\",\"name\":\"Verlag der TU Graz\",\"description\":\"Verlag der Technischen Universit\\u00e4t Graz\",\"potentialAction\":[{\"@type\":\"SearchAction\",\"target\":\"https:\/\/tugraztestweb.asol.at\/?s={search_term_string}\",\"query-input\":\"required name=search_term_string\"}],\"inLanguage\":\"en-US\"},{\"@type\":\"ImageObject\",\"@id\":\"https:\/\/tugraztestweb.asol.at\/gesamtverzeichnis\/technische-chemie-verfahrenstechnik-und-umwelttechnik\/sensorik-ueber-alles-alles-ueber-sensorik\/#primaryimage\",\"inLanguage\":\"en-US\",\"url\":\"https:\/\/tugraztestweb.asol.at\/wp-content\/uploads\/2020\/08\/image-978-3-85125-426-6.jpg\",\"contentUrl\":\"https:\/\/tugraztestweb.asol.at\/wp-content\/uploads\/2020\/08\/image-978-3-85125-426-6.jpg\",\"width\":482,\"height\":683},{\"@type\":\"WebPage\",\"@id\":\"https:\/\/tugraztestweb.asol.at\/gesamtverzeichnis\/technische-chemie-verfahrenstechnik-und-umwelttechnik\/sensorik-ueber-alles-alles-ueber-sensorik\/#webpage\",\"url\":\"https:\/\/tugraztestweb.asol.at\/gesamtverzeichnis\/technische-chemie-verfahrenstechnik-und-umwelttechnik\/sensorik-ueber-alles-alles-ueber-sensorik\/\",\"name\":\"Sensorik \\u00fcber alles? Alles \\u00fcber Sensorik! - Verlag der TU Graz\",\"isPartOf\":{\"@id\":\"https:\/\/tugraztestweb.asol.at\/#website\"},\"primaryImageOfPage\":{\"@id\":\"https:\/\/tugraztestweb.asol.at\/gesamtverzeichnis\/technische-chemie-verfahrenstechnik-und-umwelttechnik\/sensorik-ueber-alles-alles-ueber-sensorik\/#primaryimage\"},\"datePublished\":\"2020-08-21T12:54:59+00:00\",\"dateModified\":\"2020-08-21T12:55:59+00:00\",\"breadcrumb\":{\"@id\":\"https:\/\/tugraztestweb.asol.at\/gesamtverzeichnis\/technische-chemie-verfahrenstechnik-und-umwelttechnik\/sensorik-ueber-alles-alles-ueber-sensorik\/#breadcrumb\"},\"inLanguage\":\"en-US\",\"potentialAction\":[{\"@type\":\"ReadAction\",\"target\":[\"https:\/\/tugraztestweb.asol.at\/gesamtverzeichnis\/technische-chemie-verfahrenstechnik-und-umwelttechnik\/sensorik-ueber-alles-alles-ueber-sensorik\/\"]}]},{\"@type\":\"BreadcrumbList\",\"@id\":\"https:\/\/tugraztestweb.asol.at\/gesamtverzeichnis\/technische-chemie-verfahrenstechnik-und-umwelttechnik\/sensorik-ueber-alles-alles-ueber-sensorik\/#breadcrumb\",\"itemListElement\":[{\"@type\":\"ListItem\",\"position\":1,\"item\":{\"@type\":\"WebPage\",\"@id\":\"https:\/\/tugraztestweb.asol.at\/\",\"url\":\"https:\/\/tugraztestweb.asol.at\/\",\"name\":\"Home\"}},{\"@type\":\"ListItem\",\"position\":2,\"item\":{\"@type\":\"WebPage\",\"@id\":\"https:\/\/tugraztestweb.asol.at\/gesamtverzeichnis\/\",\"url\":\"https:\/\/tugraztestweb.asol.at\/gesamtverzeichnis\/\",\"name\":\"Gesamtverzeichnis\"}},{\"@type\":\"ListItem\",\"position\":3,\"item\":{\"@type\":\"WebPage\",\"@id\":\"https:\/\/tugraztestweb.asol.at\/gesamtverzeichnis\/technische-chemie-verfahrenstechnik-und-umwelttechnik\/sensorik-ueber-alles-alles-ueber-sensorik\/\",\"url\":\"https:\/\/tugraztestweb.asol.at\/gesamtverzeichnis\/technische-chemie-verfahrenstechnik-und-umwelttechnik\/sensorik-ueber-alles-alles-ueber-sensorik\/\",\"name\":\"Sensorik \\u00fcber alles? Alles \\u00fcber Sensorik!\"}}]}]}<\/script>\n<!-- \/ Yoast SEO plugin. -->","_links":{"self":[{"href":"https:\/\/tugraztestweb.asol.at\/en\/wp-json\/wp\/v2\/product\/30597"}],"collection":[{"href":"https:\/\/tugraztestweb.asol.at\/en\/wp-json\/wp\/v2\/product"}],"about":[{"href":"https:\/\/tugraztestweb.asol.at\/en\/wp-json\/wp\/v2\/types\/product"}],"replies":[{"embeddable":true,"href":"https:\/\/tugraztestweb.asol.at\/en\/wp-json\/wp\/v2\/comments?post=30597"}],"wp:featuredmedia":[{"embeddable":true,"href":"https:\/\/tugraztestweb.asol.at\/en\/wp-json\/wp\/v2\/media\/40004"}],"wp:attachment":[{"href":"https:\/\/tugraztestweb.asol.at\/en\/wp-json\/wp\/v2\/media?parent=30597"}],"curies":[{"name":"wp","href":"https:\/\/api.w.org\/{rel}","templated":true}]}}