{"id":30608,"date":"2020-08-21T12:54:59","date_gmt":"2020-08-21T12:54:59","guid":{"rendered":"http:\/\/tugraztestweb.asol.at\/gesamtverzeichnis\/unkategorisiert\/historische-dachwerke\/"},"modified":"2020-08-21T14:55:59","modified_gmt":"2020-08-21T12:55:59","slug":"historische-dachwerke","status":"publish","type":"product","link":"https:\/\/tugraztestweb.asol.at\/en\/gesamtverzeichnis\/bauingenieurwissenschaften\/historische-dachwerke\/","title":{"rendered":"Historische Dachwerke"},"content":{"rendered":"<p class=\"qtranxs-available-languages-message qtranxs-available-languages-message-en\">Sorry, this entry is only available in <a href=\"https:\/\/tugraztestweb.asol.at\/de\/wp-json\/wp\/v2\/product\/30608\" class=\"qtranxs-available-language-link qtranxs-available-language-link-de\" title=\"Deutsch\">Deutsch<\/a>.<\/p><p>Die realit\u00e4tsnahe statische Analyse und Beurteilung historischer Dachtragwerke aus Holz erweist sich meist ungleich schwieriger als die von Ingenieurholzbauten. Als Grundlage f\u00fcr das Verst\u00e4ndnis der Konstruktion historischer Dachwerke wird zuerst auf deren geschichtliche Entwicklung aus statischer Sicht eingegangen.<br \/>\nDanach wird ein auf Basis zahlreicher Bestandsanalysen und statischer Analysen entwickeltes Beurteilungsschema vorgestellt. Das darauf folgende Kapitel befasst sich mit den Herausforderungen und m\u00f6glichen Vorgehensweisen bei der Modellbildung sowie der Tragwirkung ausgew\u00e4hlter historischer Dachwerke.<br \/>\nAufgrund unzureichender Literaturangaben wurden umfangreiche pr\u00fcfungsbasierende Untersuchungen an Holznagel-, Wei\u00dfschwanz- und Kammverbindungen durchgef\u00fchrt. Aus diesen wurden Ingenieurmodelle zur Ermittlung der Tragf\u00e4higkeit und der Steifigkeiten abgeleitet. Nach der Behandlung des Tragverm\u00f6gens der Dachlattung wird abschlie\u00dfend ein Nachweiskonzept f\u00fcr die Reparatur von Einzelsch\u00e4den an Knoten vorgeschlagen und anhand von Beispielen illustriert.<\/p>","protected":false},"excerpt":{"rendered":"<p class=\"qtranxs-available-languages-message qtranxs-available-languages-message-en\">Sorry, this entry is only available in <a href=\"https:\/\/tugraztestweb.asol.at\/de\/wp-json\/wp\/v2\/product\/30608\" class=\"qtranxs-available-language-link qtranxs-available-language-link-de\" title=\"Deutsch\">Deutsch<\/a>.<\/p>\n<p>Die realit\u00e4tsnahe statische Analyse und Beurteilung historischer Dachtragwerke aus Holz erweist sich meist ungleich schwieriger als die von Ingenieurholzbauten. Als Grundlage f\u00fcr das Verst\u00e4ndnis der Konstruktion historischer Dachwerke wird zuerst auf deren geschichtliche Entwicklung aus statischer Sicht eingegangen.<br \/>\nDanach wird ein auf Basis zahlreicher Bestandsanalysen und statischer Analysen entwickeltes Beurteilungsschema vorgestellt. Das darauf folgende Kapitel befasst sich mit den Herausforderungen und m\u00f6glichen Vorgehensweisen bei der Modellbildung sowie der Tragwirkung ausgew\u00e4hlter historischer Dachwerke.<br \/>\nAufgrund unzureichender Literaturangaben wurden umfangreiche pr\u00fcfungsbasierende Untersuchungen an Holznagel-, Wei\u00dfschwanz- und Kammverbindungen durchgef\u00fchrt. Aus diesen wurden Ingenieurmodelle zur Ermittlung der Tragf\u00e4higkeit und der Steifigkeiten abgeleitet. Nach der Behandlung des Tragverm\u00f6gens der Dachlattung wird abschlie\u00dfend ein Nachweiskonzept f\u00fcr die Reparatur von Einzelsch\u00e4den an Knoten vorgeschlagen und anhand von Beispielen illustriert.<\/p>\n","protected":false},"featured_media":39537,"comment_status":"open","ping_status":"closed","template":"","meta":[],"yoast_head":"<!-- This site is optimized with the Yoast SEO plugin v16.1.1 - https:\/\/yoast.com\/wordpress\/plugins\/seo\/ -->\n<link rel=\"canonical\" href=\"https:\/\/tugraztestweb.asol.at\/gesamtverzeichnis\/bauingenieurwissenschaften\/historische-dachwerke\/\" \/>\n<meta property=\"og:locale\" content=\"en_US\" \/>\n<meta property=\"og:type\" content=\"article\" \/>\n<meta property=\"og:title\" content=\"Historische Dachwerke - Verlag der TU Graz\" \/>\n<meta property=\"og:description\" content=\"Die realit\u00e4tsnahe statische Analyse und Beurteilung historischer Dachtragwerke aus Holz erweist sich meist ungleich schwieriger als die von Ingenieurholzbauten. Als Grundlage f\u00fcr das Verst\u00e4ndnis der Konstruktion historischer Dachwerke wird zuerst auf deren geschichtliche Entwicklung aus statischer Sicht eingegangen. Danach wird ein auf Basis zahlreicher Bestandsanalysen und statischer Analysen entwickeltes Beurteilungsschema vorgestellt. Das darauf folgende Kapitel befasst sich mit den Herausforderungen und m\u00f6glichen Vorgehensweisen bei der Modellbildung sowie der Tragwirkung ausgew\u00e4hlter historischer Dachwerke. Aufgrund unzureichender Literaturangaben wurden umfangreiche pr\u00fcfungsbasierende Untersuchungen an Holznagel-, Wei\u00dfschwanz- und Kammverbindungen durchgef\u00fchrt. Aus diesen wurden Ingenieurmodelle zur Ermittlung der Tragf\u00e4higkeit und der Steifigkeiten abgeleitet. Nach der Behandlung des Tragverm\u00f6gens der Dachlattung wird abschlie\u00dfend ein Nachweiskonzept f\u00fcr die Reparatur von Einzelsch\u00e4den an Knoten vorgeschlagen und anhand von Beispielen illustriert.\" \/>\n<meta property=\"og:url\" content=\"https:\/\/tugraztestweb.asol.at\/gesamtverzeichnis\/bauingenieurwissenschaften\/historische-dachwerke\/\" \/>\n<meta property=\"og:site_name\" content=\"Verlag der TU Graz\" \/>\n<meta property=\"article:modified_time\" content=\"2020-08-21T12:55:59+00:00\" \/>\n<meta property=\"og:image\" content=\"https:\/\/tugraztestweb.asol.at\/wp-content\/uploads\/2020\/08\/image-978-3-85125-433-4.jpg\" \/>\n\t<meta property=\"og:image:width\" content=\"524\" \/>\n\t<meta property=\"og:image:height\" content=\"760\" \/>\n<meta name=\"twitter:card\" content=\"summary_large_image\" \/>\n<meta name=\"twitter:label1\" content=\"Est. reading time\">\n\t<meta name=\"twitter:data1\" content=\"1 minute\">\n<script type=\"application\/ld+json\" class=\"yoast-schema-graph\">{\"@context\":\"https:\/\/schema.org\",\"@graph\":[{\"@type\":\"WebSite\",\"@id\":\"https:\/\/tugraztestweb.asol.at\/#website\",\"url\":\"https:\/\/tugraztestweb.asol.at\/\",\"name\":\"Verlag der TU Graz\",\"description\":\"Verlag der Technischen Universit\\u00e4t Graz\",\"potentialAction\":[{\"@type\":\"SearchAction\",\"target\":\"https:\/\/tugraztestweb.asol.at\/?s={search_term_string}\",\"query-input\":\"required name=search_term_string\"}],\"inLanguage\":\"en-US\"},{\"@type\":\"ImageObject\",\"@id\":\"https:\/\/tugraztestweb.asol.at\/gesamtverzeichnis\/bauingenieurwissenschaften\/historische-dachwerke\/#primaryimage\",\"inLanguage\":\"en-US\",\"url\":\"https:\/\/tugraztestweb.asol.at\/wp-content\/uploads\/2020\/08\/image-978-3-85125-433-4.jpg\",\"contentUrl\":\"https:\/\/tugraztestweb.asol.at\/wp-content\/uploads\/2020\/08\/image-978-3-85125-433-4.jpg\",\"width\":524,\"height\":760},{\"@type\":\"WebPage\",\"@id\":\"https:\/\/tugraztestweb.asol.at\/gesamtverzeichnis\/bauingenieurwissenschaften\/historische-dachwerke\/#webpage\",\"url\":\"https:\/\/tugraztestweb.asol.at\/gesamtverzeichnis\/bauingenieurwissenschaften\/historische-dachwerke\/\",\"name\":\"Historische Dachwerke - Verlag der TU Graz\",\"isPartOf\":{\"@id\":\"https:\/\/tugraztestweb.asol.at\/#website\"},\"primaryImageOfPage\":{\"@id\":\"https:\/\/tugraztestweb.asol.at\/gesamtverzeichnis\/bauingenieurwissenschaften\/historische-dachwerke\/#primaryimage\"},\"datePublished\":\"2020-08-21T12:54:59+00:00\",\"dateModified\":\"2020-08-21T12:55:59+00:00\",\"breadcrumb\":{\"@id\":\"https:\/\/tugraztestweb.asol.at\/gesamtverzeichnis\/bauingenieurwissenschaften\/historische-dachwerke\/#breadcrumb\"},\"inLanguage\":\"en-US\",\"potentialAction\":[{\"@type\":\"ReadAction\",\"target\":[\"https:\/\/tugraztestweb.asol.at\/gesamtverzeichnis\/bauingenieurwissenschaften\/historische-dachwerke\/\"]}]},{\"@type\":\"BreadcrumbList\",\"@id\":\"https:\/\/tugraztestweb.asol.at\/gesamtverzeichnis\/bauingenieurwissenschaften\/historische-dachwerke\/#breadcrumb\",\"itemListElement\":[{\"@type\":\"ListItem\",\"position\":1,\"item\":{\"@type\":\"WebPage\",\"@id\":\"https:\/\/tugraztestweb.asol.at\/\",\"url\":\"https:\/\/tugraztestweb.asol.at\/\",\"name\":\"Home\"}},{\"@type\":\"ListItem\",\"position\":2,\"item\":{\"@type\":\"WebPage\",\"@id\":\"https:\/\/tugraztestweb.asol.at\/gesamtverzeichnis\/\",\"url\":\"https:\/\/tugraztestweb.asol.at\/gesamtverzeichnis\/\",\"name\":\"Gesamtverzeichnis\"}},{\"@type\":\"ListItem\",\"position\":3,\"item\":{\"@type\":\"WebPage\",\"@id\":\"https:\/\/tugraztestweb.asol.at\/gesamtverzeichnis\/bauingenieurwissenschaften\/historische-dachwerke\/\",\"url\":\"https:\/\/tugraztestweb.asol.at\/gesamtverzeichnis\/bauingenieurwissenschaften\/historische-dachwerke\/\",\"name\":\"Historische Dachwerke\"}}]}]}<\/script>\n<!-- \/ Yoast SEO plugin. -->","_links":{"self":[{"href":"https:\/\/tugraztestweb.asol.at\/en\/wp-json\/wp\/v2\/product\/30608"}],"collection":[{"href":"https:\/\/tugraztestweb.asol.at\/en\/wp-json\/wp\/v2\/product"}],"about":[{"href":"https:\/\/tugraztestweb.asol.at\/en\/wp-json\/wp\/v2\/types\/product"}],"replies":[{"embeddable":true,"href":"https:\/\/tugraztestweb.asol.at\/en\/wp-json\/wp\/v2\/comments?post=30608"}],"wp:featuredmedia":[{"embeddable":true,"href":"https:\/\/tugraztestweb.asol.at\/en\/wp-json\/wp\/v2\/media\/39537"}],"wp:attachment":[{"href":"https:\/\/tugraztestweb.asol.at\/en\/wp-json\/wp\/v2\/media?parent=30608"}],"curies":[{"name":"wp","href":"https:\/\/api.w.org\/{rel}","templated":true}]}}