{"id":30622,"date":"2020-08-21T12:55:02","date_gmt":"2020-08-21T12:55:02","guid":{"rendered":"http:\/\/tugraztestweb.asol.at\/gesamtverzeichnis\/unkategorisiert\/the-value-of-control-transaktionsorientierte-kontrollpraemie-in-der-eurozone\/"},"modified":"2020-08-21T14:56:02","modified_gmt":"2020-08-21T12:56:02","slug":"the-value-of-control-transaktionsorientierte-kontrollpraemie-in-der-eurozone-ebook","status":"publish","type":"product","link":"https:\/\/tugraztestweb.asol.at\/en\/gesamtverzeichnis\/maschinenbau-und-wirtschaftswissenschaften\/the-value-of-control-transaktionsorientierte-kontrollpraemie-in-der-eurozone-ebook\/","title":{"rendered":"&#8220;The Value of Control&#8221; &#8211; Transaktionsorientierte Kontrollpr\u00e4mie in der Eurozone"},"content":{"rendered":"<p class=\"qtranxs-available-languages-message qtranxs-available-languages-message-en\">Sorry, this entry is only available in <a href=\"https:\/\/tugraztestweb.asol.at\/de\/wp-json\/wp\/v2\/product\/30622\" class=\"qtranxs-available-language-link qtranxs-available-language-link-de\" title=\"Deutsch\">Deutsch<\/a>.<\/p><p>In dieser Schriftenreihe werden die Ergebnisse einer Untersuchung zur Quantifizierung von Transaction Control Premia sowie Transaction Minority Discounts in der Eurozone f\u00fcr die unmittelbare Anwendung auf Transaktionsmultiplikatoren (Transaction Multiples) dargestellt. Im Literaturteil werden die modelltheoretischen Grundlagen zum Transaction Control Premium bezogen auf seine Funktion, seine Einordnung im Wertebenenmodell sowie potenzielle Verw\u00e4sserungseffekte er\u00f6rtert. Darauf aufbauend wird die \u00dcbertragbarkeit der Untersuchungsergebnisse am (regulierten) Kapitalmarkt auf Transaktionen nicht b\u00f6rsennotierter Unternehmen am unregulierten Markt f\u00fcr Unternehmens\u00fcbernahmen\/Unternehmenstransaktionen diskutiert. Im empirischen Teil wird das Berechnungsmodell beschrieben und die Berechnungsergebnisse dargestellt. Im ersten Schritt werden die entsprechenden Transaction Control Premia und Transaction Minority Discounts in den L\u00e4ndern der Eurozone (sowie aufgrund seiner wirtschaftlichen Bedeutung und des gro\u00dfen Umfangs an zur Verf\u00fcgung stehenden Datenmaterial auch f\u00fcr Gro\u00dfbritannien) berechnet. Darauf aufbauend werden die Ergebnisse in den einzelnen L\u00e4ndern auf ihre Homogenit\u00e4t f\u00fcr eine Zusammenfassung zu einem aggregierten Transaction Control Premium bzw. Transaction Minority Discount f\u00fcr die gesamte Eurozone (sowie inklusive Gro\u00dfbritannien) hin untersucht. Abschlie\u00dfend wird dann dieses\/r \u201eEurozonen\u201c-Transaction Control Premium\/-Transaction Minority Discount quantifiziert. Im Ergebnis stehen der Bewertungspraxis damit erstmals f\u00fcr die gesamte Eurozone (zuz\u00fcglich Gro\u00dfbritannien) zuverl\u00e4ssige und v.a. auch \u00f6ffentlich zug\u00e4ngliche Referenzwerte zur Verf\u00fcgung.<\/p>","protected":false},"excerpt":{"rendered":"<p class=\"qtranxs-available-languages-message qtranxs-available-languages-message-en\">Sorry, this entry is only available in <a href=\"https:\/\/tugraztestweb.asol.at\/de\/wp-json\/wp\/v2\/product\/30622\" class=\"qtranxs-available-language-link qtranxs-available-language-link-de\" title=\"Deutsch\">Deutsch<\/a>.<\/p>\n<p>In dieser Schriftenreihe werden die Ergebnisse einer Untersuchung zur Quantifizierung von Transaction Control Premia sowie Transaction Minority Discounts in der Eurozone f\u00fcr die unmittelbare Anwendung auf Transaktionsmultiplikatoren (Transaction Multiples) dargestellt. Im Literaturteil werden die modelltheoretischen Grundlagen zum Transaction Control Premium bezogen auf seine Funktion, seine Einordnung im Wertebenenmodell sowie potenzielle Verw\u00e4sserungseffekte er\u00f6rtert. Darauf aufbauend wird die \u00dcbertragbarkeit der Untersuchungsergebnisse am (regulierten) Kapitalmarkt auf Transaktionen nicht b\u00f6rsennotierter Unternehmen am unregulierten Markt f\u00fcr Unternehmens\u00fcbernahmen\/Unternehmenstransaktionen diskutiert. Im empirischen Teil wird das Berechnungsmodell beschrieben und die Berechnungsergebnisse dargestellt. Im ersten Schritt werden die entsprechenden Transaction Control Premia und Transaction Minority Discounts in den L\u00e4ndern der Eurozone (sowie aufgrund seiner wirtschaftlichen Bedeutung und des gro\u00dfen Umfangs an zur Verf\u00fcgung stehenden Datenmaterial auch f\u00fcr Gro\u00dfbritannien) berechnet. Darauf aufbauend werden die Ergebnisse in den einzelnen L\u00e4ndern auf ihre Homogenit\u00e4t f\u00fcr eine Zusammenfassung zu einem aggregierten Transaction Control Premium bzw. Transaction Minority Discount f\u00fcr die gesamte Eurozone (sowie inklusive Gro\u00dfbritannien) hin untersucht. Abschlie\u00dfend wird dann dieses\/r \u201eEurozonen\u201c-Transaction Control Premium\/-Transaction Minority Discount quantifiziert. Im Ergebnis stehen der Bewertungspraxis damit erstmals f\u00fcr die gesamte Eurozone (zuz\u00fcglich Gro\u00dfbritannien) zuverl\u00e4ssige und v.a. auch \u00f6ffentlich zug\u00e4ngliche Referenzwerte zur Verf\u00fcgung.<\/p>\n","protected":false},"featured_media":40013,"comment_status":"open","ping_status":"closed","template":"","meta":[],"yoast_head":"<!-- This site is optimized with the Yoast SEO plugin v16.1.1 - https:\/\/yoast.com\/wordpress\/plugins\/seo\/ -->\n<link rel=\"canonical\" href=\"https:\/\/tugraztestweb.asol.at\/en\/gesamtverzeichnis\/maschinenbau-und-wirtschaftswissenschaften\/the-value-of-control-transaktionsorientierte-kontrollpraemie-in-der-eurozone-ebook\/\" \/>\n<meta property=\"og:locale\" content=\"en_US\" \/>\n<meta property=\"og:type\" content=\"article\" \/>\n<meta property=\"og:title\" content=\"&quot;The Value of Control&quot; - Transaktionsorientierte Kontrollpr\u00e4mie in der Eurozone - Verlag der TU Graz\" \/>\n<meta property=\"og:description\" content=\"In dieser Schriftenreihe werden die Ergebnisse einer Untersuchung zur Quantifizierung von Transaction Control Premia sowie Transaction Minority Discounts in der Eurozone f\u00fcr die unmittelbare Anwendung auf Transaktionsmultiplikatoren (Transaction Multiples) dargestellt. Im Literaturteil werden die modelltheoretischen Grundlagen zum Transaction Control Premium bezogen auf seine Funktion, seine Einordnung im Wertebenenmodell sowie potenzielle Verw\u00e4sserungseffekte er\u00f6rtert. Darauf aufbauend wird die \u00dcbertragbarkeit der Untersuchungsergebnisse am (regulierten) Kapitalmarkt auf Transaktionen nicht b\u00f6rsennotierter Unternehmen am unregulierten Markt f\u00fcr Unternehmens\u00fcbernahmen\/Unternehmenstransaktionen diskutiert. Im empirischen Teil wird das Berechnungsmodell beschrieben und die Berechnungsergebnisse dargestellt. Im ersten Schritt werden die entsprechenden Transaction Control Premia und Transaction Minority Discounts in den L\u00e4ndern der Eurozone (sowie aufgrund seiner wirtschaftlichen Bedeutung und des gro\u00dfen Umfangs an zur Verf\u00fcgung stehenden Datenmaterial auch f\u00fcr Gro\u00dfbritannien) berechnet. Darauf aufbauend werden die Ergebnisse in den einzelnen L\u00e4ndern auf ihre Homogenit\u00e4t f\u00fcr eine Zusammenfassung zu einem aggregierten Transaction Control Premium bzw. Transaction Minority Discount f\u00fcr die gesamte Eurozone (sowie inklusive Gro\u00dfbritannien) hin untersucht. Abschlie\u00dfend wird dann dieses\/r \u201eEurozonen\u201c-Transaction Control Premium\/-Transaction Minority Discount quantifiziert. Im Ergebnis stehen der Bewertungspraxis damit erstmals f\u00fcr die gesamte Eurozone (zuz\u00fcglich Gro\u00dfbritannien) zuverl\u00e4ssige und v.a. auch \u00f6ffentlich zug\u00e4ngliche Referenzwerte zur Verf\u00fcgung.\" \/>\n<meta property=\"og:url\" content=\"https:\/\/tugraztestweb.asol.at\/en\/gesamtverzeichnis\/maschinenbau-und-wirtschaftswissenschaften\/the-value-of-control-transaktionsorientierte-kontrollpraemie-in-der-eurozone-ebook\/\" \/>\n<meta property=\"og:site_name\" content=\"Verlag der TU Graz\" \/>\n<meta property=\"article:modified_time\" content=\"2020-08-21T12:56:02+00:00\" \/>\n<meta property=\"og:image\" content=\"https:\/\/tugraztestweb.asol.at\/wp-content\/uploads\/2020\/08\/image-978-3-85125-439-6.jpg\" \/>\n\t<meta property=\"og:image:width\" content=\"587\" \/>\n\t<meta property=\"og:image:height\" content=\"831\" \/>\n<meta name=\"twitter:card\" content=\"summary_large_image\" \/>\n<meta name=\"twitter:label1\" content=\"Est. reading time\">\n\t<meta name=\"twitter:data1\" content=\"1 minute\">\n<script type=\"application\/ld+json\" class=\"yoast-schema-graph\">{\"@context\":\"https:\/\/schema.org\",\"@graph\":[{\"@type\":\"WebSite\",\"@id\":\"https:\/\/tugraztestweb.asol.at\/#website\",\"url\":\"https:\/\/tugraztestweb.asol.at\/\",\"name\":\"Verlag der TU Graz\",\"description\":\"Verlag der Technischen Universit\\u00e4t Graz\",\"potentialAction\":[{\"@type\":\"SearchAction\",\"target\":\"https:\/\/tugraztestweb.asol.at\/?s={search_term_string}\",\"query-input\":\"required name=search_term_string\"}],\"inLanguage\":\"en-US\"},{\"@type\":\"ImageObject\",\"@id\":\"https:\/\/tugraztestweb.asol.at\/en\/gesamtverzeichnis\/maschinenbau-und-wirtschaftswissenschaften\/the-value-of-control-transaktionsorientierte-kontrollpraemie-in-der-eurozone-ebook\/#primaryimage\",\"inLanguage\":\"en-US\",\"url\":\"https:\/\/tugraztestweb.asol.at\/wp-content\/uploads\/2020\/08\/image-978-3-85125-439-6.jpg\",\"contentUrl\":\"https:\/\/tugraztestweb.asol.at\/wp-content\/uploads\/2020\/08\/image-978-3-85125-439-6.jpg\",\"width\":587,\"height\":831},{\"@type\":\"WebPage\",\"@id\":\"https:\/\/tugraztestweb.asol.at\/en\/gesamtverzeichnis\/maschinenbau-und-wirtschaftswissenschaften\/the-value-of-control-transaktionsorientierte-kontrollpraemie-in-der-eurozone-ebook\/#webpage\",\"url\":\"https:\/\/tugraztestweb.asol.at\/en\/gesamtverzeichnis\/maschinenbau-und-wirtschaftswissenschaften\/the-value-of-control-transaktionsorientierte-kontrollpraemie-in-der-eurozone-ebook\/\",\"name\":\"\\\"The Value of Control\\\" - Transaktionsorientierte Kontrollpr\\u00e4mie in der Eurozone - Verlag der TU Graz\",\"isPartOf\":{\"@id\":\"https:\/\/tugraztestweb.asol.at\/#website\"},\"primaryImageOfPage\":{\"@id\":\"https:\/\/tugraztestweb.asol.at\/en\/gesamtverzeichnis\/maschinenbau-und-wirtschaftswissenschaften\/the-value-of-control-transaktionsorientierte-kontrollpraemie-in-der-eurozone-ebook\/#primaryimage\"},\"datePublished\":\"2020-08-21T12:55:02+00:00\",\"dateModified\":\"2020-08-21T12:56:02+00:00\",\"breadcrumb\":{\"@id\":\"https:\/\/tugraztestweb.asol.at\/en\/gesamtverzeichnis\/maschinenbau-und-wirtschaftswissenschaften\/the-value-of-control-transaktionsorientierte-kontrollpraemie-in-der-eurozone-ebook\/#breadcrumb\"},\"inLanguage\":\"en-US\",\"potentialAction\":[{\"@type\":\"ReadAction\",\"target\":[\"https:\/\/tugraztestweb.asol.at\/en\/gesamtverzeichnis\/maschinenbau-und-wirtschaftswissenschaften\/the-value-of-control-transaktionsorientierte-kontrollpraemie-in-der-eurozone-ebook\/\"]}]},{\"@type\":\"BreadcrumbList\",\"@id\":\"https:\/\/tugraztestweb.asol.at\/en\/gesamtverzeichnis\/maschinenbau-und-wirtschaftswissenschaften\/the-value-of-control-transaktionsorientierte-kontrollpraemie-in-der-eurozone-ebook\/#breadcrumb\",\"itemListElement\":[{\"@type\":\"ListItem\",\"position\":1,\"item\":{\"@type\":\"WebPage\",\"@id\":\"https:\/\/tugraztestweb.asol.at\/\",\"url\":\"https:\/\/tugraztestweb.asol.at\/\",\"name\":\"Home\"}},{\"@type\":\"ListItem\",\"position\":2,\"item\":{\"@type\":\"WebPage\",\"@id\":\"https:\/\/tugraztestweb.asol.at\/gesamtverzeichnis\/\",\"url\":\"https:\/\/tugraztestweb.asol.at\/gesamtverzeichnis\/\",\"name\":\"Gesamtverzeichnis\"}},{\"@type\":\"ListItem\",\"position\":3,\"item\":{\"@type\":\"WebPage\",\"@id\":\"https:\/\/tugraztestweb.asol.at\/en\/gesamtverzeichnis\/maschinenbau-und-wirtschaftswissenschaften\/the-value-of-control-transaktionsorientierte-kontrollpraemie-in-der-eurozone-ebook\/\",\"url\":\"https:\/\/tugraztestweb.asol.at\/en\/gesamtverzeichnis\/maschinenbau-und-wirtschaftswissenschaften\/the-value-of-control-transaktionsorientierte-kontrollpraemie-in-der-eurozone-ebook\/\",\"name\":\"&#8220;The Value of Control&#8221; &#8211; Transaktionsorientierte Kontrollpr\\u00e4mie in der Eurozone\"}}]}]}<\/script>\n<!-- \/ Yoast SEO plugin. -->","_links":{"self":[{"href":"https:\/\/tugraztestweb.asol.at\/en\/wp-json\/wp\/v2\/product\/30622"}],"collection":[{"href":"https:\/\/tugraztestweb.asol.at\/en\/wp-json\/wp\/v2\/product"}],"about":[{"href":"https:\/\/tugraztestweb.asol.at\/en\/wp-json\/wp\/v2\/types\/product"}],"replies":[{"embeddable":true,"href":"https:\/\/tugraztestweb.asol.at\/en\/wp-json\/wp\/v2\/comments?post=30622"}],"wp:featuredmedia":[{"embeddable":true,"href":"https:\/\/tugraztestweb.asol.at\/en\/wp-json\/wp\/v2\/media\/40013"}],"wp:attachment":[{"href":"https:\/\/tugraztestweb.asol.at\/en\/wp-json\/wp\/v2\/media?parent=30622"}],"curies":[{"name":"wp","href":"https:\/\/api.w.org\/{rel}","templated":true}]}}