{"id":30630,"date":"2020-08-21T12:55:02","date_gmt":"2020-08-21T12:55:02","guid":{"rendered":"http:\/\/tugraztestweb.asol.at\/gesamtverzeichnis\/unkategorisiert\/14-grazer-baubetriebs-und-bauwirtschaftssymposium-tagungsband-2016-belastbare-dokumentation-in-der-bauausfuehrung-baubetriebliche-bauwirtschaftliche-und-rechtliche-aspekte\/"},"modified":"2020-08-21T14:56:02","modified_gmt":"2020-08-21T12:56:02","slug":"14-grazer-baubetriebs-und-bauwirtschaftssymposium-tagungsband-2016-belastbare-dokumentation-in-der-bauausfuehrung-baubetriebliche-bauwirtschaftliche-und-rechtliche-aspekte","status":"publish","type":"product","link":"https:\/\/tugraztestweb.asol.at\/en\/gesamtverzeichnis\/bauingenieurwissenschaften\/14-grazer-baubetriebs-und-bauwirtschaftssymposium-tagungsband-2016-belastbare-dokumentation-in-der-bauausfuehrung-baubetriebliche-bauwirtschaftliche-und-rechtliche-aspekte\/","title":{"rendered":"14. Grazer Baubetriebs- und Bauwirtschaftssymposium, Tagungsband 2016; Belastbare Dokumentation in der Bauausf\u00fchrung &#8211; Baubetriebliche, bauwirtschaftliche und rechtliche Aspekte"},"content":{"rendered":"<p class=\"qtranxs-available-languages-message qtranxs-available-languages-message-en\">Sorry, this entry is only available in <a href=\"https:\/\/tugraztestweb.asol.at\/de\/wp-json\/wp\/v2\/product\/30630\" class=\"qtranxs-available-language-link qtranxs-available-language-link-de\" title=\"Deutsch\">Deutsch<\/a>.<\/p><p>Die begleitende Dokumentation des Planungs- und Bauprozesses ist wesentlich f\u00fcr die Anspruchssicherung und Konfliktbew\u00e4ltigung, aber auch f\u00fcr den Projekterfolg selbst. Was sind aber die Elemente einer sachgerechten Dokumentation und welche Voraussetzungen kann der Auftraggeber f\u00fcr eine solche schaffen? Welchen Preis hat die Dokumentation? Inwieweit ist die Dokumentation zumutbar? Welches Verst\u00e4ndnis der belastbaren Dokumentation hat die Judikatur? <\/p>\n<p>Auf Grundlage dieser und anderer Fragen befasst sich das 14. Grazer Baubetriebs- und Bauwirtschaftssymposium mit den Elementen, Voraussetzungen und Erfolgsfaktoren einer belastbaren Dokumentation. Veranschaulicht und belegt wird dies durch Beispiele aus der Baupraxis sowie durch aktuelle Beitr\u00e4ge aus der baubetrieblichen und bauwirtschaftlichen Forschung.<\/p>\n<p>Im Tagungsband zum Symposium wird den zum Teil kontroversen Einsch\u00e4tzungen und Meinungen zum Thema \u201eBelastbare Dokumentation in der Bauausf\u00fchrung\u201c verschiedener am Bau Beteiligter nachgegangen. Die Ansichten und Ergebnisse der ReferentInnen werden im vorliegenden Tagungsband ausgef\u00fchrt.<\/p>\n<p>Es wird auf die Elemente einer belastbaren Dokumentation eingegangen und es werden sowohl baubetriebliche und bauwirtschaftliche als auch rechtliche Aspekte beleuchtet und zur Diskussion gestellt.<\/p>","protected":false},"excerpt":{"rendered":"<p class=\"qtranxs-available-languages-message qtranxs-available-languages-message-en\">Sorry, this entry is only available in <a href=\"https:\/\/tugraztestweb.asol.at\/de\/wp-json\/wp\/v2\/product\/30630\" class=\"qtranxs-available-language-link qtranxs-available-language-link-de\" title=\"Deutsch\">Deutsch<\/a>.<\/p>\n<p>Die begleitende Dokumentation des Planungs- und Bauprozesses ist wesentlich f\u00fcr die Anspruchssicherung und Konfliktbew\u00e4ltigung, aber auch f\u00fcr den Projekterfolg selbst. Was sind aber die Elemente einer sachgerechten Dokumentation und welche Voraussetzungen kann der Auftraggeber f\u00fcr eine solche schaffen? Welchen Preis hat die Dokumentation? Inwieweit ist die Dokumentation zumutbar? Welches Verst\u00e4ndnis der belastbaren Dokumentation hat die Judikatur? <\/p>\n<p>Auf Grundlage dieser und anderer Fragen befasst sich das 14. Grazer Baubetriebs- und Bauwirtschaftssymposium mit den Elementen, Voraussetzungen und Erfolgsfaktoren einer belastbaren Dokumentation. Veranschaulicht und belegt wird dies durch Beispiele aus der Baupraxis sowie durch aktuelle Beitr\u00e4ge aus der baubetrieblichen und bauwirtschaftlichen Forschung.<\/p>\n<p>Im Tagungsband zum Symposium wird den zum Teil kontroversen Einsch\u00e4tzungen und Meinungen zum Thema \u201eBelastbare Dokumentation in der Bauausf\u00fchrung\u201c verschiedener am Bau Beteiligter nachgegangen. Die Ansichten und Ergebnisse der ReferentInnen werden im vorliegenden Tagungsband ausgef\u00fchrt.<\/p>\n<p>Es wird auf die Elemente einer belastbaren Dokumentation eingegangen und es werden sowohl baubetriebliche und bauwirtschaftliche als auch rechtliche Aspekte beleuchtet und zur Diskussion gestellt.<\/p>\n","protected":false},"featured_media":40017,"comment_status":"open","ping_status":"closed","template":"","meta":[],"yoast_head":"<!-- This site is optimized with the Yoast SEO plugin v16.1.1 - https:\/\/yoast.com\/wordpress\/plugins\/seo\/ -->\n<link rel=\"canonical\" href=\"https:\/\/tugraztestweb.asol.at\/gesamtverzeichnis\/bauingenieurwissenschaften\/14-grazer-baubetriebs-und-bauwirtschaftssymposium-tagungsband-2016-belastbare-dokumentation-in-der-bauausfuehrung-baubetriebliche-bauwirtschaftliche-und-rechtliche-aspekte\/\" \/>\n<meta property=\"og:locale\" content=\"en_US\" \/>\n<meta property=\"og:type\" content=\"article\" \/>\n<meta property=\"og:title\" content=\"14. Grazer Baubetriebs- und Bauwirtschaftssymposium, Tagungsband 2016; Belastbare Dokumentation in der Bauausf\u00fchrung - Baubetriebliche, bauwirtschaftliche und rechtliche Aspekte - Verlag der TU Graz\" \/>\n<meta property=\"og:description\" content=\"Die begleitende Dokumentation des Planungs- und Bauprozesses ist wesentlich f\u00fcr die Anspruchssicherung und Konfliktbew\u00e4ltigung, aber auch f\u00fcr den Projekterfolg selbst. Was sind aber die Elemente einer sachgerechten Dokumentation und welche Voraussetzungen kann der Auftraggeber f\u00fcr eine solche schaffen? Welchen Preis hat die Dokumentation? Inwieweit ist die Dokumentation zumutbar? Welches Verst\u00e4ndnis der belastbaren Dokumentation hat die Judikatur?  Auf Grundlage dieser und anderer Fragen befasst sich das 14. Grazer Baubetriebs- und Bauwirtschaftssymposium mit den Elementen, Voraussetzungen und Erfolgsfaktoren einer belastbaren Dokumentation. Veranschaulicht und belegt wird dies durch Beispiele aus der Baupraxis sowie durch aktuelle Beitr\u00e4ge aus der baubetrieblichen und bauwirtschaftlichen Forschung. Im Tagungsband zum Symposium wird den zum Teil kontroversen Einsch\u00e4tzungen und Meinungen zum Thema \u201eBelastbare Dokumentation in der Bauausf\u00fchrung\u201c verschiedener am Bau Beteiligter nachgegangen. Die Ansichten und Ergebnisse der ReferentInnen werden im vorliegenden Tagungsband ausgef\u00fchrt. Es wird auf die Elemente einer belastbaren Dokumentation eingegangen und es werden sowohl baubetriebliche und bauwirtschaftliche als auch rechtliche Aspekte beleuchtet und zur Diskussion gestellt.\" \/>\n<meta property=\"og:url\" content=\"https:\/\/tugraztestweb.asol.at\/gesamtverzeichnis\/bauingenieurwissenschaften\/14-grazer-baubetriebs-und-bauwirtschaftssymposium-tagungsband-2016-belastbare-dokumentation-in-der-bauausfuehrung-baubetriebliche-bauwirtschaftliche-und-rechtliche-aspekte\/\" \/>\n<meta property=\"og:site_name\" content=\"Verlag der TU Graz\" \/>\n<meta property=\"article:modified_time\" content=\"2020-08-21T12:56:02+00:00\" \/>\n<meta property=\"og:image\" content=\"https:\/\/tugraztestweb.asol.at\/wp-content\/uploads\/2020\/08\/image-978-3-85125-442-6.jpg\" \/>\n\t<meta property=\"og:image:width\" content=\"611\" \/>\n\t<meta property=\"og:image:height\" content=\"856\" \/>\n<meta name=\"twitter:card\" content=\"summary_large_image\" \/>\n<meta name=\"twitter:label1\" content=\"Est. reading time\">\n\t<meta name=\"twitter:data1\" content=\"1 minute\">\n<script type=\"application\/ld+json\" class=\"yoast-schema-graph\">{\"@context\":\"https:\/\/schema.org\",\"@graph\":[{\"@type\":\"WebSite\",\"@id\":\"https:\/\/tugraztestweb.asol.at\/#website\",\"url\":\"https:\/\/tugraztestweb.asol.at\/\",\"name\":\"Verlag der TU Graz\",\"description\":\"Verlag der Technischen Universit\\u00e4t Graz\",\"potentialAction\":[{\"@type\":\"SearchAction\",\"target\":\"https:\/\/tugraztestweb.asol.at\/?s={search_term_string}\",\"query-input\":\"required name=search_term_string\"}],\"inLanguage\":\"en-US\"},{\"@type\":\"ImageObject\",\"@id\":\"https:\/\/tugraztestweb.asol.at\/gesamtverzeichnis\/bauingenieurwissenschaften\/14-grazer-baubetriebs-und-bauwirtschaftssymposium-tagungsband-2016-belastbare-dokumentation-in-der-bauausfuehrung-baubetriebliche-bauwirtschaftliche-und-rechtliche-aspekte\/#primaryimage\",\"inLanguage\":\"en-US\",\"url\":\"https:\/\/tugraztestweb.asol.at\/wp-content\/uploads\/2020\/08\/image-978-3-85125-442-6.jpg\",\"contentUrl\":\"https:\/\/tugraztestweb.asol.at\/wp-content\/uploads\/2020\/08\/image-978-3-85125-442-6.jpg\",\"width\":611,\"height\":856},{\"@type\":\"WebPage\",\"@id\":\"https:\/\/tugraztestweb.asol.at\/gesamtverzeichnis\/bauingenieurwissenschaften\/14-grazer-baubetriebs-und-bauwirtschaftssymposium-tagungsband-2016-belastbare-dokumentation-in-der-bauausfuehrung-baubetriebliche-bauwirtschaftliche-und-rechtliche-aspekte\/#webpage\",\"url\":\"https:\/\/tugraztestweb.asol.at\/gesamtverzeichnis\/bauingenieurwissenschaften\/14-grazer-baubetriebs-und-bauwirtschaftssymposium-tagungsband-2016-belastbare-dokumentation-in-der-bauausfuehrung-baubetriebliche-bauwirtschaftliche-und-rechtliche-aspekte\/\",\"name\":\"14. Grazer Baubetriebs- und Bauwirtschaftssymposium, Tagungsband 2016; Belastbare Dokumentation in der Bauausf\\u00fchrung - Baubetriebliche, bauwirtschaftliche und rechtliche Aspekte - Verlag der TU Graz\",\"isPartOf\":{\"@id\":\"https:\/\/tugraztestweb.asol.at\/#website\"},\"primaryImageOfPage\":{\"@id\":\"https:\/\/tugraztestweb.asol.at\/gesamtverzeichnis\/bauingenieurwissenschaften\/14-grazer-baubetriebs-und-bauwirtschaftssymposium-tagungsband-2016-belastbare-dokumentation-in-der-bauausfuehrung-baubetriebliche-bauwirtschaftliche-und-rechtliche-aspekte\/#primaryimage\"},\"datePublished\":\"2020-08-21T12:55:02+00:00\",\"dateModified\":\"2020-08-21T12:56:02+00:00\",\"breadcrumb\":{\"@id\":\"https:\/\/tugraztestweb.asol.at\/gesamtverzeichnis\/bauingenieurwissenschaften\/14-grazer-baubetriebs-und-bauwirtschaftssymposium-tagungsband-2016-belastbare-dokumentation-in-der-bauausfuehrung-baubetriebliche-bauwirtschaftliche-und-rechtliche-aspekte\/#breadcrumb\"},\"inLanguage\":\"en-US\",\"potentialAction\":[{\"@type\":\"ReadAction\",\"target\":[\"https:\/\/tugraztestweb.asol.at\/gesamtverzeichnis\/bauingenieurwissenschaften\/14-grazer-baubetriebs-und-bauwirtschaftssymposium-tagungsband-2016-belastbare-dokumentation-in-der-bauausfuehrung-baubetriebliche-bauwirtschaftliche-und-rechtliche-aspekte\/\"]}]},{\"@type\":\"BreadcrumbList\",\"@id\":\"https:\/\/tugraztestweb.asol.at\/gesamtverzeichnis\/bauingenieurwissenschaften\/14-grazer-baubetriebs-und-bauwirtschaftssymposium-tagungsband-2016-belastbare-dokumentation-in-der-bauausfuehrung-baubetriebliche-bauwirtschaftliche-und-rechtliche-aspekte\/#breadcrumb\",\"itemListElement\":[{\"@type\":\"ListItem\",\"position\":1,\"item\":{\"@type\":\"WebPage\",\"@id\":\"https:\/\/tugraztestweb.asol.at\/\",\"url\":\"https:\/\/tugraztestweb.asol.at\/\",\"name\":\"Home\"}},{\"@type\":\"ListItem\",\"position\":2,\"item\":{\"@type\":\"WebPage\",\"@id\":\"https:\/\/tugraztestweb.asol.at\/gesamtverzeichnis\/\",\"url\":\"https:\/\/tugraztestweb.asol.at\/gesamtverzeichnis\/\",\"name\":\"Gesamtverzeichnis\"}},{\"@type\":\"ListItem\",\"position\":3,\"item\":{\"@type\":\"WebPage\",\"@id\":\"https:\/\/tugraztestweb.asol.at\/gesamtverzeichnis\/bauingenieurwissenschaften\/14-grazer-baubetriebs-und-bauwirtschaftssymposium-tagungsband-2016-belastbare-dokumentation-in-der-bauausfuehrung-baubetriebliche-bauwirtschaftliche-und-rechtliche-aspekte\/\",\"url\":\"https:\/\/tugraztestweb.asol.at\/gesamtverzeichnis\/bauingenieurwissenschaften\/14-grazer-baubetriebs-und-bauwirtschaftssymposium-tagungsband-2016-belastbare-dokumentation-in-der-bauausfuehrung-baubetriebliche-bauwirtschaftliche-und-rechtliche-aspekte\/\",\"name\":\"14. Grazer Baubetriebs- und Bauwirtschaftssymposium, Tagungsband 2016; Belastbare Dokumentation in der Bauausf\\u00fchrung &#8211; Baubetriebliche, bauwirtschaftliche und rechtliche Aspekte\"}}]}]}<\/script>\n<!-- \/ Yoast SEO plugin. -->","_links":{"self":[{"href":"https:\/\/tugraztestweb.asol.at\/en\/wp-json\/wp\/v2\/product\/30630"}],"collection":[{"href":"https:\/\/tugraztestweb.asol.at\/en\/wp-json\/wp\/v2\/product"}],"about":[{"href":"https:\/\/tugraztestweb.asol.at\/en\/wp-json\/wp\/v2\/types\/product"}],"replies":[{"embeddable":true,"href":"https:\/\/tugraztestweb.asol.at\/en\/wp-json\/wp\/v2\/comments?post=30630"}],"wp:featuredmedia":[{"embeddable":true,"href":"https:\/\/tugraztestweb.asol.at\/en\/wp-json\/wp\/v2\/media\/40017"}],"wp:attachment":[{"href":"https:\/\/tugraztestweb.asol.at\/en\/wp-json\/wp\/v2\/media?parent=30630"}],"curies":[{"name":"wp","href":"https:\/\/api.w.org\/{rel}","templated":true}]}}