{"id":30640,"date":"2020-08-21T12:55:02","date_gmt":"2020-08-21T12:55:02","guid":{"rendered":"http:\/\/tugraztestweb.asol.at\/gesamtverzeichnis\/unkategorisiert\/integrale-bruecken-2\/"},"modified":"2020-08-21T14:56:02","modified_gmt":"2020-08-21T12:56:02","slug":"integrale-bruecken-ebook","status":"publish","type":"product","link":"https:\/\/tugraztestweb.asol.at\/en\/gesamtverzeichnis\/bauingenieurwissenschaften\/integrale-bruecken-ebook\/","title":{"rendered":"Integrale Br\u00fccken"},"content":{"rendered":"<p class=\"qtranxs-available-languages-message qtranxs-available-languages-message-en\">Sorry, this entry is only available in <a href=\"https:\/\/tugraztestweb.asol.at\/de\/wp-json\/wp\/v2\/product\/30640\" class=\"qtranxs-available-language-link qtranxs-available-language-link-de\" title=\"Deutsch\">Deutsch<\/a>.<\/p><p>Integralen Br\u00fccken weisen keine Lager und Bewegungsfugen auf. Bei der Planung eines integralen Br\u00fcckenobjektes empfiehlt sich eine vernetzte Zusammenarbeit von Geotechnikern und Tragwerksplanern, da sich Bauwerk und Baugrund gegenseitig beeinflussen. Die Relativbewegungen zwischen dem Erdreich und dem Widerlager, infolge der zyklischen Belastungen, prim\u00e4r ausgel\u00f6st durch die jahreszeitlichen und t\u00e4glichen Temperaturschwankungen des \u00dcberbaues, f\u00fchren zu Verdichtungen und Setzungen im Hinterf\u00fcllbereich des Widerlagers. Diese Bewegungen sind bei integralen Br\u00fccken mit gr\u00f6\u00dferen L\u00e4ngen ma\u00dfgebend f\u00fcr die Ver\u00e4nderung des Erddrucks \u00fcber die Lebensdauer. Der numerisch ermittelte ver\u00e4nderliche Erddruck zu Folge der oben erw\u00e4hnten Verformung \u00fcber die gesamte Lebensdauer der Br\u00fccke wird in dieser Arbeit mit bestehenden Ans\u00e4tzen verglichen. Neben der wichtigen Frage des Erddruckverhaltens, wird noch das vielleicht wichtigste Problem der integralen Br\u00fcckenbauweise behandelt, n\u00e4mlich die Frage, wie man eine robuste monolithische integrale Fahrbahn\u00fcbergangskonstruktion ausbildet. Hief\u00fcr wird ein L\u00f6sungsvorschlag in Form einer flexiblen Asphalt-Stahlbetonverbundkonstruktion entwickelt. Dabei soll die relative Bewegung zwischen Bauwerk und Damm nicht zu Sch\u00e4digung des Fahrbahnbelages f\u00fchren. Die Funktionst\u00fcchtigkeit dieser Konstruktion wird sowohl numerisch, als auch experimentell untersucht.<\/p>","protected":false},"excerpt":{"rendered":"<p class=\"qtranxs-available-languages-message qtranxs-available-languages-message-en\">Sorry, this entry is only available in <a href=\"https:\/\/tugraztestweb.asol.at\/de\/wp-json\/wp\/v2\/product\/30640\" class=\"qtranxs-available-language-link qtranxs-available-language-link-de\" title=\"Deutsch\">Deutsch<\/a>.<\/p>\n<p>Integralen Br\u00fccken weisen keine Lager und Bewegungsfugen auf. Bei der Planung eines integralen Br\u00fcckenobjektes empfiehlt sich eine vernetzte Zusammenarbeit von Geotechnikern und Tragwerksplanern, da sich Bauwerk und Baugrund gegenseitig beeinflussen. Die Relativbewegungen zwischen dem Erdreich und dem Widerlager, infolge der zyklischen Belastungen, prim\u00e4r ausgel\u00f6st durch die jahreszeitlichen und t\u00e4glichen Temperaturschwankungen des \u00dcberbaues, f\u00fchren zu Verdichtungen und Setzungen im Hinterf\u00fcllbereich des Widerlagers. Diese Bewegungen sind bei integralen Br\u00fccken mit gr\u00f6\u00dferen L\u00e4ngen ma\u00dfgebend f\u00fcr die Ver\u00e4nderung des Erddrucks \u00fcber die Lebensdauer. Der numerisch ermittelte ver\u00e4nderliche Erddruck zu Folge der oben erw\u00e4hnten Verformung \u00fcber die gesamte Lebensdauer der Br\u00fccke wird in dieser Arbeit mit bestehenden Ans\u00e4tzen verglichen. Neben der wichtigen Frage des Erddruckverhaltens, wird noch das vielleicht wichtigste Problem der integralen Br\u00fcckenbauweise behandelt, n\u00e4mlich die Frage, wie man eine robuste monolithische integrale Fahrbahn\u00fcbergangskonstruktion ausbildet. Hief\u00fcr wird ein L\u00f6sungsvorschlag in Form einer flexiblen Asphalt-Stahlbetonverbundkonstruktion entwickelt. Dabei soll die relative Bewegung zwischen Bauwerk und Damm nicht zu Sch\u00e4digung des Fahrbahnbelages f\u00fchren. Die Funktionst\u00fcchtigkeit dieser Konstruktion wird sowohl numerisch, als auch experimentell untersucht.<\/p>\n","protected":false},"featured_media":40021,"comment_status":"open","ping_status":"closed","template":"","meta":[],"yoast_head":"<!-- This site is optimized with the Yoast SEO plugin v16.1.1 - https:\/\/yoast.com\/wordpress\/plugins\/seo\/ -->\n<link rel=\"canonical\" href=\"https:\/\/tugraztestweb.asol.at\/en\/gesamtverzeichnis\/bauingenieurwissenschaften\/integrale-bruecken-ebook\/\" \/>\n<meta property=\"og:locale\" content=\"en_US\" \/>\n<meta property=\"og:type\" content=\"article\" \/>\n<meta property=\"og:title\" content=\"Integrale Br\u00fccken - Verlag der TU Graz\" \/>\n<meta property=\"og:description\" content=\"Integralen Br\u00fccken weisen keine Lager und Bewegungsfugen auf. Bei der Planung eines integralen Br\u00fcckenobjektes empfiehlt sich eine vernetzte Zusammenarbeit von Geotechnikern und Tragwerksplanern, da sich Bauwerk und Baugrund gegenseitig beeinflussen. Die Relativbewegungen zwischen dem Erdreich und dem Widerlager, infolge der zyklischen Belastungen, prim\u00e4r ausgel\u00f6st durch die jahreszeitlichen und t\u00e4glichen Temperaturschwankungen des \u00dcberbaues, f\u00fchren zu Verdichtungen und Setzungen im Hinterf\u00fcllbereich des Widerlagers. Diese Bewegungen sind bei integralen Br\u00fccken mit gr\u00f6\u00dferen L\u00e4ngen ma\u00dfgebend f\u00fcr die Ver\u00e4nderung des Erddrucks \u00fcber die Lebensdauer. Der numerisch ermittelte ver\u00e4nderliche Erddruck zu Folge der oben erw\u00e4hnten Verformung \u00fcber die gesamte Lebensdauer der Br\u00fccke wird in dieser Arbeit mit bestehenden Ans\u00e4tzen verglichen. Neben der wichtigen Frage des Erddruckverhaltens, wird noch das vielleicht wichtigste Problem der integralen Br\u00fcckenbauweise behandelt, n\u00e4mlich die Frage, wie man eine robuste monolithische integrale Fahrbahn\u00fcbergangskonstruktion ausbildet. Hief\u00fcr wird ein L\u00f6sungsvorschlag in Form einer flexiblen Asphalt-Stahlbetonverbundkonstruktion entwickelt. Dabei soll die relative Bewegung zwischen Bauwerk und Damm nicht zu Sch\u00e4digung des Fahrbahnbelages f\u00fchren. Die Funktionst\u00fcchtigkeit dieser Konstruktion wird sowohl numerisch, als auch experimentell untersucht.\" \/>\n<meta property=\"og:url\" content=\"https:\/\/tugraztestweb.asol.at\/en\/gesamtverzeichnis\/bauingenieurwissenschaften\/integrale-bruecken-ebook\/\" \/>\n<meta property=\"og:site_name\" content=\"Verlag der TU Graz\" \/>\n<meta property=\"article:modified_time\" content=\"2020-08-21T12:56:02+00:00\" \/>\n<meta property=\"og:image\" content=\"https:\/\/tugraztestweb.asol.at\/wp-content\/uploads\/2020\/08\/image-978-3-85125-444-0.jpg\" \/>\n\t<meta property=\"og:image:width\" content=\"518\" \/>\n\t<meta property=\"og:image:height\" content=\"760\" \/>\n<meta name=\"twitter:card\" content=\"summary_large_image\" \/>\n<meta name=\"twitter:label1\" content=\"Est. reading time\">\n\t<meta name=\"twitter:data1\" content=\"1 minute\">\n<script type=\"application\/ld+json\" class=\"yoast-schema-graph\">{\"@context\":\"https:\/\/schema.org\",\"@graph\":[{\"@type\":\"WebSite\",\"@id\":\"https:\/\/tugraztestweb.asol.at\/#website\",\"url\":\"https:\/\/tugraztestweb.asol.at\/\",\"name\":\"Verlag der TU Graz\",\"description\":\"Verlag der Technischen Universit\\u00e4t Graz\",\"potentialAction\":[{\"@type\":\"SearchAction\",\"target\":\"https:\/\/tugraztestweb.asol.at\/?s={search_term_string}\",\"query-input\":\"required name=search_term_string\"}],\"inLanguage\":\"en-US\"},{\"@type\":\"ImageObject\",\"@id\":\"https:\/\/tugraztestweb.asol.at\/en\/gesamtverzeichnis\/bauingenieurwissenschaften\/integrale-bruecken-ebook\/#primaryimage\",\"inLanguage\":\"en-US\",\"url\":\"https:\/\/tugraztestweb.asol.at\/wp-content\/uploads\/2020\/08\/image-978-3-85125-444-0.jpg\",\"contentUrl\":\"https:\/\/tugraztestweb.asol.at\/wp-content\/uploads\/2020\/08\/image-978-3-85125-444-0.jpg\",\"width\":518,\"height\":760},{\"@type\":\"WebPage\",\"@id\":\"https:\/\/tugraztestweb.asol.at\/en\/gesamtverzeichnis\/bauingenieurwissenschaften\/integrale-bruecken-ebook\/#webpage\",\"url\":\"https:\/\/tugraztestweb.asol.at\/en\/gesamtverzeichnis\/bauingenieurwissenschaften\/integrale-bruecken-ebook\/\",\"name\":\"Integrale Br\\u00fccken - Verlag der TU Graz\",\"isPartOf\":{\"@id\":\"https:\/\/tugraztestweb.asol.at\/#website\"},\"primaryImageOfPage\":{\"@id\":\"https:\/\/tugraztestweb.asol.at\/en\/gesamtverzeichnis\/bauingenieurwissenschaften\/integrale-bruecken-ebook\/#primaryimage\"},\"datePublished\":\"2020-08-21T12:55:02+00:00\",\"dateModified\":\"2020-08-21T12:56:02+00:00\",\"breadcrumb\":{\"@id\":\"https:\/\/tugraztestweb.asol.at\/en\/gesamtverzeichnis\/bauingenieurwissenschaften\/integrale-bruecken-ebook\/#breadcrumb\"},\"inLanguage\":\"en-US\",\"potentialAction\":[{\"@type\":\"ReadAction\",\"target\":[\"https:\/\/tugraztestweb.asol.at\/en\/gesamtverzeichnis\/bauingenieurwissenschaften\/integrale-bruecken-ebook\/\"]}]},{\"@type\":\"BreadcrumbList\",\"@id\":\"https:\/\/tugraztestweb.asol.at\/en\/gesamtverzeichnis\/bauingenieurwissenschaften\/integrale-bruecken-ebook\/#breadcrumb\",\"itemListElement\":[{\"@type\":\"ListItem\",\"position\":1,\"item\":{\"@type\":\"WebPage\",\"@id\":\"https:\/\/tugraztestweb.asol.at\/\",\"url\":\"https:\/\/tugraztestweb.asol.at\/\",\"name\":\"Home\"}},{\"@type\":\"ListItem\",\"position\":2,\"item\":{\"@type\":\"WebPage\",\"@id\":\"https:\/\/tugraztestweb.asol.at\/gesamtverzeichnis\/\",\"url\":\"https:\/\/tugraztestweb.asol.at\/gesamtverzeichnis\/\",\"name\":\"Gesamtverzeichnis\"}},{\"@type\":\"ListItem\",\"position\":3,\"item\":{\"@type\":\"WebPage\",\"@id\":\"https:\/\/tugraztestweb.asol.at\/en\/gesamtverzeichnis\/bauingenieurwissenschaften\/integrale-bruecken-ebook\/\",\"url\":\"https:\/\/tugraztestweb.asol.at\/en\/gesamtverzeichnis\/bauingenieurwissenschaften\/integrale-bruecken-ebook\/\",\"name\":\"Integrale Br\\u00fccken\"}}]}]}<\/script>\n<!-- \/ Yoast SEO plugin. -->","_links":{"self":[{"href":"https:\/\/tugraztestweb.asol.at\/en\/wp-json\/wp\/v2\/product\/30640"}],"collection":[{"href":"https:\/\/tugraztestweb.asol.at\/en\/wp-json\/wp\/v2\/product"}],"about":[{"href":"https:\/\/tugraztestweb.asol.at\/en\/wp-json\/wp\/v2\/types\/product"}],"replies":[{"embeddable":true,"href":"https:\/\/tugraztestweb.asol.at\/en\/wp-json\/wp\/v2\/comments?post=30640"}],"wp:featuredmedia":[{"embeddable":true,"href":"https:\/\/tugraztestweb.asol.at\/en\/wp-json\/wp\/v2\/media\/40021"}],"wp:attachment":[{"href":"https:\/\/tugraztestweb.asol.at\/en\/wp-json\/wp\/v2\/media?parent=30640"}],"curies":[{"name":"wp","href":"https:\/\/api.w.org\/{rel}","templated":true}]}}