{"id":30653,"date":"2020-08-21T12:55:03","date_gmt":"2020-08-21T12:55:03","guid":{"rendered":"http:\/\/tugraztestweb.asol.at\/gesamtverzeichnis\/unkategorisiert\/eninnov2016-14-symposium-energieinnovation-kurzfassungsband-2\/"},"modified":"2020-08-21T14:56:03","modified_gmt":"2020-08-21T12:56:03","slug":"eninnov2016-14-symposium-energieinnovation-kurzfassungsband-ebook","status":"publish","type":"product","link":"https:\/\/tugraztestweb.asol.at\/en\/gesamtverzeichnis\/elektrotechnik-und-informationstechnik\/eninnov2016-14-symposium-energieinnovation-kurzfassungsband-ebook\/","title":{"rendered":"EnInnov2016 &#8211; 14. Symposium Energieinnovation; Kurzfassungsband"},"content":{"rendered":"<p class=\"qtranxs-available-languages-message qtranxs-available-languages-message-en\">Sorry, this entry is only available in <a href=\"https:\/\/tugraztestweb.asol.at\/de\/wp-json\/wp\/v2\/product\/30653\" class=\"qtranxs-available-language-link qtranxs-available-language-link-de\" title=\"Deutsch\">Deutsch<\/a>.<\/p><p>Die soeben beschlossene UN-Agenda 2030 for Sustainable Development sieht als 7. Ziel die Sicherstellung einer leistbaren, zuverl\u00e4ssigen, nachhaltigen und modernen Energie f\u00fcr alle vor und im 13. Ziel rasche Aktivit\u00e4ten gegen den Klimawandel und dessen Auswirkungen.<br \/>\nDie nunmehr bereits 21. (!) Weltklimakonferenz verbunden mit dem bereits 11. (!) Treffen zum Kyoto-Protokoll des Jahres 1997 beabsichtigen Anfang Dezember 2015 in Paris, neue internationale Klimaschutz-Vereinbarungen zu verabschieden. Bis Anfang Oktober haben bereits 46 Staaten, die f\u00fcr 87% der weltweiten Treibhausgase verantwortlich sind, ihre Klimaziele festgelegt und gemeldet.<br \/>\nAuch der Vatikan hat vorab am 18. Juni 2015 die Enzyklika Laudato si\u2019 vorgelegt, die sich schwerpunktm\u00e4\u00dfig mit dem Thema Nachhaltigkeit befasst und deren Beitr\u00e4ge ber\u00fccksichtigt werden sollen. Barack Obama ver\u00f6ffentlichte am 3. August 2015 einen neuen Klimaschutzplan zur Senkung der US-amerikanischen CO2-Emissionen. Er bezeichnete ihn als den \u201egr\u00f6\u00dften, bedeutendsten Schritt, den wir jemals gegen den Klimawandel unternommen haben\u201d.<br \/>\nDie deutschen Regierungsparteien beschlossen am 1. Juli 2015 Eckpunkte f\u00fcr eine erfolgreiche Umsetzung der Energiewende. Damit sind ganz wesentliche Aufgaben vorgegeben. Der Strommarkt 2.0 soll mehr Wettbewerb und vor allem mehr Innovationen bewirken. Dabei kommt der Entwicklung von Flexibilit\u00e4tsoptionen auf der Erzeuger- und der Nachfrageseite besondere Bedeutung zu, um den wetterbedingten Schwankungen der Erneuerbaren Energien und den Nachfrageschwankungen besser gerecht werden zu k\u00f6nnen. Flexible Kraftwerke, Speicher, Lastmanagement und auch der europ\u00e4ische Stromhandel sollen dazu beitragen. Kapazit\u00e4tsmechanismen wie Kapazit\u00e4tsreserve und Kapazit\u00e4tsm\u00e4rkte sind anzudenken. Vor allem sind auch die \u00dcbertragungsnetze umweltvertr\u00e4glich auszubauen, um bestehende Netzengp\u00e4sse zu beseitigen und zukunftsorientierte Netzstrukturen zu schaffen. Die Kraft-W\u00e4rme-Kopplung soll forciert werden; der Stromsektor soll einen wesentlichen Beitrag zur Minderung der CO2-Emissionen leisten.<br \/>\nNeben den hier angef\u00fchrten Bereichen wird k\u00fcnftig besonderer Wert auf den Energieverbrauch der Wirtschaft und der Bereiche Bauen und Wohnen sowie Verkehr zu legen sein.<br \/>\nZwei Jahrzehnte nach dem Beschluss f\u00fcr einen einheitlichen EU-Elektrizit\u00e4tsbinnenmarkt sind wir nicht wirklich viel weiter gekommen. Auch den mit dem grundlegenden Wei\u00dfbuch f\u00fcr Wachstum, Wettbewerbsf\u00e4higkeit und Besch\u00e4ftigung 1993 intendierten \u201einnovativsten Wirtschaftsraum der Erde\u201c haben wir bisher nicht erreicht.<br \/>\nAngesichts dieser weltweiten Beschl\u00fcsse sind wir \u2013 und gerade wir Europ\u00e4er \u2013 aufgerufen, mit all unserem Engagement, unseren Begabungen und Kreativit\u00e4t konkrete Beitr\u00e4ge f\u00fcr einen Neu-Aufbruch und gedeihliche Entwicklung zu leisten. Es geht nicht um die Errichtung von Z\u00e4unen (\u201eStromz\u00e4une f\u00fcr Europa\u201c), sondern darum, das Gemeinsame \u00fcber das Trennende zu stellen: \u201eEnergie f\u00fcr unser Europa\u201c \u2013 und unsere Welt \u2013 muss unser Ziel sein.<\/p>","protected":false},"excerpt":{"rendered":"<p class=\"qtranxs-available-languages-message qtranxs-available-languages-message-en\">Sorry, this entry is only available in <a href=\"https:\/\/tugraztestweb.asol.at\/de\/wp-json\/wp\/v2\/product\/30653\" class=\"qtranxs-available-language-link qtranxs-available-language-link-de\" title=\"Deutsch\">Deutsch<\/a>.<\/p>\n<p>Die soeben beschlossene UN-Agenda 2030 for Sustainable Development sieht als 7. Ziel die Sicherstellung einer leistbaren, zuverl\u00e4ssigen, nachhaltigen und modernen Energie f\u00fcr alle vor und im 13. Ziel rasche Aktivit\u00e4ten gegen den Klimawandel und dessen Auswirkungen.<br \/>\nDie nunmehr bereits 21. (!) Weltklimakonferenz verbunden mit dem bereits 11. (!) Treffen zum Kyoto-Protokoll des Jahres 1997 beabsichtigen Anfang Dezember 2015 in Paris, neue internationale Klimaschutz-Vereinbarungen zu verabschieden. Bis Anfang Oktober haben bereits 46 Staaten, die f\u00fcr 87% der weltweiten Treibhausgase verantwortlich sind, ihre Klimaziele festgelegt und gemeldet.<br \/>\nAuch der Vatikan hat vorab am 18. Juni 2015 die Enzyklika Laudato si\u2019 vorgelegt, die sich schwerpunktm\u00e4\u00dfig mit dem Thema Nachhaltigkeit befasst und deren Beitr\u00e4ge ber\u00fccksichtigt werden sollen. Barack Obama ver\u00f6ffentlichte am 3. August 2015 einen neuen Klimaschutzplan zur Senkung der US-amerikanischen CO2-Emissionen. Er bezeichnete ihn als den \u201egr\u00f6\u00dften, bedeutendsten Schritt, den wir jemals gegen den Klimawandel unternommen haben\u201d.<br \/>\nDie deutschen Regierungsparteien beschlossen am 1. Juli 2015 Eckpunkte f\u00fcr eine erfolgreiche Umsetzung der Energiewende. Damit sind ganz wesentliche Aufgaben vorgegeben. Der Strommarkt 2.0 soll mehr Wettbewerb und vor allem mehr Innovationen bewirken. Dabei kommt der Entwicklung von Flexibilit\u00e4tsoptionen auf der Erzeuger- und der Nachfrageseite besondere Bedeutung zu, um den wetterbedingten Schwankungen der Erneuerbaren Energien und den Nachfrageschwankungen besser gerecht werden zu k\u00f6nnen. Flexible Kraftwerke, Speicher, Lastmanagement und auch der europ\u00e4ische Stromhandel sollen dazu beitragen. Kapazit\u00e4tsmechanismen wie Kapazit\u00e4tsreserve und Kapazit\u00e4tsm\u00e4rkte sind anzudenken. Vor allem sind auch die \u00dcbertragungsnetze umweltvertr\u00e4glich auszubauen, um bestehende Netzengp\u00e4sse zu beseitigen und zukunftsorientierte Netzstrukturen zu schaffen. Die Kraft-W\u00e4rme-Kopplung soll forciert werden; der Stromsektor soll einen wesentlichen Beitrag zur Minderung der CO2-Emissionen leisten.<br \/>\nNeben den hier angef\u00fchrten Bereichen wird k\u00fcnftig besonderer Wert auf den Energieverbrauch der Wirtschaft und der Bereiche Bauen und Wohnen sowie Verkehr zu legen sein.<br \/>\nZwei Jahrzehnte nach dem Beschluss f\u00fcr einen einheitlichen EU-Elektrizit\u00e4tsbinnenmarkt sind wir nicht wirklich viel weiter gekommen. Auch den mit dem grundlegenden Wei\u00dfbuch f\u00fcr Wachstum, Wettbewerbsf\u00e4higkeit und Besch\u00e4ftigung 1993 intendierten \u201einnovativsten Wirtschaftsraum der Erde\u201c haben wir bisher nicht erreicht.<br \/>\nAngesichts dieser weltweiten Beschl\u00fcsse sind wir \u2013 und gerade wir Europ\u00e4er \u2013 aufgerufen, mit all unserem Engagement, unseren Begabungen und Kreativit\u00e4t konkrete Beitr\u00e4ge f\u00fcr einen Neu-Aufbruch und gedeihliche Entwicklung zu leisten. Es geht nicht um die Errichtung von Z\u00e4unen (\u201eStromz\u00e4une f\u00fcr Europa\u201c), sondern darum, das Gemeinsame \u00fcber das Trennende zu stellen: \u201eEnergie f\u00fcr unser Europa\u201c \u2013 und unsere Welt \u2013 muss unser Ziel sein.<\/p>\n","protected":false},"featured_media":40026,"comment_status":"open","ping_status":"closed","template":"","meta":[],"yoast_head":"<!-- This site is optimized with the Yoast SEO plugin v16.1.1 - https:\/\/yoast.com\/wordpress\/plugins\/seo\/ -->\n<link rel=\"canonical\" href=\"https:\/\/tugraztestweb.asol.at\/gesamtverzeichnis\/elektrotechnik-und-informationstechnik\/eninnov2016-14-symposium-energieinnovation-kurzfassungsband-ebook\/\" \/>\n<meta property=\"og:locale\" content=\"en_US\" \/>\n<meta property=\"og:type\" content=\"article\" \/>\n<meta property=\"og:title\" content=\"EnInnov2016 - 14. Symposium Energieinnovation; Kurzfassungsband - Verlag der TU Graz\" \/>\n<meta property=\"og:description\" content=\"Die soeben beschlossene UN-Agenda 2030 for Sustainable Development sieht als 7. Ziel die Sicherstellung einer leistbaren, zuverl\u00e4ssigen, nachhaltigen und modernen Energie f\u00fcr alle vor und im 13. Ziel rasche Aktivit\u00e4ten gegen den Klimawandel und dessen Auswirkungen. Die nunmehr bereits 21. (!) Weltklimakonferenz verbunden mit dem bereits 11. (!) Treffen zum Kyoto-Protokoll des Jahres 1997 beabsichtigen Anfang Dezember 2015 in Paris, neue internationale Klimaschutz-Vereinbarungen zu verabschieden. Bis Anfang Oktober haben bereits 46 Staaten, die f\u00fcr 87% der weltweiten Treibhausgase verantwortlich sind, ihre Klimaziele festgelegt und gemeldet. Auch der Vatikan hat vorab am 18. Juni 2015 die Enzyklika Laudato si\u2019 vorgelegt, die sich schwerpunktm\u00e4\u00dfig mit dem Thema Nachhaltigkeit befasst und deren Beitr\u00e4ge ber\u00fccksichtigt werden sollen. Barack Obama ver\u00f6ffentlichte am 3. August 2015 einen neuen Klimaschutzplan zur Senkung der US-amerikanischen CO2-Emissionen. Er bezeichnete ihn als den \u201egr\u00f6\u00dften, bedeutendsten Schritt, den wir jemals gegen den Klimawandel unternommen haben\u201d. Die deutschen Regierungsparteien beschlossen am 1. Juli 2015 Eckpunkte f\u00fcr eine erfolgreiche Umsetzung der Energiewende. Damit sind ganz wesentliche Aufgaben vorgegeben. Der Strommarkt 2.0 soll mehr Wettbewerb und vor allem mehr Innovationen bewirken. Dabei kommt der Entwicklung von Flexibilit\u00e4tsoptionen auf der Erzeuger- und der Nachfrageseite besondere Bedeutung zu, um den wetterbedingten Schwankungen der Erneuerbaren Energien und den Nachfrageschwankungen besser gerecht werden zu k\u00f6nnen. Flexible Kraftwerke, Speicher, Lastmanagement und auch der europ\u00e4ische Stromhandel sollen dazu beitragen. Kapazit\u00e4tsmechanismen wie Kapazit\u00e4tsreserve und Kapazit\u00e4tsm\u00e4rkte sind anzudenken. Vor allem sind auch die \u00dcbertragungsnetze umweltvertr\u00e4glich auszubauen, um bestehende Netzengp\u00e4sse zu beseitigen und zukunftsorientierte Netzstrukturen zu schaffen. Die Kraft-W\u00e4rme-Kopplung soll forciert werden; der Stromsektor soll einen wesentlichen Beitrag zur Minderung der CO2-Emissionen leisten. Neben den hier angef\u00fchrten Bereichen wird k\u00fcnftig besonderer Wert auf den Energieverbrauch der Wirtschaft und der Bereiche Bauen und Wohnen sowie Verkehr zu legen sein. Zwei Jahrzehnte nach dem Beschluss f\u00fcr einen einheitlichen EU-Elektrizit\u00e4tsbinnenmarkt sind wir nicht wirklich viel weiter gekommen. Auch den mit dem grundlegenden Wei\u00dfbuch f\u00fcr Wachstum, Wettbewerbsf\u00e4higkeit und Besch\u00e4ftigung 1993 intendierten \u201einnovativsten Wirtschaftsraum der Erde\u201c haben wir bisher nicht erreicht. Angesichts dieser weltweiten Beschl\u00fcsse sind wir \u2013 und gerade wir Europ\u00e4er \u2013 aufgerufen, mit all unserem Engagement, unseren Begabungen und Kreativit\u00e4t konkrete Beitr\u00e4ge f\u00fcr einen Neu-Aufbruch und gedeihliche Entwicklung zu leisten. Es geht nicht um die Errichtung von Z\u00e4unen (\u201eStromz\u00e4une f\u00fcr Europa\u201c), sondern darum, das Gemeinsame \u00fcber das Trennende zu stellen: \u201eEnergie f\u00fcr unser Europa\u201c \u2013 und unsere Welt \u2013 muss unser Ziel sein.\" \/>\n<meta property=\"og:url\" content=\"https:\/\/tugraztestweb.asol.at\/gesamtverzeichnis\/elektrotechnik-und-informationstechnik\/eninnov2016-14-symposium-energieinnovation-kurzfassungsband-ebook\/\" \/>\n<meta property=\"og:site_name\" content=\"Verlag der TU Graz\" \/>\n<meta property=\"article:modified_time\" content=\"2020-08-21T12:56:03+00:00\" \/>\n<meta property=\"og:image\" content=\"https:\/\/tugraztestweb.asol.at\/wp-content\/uploads\/2020\/08\/image-674.jpg\" \/>\n\t<meta property=\"og:image:width\" content=\"591\" \/>\n\t<meta property=\"og:image:height\" content=\"836\" \/>\n<meta name=\"twitter:card\" content=\"summary_large_image\" \/>\n<meta name=\"twitter:label1\" content=\"Est. reading time\">\n\t<meta name=\"twitter:data1\" content=\"2 minutes\">\n<script type=\"application\/ld+json\" class=\"yoast-schema-graph\">{\"@context\":\"https:\/\/schema.org\",\"@graph\":[{\"@type\":\"WebSite\",\"@id\":\"https:\/\/tugraztestweb.asol.at\/#website\",\"url\":\"https:\/\/tugraztestweb.asol.at\/\",\"name\":\"Verlag der TU Graz\",\"description\":\"Verlag der Technischen Universit\\u00e4t Graz\",\"potentialAction\":[{\"@type\":\"SearchAction\",\"target\":\"https:\/\/tugraztestweb.asol.at\/?s={search_term_string}\",\"query-input\":\"required name=search_term_string\"}],\"inLanguage\":\"en-US\"},{\"@type\":\"ImageObject\",\"@id\":\"https:\/\/tugraztestweb.asol.at\/gesamtverzeichnis\/elektrotechnik-und-informationstechnik\/eninnov2016-14-symposium-energieinnovation-kurzfassungsband-ebook\/#primaryimage\",\"inLanguage\":\"en-US\",\"url\":\"https:\/\/tugraztestweb.asol.at\/wp-content\/uploads\/2020\/08\/image-674.jpg\",\"contentUrl\":\"https:\/\/tugraztestweb.asol.at\/wp-content\/uploads\/2020\/08\/image-674.jpg\",\"width\":591,\"height\":836},{\"@type\":\"WebPage\",\"@id\":\"https:\/\/tugraztestweb.asol.at\/gesamtverzeichnis\/elektrotechnik-und-informationstechnik\/eninnov2016-14-symposium-energieinnovation-kurzfassungsband-ebook\/#webpage\",\"url\":\"https:\/\/tugraztestweb.asol.at\/gesamtverzeichnis\/elektrotechnik-und-informationstechnik\/eninnov2016-14-symposium-energieinnovation-kurzfassungsband-ebook\/\",\"name\":\"EnInnov2016 - 14. Symposium Energieinnovation; Kurzfassungsband - Verlag der TU Graz\",\"isPartOf\":{\"@id\":\"https:\/\/tugraztestweb.asol.at\/#website\"},\"primaryImageOfPage\":{\"@id\":\"https:\/\/tugraztestweb.asol.at\/gesamtverzeichnis\/elektrotechnik-und-informationstechnik\/eninnov2016-14-symposium-energieinnovation-kurzfassungsband-ebook\/#primaryimage\"},\"datePublished\":\"2020-08-21T12:55:03+00:00\",\"dateModified\":\"2020-08-21T12:56:03+00:00\",\"breadcrumb\":{\"@id\":\"https:\/\/tugraztestweb.asol.at\/gesamtverzeichnis\/elektrotechnik-und-informationstechnik\/eninnov2016-14-symposium-energieinnovation-kurzfassungsband-ebook\/#breadcrumb\"},\"inLanguage\":\"en-US\",\"potentialAction\":[{\"@type\":\"ReadAction\",\"target\":[\"https:\/\/tugraztestweb.asol.at\/gesamtverzeichnis\/elektrotechnik-und-informationstechnik\/eninnov2016-14-symposium-energieinnovation-kurzfassungsband-ebook\/\"]}]},{\"@type\":\"BreadcrumbList\",\"@id\":\"https:\/\/tugraztestweb.asol.at\/gesamtverzeichnis\/elektrotechnik-und-informationstechnik\/eninnov2016-14-symposium-energieinnovation-kurzfassungsband-ebook\/#breadcrumb\",\"itemListElement\":[{\"@type\":\"ListItem\",\"position\":1,\"item\":{\"@type\":\"WebPage\",\"@id\":\"https:\/\/tugraztestweb.asol.at\/\",\"url\":\"https:\/\/tugraztestweb.asol.at\/\",\"name\":\"Home\"}},{\"@type\":\"ListItem\",\"position\":2,\"item\":{\"@type\":\"WebPage\",\"@id\":\"https:\/\/tugraztestweb.asol.at\/gesamtverzeichnis\/\",\"url\":\"https:\/\/tugraztestweb.asol.at\/gesamtverzeichnis\/\",\"name\":\"Gesamtverzeichnis\"}},{\"@type\":\"ListItem\",\"position\":3,\"item\":{\"@type\":\"WebPage\",\"@id\":\"https:\/\/tugraztestweb.asol.at\/gesamtverzeichnis\/elektrotechnik-und-informationstechnik\/eninnov2016-14-symposium-energieinnovation-kurzfassungsband-ebook\/\",\"url\":\"https:\/\/tugraztestweb.asol.at\/gesamtverzeichnis\/elektrotechnik-und-informationstechnik\/eninnov2016-14-symposium-energieinnovation-kurzfassungsband-ebook\/\",\"name\":\"EnInnov2016 &#8211; 14. Symposium Energieinnovation; Kurzfassungsband\"}}]}]}<\/script>\n<!-- \/ Yoast SEO plugin. -->","_links":{"self":[{"href":"https:\/\/tugraztestweb.asol.at\/en\/wp-json\/wp\/v2\/product\/30653"}],"collection":[{"href":"https:\/\/tugraztestweb.asol.at\/en\/wp-json\/wp\/v2\/product"}],"about":[{"href":"https:\/\/tugraztestweb.asol.at\/en\/wp-json\/wp\/v2\/types\/product"}],"replies":[{"embeddable":true,"href":"https:\/\/tugraztestweb.asol.at\/en\/wp-json\/wp\/v2\/comments?post=30653"}],"wp:featuredmedia":[{"embeddable":true,"href":"https:\/\/tugraztestweb.asol.at\/en\/wp-json\/wp\/v2\/media\/40026"}],"wp:attachment":[{"href":"https:\/\/tugraztestweb.asol.at\/en\/wp-json\/wp\/v2\/media?parent=30653"}],"curies":[{"name":"wp","href":"https:\/\/api.w.org\/{rel}","templated":true}]}}