{"id":30659,"date":"2020-08-21T12:55:03","date_gmt":"2020-08-21T12:55:03","guid":{"rendered":"http:\/\/tugraztestweb.asol.at\/gesamtverzeichnis\/unkategorisiert\/arbeitstitel-internationales-benchmarking-im-facility-management-der-vergleich-verschiedener-nationalen-benchmarking-pools\/"},"modified":"2020-08-21T14:56:03","modified_gmt":"2020-08-21T12:56:03","slug":"modell-fuer-die-rahmenbedingungen-eines-differenzierten-risikomanagementansatzes-fuer-eisenbahninfrastrukturprojekte","status":"publish","type":"product","link":"https:\/\/tugraztestweb.asol.at\/en\/gesamtverzeichnis\/bauingenieurwissenschaften\/modell-fuer-die-rahmenbedingungen-eines-differenzierten-risikomanagementansatzes-fuer-eisenbahninfrastrukturprojekte\/","title":{"rendered":"Modell f\u00fcr die Rahmenbedingungen eines differenzierten Risikomanagementansatzes f\u00fcr Eisenbahninfrastrukturprojekte"},"content":{"rendered":"<p class=\"qtranxs-available-languages-message qtranxs-available-languages-message-en\">Sorry, this entry is only available in <a href=\"https:\/\/tugraztestweb.asol.at\/de\/wp-json\/wp\/v2\/product\/30659\" class=\"qtranxs-available-language-link qtranxs-available-language-link-de\" title=\"Deutsch\">Deutsch<\/a>.<\/p><p>Die Dissertation betrachtet den aktuellen Stand des Risikomanagements (2016) in fr\u00fchen Projektphasen von Eisenbahninfrastrukturprojekten und entwickelt f\u00fcr die Vielf\u00e4ltigkeit von Eisenbahninfrastrukturprojekten ein Modell f\u00fcr einen \u201eganzheitlichen, systematischen und aktiven\u201c (= differenzierten) Risikomanagementansatz. <br \/><\/p>","protected":false},"excerpt":{"rendered":"<p class=\"qtranxs-available-languages-message qtranxs-available-languages-message-en\">Sorry, this entry is only available in <a href=\"https:\/\/tugraztestweb.asol.at\/de\/wp-json\/wp\/v2\/product\/30659\" class=\"qtranxs-available-language-link qtranxs-available-language-link-de\" title=\"Deutsch\">Deutsch<\/a>.<\/p>\n<p>Die Dissertation betrachtet den aktuellen Stand des Risikomanagements (2016) in fr\u00fchen Projektphasen von Eisenbahninfrastrukturprojekten und entwickelt f\u00fcr die Vielf\u00e4ltigkeit von Eisenbahninfrastrukturprojekten ein Modell f\u00fcr einen \u201eganzheitlichen, systematischen und aktiven\u201c (= differenzierten) Risikomanagementansatz. <\/p>\n","protected":false},"featured_media":39536,"comment_status":"open","ping_status":"closed","template":"","meta":[],"yoast_head":"<!-- This site is optimized with the Yoast SEO plugin v16.1.1 - https:\/\/yoast.com\/wordpress\/plugins\/seo\/ -->\n<link rel=\"canonical\" href=\"https:\/\/tugraztestweb.asol.at\/en\/gesamtverzeichnis\/bauingenieurwissenschaften\/modell-fuer-die-rahmenbedingungen-eines-differenzierten-risikomanagementansatzes-fuer-eisenbahninfrastrukturprojekte\/\" \/>\n<meta property=\"og:locale\" content=\"en_US\" \/>\n<meta property=\"og:type\" content=\"article\" \/>\n<meta property=\"og:title\" content=\"Modell f\u00fcr die Rahmenbedingungen eines differenzierten Risikomanagementansatzes f\u00fcr Eisenbahninfrastrukturprojekte - Verlag der TU Graz\" \/>\n<meta property=\"og:description\" content=\"Die Dissertation betrachtet den aktuellen Stand des Risikomanagements (2016) in fr\u00fchen Projektphasen von Eisenbahninfrastrukturprojekten und entwickelt f\u00fcr die Vielf\u00e4ltigkeit von Eisenbahninfrastrukturprojekten ein Modell f\u00fcr einen \u201eganzheitlichen, systematischen und aktiven\u201c (= differenzierten) Risikomanagementansatz.\" \/>\n<meta property=\"og:url\" content=\"https:\/\/tugraztestweb.asol.at\/en\/gesamtverzeichnis\/bauingenieurwissenschaften\/modell-fuer-die-rahmenbedingungen-eines-differenzierten-risikomanagementansatzes-fuer-eisenbahninfrastrukturprojekte\/\" \/>\n<meta property=\"og:site_name\" content=\"Verlag der TU Graz\" \/>\n<meta property=\"article:modified_time\" content=\"2020-08-21T12:56:03+00:00\" \/>\n<meta property=\"og:image\" content=\"https:\/\/tugraztestweb.asol.at\/wp-content\/uploads\/2020\/08\/image-978-3-85125-454-9.jpg\" \/>\n\t<meta property=\"og:image:width\" content=\"451\" \/>\n\t<meta property=\"og:image:height\" content=\"644\" \/>\n<meta name=\"twitter:card\" content=\"summary_large_image\" \/>\n<script type=\"application\/ld+json\" class=\"yoast-schema-graph\">{\"@context\":\"https:\/\/schema.org\",\"@graph\":[{\"@type\":\"WebSite\",\"@id\":\"https:\/\/tugraztestweb.asol.at\/#website\",\"url\":\"https:\/\/tugraztestweb.asol.at\/\",\"name\":\"Verlag der TU Graz\",\"description\":\"Verlag der Technischen Universit\\u00e4t Graz\",\"potentialAction\":[{\"@type\":\"SearchAction\",\"target\":\"https:\/\/tugraztestweb.asol.at\/?s={search_term_string}\",\"query-input\":\"required name=search_term_string\"}],\"inLanguage\":\"en-US\"},{\"@type\":\"ImageObject\",\"@id\":\"https:\/\/tugraztestweb.asol.at\/en\/gesamtverzeichnis\/bauingenieurwissenschaften\/modell-fuer-die-rahmenbedingungen-eines-differenzierten-risikomanagementansatzes-fuer-eisenbahninfrastrukturprojekte\/#primaryimage\",\"inLanguage\":\"en-US\",\"url\":\"https:\/\/tugraztestweb.asol.at\/wp-content\/uploads\/2020\/08\/image-978-3-85125-454-9.jpg\",\"contentUrl\":\"https:\/\/tugraztestweb.asol.at\/wp-content\/uploads\/2020\/08\/image-978-3-85125-454-9.jpg\",\"width\":451,\"height\":644},{\"@type\":\"WebPage\",\"@id\":\"https:\/\/tugraztestweb.asol.at\/en\/gesamtverzeichnis\/bauingenieurwissenschaften\/modell-fuer-die-rahmenbedingungen-eines-differenzierten-risikomanagementansatzes-fuer-eisenbahninfrastrukturprojekte\/#webpage\",\"url\":\"https:\/\/tugraztestweb.asol.at\/en\/gesamtverzeichnis\/bauingenieurwissenschaften\/modell-fuer-die-rahmenbedingungen-eines-differenzierten-risikomanagementansatzes-fuer-eisenbahninfrastrukturprojekte\/\",\"name\":\"Modell f\\u00fcr die Rahmenbedingungen eines differenzierten Risikomanagementansatzes f\\u00fcr Eisenbahninfrastrukturprojekte - Verlag der TU Graz\",\"isPartOf\":{\"@id\":\"https:\/\/tugraztestweb.asol.at\/#website\"},\"primaryImageOfPage\":{\"@id\":\"https:\/\/tugraztestweb.asol.at\/en\/gesamtverzeichnis\/bauingenieurwissenschaften\/modell-fuer-die-rahmenbedingungen-eines-differenzierten-risikomanagementansatzes-fuer-eisenbahninfrastrukturprojekte\/#primaryimage\"},\"datePublished\":\"2020-08-21T12:55:03+00:00\",\"dateModified\":\"2020-08-21T12:56:03+00:00\",\"breadcrumb\":{\"@id\":\"https:\/\/tugraztestweb.asol.at\/en\/gesamtverzeichnis\/bauingenieurwissenschaften\/modell-fuer-die-rahmenbedingungen-eines-differenzierten-risikomanagementansatzes-fuer-eisenbahninfrastrukturprojekte\/#breadcrumb\"},\"inLanguage\":\"en-US\",\"potentialAction\":[{\"@type\":\"ReadAction\",\"target\":[\"https:\/\/tugraztestweb.asol.at\/en\/gesamtverzeichnis\/bauingenieurwissenschaften\/modell-fuer-die-rahmenbedingungen-eines-differenzierten-risikomanagementansatzes-fuer-eisenbahninfrastrukturprojekte\/\"]}]},{\"@type\":\"BreadcrumbList\",\"@id\":\"https:\/\/tugraztestweb.asol.at\/en\/gesamtverzeichnis\/bauingenieurwissenschaften\/modell-fuer-die-rahmenbedingungen-eines-differenzierten-risikomanagementansatzes-fuer-eisenbahninfrastrukturprojekte\/#breadcrumb\",\"itemListElement\":[{\"@type\":\"ListItem\",\"position\":1,\"item\":{\"@type\":\"WebPage\",\"@id\":\"https:\/\/tugraztestweb.asol.at\/\",\"url\":\"https:\/\/tugraztestweb.asol.at\/\",\"name\":\"Home\"}},{\"@type\":\"ListItem\",\"position\":2,\"item\":{\"@type\":\"WebPage\",\"@id\":\"https:\/\/tugraztestweb.asol.at\/gesamtverzeichnis\/\",\"url\":\"https:\/\/tugraztestweb.asol.at\/gesamtverzeichnis\/\",\"name\":\"Gesamtverzeichnis\"}},{\"@type\":\"ListItem\",\"position\":3,\"item\":{\"@type\":\"WebPage\",\"@id\":\"https:\/\/tugraztestweb.asol.at\/en\/gesamtverzeichnis\/bauingenieurwissenschaften\/modell-fuer-die-rahmenbedingungen-eines-differenzierten-risikomanagementansatzes-fuer-eisenbahninfrastrukturprojekte\/\",\"url\":\"https:\/\/tugraztestweb.asol.at\/en\/gesamtverzeichnis\/bauingenieurwissenschaften\/modell-fuer-die-rahmenbedingungen-eines-differenzierten-risikomanagementansatzes-fuer-eisenbahninfrastrukturprojekte\/\",\"name\":\"Modell f\\u00fcr die Rahmenbedingungen eines differenzierten Risikomanagementansatzes f\\u00fcr Eisenbahninfrastrukturprojekte\"}}]}]}<\/script>\n<!-- \/ Yoast SEO plugin. -->","_links":{"self":[{"href":"https:\/\/tugraztestweb.asol.at\/en\/wp-json\/wp\/v2\/product\/30659"}],"collection":[{"href":"https:\/\/tugraztestweb.asol.at\/en\/wp-json\/wp\/v2\/product"}],"about":[{"href":"https:\/\/tugraztestweb.asol.at\/en\/wp-json\/wp\/v2\/types\/product"}],"replies":[{"embeddable":true,"href":"https:\/\/tugraztestweb.asol.at\/en\/wp-json\/wp\/v2\/comments?post=30659"}],"wp:featuredmedia":[{"embeddable":true,"href":"https:\/\/tugraztestweb.asol.at\/en\/wp-json\/wp\/v2\/media\/39536"}],"wp:attachment":[{"href":"https:\/\/tugraztestweb.asol.at\/en\/wp-json\/wp\/v2\/media?parent=30659"}],"curies":[{"name":"wp","href":"https:\/\/api.w.org\/{rel}","templated":true}]}}