{"id":30661,"date":"2020-08-21T12:55:03","date_gmt":"2020-08-21T12:55:03","guid":{"rendered":"http:\/\/tugraztestweb.asol.at\/gesamtverzeichnis\/unkategorisiert\/aggregierte-beruecksichtigung-von-produktivitaetsverlusten-bei-der-ermittlung-von-baukosten-und-bauzeiten-deterministische-und-probabilistische-betrachtungen\/"},"modified":"2020-08-21T14:56:03","modified_gmt":"2020-08-21T12:56:03","slug":"aggregierte-beruecksichtigung-von-produktivitaetsverlusten-bei-der-ermittlung-von-baukosten-und-bauzeiten-deterministische-und-probabilistische-betrachtungen","status":"publish","type":"product","link":"https:\/\/tugraztestweb.asol.at\/en\/gesamtverzeichnis\/bauingenieurwissenschaften\/aggregierte-beruecksichtigung-von-produktivitaetsverlusten-bei-der-ermittlung-von-baukosten-und-bauzeiten-deterministische-und-probabilistische-betrachtungen\/","title":{"rendered":"Aggregierte Ber\u00fccksichtigung von Produktivit\u00e4tsverlusten bei der Ermittlung von Baukosten und Bauzeiten \u2013 Deterministische und probabilistische Betrachtungen"},"content":{"rendered":"<p class=\"qtranxs-available-languages-message qtranxs-available-languages-message-en\">Sorry, this entry is only available in <a href=\"https:\/\/tugraztestweb.asol.at\/de\/wp-json\/wp\/v2\/product\/30661\" class=\"qtranxs-available-language-link qtranxs-available-language-link-de\" title=\"Deutsch\">Deutsch<\/a>.<\/p><p>Lineare deterministische Berechnungsmodelle zur Ermittlung von Baukosten und Bauzeiten stellen den aktuellen Stand der Forschung in der baubetrieblichen und bauwirtschaftlichen Praxis dar. In diesem Kontext werden das Zusammenwirken und die Interdependenzen zwischen vorgegebener Bauzeit und den Baukosten n\u00e4here beleuchtet. Lineare Berechnungen und der unsystematische Umgang mit Unsicherheiten k\u00f6nnen als problematisch angesehen werden, da die Realit\u00e4t nicht in ad\u00e4quatem Ausma\u00df abgebildet wird.<br \/>\nDie zentrale Kennzahl \u201eProduktivit\u00e4t\u201c und deren direkter Zusammenhang mit Aufwands- und Leistungswerten steht im Fokus der Betrachtungen. Es ist gelungen, f\u00fcr die Ber\u00fccksichtigung von Unsicherheiten und Nichtlinearit\u00e4ten allgemeing\u00fcltige Aussagen zu treffen, welche die Auswirkungen von Produktivit\u00e4tsverlusten quantifizier- und beschreibbar machen. Zu diesem Zweck werden Monte-Carlo-Simulationen angewandt, deren Ergebnisse R\u00fcckschl\u00fcsse auf das eingegangene Chancen-Risiko-Verh\u00e4ltnis zulassen.<br \/>\nVor dem Hintergrund steigender Konkurrenz und sich schwieriger gestaltender Marktbedingungen erlangt die Beurteilung und Bewertung unsicherer Ereignisse und Entwicklungen sowohl f\u00fcr Auftraggeber (AG) als auch f\u00fcr Auftragnehmer (AN) gr\u00f6\u00dfere Bedeutung. Dabei z\u00e4hlen genaue Prognosen zu den zentralen Werkzeugen, um im Kontext der Beurteilung von Chancen und Risiken fundierte Entscheidungen treffen und notwendige (Gegen )Steuerungsma\u00dfnahmen einleiten zu k\u00f6nnen.<br \/>\nDie vorliegenden Studienergebnisse und die dargestellten entwickelten Methoden unterst\u00fctzen AG und AN dabei, Unsicherheiten und Nichtlinearit\u00e4ten von der Projektentwicklung bis hin zur Ausf\u00fchrung und Nutzung systematisch zu ber\u00fccksichtigen.<\/p>","protected":false},"excerpt":{"rendered":"<p class=\"qtranxs-available-languages-message qtranxs-available-languages-message-en\">Sorry, this entry is only available in <a href=\"https:\/\/tugraztestweb.asol.at\/de\/wp-json\/wp\/v2\/product\/30661\" class=\"qtranxs-available-language-link qtranxs-available-language-link-de\" title=\"Deutsch\">Deutsch<\/a>.<\/p>\n<p>Lineare deterministische Berechnungsmodelle zur Ermittlung von Baukosten und Bauzeiten stellen den aktuellen Stand der Forschung in der baubetrieblichen und bauwirtschaftlichen Praxis dar. In diesem Kontext werden das Zusammenwirken und die Interdependenzen zwischen vorgegebener Bauzeit und den Baukosten n\u00e4here beleuchtet. Lineare Berechnungen und der unsystematische Umgang mit Unsicherheiten k\u00f6nnen als problematisch angesehen werden, da die Realit\u00e4t nicht in ad\u00e4quatem Ausma\u00df abgebildet wird.<br \/>\nDie zentrale Kennzahl \u201eProduktivit\u00e4t\u201c und deren direkter Zusammenhang mit Aufwands- und Leistungswerten steht im Fokus der Betrachtungen. Es ist gelungen, f\u00fcr die Ber\u00fccksichtigung von Unsicherheiten und Nichtlinearit\u00e4ten allgemeing\u00fcltige Aussagen zu treffen, welche die Auswirkungen von Produktivit\u00e4tsverlusten quantifizier- und beschreibbar machen. Zu diesem Zweck werden Monte-Carlo-Simulationen angewandt, deren Ergebnisse R\u00fcckschl\u00fcsse auf das eingegangene Chancen-Risiko-Verh\u00e4ltnis zulassen.<br \/>\nVor dem Hintergrund steigender Konkurrenz und sich schwieriger gestaltender Marktbedingungen erlangt die Beurteilung und Bewertung unsicherer Ereignisse und Entwicklungen sowohl f\u00fcr Auftraggeber (AG) als auch f\u00fcr Auftragnehmer (AN) gr\u00f6\u00dfere Bedeutung. Dabei z\u00e4hlen genaue Prognosen zu den zentralen Werkzeugen, um im Kontext der Beurteilung von Chancen und Risiken fundierte Entscheidungen treffen und notwendige (Gegen )Steuerungsma\u00dfnahmen einleiten zu k\u00f6nnen.<br \/>\nDie vorliegenden Studienergebnisse und die dargestellten entwickelten Methoden unterst\u00fctzen AG und AN dabei, Unsicherheiten und Nichtlinearit\u00e4ten von der Projektentwicklung bis hin zur Ausf\u00fchrung und Nutzung systematisch zu ber\u00fccksichtigen.<\/p>\n","protected":false},"featured_media":40029,"comment_status":"open","ping_status":"closed","template":"","meta":[],"yoast_head":"<!-- This site is optimized with the Yoast SEO plugin v16.1.1 - https:\/\/yoast.com\/wordpress\/plugins\/seo\/ -->\n<link rel=\"canonical\" href=\"https:\/\/tugraztestweb.asol.at\/en\/gesamtverzeichnis\/bauingenieurwissenschaften\/aggregierte-beruecksichtigung-von-produktivitaetsverlusten-bei-der-ermittlung-von-baukosten-und-bauzeiten-deterministische-und-probabilistische-betrachtungen\/\" \/>\n<meta property=\"og:locale\" content=\"en_US\" \/>\n<meta property=\"og:type\" content=\"article\" \/>\n<meta property=\"og:title\" content=\"Aggregierte Ber\u00fccksichtigung von Produktivit\u00e4tsverlusten bei der Ermittlung von Baukosten und Bauzeiten \u2013 Deterministische und probabilistische Betrachtungen - Verlag der TU Graz\" \/>\n<meta property=\"og:description\" content=\"Lineare deterministische Berechnungsmodelle zur Ermittlung von Baukosten und Bauzeiten stellen den aktuellen Stand der Forschung in der baubetrieblichen und bauwirtschaftlichen Praxis dar. In diesem Kontext werden das Zusammenwirken und die Interdependenzen zwischen vorgegebener Bauzeit und den Baukosten n\u00e4here beleuchtet. Lineare Berechnungen und der unsystematische Umgang mit Unsicherheiten k\u00f6nnen als problematisch angesehen werden, da die Realit\u00e4t nicht in ad\u00e4quatem Ausma\u00df abgebildet wird. Die zentrale Kennzahl \u201eProduktivit\u00e4t\u201c und deren direkter Zusammenhang mit Aufwands- und Leistungswerten steht im Fokus der Betrachtungen. Es ist gelungen, f\u00fcr die Ber\u00fccksichtigung von Unsicherheiten und Nichtlinearit\u00e4ten allgemeing\u00fcltige Aussagen zu treffen, welche die Auswirkungen von Produktivit\u00e4tsverlusten quantifizier- und beschreibbar machen. Zu diesem Zweck werden Monte-Carlo-Simulationen angewandt, deren Ergebnisse R\u00fcckschl\u00fcsse auf das eingegangene Chancen-Risiko-Verh\u00e4ltnis zulassen. Vor dem Hintergrund steigender Konkurrenz und sich schwieriger gestaltender Marktbedingungen erlangt die Beurteilung und Bewertung unsicherer Ereignisse und Entwicklungen sowohl f\u00fcr Auftraggeber (AG) als auch f\u00fcr Auftragnehmer (AN) gr\u00f6\u00dfere Bedeutung. Dabei z\u00e4hlen genaue Prognosen zu den zentralen Werkzeugen, um im Kontext der Beurteilung von Chancen und Risiken fundierte Entscheidungen treffen und notwendige (Gegen )Steuerungsma\u00dfnahmen einleiten zu k\u00f6nnen. Die vorliegenden Studienergebnisse und die dargestellten entwickelten Methoden unterst\u00fctzen AG und AN dabei, Unsicherheiten und Nichtlinearit\u00e4ten von der Projektentwicklung bis hin zur Ausf\u00fchrung und Nutzung systematisch zu ber\u00fccksichtigen.\" \/>\n<meta property=\"og:url\" content=\"https:\/\/tugraztestweb.asol.at\/en\/gesamtverzeichnis\/bauingenieurwissenschaften\/aggregierte-beruecksichtigung-von-produktivitaetsverlusten-bei-der-ermittlung-von-baukosten-und-bauzeiten-deterministische-und-probabilistische-betrachtungen\/\" \/>\n<meta property=\"og:site_name\" content=\"Verlag der TU Graz\" \/>\n<meta property=\"article:modified_time\" content=\"2020-08-21T12:56:03+00:00\" \/>\n<meta property=\"og:image\" content=\"https:\/\/tugraztestweb.asol.at\/wp-content\/uploads\/2020\/08\/image-978-3-85125-455-6.jpg\" \/>\n\t<meta property=\"og:image:width\" content=\"585\" \/>\n\t<meta property=\"og:image:height\" content=\"831\" \/>\n<meta name=\"twitter:card\" content=\"summary_large_image\" \/>\n<meta name=\"twitter:label1\" content=\"Est. reading time\">\n\t<meta name=\"twitter:data1\" content=\"1 minute\">\n<script type=\"application\/ld+json\" class=\"yoast-schema-graph\">{\"@context\":\"https:\/\/schema.org\",\"@graph\":[{\"@type\":\"WebSite\",\"@id\":\"https:\/\/tugraztestweb.asol.at\/#website\",\"url\":\"https:\/\/tugraztestweb.asol.at\/\",\"name\":\"Verlag der TU Graz\",\"description\":\"Verlag der Technischen Universit\\u00e4t Graz\",\"potentialAction\":[{\"@type\":\"SearchAction\",\"target\":\"https:\/\/tugraztestweb.asol.at\/?s={search_term_string}\",\"query-input\":\"required name=search_term_string\"}],\"inLanguage\":\"en-US\"},{\"@type\":\"ImageObject\",\"@id\":\"https:\/\/tugraztestweb.asol.at\/en\/gesamtverzeichnis\/bauingenieurwissenschaften\/aggregierte-beruecksichtigung-von-produktivitaetsverlusten-bei-der-ermittlung-von-baukosten-und-bauzeiten-deterministische-und-probabilistische-betrachtungen\/#primaryimage\",\"inLanguage\":\"en-US\",\"url\":\"https:\/\/tugraztestweb.asol.at\/wp-content\/uploads\/2020\/08\/image-978-3-85125-455-6.jpg\",\"contentUrl\":\"https:\/\/tugraztestweb.asol.at\/wp-content\/uploads\/2020\/08\/image-978-3-85125-455-6.jpg\",\"width\":585,\"height\":831},{\"@type\":\"WebPage\",\"@id\":\"https:\/\/tugraztestweb.asol.at\/en\/gesamtverzeichnis\/bauingenieurwissenschaften\/aggregierte-beruecksichtigung-von-produktivitaetsverlusten-bei-der-ermittlung-von-baukosten-und-bauzeiten-deterministische-und-probabilistische-betrachtungen\/#webpage\",\"url\":\"https:\/\/tugraztestweb.asol.at\/en\/gesamtverzeichnis\/bauingenieurwissenschaften\/aggregierte-beruecksichtigung-von-produktivitaetsverlusten-bei-der-ermittlung-von-baukosten-und-bauzeiten-deterministische-und-probabilistische-betrachtungen\/\",\"name\":\"Aggregierte Ber\\u00fccksichtigung von Produktivit\\u00e4tsverlusten bei der Ermittlung von Baukosten und Bauzeiten \\u2013 Deterministische und probabilistische Betrachtungen - Verlag der TU Graz\",\"isPartOf\":{\"@id\":\"https:\/\/tugraztestweb.asol.at\/#website\"},\"primaryImageOfPage\":{\"@id\":\"https:\/\/tugraztestweb.asol.at\/en\/gesamtverzeichnis\/bauingenieurwissenschaften\/aggregierte-beruecksichtigung-von-produktivitaetsverlusten-bei-der-ermittlung-von-baukosten-und-bauzeiten-deterministische-und-probabilistische-betrachtungen\/#primaryimage\"},\"datePublished\":\"2020-08-21T12:55:03+00:00\",\"dateModified\":\"2020-08-21T12:56:03+00:00\",\"breadcrumb\":{\"@id\":\"https:\/\/tugraztestweb.asol.at\/en\/gesamtverzeichnis\/bauingenieurwissenschaften\/aggregierte-beruecksichtigung-von-produktivitaetsverlusten-bei-der-ermittlung-von-baukosten-und-bauzeiten-deterministische-und-probabilistische-betrachtungen\/#breadcrumb\"},\"inLanguage\":\"en-US\",\"potentialAction\":[{\"@type\":\"ReadAction\",\"target\":[\"https:\/\/tugraztestweb.asol.at\/en\/gesamtverzeichnis\/bauingenieurwissenschaften\/aggregierte-beruecksichtigung-von-produktivitaetsverlusten-bei-der-ermittlung-von-baukosten-und-bauzeiten-deterministische-und-probabilistische-betrachtungen\/\"]}]},{\"@type\":\"BreadcrumbList\",\"@id\":\"https:\/\/tugraztestweb.asol.at\/en\/gesamtverzeichnis\/bauingenieurwissenschaften\/aggregierte-beruecksichtigung-von-produktivitaetsverlusten-bei-der-ermittlung-von-baukosten-und-bauzeiten-deterministische-und-probabilistische-betrachtungen\/#breadcrumb\",\"itemListElement\":[{\"@type\":\"ListItem\",\"position\":1,\"item\":{\"@type\":\"WebPage\",\"@id\":\"https:\/\/tugraztestweb.asol.at\/\",\"url\":\"https:\/\/tugraztestweb.asol.at\/\",\"name\":\"Home\"}},{\"@type\":\"ListItem\",\"position\":2,\"item\":{\"@type\":\"WebPage\",\"@id\":\"https:\/\/tugraztestweb.asol.at\/gesamtverzeichnis\/\",\"url\":\"https:\/\/tugraztestweb.asol.at\/gesamtverzeichnis\/\",\"name\":\"Gesamtverzeichnis\"}},{\"@type\":\"ListItem\",\"position\":3,\"item\":{\"@type\":\"WebPage\",\"@id\":\"https:\/\/tugraztestweb.asol.at\/en\/gesamtverzeichnis\/bauingenieurwissenschaften\/aggregierte-beruecksichtigung-von-produktivitaetsverlusten-bei-der-ermittlung-von-baukosten-und-bauzeiten-deterministische-und-probabilistische-betrachtungen\/\",\"url\":\"https:\/\/tugraztestweb.asol.at\/en\/gesamtverzeichnis\/bauingenieurwissenschaften\/aggregierte-beruecksichtigung-von-produktivitaetsverlusten-bei-der-ermittlung-von-baukosten-und-bauzeiten-deterministische-und-probabilistische-betrachtungen\/\",\"name\":\"Aggregierte Ber\\u00fccksichtigung von Produktivit\\u00e4tsverlusten bei der Ermittlung von Baukosten und Bauzeiten \\u2013 Deterministische und probabilistische Betrachtungen\"}}]}]}<\/script>\n<!-- \/ Yoast SEO plugin. -->","_links":{"self":[{"href":"https:\/\/tugraztestweb.asol.at\/en\/wp-json\/wp\/v2\/product\/30661"}],"collection":[{"href":"https:\/\/tugraztestweb.asol.at\/en\/wp-json\/wp\/v2\/product"}],"about":[{"href":"https:\/\/tugraztestweb.asol.at\/en\/wp-json\/wp\/v2\/types\/product"}],"replies":[{"embeddable":true,"href":"https:\/\/tugraztestweb.asol.at\/en\/wp-json\/wp\/v2\/comments?post=30661"}],"wp:featuredmedia":[{"embeddable":true,"href":"https:\/\/tugraztestweb.asol.at\/en\/wp-json\/wp\/v2\/media\/40029"}],"wp:attachment":[{"href":"https:\/\/tugraztestweb.asol.at\/en\/wp-json\/wp\/v2\/media?parent=30661"}],"curies":[{"name":"wp","href":"https:\/\/api.w.org\/{rel}","templated":true}]}}