{"id":30664,"date":"2020-08-21T12:55:03","date_gmt":"2020-08-21T12:55:03","guid":{"rendered":"http:\/\/tugraztestweb.asol.at\/gesamtverzeichnis\/unkategorisiert\/in-mind\/"},"modified":"2020-08-21T14:56:03","modified_gmt":"2020-08-21T12:56:03","slug":"in-mind","status":"publish","type":"product","link":"https:\/\/tugraztestweb.asol.at\/en\/gesamtverzeichnis\/architektur\/in-mind\/","title":{"rendered":"In Mind"},"content":{"rendered":"<p class=\"qtranxs-available-languages-message qtranxs-available-languages-message-en\">Sorry, this entry is only available in <a href=\"https:\/\/tugraztestweb.asol.at\/de\/wp-json\/wp\/v2\/product\/30664\" class=\"qtranxs-available-language-link qtranxs-available-language-link-de\" title=\"Deutsch\">Deutsch<\/a>.<\/p><p>Es geht um die Flucht von Syrien, \u00fcber die T\u00fcrkei nach Griechenland und durch europ\u00e4ische Oststaaten nach \u00d6sterreich. Die Hauptprotagonisten begegnen auf dieser Route unter anderem Wegen, Bereichen, Knotenpunkten, Heterotopien und transitorischen R\u00e4umen. Diese durchwanderten R\u00e4ume und Orte, werden in Form einer Graphic Novel analysiert und interpretiert. Sie kommunizieren mit dem Leser \u00fcber Reime, um den Bildern eine interpretierbare Atmosph\u00e4re zu verschaffen. In der Erz\u00e4hlung bewegt man sich in der Welt der Erinnerung, was bedeutet, dass die dargestellten Orte nicht der Realit\u00e4t entsprechen, sondern der Wahrnehmung syrischer Fl\u00fcchtlinge und von mir, dem Filter, zeichnerisch interpretiert wurden. Durch das Medium Graphic Novel war ich in der Lage, eine Geschichte der erinnerten R\u00e4ume zu entwerfen und diese bildlich sowie textlich darzustellen. Diese Graphic Novel bezieht sich auf Interviews gef\u00fchrt mit syrischen Fl\u00fcchtlingen, um den Mechanismus der Reise verstehen und analysieren zu k\u00f6nnen.<\/p>","protected":false},"excerpt":{"rendered":"<p class=\"qtranxs-available-languages-message qtranxs-available-languages-message-en\">Sorry, this entry is only available in <a href=\"https:\/\/tugraztestweb.asol.at\/de\/wp-json\/wp\/v2\/product\/30664\" class=\"qtranxs-available-language-link qtranxs-available-language-link-de\" title=\"Deutsch\">Deutsch<\/a>.<\/p>\n<p>Es geht um die Flucht von Syrien, \u00fcber die T\u00fcrkei nach Griechenland und durch europ\u00e4ische Oststaaten nach \u00d6sterreich. Die Hauptprotagonisten begegnen auf dieser Route unter anderem Wegen, Bereichen, Knotenpunkten, Heterotopien und transitorischen R\u00e4umen. Diese durchwanderten R\u00e4ume und Orte, werden in Form einer Graphic Novel analysiert und interpretiert. Sie kommunizieren mit dem Leser \u00fcber Reime, um den Bildern eine interpretierbare Atmosph\u00e4re zu verschaffen. In der Erz\u00e4hlung bewegt man sich in der Welt der Erinnerung, was bedeutet, dass die dargestellten Orte nicht der Realit\u00e4t entsprechen, sondern der Wahrnehmung syrischer Fl\u00fcchtlinge und von mir, dem Filter, zeichnerisch interpretiert wurden. Durch das Medium Graphic Novel war ich in der Lage, eine Geschichte der erinnerten R\u00e4ume zu entwerfen und diese bildlich sowie textlich darzustellen. Diese Graphic Novel bezieht sich auf Interviews gef\u00fchrt mit syrischen Fl\u00fcchtlingen, um den Mechanismus der Reise verstehen und analysieren zu k\u00f6nnen.<\/p>\n","protected":false},"featured_media":40030,"comment_status":"open","ping_status":"closed","template":"","meta":[],"yoast_head":"<!-- This site is optimized with the Yoast SEO plugin v16.1.1 - https:\/\/yoast.com\/wordpress\/plugins\/seo\/ -->\n<link rel=\"canonical\" href=\"https:\/\/tugraztestweb.asol.at\/en\/gesamtverzeichnis\/architektur\/in-mind\/\" \/>\n<meta property=\"og:locale\" content=\"en_US\" \/>\n<meta property=\"og:type\" content=\"article\" \/>\n<meta property=\"og:title\" content=\"In Mind - Verlag der TU Graz\" \/>\n<meta property=\"og:description\" content=\"Es geht um die Flucht von Syrien, \u00fcber die T\u00fcrkei nach Griechenland und durch europ\u00e4ische Oststaaten nach \u00d6sterreich. Die Hauptprotagonisten begegnen auf dieser Route unter anderem Wegen, Bereichen, Knotenpunkten, Heterotopien und transitorischen R\u00e4umen. Diese durchwanderten R\u00e4ume und Orte, werden in Form einer Graphic Novel analysiert und interpretiert. Sie kommunizieren mit dem Leser \u00fcber Reime, um den Bildern eine interpretierbare Atmosph\u00e4re zu verschaffen. In der Erz\u00e4hlung bewegt man sich in der Welt der Erinnerung, was bedeutet, dass die dargestellten Orte nicht der Realit\u00e4t entsprechen, sondern der Wahrnehmung syrischer Fl\u00fcchtlinge und von mir, dem Filter, zeichnerisch interpretiert wurden. Durch das Medium Graphic Novel war ich in der Lage, eine Geschichte der erinnerten R\u00e4ume zu entwerfen und diese bildlich sowie textlich darzustellen. Diese Graphic Novel bezieht sich auf Interviews gef\u00fchrt mit syrischen Fl\u00fcchtlingen, um den Mechanismus der Reise verstehen und analysieren zu k\u00f6nnen.\" \/>\n<meta property=\"og:url\" content=\"https:\/\/tugraztestweb.asol.at\/en\/gesamtverzeichnis\/architektur\/in-mind\/\" \/>\n<meta property=\"og:site_name\" content=\"Verlag der TU Graz\" \/>\n<meta property=\"article:modified_time\" content=\"2020-08-21T12:56:03+00:00\" \/>\n<meta property=\"og:image\" content=\"https:\/\/tugraztestweb.asol.at\/wp-content\/uploads\/2020\/08\/image-978-3-85125-463-1.jpg\" \/>\n\t<meta property=\"og:image:width\" content=\"576\" \/>\n\t<meta property=\"og:image:height\" content=\"788\" \/>\n<meta name=\"twitter:card\" content=\"summary_large_image\" \/>\n<meta name=\"twitter:label1\" content=\"Est. reading time\">\n\t<meta name=\"twitter:data1\" content=\"1 minute\">\n<script type=\"application\/ld+json\" class=\"yoast-schema-graph\">{\"@context\":\"https:\/\/schema.org\",\"@graph\":[{\"@type\":\"WebSite\",\"@id\":\"https:\/\/tugraztestweb.asol.at\/#website\",\"url\":\"https:\/\/tugraztestweb.asol.at\/\",\"name\":\"Verlag der TU Graz\",\"description\":\"Verlag der Technischen Universit\\u00e4t Graz\",\"potentialAction\":[{\"@type\":\"SearchAction\",\"target\":\"https:\/\/tugraztestweb.asol.at\/?s={search_term_string}\",\"query-input\":\"required name=search_term_string\"}],\"inLanguage\":\"en-US\"},{\"@type\":\"ImageObject\",\"@id\":\"https:\/\/tugraztestweb.asol.at\/en\/gesamtverzeichnis\/architektur\/in-mind\/#primaryimage\",\"inLanguage\":\"en-US\",\"url\":\"https:\/\/tugraztestweb.asol.at\/wp-content\/uploads\/2020\/08\/image-978-3-85125-463-1.jpg\",\"contentUrl\":\"https:\/\/tugraztestweb.asol.at\/wp-content\/uploads\/2020\/08\/image-978-3-85125-463-1.jpg\",\"width\":576,\"height\":788},{\"@type\":\"WebPage\",\"@id\":\"https:\/\/tugraztestweb.asol.at\/en\/gesamtverzeichnis\/architektur\/in-mind\/#webpage\",\"url\":\"https:\/\/tugraztestweb.asol.at\/en\/gesamtverzeichnis\/architektur\/in-mind\/\",\"name\":\"In Mind - Verlag der TU Graz\",\"isPartOf\":{\"@id\":\"https:\/\/tugraztestweb.asol.at\/#website\"},\"primaryImageOfPage\":{\"@id\":\"https:\/\/tugraztestweb.asol.at\/en\/gesamtverzeichnis\/architektur\/in-mind\/#primaryimage\"},\"datePublished\":\"2020-08-21T12:55:03+00:00\",\"dateModified\":\"2020-08-21T12:56:03+00:00\",\"breadcrumb\":{\"@id\":\"https:\/\/tugraztestweb.asol.at\/en\/gesamtverzeichnis\/architektur\/in-mind\/#breadcrumb\"},\"inLanguage\":\"en-US\",\"potentialAction\":[{\"@type\":\"ReadAction\",\"target\":[\"https:\/\/tugraztestweb.asol.at\/en\/gesamtverzeichnis\/architektur\/in-mind\/\"]}]},{\"@type\":\"BreadcrumbList\",\"@id\":\"https:\/\/tugraztestweb.asol.at\/en\/gesamtverzeichnis\/architektur\/in-mind\/#breadcrumb\",\"itemListElement\":[{\"@type\":\"ListItem\",\"position\":1,\"item\":{\"@type\":\"WebPage\",\"@id\":\"https:\/\/tugraztestweb.asol.at\/\",\"url\":\"https:\/\/tugraztestweb.asol.at\/\",\"name\":\"Home\"}},{\"@type\":\"ListItem\",\"position\":2,\"item\":{\"@type\":\"WebPage\",\"@id\":\"https:\/\/tugraztestweb.asol.at\/gesamtverzeichnis\/\",\"url\":\"https:\/\/tugraztestweb.asol.at\/gesamtverzeichnis\/\",\"name\":\"Gesamtverzeichnis\"}},{\"@type\":\"ListItem\",\"position\":3,\"item\":{\"@type\":\"WebPage\",\"@id\":\"https:\/\/tugraztestweb.asol.at\/en\/gesamtverzeichnis\/architektur\/in-mind\/\",\"url\":\"https:\/\/tugraztestweb.asol.at\/en\/gesamtverzeichnis\/architektur\/in-mind\/\",\"name\":\"In Mind\"}}]}]}<\/script>\n<!-- \/ Yoast SEO plugin. -->","_links":{"self":[{"href":"https:\/\/tugraztestweb.asol.at\/en\/wp-json\/wp\/v2\/product\/30664"}],"collection":[{"href":"https:\/\/tugraztestweb.asol.at\/en\/wp-json\/wp\/v2\/product"}],"about":[{"href":"https:\/\/tugraztestweb.asol.at\/en\/wp-json\/wp\/v2\/types\/product"}],"replies":[{"embeddable":true,"href":"https:\/\/tugraztestweb.asol.at\/en\/wp-json\/wp\/v2\/comments?post=30664"}],"wp:featuredmedia":[{"embeddable":true,"href":"https:\/\/tugraztestweb.asol.at\/en\/wp-json\/wp\/v2\/media\/40030"}],"wp:attachment":[{"href":"https:\/\/tugraztestweb.asol.at\/en\/wp-json\/wp\/v2\/media?parent=30664"}],"curies":[{"name":"wp","href":"https:\/\/api.w.org\/{rel}","templated":true}]}}