{"id":30673,"date":"2020-08-21T12:55:04","date_gmt":"2020-08-21T12:55:04","guid":{"rendered":"http:\/\/tugraztestweb.asol.at\/gesamtverzeichnis\/unkategorisiert\/beschaffung-knapper-rohstoffe\/"},"modified":"2020-08-21T14:56:04","modified_gmt":"2020-08-21T12:56:04","slug":"beschaffung-knapper-rohstoffe","status":"publish","type":"product","link":"https:\/\/tugraztestweb.asol.at\/en\/gesamtverzeichnis\/maschinenbau-und-wirtschaftswissenschaften\/beschaffung-knapper-rohstoffe\/","title":{"rendered":"Beschaffung knapper Rohstoffe"},"content":{"rendered":"<p class=\"qtranxs-available-languages-message qtranxs-available-languages-message-en\">Sorry, this entry is only available in <a href=\"https:\/\/tugraztestweb.asol.at\/de\/wp-json\/wp\/v2\/product\/30673\" class=\"qtranxs-available-language-link qtranxs-available-language-link-de\" title=\"Deutsch\">Deutsch<\/a>.<\/p><p>Unternehmen sind von unterschiedlichen Ressourcen abh\u00e4ngig, um ihrem Unternehmenszweck nachzukommen. Zu einem nachhaltigen Wettbewerbsvorteil verhelfen jedoch nicht alle Ressourcen, lediglich strategisch wichtige sind daf\u00fcr verantwortlich. Die Rohstoffbeschaffung wird allerdings dann kritisch, wenn Unternehmen auf einem von Knappheit gepr\u00e4gten Beschaffungsmarkt zu Konkurrenten werden. Zweifellos genie\u00dft der einen Wettbewerbsvorteil, dem es gelingt, einen privilegierten Zugang zu seinen Lieferanten zu finden.<br \/>\nDie vorliegende Forschungsarbeit greift diese Thematik auf und konzentriert sich auf die Identifizierung attraktivit\u00e4tsbeeinflussender Faktoren sowie ihren Einfluss auf die Customer Attractiveness. Das Wissen um relevante Attraktivit\u00e4tstreiber bef\u00e4higt Unternehmen, die eigene Attraktivit\u00e4t zu steigern und dadurch gegebenenfalls in den Genuss des Preferred Customer Status zu gelangen, d.h. einen privilegierten Zugang zu kritischen Lieferanten und daraus einen strategischen Wettbewerbsvorteil zu erhalten. Um der m\u00e4chtigen Position des Lieferanten Rechnung zu tragen wurde erg\u00e4nzend noch auf die Erfordernisse eines lauteren Wettbewerbs, Aspekte der Wettbewerbsbeschr\u00e4nkung durch Kartelle, Fragestellungen, die ein Missbrauch der Marktmacht mit sich bringt sowie die schuldhafte Verletzung vorvertraglicher Pflichten eingegangen.<\/p>","protected":false},"excerpt":{"rendered":"<p class=\"qtranxs-available-languages-message qtranxs-available-languages-message-en\">Sorry, this entry is only available in <a href=\"https:\/\/tugraztestweb.asol.at\/de\/wp-json\/wp\/v2\/product\/30673\" class=\"qtranxs-available-language-link qtranxs-available-language-link-de\" title=\"Deutsch\">Deutsch<\/a>.<\/p>\n<p>Unternehmen sind von unterschiedlichen Ressourcen abh\u00e4ngig, um ihrem Unternehmenszweck nachzukommen. Zu einem nachhaltigen Wettbewerbsvorteil verhelfen jedoch nicht alle Ressourcen, lediglich strategisch wichtige sind daf\u00fcr verantwortlich. Die Rohstoffbeschaffung wird allerdings dann kritisch, wenn Unternehmen auf einem von Knappheit gepr\u00e4gten Beschaffungsmarkt zu Konkurrenten werden. Zweifellos genie\u00dft der einen Wettbewerbsvorteil, dem es gelingt, einen privilegierten Zugang zu seinen Lieferanten zu finden.<br \/>\nDie vorliegende Forschungsarbeit greift diese Thematik auf und konzentriert sich auf die Identifizierung attraktivit\u00e4tsbeeinflussender Faktoren sowie ihren Einfluss auf die Customer Attractiveness. Das Wissen um relevante Attraktivit\u00e4tstreiber bef\u00e4higt Unternehmen, die eigene Attraktivit\u00e4t zu steigern und dadurch gegebenenfalls in den Genuss des Preferred Customer Status zu gelangen, d.h. einen privilegierten Zugang zu kritischen Lieferanten und daraus einen strategischen Wettbewerbsvorteil zu erhalten. Um der m\u00e4chtigen Position des Lieferanten Rechnung zu tragen wurde erg\u00e4nzend noch auf die Erfordernisse eines lauteren Wettbewerbs, Aspekte der Wettbewerbsbeschr\u00e4nkung durch Kartelle, Fragestellungen, die ein Missbrauch der Marktmacht mit sich bringt sowie die schuldhafte Verletzung vorvertraglicher Pflichten eingegangen.<\/p>\n","protected":false},"featured_media":40034,"comment_status":"open","ping_status":"closed","template":"","meta":[],"yoast_head":"<!-- This site is optimized with the Yoast SEO plugin v16.1.1 - https:\/\/yoast.com\/wordpress\/plugins\/seo\/ -->\n<link rel=\"canonical\" href=\"https:\/\/tugraztestweb.asol.at\/gesamtverzeichnis\/maschinenbau-und-wirtschaftswissenschaften\/beschaffung-knapper-rohstoffe\/\" \/>\n<meta property=\"og:locale\" content=\"en_US\" \/>\n<meta property=\"og:type\" content=\"article\" \/>\n<meta property=\"og:title\" content=\"Beschaffung knapper Rohstoffe - Verlag der TU Graz\" \/>\n<meta property=\"og:description\" content=\"Unternehmen sind von unterschiedlichen Ressourcen abh\u00e4ngig, um ihrem Unternehmenszweck nachzukommen. Zu einem nachhaltigen Wettbewerbsvorteil verhelfen jedoch nicht alle Ressourcen, lediglich strategisch wichtige sind daf\u00fcr verantwortlich. Die Rohstoffbeschaffung wird allerdings dann kritisch, wenn Unternehmen auf einem von Knappheit gepr\u00e4gten Beschaffungsmarkt zu Konkurrenten werden. Zweifellos genie\u00dft der einen Wettbewerbsvorteil, dem es gelingt, einen privilegierten Zugang zu seinen Lieferanten zu finden. Die vorliegende Forschungsarbeit greift diese Thematik auf und konzentriert sich auf die Identifizierung attraktivit\u00e4tsbeeinflussender Faktoren sowie ihren Einfluss auf die Customer Attractiveness. Das Wissen um relevante Attraktivit\u00e4tstreiber bef\u00e4higt Unternehmen, die eigene Attraktivit\u00e4t zu steigern und dadurch gegebenenfalls in den Genuss des Preferred Customer Status zu gelangen, d.h. einen privilegierten Zugang zu kritischen Lieferanten und daraus einen strategischen Wettbewerbsvorteil zu erhalten. Um der m\u00e4chtigen Position des Lieferanten Rechnung zu tragen wurde erg\u00e4nzend noch auf die Erfordernisse eines lauteren Wettbewerbs, Aspekte der Wettbewerbsbeschr\u00e4nkung durch Kartelle, Fragestellungen, die ein Missbrauch der Marktmacht mit sich bringt sowie die schuldhafte Verletzung vorvertraglicher Pflichten eingegangen.\" \/>\n<meta property=\"og:url\" content=\"https:\/\/tugraztestweb.asol.at\/gesamtverzeichnis\/maschinenbau-und-wirtschaftswissenschaften\/beschaffung-knapper-rohstoffe\/\" \/>\n<meta property=\"og:site_name\" content=\"Verlag der TU Graz\" \/>\n<meta property=\"article:modified_time\" content=\"2020-08-21T12:56:04+00:00\" \/>\n<meta property=\"og:image\" content=\"https:\/\/tugraztestweb.asol.at\/wp-content\/uploads\/2020\/08\/image-978-3-85125-459-4.jpg\" \/>\n\t<meta property=\"og:image:width\" content=\"519\" \/>\n\t<meta property=\"og:image:height\" content=\"747\" \/>\n<meta name=\"twitter:card\" content=\"summary_large_image\" \/>\n<meta name=\"twitter:label1\" content=\"Est. reading time\">\n\t<meta name=\"twitter:data1\" content=\"1 minute\">\n<script type=\"application\/ld+json\" class=\"yoast-schema-graph\">{\"@context\":\"https:\/\/schema.org\",\"@graph\":[{\"@type\":\"WebSite\",\"@id\":\"https:\/\/tugraztestweb.asol.at\/#website\",\"url\":\"https:\/\/tugraztestweb.asol.at\/\",\"name\":\"Verlag der TU Graz\",\"description\":\"Verlag der Technischen Universit\\u00e4t Graz\",\"potentialAction\":[{\"@type\":\"SearchAction\",\"target\":\"https:\/\/tugraztestweb.asol.at\/?s={search_term_string}\",\"query-input\":\"required name=search_term_string\"}],\"inLanguage\":\"en-US\"},{\"@type\":\"ImageObject\",\"@id\":\"https:\/\/tugraztestweb.asol.at\/gesamtverzeichnis\/maschinenbau-und-wirtschaftswissenschaften\/beschaffung-knapper-rohstoffe\/#primaryimage\",\"inLanguage\":\"en-US\",\"url\":\"https:\/\/tugraztestweb.asol.at\/wp-content\/uploads\/2020\/08\/image-978-3-85125-459-4.jpg\",\"contentUrl\":\"https:\/\/tugraztestweb.asol.at\/wp-content\/uploads\/2020\/08\/image-978-3-85125-459-4.jpg\",\"width\":519,\"height\":747},{\"@type\":\"WebPage\",\"@id\":\"https:\/\/tugraztestweb.asol.at\/gesamtverzeichnis\/maschinenbau-und-wirtschaftswissenschaften\/beschaffung-knapper-rohstoffe\/#webpage\",\"url\":\"https:\/\/tugraztestweb.asol.at\/gesamtverzeichnis\/maschinenbau-und-wirtschaftswissenschaften\/beschaffung-knapper-rohstoffe\/\",\"name\":\"Beschaffung knapper Rohstoffe - Verlag der TU Graz\",\"isPartOf\":{\"@id\":\"https:\/\/tugraztestweb.asol.at\/#website\"},\"primaryImageOfPage\":{\"@id\":\"https:\/\/tugraztestweb.asol.at\/gesamtverzeichnis\/maschinenbau-und-wirtschaftswissenschaften\/beschaffung-knapper-rohstoffe\/#primaryimage\"},\"datePublished\":\"2020-08-21T12:55:04+00:00\",\"dateModified\":\"2020-08-21T12:56:04+00:00\",\"breadcrumb\":{\"@id\":\"https:\/\/tugraztestweb.asol.at\/gesamtverzeichnis\/maschinenbau-und-wirtschaftswissenschaften\/beschaffung-knapper-rohstoffe\/#breadcrumb\"},\"inLanguage\":\"en-US\",\"potentialAction\":[{\"@type\":\"ReadAction\",\"target\":[\"https:\/\/tugraztestweb.asol.at\/gesamtverzeichnis\/maschinenbau-und-wirtschaftswissenschaften\/beschaffung-knapper-rohstoffe\/\"]}]},{\"@type\":\"BreadcrumbList\",\"@id\":\"https:\/\/tugraztestweb.asol.at\/gesamtverzeichnis\/maschinenbau-und-wirtschaftswissenschaften\/beschaffung-knapper-rohstoffe\/#breadcrumb\",\"itemListElement\":[{\"@type\":\"ListItem\",\"position\":1,\"item\":{\"@type\":\"WebPage\",\"@id\":\"https:\/\/tugraztestweb.asol.at\/\",\"url\":\"https:\/\/tugraztestweb.asol.at\/\",\"name\":\"Home\"}},{\"@type\":\"ListItem\",\"position\":2,\"item\":{\"@type\":\"WebPage\",\"@id\":\"https:\/\/tugraztestweb.asol.at\/gesamtverzeichnis\/\",\"url\":\"https:\/\/tugraztestweb.asol.at\/gesamtverzeichnis\/\",\"name\":\"Gesamtverzeichnis\"}},{\"@type\":\"ListItem\",\"position\":3,\"item\":{\"@type\":\"WebPage\",\"@id\":\"https:\/\/tugraztestweb.asol.at\/gesamtverzeichnis\/maschinenbau-und-wirtschaftswissenschaften\/beschaffung-knapper-rohstoffe\/\",\"url\":\"https:\/\/tugraztestweb.asol.at\/gesamtverzeichnis\/maschinenbau-und-wirtschaftswissenschaften\/beschaffung-knapper-rohstoffe\/\",\"name\":\"Beschaffung knapper Rohstoffe\"}}]}]}<\/script>\n<!-- \/ Yoast SEO plugin. -->","_links":{"self":[{"href":"https:\/\/tugraztestweb.asol.at\/en\/wp-json\/wp\/v2\/product\/30673"}],"collection":[{"href":"https:\/\/tugraztestweb.asol.at\/en\/wp-json\/wp\/v2\/product"}],"about":[{"href":"https:\/\/tugraztestweb.asol.at\/en\/wp-json\/wp\/v2\/types\/product"}],"replies":[{"embeddable":true,"href":"https:\/\/tugraztestweb.asol.at\/en\/wp-json\/wp\/v2\/comments?post=30673"}],"wp:featuredmedia":[{"embeddable":true,"href":"https:\/\/tugraztestweb.asol.at\/en\/wp-json\/wp\/v2\/media\/40034"}],"wp:attachment":[{"href":"https:\/\/tugraztestweb.asol.at\/en\/wp-json\/wp\/v2\/media?parent=30673"}],"curies":[{"name":"wp","href":"https:\/\/api.w.org\/{rel}","templated":true}]}}