{"id":30705,"date":"2020-08-21T12:55:08","date_gmt":"2020-08-21T12:55:08","guid":{"rendered":"http:\/\/tugraztestweb.asol.at\/gesamtverzeichnis\/unkategorisiert\/eninnov-08-10-symposium-energieinnovation-energiewende-2\/"},"modified":"2020-08-21T14:56:08","modified_gmt":"2020-08-21T12:56:08","slug":"eninnov-08-10-symposium-energieinnovation-kurzfassungsband-ebook","status":"publish","type":"product","link":"https:\/\/tugraztestweb.asol.at\/en\/gesamtverzeichnis\/elektrotechnik-und-informationstechnik\/eninnov-08-10-symposium-energieinnovation-kurzfassungsband-ebook\/","title":{"rendered":"EnInnov 08 &#8211; 10. Symposium Energieinnovation; Kurzfassungsband"},"content":{"rendered":"<p class=\"qtranxs-available-languages-message qtranxs-available-languages-message-en\">Sorry, this entry is only available in <a href=\"https:\/\/tugraztestweb.asol.at\/de\/wp-json\/wp\/v2\/product\/30705\" class=\"qtranxs-available-language-link qtranxs-available-language-link-de\" title=\"Deutsch\">Deutsch<\/a>.<\/p><p>Das Institut f\u00fcr Elektrizit\u00e4tswirtschaft und Energieinnovation der TU-Graz widmet sich in seinem nunmehr 10. Symposium eingehend der Thematik der Energieinnovation. Zahlreiche renommierte nationale sowie internationale Expertinnen und Experten sind wieder der Einladung in die steirische Landeshauptstadt gefolgt, um weit reichende Aspekte rund um den Faktor Energie eingehend zu beleuchten. Aufgrund der Dichte an hoch qualifizierten Vortragenden kann zudem ein Bogen der unterschiedlichen Aspekte von der Wissenschaft \u00fcber die Wirtschaft bis hin zur Politik gespannt werden, sodass zu Recht vom gr\u00f6\u00dften Universit\u00e4ts-Energiesymposium gesprochen werden kann.<\/p>","protected":false},"excerpt":{"rendered":"<p class=\"qtranxs-available-languages-message qtranxs-available-languages-message-en\">Sorry, this entry is only available in <a href=\"https:\/\/tugraztestweb.asol.at\/de\/wp-json\/wp\/v2\/product\/30705\" class=\"qtranxs-available-language-link qtranxs-available-language-link-de\" title=\"Deutsch\">Deutsch<\/a>.<\/p>\n<p>Das Institut f\u00fcr Elektrizit\u00e4tswirtschaft und Energieinnovation der TU-Graz widmet sich in seinem nunmehr 10. Symposium eingehend der Thematik der Energieinnovation. Zahlreiche renommierte nationale sowie internationale Expertinnen und Experten sind wieder der Einladung in die steirische Landeshauptstadt gefolgt, um weit reichende Aspekte rund um den Faktor Energie eingehend zu beleuchten. Aufgrund der Dichte an hoch qualifizierten Vortragenden kann zudem ein Bogen der unterschiedlichen Aspekte von der Wissenschaft \u00fcber die Wirtschaft bis hin zur Politik gespannt werden, sodass zu Recht vom gr\u00f6\u00dften Universit\u00e4ts-Energiesymposium gesprochen werden kann.<\/p>\n","protected":false},"featured_media":40050,"comment_status":"open","ping_status":"closed","template":"","meta":[],"yoast_head":"<!-- This site is optimized with the Yoast SEO plugin v16.1.1 - https:\/\/yoast.com\/wordpress\/plugins\/seo\/ -->\n<link rel=\"canonical\" href=\"https:\/\/tugraztestweb.asol.at\/en\/gesamtverzeichnis\/elektrotechnik-und-informationstechnik\/eninnov-08-10-symposium-energieinnovation-kurzfassungsband-ebook\/\" \/>\n<meta property=\"og:locale\" content=\"en_US\" \/>\n<meta property=\"og:type\" content=\"article\" \/>\n<meta property=\"og:title\" content=\"EnInnov 08 - 10. Symposium Energieinnovation; Kurzfassungsband - Verlag der TU Graz\" \/>\n<meta property=\"og:description\" content=\"Das Institut f\u00fcr Elektrizit\u00e4tswirtschaft und Energieinnovation der TU-Graz widmet sich in seinem nunmehr 10. Symposium eingehend der Thematik der Energieinnovation. Zahlreiche renommierte nationale sowie internationale Expertinnen und Experten sind wieder der Einladung in die steirische Landeshauptstadt gefolgt, um weit reichende Aspekte rund um den Faktor Energie eingehend zu beleuchten. Aufgrund der Dichte an hoch qualifizierten Vortragenden kann zudem ein Bogen der unterschiedlichen Aspekte von der Wissenschaft \u00fcber die Wirtschaft bis hin zur Politik gespannt werden, sodass zu Recht vom gr\u00f6\u00dften Universit\u00e4ts-Energiesymposium gesprochen werden kann.\" \/>\n<meta property=\"og:url\" content=\"https:\/\/tugraztestweb.asol.at\/en\/gesamtverzeichnis\/elektrotechnik-und-informationstechnik\/eninnov-08-10-symposium-energieinnovation-kurzfassungsband-ebook\/\" \/>\n<meta property=\"og:site_name\" content=\"Verlag der TU Graz\" \/>\n<meta property=\"article:modified_time\" content=\"2020-08-21T12:56:08+00:00\" \/>\n<meta property=\"og:image\" content=\"https:\/\/tugraztestweb.asol.at\/wp-content\/uploads\/2020\/08\/image-709.jpg\" \/>\n\t<meta property=\"og:image:width\" content=\"1803\" \/>\n\t<meta property=\"og:image:height\" content=\"2560\" \/>\n<meta name=\"twitter:card\" content=\"summary_large_image\" \/>\n<script type=\"application\/ld+json\" class=\"yoast-schema-graph\">{\"@context\":\"https:\/\/schema.org\",\"@graph\":[{\"@type\":\"WebSite\",\"@id\":\"https:\/\/tugraztestweb.asol.at\/#website\",\"url\":\"https:\/\/tugraztestweb.asol.at\/\",\"name\":\"Verlag der TU Graz\",\"description\":\"Verlag der Technischen Universit\\u00e4t Graz\",\"potentialAction\":[{\"@type\":\"SearchAction\",\"target\":\"https:\/\/tugraztestweb.asol.at\/?s={search_term_string}\",\"query-input\":\"required name=search_term_string\"}],\"inLanguage\":\"en-US\"},{\"@type\":\"ImageObject\",\"@id\":\"https:\/\/tugraztestweb.asol.at\/en\/gesamtverzeichnis\/elektrotechnik-und-informationstechnik\/eninnov-08-10-symposium-energieinnovation-kurzfassungsband-ebook\/#primaryimage\",\"inLanguage\":\"en-US\",\"url\":\"https:\/\/tugraztestweb.asol.at\/wp-content\/uploads\/2020\/08\/image-709.jpg\",\"contentUrl\":\"https:\/\/tugraztestweb.asol.at\/wp-content\/uploads\/2020\/08\/image-709.jpg\",\"width\":1803,\"height\":2560},{\"@type\":\"WebPage\",\"@id\":\"https:\/\/tugraztestweb.asol.at\/en\/gesamtverzeichnis\/elektrotechnik-und-informationstechnik\/eninnov-08-10-symposium-energieinnovation-kurzfassungsband-ebook\/#webpage\",\"url\":\"https:\/\/tugraztestweb.asol.at\/en\/gesamtverzeichnis\/elektrotechnik-und-informationstechnik\/eninnov-08-10-symposium-energieinnovation-kurzfassungsband-ebook\/\",\"name\":\"EnInnov 08 - 10. Symposium Energieinnovation; Kurzfassungsband - Verlag der TU Graz\",\"isPartOf\":{\"@id\":\"https:\/\/tugraztestweb.asol.at\/#website\"},\"primaryImageOfPage\":{\"@id\":\"https:\/\/tugraztestweb.asol.at\/en\/gesamtverzeichnis\/elektrotechnik-und-informationstechnik\/eninnov-08-10-symposium-energieinnovation-kurzfassungsband-ebook\/#primaryimage\"},\"datePublished\":\"2020-08-21T12:55:08+00:00\",\"dateModified\":\"2020-08-21T12:56:08+00:00\",\"breadcrumb\":{\"@id\":\"https:\/\/tugraztestweb.asol.at\/en\/gesamtverzeichnis\/elektrotechnik-und-informationstechnik\/eninnov-08-10-symposium-energieinnovation-kurzfassungsband-ebook\/#breadcrumb\"},\"inLanguage\":\"en-US\",\"potentialAction\":[{\"@type\":\"ReadAction\",\"target\":[\"https:\/\/tugraztestweb.asol.at\/en\/gesamtverzeichnis\/elektrotechnik-und-informationstechnik\/eninnov-08-10-symposium-energieinnovation-kurzfassungsband-ebook\/\"]}]},{\"@type\":\"BreadcrumbList\",\"@id\":\"https:\/\/tugraztestweb.asol.at\/en\/gesamtverzeichnis\/elektrotechnik-und-informationstechnik\/eninnov-08-10-symposium-energieinnovation-kurzfassungsband-ebook\/#breadcrumb\",\"itemListElement\":[{\"@type\":\"ListItem\",\"position\":1,\"item\":{\"@type\":\"WebPage\",\"@id\":\"https:\/\/tugraztestweb.asol.at\/\",\"url\":\"https:\/\/tugraztestweb.asol.at\/\",\"name\":\"Home\"}},{\"@type\":\"ListItem\",\"position\":2,\"item\":{\"@type\":\"WebPage\",\"@id\":\"https:\/\/tugraztestweb.asol.at\/gesamtverzeichnis\/\",\"url\":\"https:\/\/tugraztestweb.asol.at\/gesamtverzeichnis\/\",\"name\":\"Gesamtverzeichnis\"}},{\"@type\":\"ListItem\",\"position\":3,\"item\":{\"@type\":\"WebPage\",\"@id\":\"https:\/\/tugraztestweb.asol.at\/en\/gesamtverzeichnis\/elektrotechnik-und-informationstechnik\/eninnov-08-10-symposium-energieinnovation-kurzfassungsband-ebook\/\",\"url\":\"https:\/\/tugraztestweb.asol.at\/en\/gesamtverzeichnis\/elektrotechnik-und-informationstechnik\/eninnov-08-10-symposium-energieinnovation-kurzfassungsband-ebook\/\",\"name\":\"EnInnov 08 &#8211; 10. Symposium Energieinnovation; Kurzfassungsband\"}}]}]}<\/script>\n<!-- \/ Yoast SEO plugin. -->","_links":{"self":[{"href":"https:\/\/tugraztestweb.asol.at\/en\/wp-json\/wp\/v2\/product\/30705"}],"collection":[{"href":"https:\/\/tugraztestweb.asol.at\/en\/wp-json\/wp\/v2\/product"}],"about":[{"href":"https:\/\/tugraztestweb.asol.at\/en\/wp-json\/wp\/v2\/types\/product"}],"replies":[{"embeddable":true,"href":"https:\/\/tugraztestweb.asol.at\/en\/wp-json\/wp\/v2\/comments?post=30705"}],"wp:featuredmedia":[{"embeddable":true,"href":"https:\/\/tugraztestweb.asol.at\/en\/wp-json\/wp\/v2\/media\/40050"}],"wp:attachment":[{"href":"https:\/\/tugraztestweb.asol.at\/en\/wp-json\/wp\/v2\/media?parent=30705"}],"curies":[{"name":"wp","href":"https:\/\/api.w.org\/{rel}","templated":true}]}}