{"id":30707,"date":"2020-08-21T12:55:08","date_gmt":"2020-08-21T12:55:08","guid":{"rendered":"http:\/\/tugraztestweb.asol.at\/gesamtverzeichnis\/unkategorisiert\/eninnov2010-11-symposium-energieinnovation-3\/"},"modified":"2020-08-21T14:56:08","modified_gmt":"2020-08-21T12:56:08","slug":"eninnov2010-11-symposium-energieinnovation-kurzfassungsband-ebook","status":"publish","type":"product","link":"https:\/\/tugraztestweb.asol.at\/en\/gesamtverzeichnis\/elektrotechnik-und-informationstechnik\/eninnov2010-11-symposium-energieinnovation-kurzfassungsband-ebook\/","title":{"rendered":"EnInnov2010 &#8211; 11. Symposium Energieinnovation; Kurzfassungsband"},"content":{"rendered":"<p class=\"qtranxs-available-languages-message qtranxs-available-languages-message-en\">Sorry, this entry is only available in <a href=\"https:\/\/tugraztestweb.asol.at\/de\/wp-json\/wp\/v2\/product\/30707\" class=\"qtranxs-available-language-link qtranxs-available-language-link-de\" title=\"Deutsch\">Deutsch<\/a>.<\/p><p>Energiewirtschaftliche Zielsetzungen umfassen seit jeher die Energieversorgung<\/p>\n<p>ausreichend,<br \/>\nsicher,<br \/>\nkosteng\u00fcnstig,<br \/>\numwelt- und sozialvertr\u00e4glich<\/p>\n<p>zu gestalten, um eine notwendige Basis f\u00fcr eine gedeihliche Entwicklung von Gesellschaft und Wirtschaft zu haben. Obwohl die \u00fcbergeordneten energiewirtschaftlichen Ziele weitestgehend gleich geblieben sind, haben sich die Umfeldbedingungen in den letzten Jahren stark ver\u00e4ndert.<br \/>\nEin Blick auf die Entwicklung der Energiepreise und hier vor allem auf den Erd\u00f6lpreis als<br \/>\nLeitindikator zeigt, dass dieser zunehmend gr\u00f6\u00dferen Schwankungen unterworfen ist und somit unberechenbarer wird. Damit verbunden sind Fragen im Zusammenhang mit der Versorgungssicherheit.<br \/>\nDie gro\u00dfe Abh\u00e4ngigkeit der EU von fossilen Energieimporten wurde u.a. durch die<br \/>\nGaslieferengp\u00e4sse im J\u00e4nner 2009 best\u00e4tigt.<br \/>\nUnser Klima \u00e4ndert sich und diese Ver\u00e4nderung ist zu einem hohen Anteil durch menschliche Aktivit\u00e4ten verursacht. Um die globalen Auswirkungen m\u00f6glichst gering zu halten, darf der Temperaturanstieg ein bestimmtes Niveau nicht \u00fcberschreiten. Die in den kommenden Jahren gesetzten Ma\u00dfnahmen haben daher entscheidenden Einfluss auf die weitere Entwicklung.<br \/>\nEine L\u00f6sung dieser an sich schon sehr gro\u00dfen Herausforderungen wurden im letzten Jahr durch die aufgrund einer Krise im Finanzsektor verursachten Wirtschaftskrise weiter erschwert.<br \/>\nAndererseits kann der Energiesektor durch seine wachstumsstimulierenden Effekte positiv zur Bew\u00e4ltigung der schwierigen wirtschaftlichen Situation beitragen.<br \/>\nEs ist daher erforderlich, die bisher allgemein g\u00fcltigen L\u00f6sungsans\u00e4tze zu \u00fcberdenken und an die ge\u00e4nderten Rahmenbedingungen entsprechend anzupassen. Die L\u00f6sungsans\u00e4tze m\u00fcssen neben der Ausgestaltung der europ\u00e4ischen Wirtschaftsordnung inkl. regulatorischer Fragestellungen vor allem die Energieaufbringung (Erneuerbare Energien, Innovative Energietechnologien), Energieverteilungssysteme und auch bedarfsseitige Ma\u00dfnahmen betreffen.<br \/>\nWissenschaft, Wirtschaft sowie Politik und Verwaltung sind daher gefordert, entsprechende<br \/>\nBeitr\u00e4ge f\u00fcr die gedeihliche Entwicklung der europ\u00e4ischen Energiewirtschaft und Gesellschaft zu leisten und diese Beitr\u00e4ge werden im Rahmen des 11. Symposiums Energieinnovation pr\u00e4sentiert und diskutiert.<\/p>","protected":false},"excerpt":{"rendered":"<p class=\"qtranxs-available-languages-message qtranxs-available-languages-message-en\">Sorry, this entry is only available in <a href=\"https:\/\/tugraztestweb.asol.at\/de\/wp-json\/wp\/v2\/product\/30707\" class=\"qtranxs-available-language-link qtranxs-available-language-link-de\" title=\"Deutsch\">Deutsch<\/a>.<\/p>\n<p>Energiewirtschaftliche Zielsetzungen umfassen seit jeher die Energieversorgung<\/p>\n<p>ausreichend,<br \/>\nsicher,<br \/>\nkosteng\u00fcnstig,<br \/>\numwelt- und sozialvertr\u00e4glich<\/p>\n<p>zu gestalten, um eine notwendige Basis f\u00fcr eine gedeihliche Entwicklung von Gesellschaft und Wirtschaft zu haben. Obwohl die \u00fcbergeordneten energiewirtschaftlichen Ziele weitestgehend gleich geblieben sind, haben sich die Umfeldbedingungen in den letzten Jahren stark ver\u00e4ndert.<br \/>\nEin Blick auf die Entwicklung der Energiepreise und hier vor allem auf den Erd\u00f6lpreis als<br \/>\nLeitindikator zeigt, dass dieser zunehmend gr\u00f6\u00dferen Schwankungen unterworfen ist und somit unberechenbarer wird. Damit verbunden sind Fragen im Zusammenhang mit der Versorgungssicherheit.<br \/>\nDie gro\u00dfe Abh\u00e4ngigkeit der EU von fossilen Energieimporten wurde u.a. durch die<br \/>\nGaslieferengp\u00e4sse im J\u00e4nner 2009 best\u00e4tigt.<br \/>\nUnser Klima \u00e4ndert sich und diese Ver\u00e4nderung ist zu einem hohen Anteil durch menschliche Aktivit\u00e4ten verursacht. Um die globalen Auswirkungen m\u00f6glichst gering zu halten, darf der Temperaturanstieg ein bestimmtes Niveau nicht \u00fcberschreiten. Die in den kommenden Jahren gesetzten Ma\u00dfnahmen haben daher entscheidenden Einfluss auf die weitere Entwicklung.<br \/>\nEine L\u00f6sung dieser an sich schon sehr gro\u00dfen Herausforderungen wurden im letzten Jahr durch die aufgrund einer Krise im Finanzsektor verursachten Wirtschaftskrise weiter erschwert.<br \/>\nAndererseits kann der Energiesektor durch seine wachstumsstimulierenden Effekte positiv zur Bew\u00e4ltigung der schwierigen wirtschaftlichen Situation beitragen.<br \/>\nEs ist daher erforderlich, die bisher allgemein g\u00fcltigen L\u00f6sungsans\u00e4tze zu \u00fcberdenken und an die ge\u00e4nderten Rahmenbedingungen entsprechend anzupassen. Die L\u00f6sungsans\u00e4tze m\u00fcssen neben der Ausgestaltung der europ\u00e4ischen Wirtschaftsordnung inkl. regulatorischer Fragestellungen vor allem die Energieaufbringung (Erneuerbare Energien, Innovative Energietechnologien), Energieverteilungssysteme und auch bedarfsseitige Ma\u00dfnahmen betreffen.<br \/>\nWissenschaft, Wirtschaft sowie Politik und Verwaltung sind daher gefordert, entsprechende<br \/>\nBeitr\u00e4ge f\u00fcr die gedeihliche Entwicklung der europ\u00e4ischen Energiewirtschaft und Gesellschaft zu leisten und diese Beitr\u00e4ge werden im Rahmen des 11. Symposiums Energieinnovation pr\u00e4sentiert und diskutiert.<\/p>\n","protected":false},"featured_media":40051,"comment_status":"open","ping_status":"closed","template":"","meta":[],"yoast_head":"<!-- This site is optimized with the Yoast SEO plugin v16.1.1 - https:\/\/yoast.com\/wordpress\/plugins\/seo\/ -->\n<link rel=\"canonical\" href=\"https:\/\/tugraztestweb.asol.at\/en\/gesamtverzeichnis\/elektrotechnik-und-informationstechnik\/eninnov2010-11-symposium-energieinnovation-kurzfassungsband-ebook\/\" \/>\n<meta property=\"og:locale\" content=\"en_US\" \/>\n<meta property=\"og:type\" content=\"article\" \/>\n<meta property=\"og:title\" content=\"EnInnov2010 - 11. Symposium Energieinnovation; Kurzfassungsband - Verlag der TU Graz\" \/>\n<meta property=\"og:description\" content=\"Energiewirtschaftliche Zielsetzungen umfassen seit jeher die Energieversorgung ausreichend, sicher, kosteng\u00fcnstig, umwelt- und sozialvertr\u00e4glich zu gestalten, um eine notwendige Basis f\u00fcr eine gedeihliche Entwicklung von Gesellschaft und Wirtschaft zu haben. Obwohl die \u00fcbergeordneten energiewirtschaftlichen Ziele weitestgehend gleich geblieben sind, haben sich die Umfeldbedingungen in den letzten Jahren stark ver\u00e4ndert. Ein Blick auf die Entwicklung der Energiepreise und hier vor allem auf den Erd\u00f6lpreis als Leitindikator zeigt, dass dieser zunehmend gr\u00f6\u00dferen Schwankungen unterworfen ist und somit unberechenbarer wird. Damit verbunden sind Fragen im Zusammenhang mit der Versorgungssicherheit. Die gro\u00dfe Abh\u00e4ngigkeit der EU von fossilen Energieimporten wurde u.a. durch die Gaslieferengp\u00e4sse im J\u00e4nner 2009 best\u00e4tigt. Unser Klima \u00e4ndert sich und diese Ver\u00e4nderung ist zu einem hohen Anteil durch menschliche Aktivit\u00e4ten verursacht. Um die globalen Auswirkungen m\u00f6glichst gering zu halten, darf der Temperaturanstieg ein bestimmtes Niveau nicht \u00fcberschreiten. Die in den kommenden Jahren gesetzten Ma\u00dfnahmen haben daher entscheidenden Einfluss auf die weitere Entwicklung. Eine L\u00f6sung dieser an sich schon sehr gro\u00dfen Herausforderungen wurden im letzten Jahr durch die aufgrund einer Krise im Finanzsektor verursachten Wirtschaftskrise weiter erschwert. Andererseits kann der Energiesektor durch seine wachstumsstimulierenden Effekte positiv zur Bew\u00e4ltigung der schwierigen wirtschaftlichen Situation beitragen. Es ist daher erforderlich, die bisher allgemein g\u00fcltigen L\u00f6sungsans\u00e4tze zu \u00fcberdenken und an die ge\u00e4nderten Rahmenbedingungen entsprechend anzupassen. Die L\u00f6sungsans\u00e4tze m\u00fcssen neben der Ausgestaltung der europ\u00e4ischen Wirtschaftsordnung inkl. regulatorischer Fragestellungen vor allem die Energieaufbringung (Erneuerbare Energien, Innovative Energietechnologien), Energieverteilungssysteme und auch bedarfsseitige Ma\u00dfnahmen betreffen. Wissenschaft, Wirtschaft sowie Politik und Verwaltung sind daher gefordert, entsprechende Beitr\u00e4ge f\u00fcr die gedeihliche Entwicklung der europ\u00e4ischen Energiewirtschaft und Gesellschaft zu leisten und diese Beitr\u00e4ge werden im Rahmen des 11. Symposiums Energieinnovation pr\u00e4sentiert und diskutiert.\" \/>\n<meta property=\"og:url\" content=\"https:\/\/tugraztestweb.asol.at\/en\/gesamtverzeichnis\/elektrotechnik-und-informationstechnik\/eninnov2010-11-symposium-energieinnovation-kurzfassungsband-ebook\/\" \/>\n<meta property=\"og:site_name\" content=\"Verlag der TU Graz\" \/>\n<meta property=\"article:modified_time\" content=\"2020-08-21T12:56:08+00:00\" \/>\n<meta property=\"og:image\" content=\"https:\/\/tugraztestweb.asol.at\/wp-content\/uploads\/2020\/08\/image-710.jpg\" \/>\n\t<meta property=\"og:image:width\" content=\"540\" \/>\n\t<meta property=\"og:image:height\" content=\"767\" \/>\n<meta name=\"twitter:card\" content=\"summary_large_image\" \/>\n<meta name=\"twitter:label1\" content=\"Est. reading time\">\n\t<meta name=\"twitter:data1\" content=\"1 minute\">\n<script type=\"application\/ld+json\" class=\"yoast-schema-graph\">{\"@context\":\"https:\/\/schema.org\",\"@graph\":[{\"@type\":\"WebSite\",\"@id\":\"https:\/\/tugraztestweb.asol.at\/#website\",\"url\":\"https:\/\/tugraztestweb.asol.at\/\",\"name\":\"Verlag der TU Graz\",\"description\":\"Verlag der Technischen Universit\\u00e4t Graz\",\"potentialAction\":[{\"@type\":\"SearchAction\",\"target\":\"https:\/\/tugraztestweb.asol.at\/?s={search_term_string}\",\"query-input\":\"required name=search_term_string\"}],\"inLanguage\":\"en-US\"},{\"@type\":\"ImageObject\",\"@id\":\"https:\/\/tugraztestweb.asol.at\/en\/gesamtverzeichnis\/elektrotechnik-und-informationstechnik\/eninnov2010-11-symposium-energieinnovation-kurzfassungsband-ebook\/#primaryimage\",\"inLanguage\":\"en-US\",\"url\":\"https:\/\/tugraztestweb.asol.at\/wp-content\/uploads\/2020\/08\/image-710.jpg\",\"contentUrl\":\"https:\/\/tugraztestweb.asol.at\/wp-content\/uploads\/2020\/08\/image-710.jpg\",\"width\":540,\"height\":767},{\"@type\":\"WebPage\",\"@id\":\"https:\/\/tugraztestweb.asol.at\/en\/gesamtverzeichnis\/elektrotechnik-und-informationstechnik\/eninnov2010-11-symposium-energieinnovation-kurzfassungsband-ebook\/#webpage\",\"url\":\"https:\/\/tugraztestweb.asol.at\/en\/gesamtverzeichnis\/elektrotechnik-und-informationstechnik\/eninnov2010-11-symposium-energieinnovation-kurzfassungsband-ebook\/\",\"name\":\"EnInnov2010 - 11. Symposium Energieinnovation; Kurzfassungsband - Verlag der TU Graz\",\"isPartOf\":{\"@id\":\"https:\/\/tugraztestweb.asol.at\/#website\"},\"primaryImageOfPage\":{\"@id\":\"https:\/\/tugraztestweb.asol.at\/en\/gesamtverzeichnis\/elektrotechnik-und-informationstechnik\/eninnov2010-11-symposium-energieinnovation-kurzfassungsband-ebook\/#primaryimage\"},\"datePublished\":\"2020-08-21T12:55:08+00:00\",\"dateModified\":\"2020-08-21T12:56:08+00:00\",\"breadcrumb\":{\"@id\":\"https:\/\/tugraztestweb.asol.at\/en\/gesamtverzeichnis\/elektrotechnik-und-informationstechnik\/eninnov2010-11-symposium-energieinnovation-kurzfassungsband-ebook\/#breadcrumb\"},\"inLanguage\":\"en-US\",\"potentialAction\":[{\"@type\":\"ReadAction\",\"target\":[\"https:\/\/tugraztestweb.asol.at\/en\/gesamtverzeichnis\/elektrotechnik-und-informationstechnik\/eninnov2010-11-symposium-energieinnovation-kurzfassungsband-ebook\/\"]}]},{\"@type\":\"BreadcrumbList\",\"@id\":\"https:\/\/tugraztestweb.asol.at\/en\/gesamtverzeichnis\/elektrotechnik-und-informationstechnik\/eninnov2010-11-symposium-energieinnovation-kurzfassungsband-ebook\/#breadcrumb\",\"itemListElement\":[{\"@type\":\"ListItem\",\"position\":1,\"item\":{\"@type\":\"WebPage\",\"@id\":\"https:\/\/tugraztestweb.asol.at\/\",\"url\":\"https:\/\/tugraztestweb.asol.at\/\",\"name\":\"Home\"}},{\"@type\":\"ListItem\",\"position\":2,\"item\":{\"@type\":\"WebPage\",\"@id\":\"https:\/\/tugraztestweb.asol.at\/gesamtverzeichnis\/\",\"url\":\"https:\/\/tugraztestweb.asol.at\/gesamtverzeichnis\/\",\"name\":\"Gesamtverzeichnis\"}},{\"@type\":\"ListItem\",\"position\":3,\"item\":{\"@type\":\"WebPage\",\"@id\":\"https:\/\/tugraztestweb.asol.at\/en\/gesamtverzeichnis\/elektrotechnik-und-informationstechnik\/eninnov2010-11-symposium-energieinnovation-kurzfassungsband-ebook\/\",\"url\":\"https:\/\/tugraztestweb.asol.at\/en\/gesamtverzeichnis\/elektrotechnik-und-informationstechnik\/eninnov2010-11-symposium-energieinnovation-kurzfassungsband-ebook\/\",\"name\":\"EnInnov2010 &#8211; 11. Symposium Energieinnovation; Kurzfassungsband\"}}]}]}<\/script>\n<!-- \/ Yoast SEO plugin. -->","_links":{"self":[{"href":"https:\/\/tugraztestweb.asol.at\/en\/wp-json\/wp\/v2\/product\/30707"}],"collection":[{"href":"https:\/\/tugraztestweb.asol.at\/en\/wp-json\/wp\/v2\/product"}],"about":[{"href":"https:\/\/tugraztestweb.asol.at\/en\/wp-json\/wp\/v2\/types\/product"}],"replies":[{"embeddable":true,"href":"https:\/\/tugraztestweb.asol.at\/en\/wp-json\/wp\/v2\/comments?post=30707"}],"wp:featuredmedia":[{"embeddable":true,"href":"https:\/\/tugraztestweb.asol.at\/en\/wp-json\/wp\/v2\/media\/40051"}],"wp:attachment":[{"href":"https:\/\/tugraztestweb.asol.at\/en\/wp-json\/wp\/v2\/media?parent=30707"}],"curies":[{"name":"wp","href":"https:\/\/api.w.org\/{rel}","templated":true}]}}