{"id":30711,"date":"2020-08-21T12:55:08","date_gmt":"2020-08-21T12:55:08","guid":{"rendered":"http:\/\/tugraztestweb.asol.at\/gesamtverzeichnis\/unkategorisiert\/eninnov2014-13-symposium-energieinnovation-3\/"},"modified":"2020-08-21T14:56:08","modified_gmt":"2020-08-21T12:56:08","slug":"eninnov2014-13-symposium-energieinnovation-kurzfassungsband-ebook","status":"publish","type":"product","link":"https:\/\/tugraztestweb.asol.at\/en\/gesamtverzeichnis\/elektrotechnik-und-informationstechnik\/eninnov2014-13-symposium-energieinnovation-kurzfassungsband-ebook\/","title":{"rendered":"EnInnov2014 &#8211; 13. Symposium Energieinnovation; Kurzfassungsband"},"content":{"rendered":"<p class=\"qtranxs-available-languages-message qtranxs-available-languages-message-en\">Sorry, this entry is only available in <a href=\"https:\/\/tugraztestweb.asol.at\/de\/wp-json\/wp\/v2\/product\/30711\" class=\"qtranxs-available-language-link qtranxs-available-language-link-de\" title=\"Deutsch\">Deutsch<\/a>.<\/p><p>In den letzten Jahren&nbsp;wurden gro\u00dfe Fortschritte beider Nutzung<br \/>\nerneuerbarer Energien erzielt, wobei die&nbsp;Entwicklungen in den<br \/>\nBereichen&nbsp;Windkraftnutzung und Photovoltaik&nbsp;besonders&nbsp;<br \/>\nhervorzuheben&nbsp;sind.&nbsp;&nbsp; Diese&nbsp;Entwicklungen&nbsp; haben&nbsp;unter anderem dazu<br \/>\ngef\u00fchrt, dass einerseits die Preise an den europ\u00e4ischen Stromb\u00f6rsen zum<br \/>\nTeil massiv eingebrochen&nbsp;sind und andererseits die F\u00f6rdervoluminaf\u00fcr die<br \/>\n Nutzung&nbsp;erneuerbarer&nbsp; Energien&nbsp;stark&nbsp;&nbsp; zugenommen haben.&nbsp;Im&nbsp;<br \/>\nFalle&nbsp;der&nbsp;&nbsp; stark zunehmenden&nbsp;&nbsp;intermittierenden&nbsp;&nbsp;<br \/>\nStromerzeugung&nbsp;&nbsp;betreffen&nbsp;&nbsp;&nbsp; k\u00fcnftige&nbsp;&nbsp;Aufgabenstellungen vor allem&nbsp;die<br \/>\nBereiche Stromtransport, die&nbsp;Integration in das Gesamtsystem&nbsp;sowie<br \/>\nL\u00f6sungen hinsichtlich des&nbsp;zunehmenden Speicherbedarfes. Parallel dazu<br \/>\nfindet eine Flexibilisierung&nbsp;des gesamten Energiesystems von&nbsp;der<br \/>\nErzeugung \u00fcber die Verteilung bis hin zum Verbraucher statt.<br \/>\nDar\u00fcber&nbsp;&nbsp;hinaus&nbsp;&nbsp; wurde&nbsp;&nbsp;bisher&nbsp;&nbsp;&nbsp; der&nbsp;&nbsp;Fokus&nbsp;&nbsp; prim\u00e4r&nbsp;&nbsp;auf&nbsp;&nbsp;&nbsp;<br \/>\naufbringungsseitige Fragestellungen gelegt und nachfrageseitige&nbsp;Aspekte<br \/>\ntendenziell geringer beachtet. Aktuelle&nbsp;Bestrebungen&nbsp; der&nbsp;Europ\u00e4ischen&nbsp;&nbsp;<br \/>\n Union&nbsp;erfordern&nbsp; k\u00fcnftig&nbsp;die&nbsp;&nbsp; st\u00e4rkere Ber\u00fccksichtigung&nbsp;von&nbsp;<br \/>\nEnergieeffizienz&nbsp;und -management,&nbsp;beispielsweise&nbsp; durch Umsetzung der<br \/>\nEnergieeffizienz-Richtlinie. Diesen&nbsp;Gegebenheiten&nbsp; muss&nbsp;das&nbsp;&nbsp;<br \/>\nMarktsystem&nbsp;bzw.&nbsp; die&nbsp;Aufbau- und&nbsp;Ablauforganisation entsprechend<br \/>\nRechnung tragen, um auch k\u00fcnftig das Funktionieren des Gesamtsystems<br \/>\nsicherzustellen. Es ist&nbsp;daher erforderlich, die<br \/>\nbisherigen&nbsp;L\u00f6sungsans\u00e4tze zu \u00fcberdenken und&nbsp;an die ge\u00e4nderten<br \/>\nRahmenbedingungen&nbsp;anzupassen: Machen wir die richtigen&nbsp;Dinge (im Sinne<br \/>\nder&nbsp;Effektivit\u00e4t) und machen wir&nbsp;die Dinge richtig (im Sinne der<br \/>\nEffizienz)?<br \/>Ziel des Symposiums<br \/>Die L\u00f6sungsans\u00e4tze m\u00fcssen neben<br \/>\nder Ausgestaltung der europ\u00e4ischen Wirtschaftsordnung inkl.<br \/>\nregulatorischer Fragestellungen,&nbsp;die Energieaufbringung (Erneuerbare<br \/>\nEnergien,&nbsp;Innovative&nbsp; Energietechnologien),&nbsp;Energietransport- und<br \/>\nverteilungssysteme&nbsp;aber&nbsp; vor&nbsp;allem&nbsp;&nbsp; auch&nbsp;nachfrageseitige&nbsp;<br \/>\nMa\u00dfnahmen&nbsp;(Energiesparen,Energieeffizienz,Energiemanagement)<br \/>\nbetreffen.Wissenschaft,&nbsp;Wirtschaft&nbsp; sowie&nbsp;Politik&nbsp;&nbsp; und&nbsp;Verwaltung&nbsp;<br \/>\nsind&nbsp;daher&nbsp;&nbsp; gefordert, entsprechende Beitr\u00e4ge f\u00fcr die&nbsp;gedeihliche<br \/>\nEntwicklung der europ\u00e4ischen&nbsp;Energiewirtschaft und Gesellschaft zu<br \/>\nleisten und deren Beitr\u00e4ge werden im Rahmen des 13. Symposium<br \/>\nEnergieinnovation pr\u00e4sentiert und diskutiert.<\/p>","protected":false},"excerpt":{"rendered":"<p class=\"qtranxs-available-languages-message qtranxs-available-languages-message-en\">Sorry, this entry is only available in <a href=\"https:\/\/tugraztestweb.asol.at\/de\/wp-json\/wp\/v2\/product\/30711\" class=\"qtranxs-available-language-link qtranxs-available-language-link-de\" title=\"Deutsch\">Deutsch<\/a>.<\/p>\n<p>In den letzten Jahren&nbsp;wurden gro\u00dfe Fortschritte beider Nutzung<br \/>\nerneuerbarer Energien erzielt, wobei die&nbsp;Entwicklungen in den<br \/>\nBereichen&nbsp;Windkraftnutzung und Photovoltaik&nbsp;besonders&nbsp;<br \/>\nhervorzuheben&nbsp;sind.&nbsp;&nbsp; Diese&nbsp;Entwicklungen&nbsp; haben&nbsp;unter anderem dazu<br \/>\ngef\u00fchrt, dass einerseits die Preise an den europ\u00e4ischen Stromb\u00f6rsen zum<br \/>\nTeil massiv eingebrochen&nbsp;sind und andererseits die F\u00f6rdervoluminaf\u00fcr die<br \/>\n Nutzung&nbsp;erneuerbarer&nbsp; Energien&nbsp;stark&nbsp;&nbsp; zugenommen haben.&nbsp;Im&nbsp;<br \/>\nFalle&nbsp;der&nbsp;&nbsp; stark zunehmenden&nbsp;&nbsp;intermittierenden&nbsp;&nbsp;<br \/>\nStromerzeugung&nbsp;&nbsp;betreffen&nbsp;&nbsp;&nbsp; k\u00fcnftige&nbsp;&nbsp;Aufgabenstellungen vor allem&nbsp;die<br \/>\nBereiche Stromtransport, die&nbsp;Integration in das Gesamtsystem&nbsp;sowie<br \/>\nL\u00f6sungen hinsichtlich des&nbsp;zunehmenden Speicherbedarfes. Parallel dazu<br \/>\nfindet eine Flexibilisierung&nbsp;des gesamten Energiesystems von&nbsp;der<br \/>\nErzeugung \u00fcber die Verteilung bis hin zum Verbraucher statt.<br \/>\nDar\u00fcber&nbsp;&nbsp;hinaus&nbsp;&nbsp; wurde&nbsp;&nbsp;bisher&nbsp;&nbsp;&nbsp; der&nbsp;&nbsp;Fokus&nbsp;&nbsp; prim\u00e4r&nbsp;&nbsp;auf&nbsp;&nbsp;&nbsp;<br \/>\naufbringungsseitige Fragestellungen gelegt und nachfrageseitige&nbsp;Aspekte<br \/>\ntendenziell geringer beachtet. Aktuelle&nbsp;Bestrebungen&nbsp; der&nbsp;Europ\u00e4ischen&nbsp;&nbsp;<br \/>\n Union&nbsp;erfordern&nbsp; k\u00fcnftig&nbsp;die&nbsp;&nbsp; st\u00e4rkere Ber\u00fccksichtigung&nbsp;von&nbsp;<br \/>\nEnergieeffizienz&nbsp;und -management,&nbsp;beispielsweise&nbsp; durch Umsetzung der<br \/>\nEnergieeffizienz-Richtlinie. Diesen&nbsp;Gegebenheiten&nbsp; muss&nbsp;das&nbsp;&nbsp;<br \/>\nMarktsystem&nbsp;bzw.&nbsp; die&nbsp;Aufbau- und&nbsp;Ablauforganisation entsprechend<br \/>\nRechnung tragen, um auch k\u00fcnftig das Funktionieren des Gesamtsystems<br \/>\nsicherzustellen. Es ist&nbsp;daher erforderlich, die<br \/>\nbisherigen&nbsp;L\u00f6sungsans\u00e4tze zu \u00fcberdenken und&nbsp;an die ge\u00e4nderten<br \/>\nRahmenbedingungen&nbsp;anzupassen: Machen wir die richtigen&nbsp;Dinge (im Sinne<br \/>\nder&nbsp;Effektivit\u00e4t) und machen wir&nbsp;die Dinge richtig (im Sinne der<br \/>\nEffizienz)?<br \/>Ziel des Symposiums<br \/>Die L\u00f6sungsans\u00e4tze m\u00fcssen neben<br \/>\nder Ausgestaltung der europ\u00e4ischen Wirtschaftsordnung inkl.<br \/>\nregulatorischer Fragestellungen,&nbsp;die Energieaufbringung (Erneuerbare<br \/>\nEnergien,&nbsp;Innovative&nbsp; Energietechnologien),&nbsp;Energietransport- und<br \/>\nverteilungssysteme&nbsp;aber&nbsp; vor&nbsp;allem&nbsp;&nbsp; auch&nbsp;nachfrageseitige&nbsp;<br \/>\nMa\u00dfnahmen&nbsp;(Energiesparen,Energieeffizienz,Energiemanagement)<br \/>\nbetreffen.Wissenschaft,&nbsp;Wirtschaft&nbsp; sowie&nbsp;Politik&nbsp;&nbsp; und&nbsp;Verwaltung&nbsp;<br \/>\nsind&nbsp;daher&nbsp;&nbsp; gefordert, entsprechende Beitr\u00e4ge f\u00fcr die&nbsp;gedeihliche<br \/>\nEntwicklung der europ\u00e4ischen&nbsp;Energiewirtschaft und Gesellschaft zu<br \/>\nleisten und deren Beitr\u00e4ge werden im Rahmen des 13. Symposium<br \/>\nEnergieinnovation pr\u00e4sentiert und diskutiert.<\/p>\n","protected":false},"featured_media":40053,"comment_status":"open","ping_status":"closed","template":"","meta":[],"yoast_head":"<!-- This site is optimized with the Yoast SEO plugin v16.1.1 - https:\/\/yoast.com\/wordpress\/plugins\/seo\/ -->\n<link rel=\"canonical\" href=\"https:\/\/tugraztestweb.asol.at\/gesamtverzeichnis\/elektrotechnik-und-informationstechnik\/eninnov2014-13-symposium-energieinnovation-kurzfassungsband-ebook\/\" \/>\n<meta property=\"og:locale\" content=\"en_US\" \/>\n<meta property=\"og:type\" content=\"article\" \/>\n<meta property=\"og:title\" content=\"EnInnov2014 - 13. Symposium Energieinnovation; Kurzfassungsband - Verlag der TU Graz\" \/>\n<meta property=\"og:description\" content=\"In den letzten Jahren&nbsp;wurden gro\u00dfe Fortschritte beider Nutzung erneuerbarer Energien erzielt, wobei die&nbsp;Entwicklungen in den Bereichen&nbsp;Windkraftnutzung und Photovoltaik&nbsp;besonders&nbsp; hervorzuheben&nbsp;sind.&nbsp;&nbsp; Diese&nbsp;Entwicklungen&nbsp; haben&nbsp;unter anderem dazu gef\u00fchrt, dass einerseits die Preise an den europ\u00e4ischen Stromb\u00f6rsen zum Teil massiv eingebrochen&nbsp;sind und andererseits die F\u00f6rdervoluminaf\u00fcr die Nutzung&nbsp;erneuerbarer&nbsp; Energien&nbsp;stark&nbsp;&nbsp; zugenommen haben.&nbsp;Im&nbsp; Falle&nbsp;der&nbsp;&nbsp; stark zunehmenden&nbsp;&nbsp;intermittierenden&nbsp;&nbsp; Stromerzeugung&nbsp;&nbsp;betreffen&nbsp;&nbsp;&nbsp; k\u00fcnftige&nbsp;&nbsp;Aufgabenstellungen vor allem&nbsp;die Bereiche Stromtransport, die&nbsp;Integration in das Gesamtsystem&nbsp;sowie L\u00f6sungen hinsichtlich des&nbsp;zunehmenden Speicherbedarfes. Parallel dazu findet eine Flexibilisierung&nbsp;des gesamten Energiesystems von&nbsp;der Erzeugung \u00fcber die Verteilung bis hin zum Verbraucher statt. Dar\u00fcber&nbsp;&nbsp;hinaus&nbsp;&nbsp; wurde&nbsp;&nbsp;bisher&nbsp;&nbsp;&nbsp; der&nbsp;&nbsp;Fokus&nbsp;&nbsp; prim\u00e4r&nbsp;&nbsp;auf&nbsp;&nbsp;&nbsp; aufbringungsseitige Fragestellungen gelegt und nachfrageseitige&nbsp;Aspekte tendenziell geringer beachtet. Aktuelle&nbsp;Bestrebungen&nbsp; der&nbsp;Europ\u00e4ischen&nbsp;&nbsp; Union&nbsp;erfordern&nbsp; k\u00fcnftig&nbsp;die&nbsp;&nbsp; st\u00e4rkere Ber\u00fccksichtigung&nbsp;von&nbsp; Energieeffizienz&nbsp;und -management,&nbsp;beispielsweise&nbsp; durch Umsetzung der Energieeffizienz-Richtlinie. Diesen&nbsp;Gegebenheiten&nbsp; muss&nbsp;das&nbsp;&nbsp; Marktsystem&nbsp;bzw.&nbsp; die&nbsp;Aufbau- und&nbsp;Ablauforganisation entsprechend Rechnung tragen, um auch k\u00fcnftig das Funktionieren des Gesamtsystems sicherzustellen. Es ist&nbsp;daher erforderlich, die bisherigen&nbsp;L\u00f6sungsans\u00e4tze zu \u00fcberdenken und&nbsp;an die ge\u00e4nderten Rahmenbedingungen&nbsp;anzupassen: Machen wir die richtigen&nbsp;Dinge (im Sinne der&nbsp;Effektivit\u00e4t) und machen wir&nbsp;die Dinge richtig (im Sinne der Effizienz)?Ziel des SymposiumsDie L\u00f6sungsans\u00e4tze m\u00fcssen neben der Ausgestaltung der europ\u00e4ischen Wirtschaftsordnung inkl. regulatorischer Fragestellungen,&nbsp;die Energieaufbringung (Erneuerbare Energien,&nbsp;Innovative&nbsp; Energietechnologien),&nbsp;Energietransport- und verteilungssysteme&nbsp;aber&nbsp; vor&nbsp;allem&nbsp;&nbsp; auch&nbsp;nachfrageseitige&nbsp; Ma\u00dfnahmen&nbsp;(Energiesparen,Energieeffizienz,Energiemanagement) betreffen.Wissenschaft,&nbsp;Wirtschaft&nbsp; sowie&nbsp;Politik&nbsp;&nbsp; und&nbsp;Verwaltung&nbsp; sind&nbsp;daher&nbsp;&nbsp; gefordert, entsprechende Beitr\u00e4ge f\u00fcr die&nbsp;gedeihliche Entwicklung der europ\u00e4ischen&nbsp;Energiewirtschaft und Gesellschaft zu leisten und deren Beitr\u00e4ge werden im Rahmen des 13. Symposium Energieinnovation pr\u00e4sentiert und diskutiert.\" \/>\n<meta property=\"og:url\" content=\"https:\/\/tugraztestweb.asol.at\/gesamtverzeichnis\/elektrotechnik-und-informationstechnik\/eninnov2014-13-symposium-energieinnovation-kurzfassungsband-ebook\/\" \/>\n<meta property=\"og:site_name\" content=\"Verlag der TU Graz\" \/>\n<meta property=\"article:modified_time\" content=\"2020-08-21T12:56:08+00:00\" \/>\n<meta property=\"og:image\" content=\"https:\/\/tugraztestweb.asol.at\/wp-content\/uploads\/2020\/08\/image-712.jpg\" \/>\n\t<meta property=\"og:image:width\" content=\"645\" \/>\n\t<meta property=\"og:image:height\" content=\"894\" \/>\n<meta name=\"twitter:card\" content=\"summary_large_image\" \/>\n<meta name=\"twitter:label1\" content=\"Est. reading time\">\n\t<meta name=\"twitter:data1\" content=\"2 minutes\">\n<script type=\"application\/ld+json\" class=\"yoast-schema-graph\">{\"@context\":\"https:\/\/schema.org\",\"@graph\":[{\"@type\":\"WebSite\",\"@id\":\"https:\/\/tugraztestweb.asol.at\/#website\",\"url\":\"https:\/\/tugraztestweb.asol.at\/\",\"name\":\"Verlag der TU Graz\",\"description\":\"Verlag der Technischen Universit\\u00e4t Graz\",\"potentialAction\":[{\"@type\":\"SearchAction\",\"target\":\"https:\/\/tugraztestweb.asol.at\/?s={search_term_string}\",\"query-input\":\"required name=search_term_string\"}],\"inLanguage\":\"en-US\"},{\"@type\":\"ImageObject\",\"@id\":\"https:\/\/tugraztestweb.asol.at\/gesamtverzeichnis\/elektrotechnik-und-informationstechnik\/eninnov2014-13-symposium-energieinnovation-kurzfassungsband-ebook\/#primaryimage\",\"inLanguage\":\"en-US\",\"url\":\"https:\/\/tugraztestweb.asol.at\/wp-content\/uploads\/2020\/08\/image-712.jpg\",\"contentUrl\":\"https:\/\/tugraztestweb.asol.at\/wp-content\/uploads\/2020\/08\/image-712.jpg\",\"width\":645,\"height\":894},{\"@type\":\"WebPage\",\"@id\":\"https:\/\/tugraztestweb.asol.at\/gesamtverzeichnis\/elektrotechnik-und-informationstechnik\/eninnov2014-13-symposium-energieinnovation-kurzfassungsband-ebook\/#webpage\",\"url\":\"https:\/\/tugraztestweb.asol.at\/gesamtverzeichnis\/elektrotechnik-und-informationstechnik\/eninnov2014-13-symposium-energieinnovation-kurzfassungsband-ebook\/\",\"name\":\"EnInnov2014 - 13. Symposium Energieinnovation; Kurzfassungsband - Verlag der TU Graz\",\"isPartOf\":{\"@id\":\"https:\/\/tugraztestweb.asol.at\/#website\"},\"primaryImageOfPage\":{\"@id\":\"https:\/\/tugraztestweb.asol.at\/gesamtverzeichnis\/elektrotechnik-und-informationstechnik\/eninnov2014-13-symposium-energieinnovation-kurzfassungsband-ebook\/#primaryimage\"},\"datePublished\":\"2020-08-21T12:55:08+00:00\",\"dateModified\":\"2020-08-21T12:56:08+00:00\",\"breadcrumb\":{\"@id\":\"https:\/\/tugraztestweb.asol.at\/gesamtverzeichnis\/elektrotechnik-und-informationstechnik\/eninnov2014-13-symposium-energieinnovation-kurzfassungsband-ebook\/#breadcrumb\"},\"inLanguage\":\"en-US\",\"potentialAction\":[{\"@type\":\"ReadAction\",\"target\":[\"https:\/\/tugraztestweb.asol.at\/gesamtverzeichnis\/elektrotechnik-und-informationstechnik\/eninnov2014-13-symposium-energieinnovation-kurzfassungsband-ebook\/\"]}]},{\"@type\":\"BreadcrumbList\",\"@id\":\"https:\/\/tugraztestweb.asol.at\/gesamtverzeichnis\/elektrotechnik-und-informationstechnik\/eninnov2014-13-symposium-energieinnovation-kurzfassungsband-ebook\/#breadcrumb\",\"itemListElement\":[{\"@type\":\"ListItem\",\"position\":1,\"item\":{\"@type\":\"WebPage\",\"@id\":\"https:\/\/tugraztestweb.asol.at\/\",\"url\":\"https:\/\/tugraztestweb.asol.at\/\",\"name\":\"Home\"}},{\"@type\":\"ListItem\",\"position\":2,\"item\":{\"@type\":\"WebPage\",\"@id\":\"https:\/\/tugraztestweb.asol.at\/gesamtverzeichnis\/\",\"url\":\"https:\/\/tugraztestweb.asol.at\/gesamtverzeichnis\/\",\"name\":\"Gesamtverzeichnis\"}},{\"@type\":\"ListItem\",\"position\":3,\"item\":{\"@type\":\"WebPage\",\"@id\":\"https:\/\/tugraztestweb.asol.at\/gesamtverzeichnis\/elektrotechnik-und-informationstechnik\/eninnov2014-13-symposium-energieinnovation-kurzfassungsband-ebook\/\",\"url\":\"https:\/\/tugraztestweb.asol.at\/gesamtverzeichnis\/elektrotechnik-und-informationstechnik\/eninnov2014-13-symposium-energieinnovation-kurzfassungsband-ebook\/\",\"name\":\"EnInnov2014 &#8211; 13. Symposium Energieinnovation; Kurzfassungsband\"}}]}]}<\/script>\n<!-- \/ Yoast SEO plugin. -->","_links":{"self":[{"href":"https:\/\/tugraztestweb.asol.at\/en\/wp-json\/wp\/v2\/product\/30711"}],"collection":[{"href":"https:\/\/tugraztestweb.asol.at\/en\/wp-json\/wp\/v2\/product"}],"about":[{"href":"https:\/\/tugraztestweb.asol.at\/en\/wp-json\/wp\/v2\/types\/product"}],"replies":[{"embeddable":true,"href":"https:\/\/tugraztestweb.asol.at\/en\/wp-json\/wp\/v2\/comments?post=30711"}],"wp:featuredmedia":[{"embeddable":true,"href":"https:\/\/tugraztestweb.asol.at\/en\/wp-json\/wp\/v2\/media\/40053"}],"wp:attachment":[{"href":"https:\/\/tugraztestweb.asol.at\/en\/wp-json\/wp\/v2\/media?parent=30711"}],"curies":[{"name":"wp","href":"https:\/\/api.w.org\/{rel}","templated":true}]}}