{"id":30731,"date":"2020-08-21T12:55:08","date_gmt":"2020-08-21T12:55:08","guid":{"rendered":"http:\/\/tugraztestweb.asol.at\/gesamtverzeichnis\/unkategorisiert\/2-klagenfurter-holzbau-fachtagung-tagungsband-versorgen-und-umhuellen-im-holzbau\/"},"modified":"2020-08-21T14:56:08","modified_gmt":"2020-08-21T12:56:08","slug":"2-klagenfurter-holzbau-fachtagung-tagungsband-versorgen-und-umhuellen-im-holzbau","status":"publish","type":"product","link":"https:\/\/tugraztestweb.asol.at\/en\/gesamtverzeichnis\/bauingenieurwissenschaften\/2-klagenfurter-holzbau-fachtagung-tagungsband-versorgen-und-umhuellen-im-holzbau\/","title":{"rendered":"2. Klagenfurter Holzbau-Fachtagung, Tagungsband, Versorgen und Umh\u00fcllen im Holzbau"},"content":{"rendered":"<p class=\"qtranxs-available-languages-message qtranxs-available-languages-message-en\">Sorry, this entry is only available in <a href=\"https:\/\/tugraztestweb.asol.at\/de\/wp-json\/wp\/v2\/product\/30731\" class=\"qtranxs-available-language-link qtranxs-available-language-link-de\" title=\"Deutsch\">Deutsch<\/a>.<\/p><p>Nach einem sehr erfolgreichen Start der Klagenfurter Holzbau-Fachtagungs-Serie im Jahre 2014 steht<br \/>\ndie diesj\u00e4hrige 2. KlaHFT&#8217;16 wiederum im Zeichen des vielf\u00e4ltigen Themenbereiches rund um das<br \/>\n&#8216;Versorgen&#8217; und &#8216;Umh\u00fcllen&#8217; im Holzbau.<br \/>\nDie Geb\u00e4udetechnik, gew\u00f6hnlich das kurzlebigste Subsystem eines Geb\u00e4udes, ist problemlos<br \/>\nzug\u00e4nglich und austauschbar zu gestalten. Die Leitungsf\u00fchrung hat daher in klar definierten &#8216;Zonen&#8217;<br \/>\nund &#8216;Schienen&#8217; zu erfolgen. Dabei werden nicht selten tragende Bauteile gekreuzt und bauliche<br \/>\nMa\u00dfnahmen in Form von Ausklinkungen und Durchbr\u00fcchen erforderlich. Damit zusammenh\u00e4ngende<br \/>\nNachweisf\u00fchrungen werden im ersten Block der diesj\u00e4hrigen Fachtagung behandelt.<br \/>\nMit dem &#8216;Umh\u00fcllen&#8217; eines Holzbaus sind im Speziellen Ausf\u00fchrungsvarianten f\u00fcr Wand- und<br \/>\nDachkonstruktionen gemeint. Im Rahmen des zweiten Vortragsblocks werden geeignete und<br \/>\nzugelassene Fassadensysteme f\u00fcr den Holzbau pr\u00e4sentiert. Weiter werden so genannte &#8216;plug-and-play&#8217;-<br \/>\nFassadensysteme besprochen und praxistaugliche Aufbauten f\u00fcr Wand und Dach zur Diskussion<br \/>\ngestellt.<br \/>\nDie 2. Klagenfurter Holzbau-Fachtagung spannt wiederum den Bogen von der Forschung \u00fcber statischkonstruktive<br \/>\nIngenieurl\u00f6sungen bis hin zu erprobten und ausgef\u00fchrten Konstruktionsdetails. Auch<br \/>\ndiesmal wird \u00fcber den Tellerrand des Holzbaus geblickt, um die im Planungsprozess nicht selten<br \/>\nvernachl\u00e4ssigten Themenbereiche rund um das &#8216;Versorgen&#8217; und &#8216;Umh\u00fcllen&#8217; in ein erweitertes<br \/>\nBetrachtungsfeld des Holzbaus zu bringen.<\/p>","protected":false},"excerpt":{"rendered":"<p class=\"qtranxs-available-languages-message qtranxs-available-languages-message-en\">Sorry, this entry is only available in <a href=\"https:\/\/tugraztestweb.asol.at\/de\/wp-json\/wp\/v2\/product\/30731\" class=\"qtranxs-available-language-link qtranxs-available-language-link-de\" title=\"Deutsch\">Deutsch<\/a>.<\/p>\n<p>Nach einem sehr erfolgreichen Start der Klagenfurter Holzbau-Fachtagungs-Serie im Jahre 2014 steht<br \/>\ndie diesj\u00e4hrige 2. KlaHFT&#8217;16 wiederum im Zeichen des vielf\u00e4ltigen Themenbereiches rund um das<br \/>\n&#8216;Versorgen&#8217; und &#8216;Umh\u00fcllen&#8217; im Holzbau.<br \/>\nDie Geb\u00e4udetechnik, gew\u00f6hnlich das kurzlebigste Subsystem eines Geb\u00e4udes, ist problemlos<br \/>\nzug\u00e4nglich und austauschbar zu gestalten. Die Leitungsf\u00fchrung hat daher in klar definierten &#8216;Zonen&#8217;<br \/>\nund &#8216;Schienen&#8217; zu erfolgen. Dabei werden nicht selten tragende Bauteile gekreuzt und bauliche<br \/>\nMa\u00dfnahmen in Form von Ausklinkungen und Durchbr\u00fcchen erforderlich. Damit zusammenh\u00e4ngende<br \/>\nNachweisf\u00fchrungen werden im ersten Block der diesj\u00e4hrigen Fachtagung behandelt.<br \/>\nMit dem &#8216;Umh\u00fcllen&#8217; eines Holzbaus sind im Speziellen Ausf\u00fchrungsvarianten f\u00fcr Wand- und<br \/>\nDachkonstruktionen gemeint. Im Rahmen des zweiten Vortragsblocks werden geeignete und<br \/>\nzugelassene Fassadensysteme f\u00fcr den Holzbau pr\u00e4sentiert. Weiter werden so genannte &#8216;plug-and-play&#8217;-<br \/>\nFassadensysteme besprochen und praxistaugliche Aufbauten f\u00fcr Wand und Dach zur Diskussion<br \/>\ngestellt.<br \/>\nDie 2. Klagenfurter Holzbau-Fachtagung spannt wiederum den Bogen von der Forschung \u00fcber statischkonstruktive<br \/>\nIngenieurl\u00f6sungen bis hin zu erprobten und ausgef\u00fchrten Konstruktionsdetails. Auch<br \/>\ndiesmal wird \u00fcber den Tellerrand des Holzbaus geblickt, um die im Planungsprozess nicht selten<br \/>\nvernachl\u00e4ssigten Themenbereiche rund um das &#8216;Versorgen&#8217; und &#8216;Umh\u00fcllen&#8217; in ein erweitertes<br \/>\nBetrachtungsfeld des Holzbaus zu bringen.<\/p>\n","protected":false},"featured_media":40063,"comment_status":"open","ping_status":"closed","template":"","meta":[],"yoast_head":"<!-- This site is optimized with the Yoast SEO plugin v16.1.1 - https:\/\/yoast.com\/wordpress\/plugins\/seo\/ -->\n<link rel=\"canonical\" href=\"https:\/\/tugraztestweb.asol.at\/gesamtverzeichnis\/bauingenieurwissenschaften\/2-klagenfurter-holzbau-fachtagung-tagungsband-versorgen-und-umhuellen-im-holzbau\/\" \/>\n<meta property=\"og:locale\" content=\"en_US\" \/>\n<meta property=\"og:type\" content=\"article\" \/>\n<meta property=\"og:title\" content=\"2. Klagenfurter Holzbau-Fachtagung, Tagungsband, Versorgen und Umh\u00fcllen im Holzbau - Verlag der TU Graz\" \/>\n<meta property=\"og:description\" content=\"Nach einem sehr erfolgreichen Start der Klagenfurter Holzbau-Fachtagungs-Serie im Jahre 2014 steht die diesj\u00e4hrige 2. KlaHFT&#039;16 wiederum im Zeichen des vielf\u00e4ltigen Themenbereiches rund um das &#039;Versorgen&#039; und &#039;Umh\u00fcllen&#039; im Holzbau. Die Geb\u00e4udetechnik, gew\u00f6hnlich das kurzlebigste Subsystem eines Geb\u00e4udes, ist problemlos zug\u00e4nglich und austauschbar zu gestalten. Die Leitungsf\u00fchrung hat daher in klar definierten &#039;Zonen&#039; und &#039;Schienen&#039; zu erfolgen. Dabei werden nicht selten tragende Bauteile gekreuzt und bauliche Ma\u00dfnahmen in Form von Ausklinkungen und Durchbr\u00fcchen erforderlich. Damit zusammenh\u00e4ngende Nachweisf\u00fchrungen werden im ersten Block der diesj\u00e4hrigen Fachtagung behandelt. Mit dem &#039;Umh\u00fcllen&#039; eines Holzbaus sind im Speziellen Ausf\u00fchrungsvarianten f\u00fcr Wand- und Dachkonstruktionen gemeint. Im Rahmen des zweiten Vortragsblocks werden geeignete und zugelassene Fassadensysteme f\u00fcr den Holzbau pr\u00e4sentiert. Weiter werden so genannte &#039;plug-and-play&#039;- Fassadensysteme besprochen und praxistaugliche Aufbauten f\u00fcr Wand und Dach zur Diskussion gestellt. Die 2. Klagenfurter Holzbau-Fachtagung spannt wiederum den Bogen von der Forschung \u00fcber statischkonstruktive Ingenieurl\u00f6sungen bis hin zu erprobten und ausgef\u00fchrten Konstruktionsdetails. Auch diesmal wird \u00fcber den Tellerrand des Holzbaus geblickt, um die im Planungsprozess nicht selten vernachl\u00e4ssigten Themenbereiche rund um das &#039;Versorgen&#039; und &#039;Umh\u00fcllen&#039; in ein erweitertes Betrachtungsfeld des Holzbaus zu bringen.\" \/>\n<meta property=\"og:url\" content=\"https:\/\/tugraztestweb.asol.at\/gesamtverzeichnis\/bauingenieurwissenschaften\/2-klagenfurter-holzbau-fachtagung-tagungsband-versorgen-und-umhuellen-im-holzbau\/\" \/>\n<meta property=\"og:site_name\" content=\"Verlag der TU Graz\" \/>\n<meta property=\"article:modified_time\" content=\"2020-08-21T12:56:08+00:00\" \/>\n<meta property=\"og:image\" content=\"https:\/\/tugraztestweb.asol.at\/wp-content\/uploads\/2020\/08\/image-978-3-85125-484-6.jpg\" \/>\n\t<meta property=\"og:image:width\" content=\"586\" \/>\n\t<meta property=\"og:image:height\" content=\"833\" \/>\n<meta name=\"twitter:card\" content=\"summary_large_image\" \/>\n<meta name=\"twitter:label1\" content=\"Est. reading time\">\n\t<meta name=\"twitter:data1\" content=\"1 minute\">\n<script type=\"application\/ld+json\" class=\"yoast-schema-graph\">{\"@context\":\"https:\/\/schema.org\",\"@graph\":[{\"@type\":\"WebSite\",\"@id\":\"https:\/\/tugraztestweb.asol.at\/#website\",\"url\":\"https:\/\/tugraztestweb.asol.at\/\",\"name\":\"Verlag der TU Graz\",\"description\":\"Verlag der Technischen Universit\\u00e4t Graz\",\"potentialAction\":[{\"@type\":\"SearchAction\",\"target\":\"https:\/\/tugraztestweb.asol.at\/?s={search_term_string}\",\"query-input\":\"required name=search_term_string\"}],\"inLanguage\":\"en-US\"},{\"@type\":\"ImageObject\",\"@id\":\"https:\/\/tugraztestweb.asol.at\/gesamtverzeichnis\/bauingenieurwissenschaften\/2-klagenfurter-holzbau-fachtagung-tagungsband-versorgen-und-umhuellen-im-holzbau\/#primaryimage\",\"inLanguage\":\"en-US\",\"url\":\"https:\/\/tugraztestweb.asol.at\/wp-content\/uploads\/2020\/08\/image-978-3-85125-484-6.jpg\",\"contentUrl\":\"https:\/\/tugraztestweb.asol.at\/wp-content\/uploads\/2020\/08\/image-978-3-85125-484-6.jpg\",\"width\":586,\"height\":833},{\"@type\":\"WebPage\",\"@id\":\"https:\/\/tugraztestweb.asol.at\/gesamtverzeichnis\/bauingenieurwissenschaften\/2-klagenfurter-holzbau-fachtagung-tagungsband-versorgen-und-umhuellen-im-holzbau\/#webpage\",\"url\":\"https:\/\/tugraztestweb.asol.at\/gesamtverzeichnis\/bauingenieurwissenschaften\/2-klagenfurter-holzbau-fachtagung-tagungsband-versorgen-und-umhuellen-im-holzbau\/\",\"name\":\"2. Klagenfurter Holzbau-Fachtagung, Tagungsband, Versorgen und Umh\\u00fcllen im Holzbau - Verlag der TU Graz\",\"isPartOf\":{\"@id\":\"https:\/\/tugraztestweb.asol.at\/#website\"},\"primaryImageOfPage\":{\"@id\":\"https:\/\/tugraztestweb.asol.at\/gesamtverzeichnis\/bauingenieurwissenschaften\/2-klagenfurter-holzbau-fachtagung-tagungsband-versorgen-und-umhuellen-im-holzbau\/#primaryimage\"},\"datePublished\":\"2020-08-21T12:55:08+00:00\",\"dateModified\":\"2020-08-21T12:56:08+00:00\",\"breadcrumb\":{\"@id\":\"https:\/\/tugraztestweb.asol.at\/gesamtverzeichnis\/bauingenieurwissenschaften\/2-klagenfurter-holzbau-fachtagung-tagungsband-versorgen-und-umhuellen-im-holzbau\/#breadcrumb\"},\"inLanguage\":\"en-US\",\"potentialAction\":[{\"@type\":\"ReadAction\",\"target\":[\"https:\/\/tugraztestweb.asol.at\/gesamtverzeichnis\/bauingenieurwissenschaften\/2-klagenfurter-holzbau-fachtagung-tagungsband-versorgen-und-umhuellen-im-holzbau\/\"]}]},{\"@type\":\"BreadcrumbList\",\"@id\":\"https:\/\/tugraztestweb.asol.at\/gesamtverzeichnis\/bauingenieurwissenschaften\/2-klagenfurter-holzbau-fachtagung-tagungsband-versorgen-und-umhuellen-im-holzbau\/#breadcrumb\",\"itemListElement\":[{\"@type\":\"ListItem\",\"position\":1,\"item\":{\"@type\":\"WebPage\",\"@id\":\"https:\/\/tugraztestweb.asol.at\/\",\"url\":\"https:\/\/tugraztestweb.asol.at\/\",\"name\":\"Home\"}},{\"@type\":\"ListItem\",\"position\":2,\"item\":{\"@type\":\"WebPage\",\"@id\":\"https:\/\/tugraztestweb.asol.at\/gesamtverzeichnis\/\",\"url\":\"https:\/\/tugraztestweb.asol.at\/gesamtverzeichnis\/\",\"name\":\"Gesamtverzeichnis\"}},{\"@type\":\"ListItem\",\"position\":3,\"item\":{\"@type\":\"WebPage\",\"@id\":\"https:\/\/tugraztestweb.asol.at\/gesamtverzeichnis\/bauingenieurwissenschaften\/2-klagenfurter-holzbau-fachtagung-tagungsband-versorgen-und-umhuellen-im-holzbau\/\",\"url\":\"https:\/\/tugraztestweb.asol.at\/gesamtverzeichnis\/bauingenieurwissenschaften\/2-klagenfurter-holzbau-fachtagung-tagungsband-versorgen-und-umhuellen-im-holzbau\/\",\"name\":\"2. Klagenfurter Holzbau-Fachtagung, Tagungsband, Versorgen und Umh\\u00fcllen im Holzbau\"}}]}]}<\/script>\n<!-- \/ Yoast SEO plugin. -->","_links":{"self":[{"href":"https:\/\/tugraztestweb.asol.at\/en\/wp-json\/wp\/v2\/product\/30731"}],"collection":[{"href":"https:\/\/tugraztestweb.asol.at\/en\/wp-json\/wp\/v2\/product"}],"about":[{"href":"https:\/\/tugraztestweb.asol.at\/en\/wp-json\/wp\/v2\/types\/product"}],"replies":[{"embeddable":true,"href":"https:\/\/tugraztestweb.asol.at\/en\/wp-json\/wp\/v2\/comments?post=30731"}],"wp:featuredmedia":[{"embeddable":true,"href":"https:\/\/tugraztestweb.asol.at\/en\/wp-json\/wp\/v2\/media\/40063"}],"wp:attachment":[{"href":"https:\/\/tugraztestweb.asol.at\/en\/wp-json\/wp\/v2\/media?parent=30731"}],"curies":[{"name":"wp","href":"https:\/\/api.w.org\/{rel}","templated":true}]}}