{"id":30743,"date":"2020-11-30T07:45:13","date_gmt":"2020-11-30T07:45:13","guid":{"rendered":"http:\/\/tugraztestweb.asol.at\/gesamtverzeichnis\/unkategorisiert\/projektleitung-projektplanung-projektentwicklung-konkretisierung-praezisierung-der-leistungsbilder-auf-basis-aho-bd-nr-9\/"},"modified":"2020-11-30T10:46:13","modified_gmt":"2020-11-30T08:46:13","slug":"projektleitung-projektsteuerung-projektentwicklung-konkretisierung-praezisierung-der-leistungsbilder-auf-basis-aho-bd-nr-9","status":"publish","type":"product","link":"https:\/\/tugraztestweb.asol.at\/en\/gesamtverzeichnis\/bauingenieurwissenschaften\/projektleitung-projektsteuerung-projektentwicklung-konkretisierung-praezisierung-der-leistungsbilder-auf-basis-aho-bd-nr-9\/","title":{"rendered":"Projektleitung, Projektsteuerung, Projektentwicklung. Konkretisierung + Pr\u00e4zisierung der Leistungsbilder auf Basis AHO Bd. Nr. 9"},"content":{"rendered":"<p class=\"qtranxs-available-languages-message qtranxs-available-languages-message-en\">Sorry, this entry is only available in <a href=\"https:\/\/tugraztestweb.asol.at\/de\/wp-json\/wp\/v2\/product\/30743\" class=\"qtranxs-available-language-link qtranxs-available-language-link-de\" title=\"Deutsch\">Deutsch<\/a>.<\/p><p>Projektsteuerungsleistungen sind zu einem wichtigen Erfolgsfaktor f\u00fcr Bauprojekte geworden, die Fachliteratur zeigt aber fast immer Einzelaspekte, nie den Durchmarsch durch die Stufen und Phasen der Projektarbeit im Detail.<br \/>Projektsteuerer selbst stecken viel M\u00fche in die Deklaration der Planeraufgaben, die vertiefte (konkretisierte + pr\u00e4zisierte) Darlegung der eigenen Leistungen kommt dabei oft zu kurz.<br \/>Projektklassen waren ein Vorschlag aus 2015, um verst\u00e4ndliche Skalenwerte und Kategorien einzuf\u00fchren. Das Fachbuch zur detaillierten Beschreibung der Projektsteuerungsleistungen ist in drei gro\u00dfen Stufen f\u00fcr direkte Anwendung<br \/>\u2022 in den Projektklassen 3,<br \/>\u2022 5 und dar\u00fcber<br \/>durchgehend beschrieben, in der detailliertesten Fassung mit vielen Hinweisen aus der aktiven Arbeit und aus gutachterlichem Nachvollzug gestrandeter Projekte.<br \/>In Vorwegnahme des \u201eSchlussberichts der Kommission f\u00fcr Gro\u00dfprojekte\u201c hatten wir die Bewertung der Leistungsphasen der HOAI.2013 und des AHO Heftes Nr. 9 nach vorne geschoben, weil die richtig dimensionierte Aufbauorganisation und die qualifizierte Erarbeitung der Grundlagen wichtiger wurde.<br \/>Erste Schritte zur interaktiven Arbeit, Projektmanagement 4.0 f\u00fcr die Steuerung von Planung+Bau 4.0 und prozessartige Beschreibungen zu allen Teilleistungen.<\/p>","protected":false},"excerpt":{"rendered":"<p class=\"qtranxs-available-languages-message qtranxs-available-languages-message-en\">Sorry, this entry is only available in <a href=\"https:\/\/tugraztestweb.asol.at\/de\/wp-json\/wp\/v2\/product\/30743\" class=\"qtranxs-available-language-link qtranxs-available-language-link-de\" title=\"Deutsch\">Deutsch<\/a>.<\/p>\n<p>Projektsteuerungsleistungen sind zu einem wichtigen Erfolgsfaktor f\u00fcr Bauprojekte geworden, die Fachliteratur zeigt aber fast immer Einzelaspekte, nie den Durchmarsch durch die Stufen und Phasen der Projektarbeit im Detail.<br \/>Projektsteuerer selbst stecken viel M\u00fche in die Deklaration der Planeraufgaben, die vertiefte (konkretisierte + pr\u00e4zisierte) Darlegung der eigenen Leistungen kommt dabei oft zu kurz.<br \/>Projektklassen waren ein Vorschlag aus 2015, um verst\u00e4ndliche Skalenwerte und Kategorien einzuf\u00fchren. Das Fachbuch zur detaillierten Beschreibung der Projektsteuerungsleistungen ist in drei gro\u00dfen Stufen f\u00fcr direkte Anwendung<br \/>\u2022 in den Projektklassen 3,<br \/>\u2022 5 und dar\u00fcber<br \/>durchgehend beschrieben, in der detailliertesten Fassung mit vielen Hinweisen aus der aktiven Arbeit und aus gutachterlichem Nachvollzug gestrandeter Projekte.<br \/>In Vorwegnahme des \u201eSchlussberichts der Kommission f\u00fcr Gro\u00dfprojekte\u201c hatten wir die Bewertung der Leistungsphasen der HOAI.2013 und des AHO Heftes Nr. 9 nach vorne geschoben, weil die richtig dimensionierte Aufbauorganisation und die qualifizierte Erarbeitung der Grundlagen wichtiger wurde.<br \/>Erste Schritte zur interaktiven Arbeit, Projektmanagement 4.0 f\u00fcr die Steuerung von Planung+Bau 4.0 und prozessartige Beschreibungen zu allen Teilleistungen.<\/p>\n","protected":false},"featured_media":40069,"comment_status":"open","ping_status":"closed","template":"","meta":[],"yoast_head":"<!-- This site is optimized with the Yoast SEO plugin v16.1.1 - https:\/\/yoast.com\/wordpress\/plugins\/seo\/ -->\n<link rel=\"canonical\" href=\"https:\/\/tugraztestweb.asol.at\/gesamtverzeichnis\/bauingenieurwissenschaften\/projektleitung-projektsteuerung-projektentwicklung-konkretisierung-praezisierung-der-leistungsbilder-auf-basis-aho-bd-nr-9\/\" \/>\n<meta property=\"og:locale\" content=\"en_US\" \/>\n<meta property=\"og:type\" content=\"article\" \/>\n<meta property=\"og:title\" content=\"Projektleitung, Projektsteuerung, Projektentwicklung. Konkretisierung + Pr\u00e4zisierung der Leistungsbilder auf Basis AHO Bd. Nr. 9 - Verlag der TU Graz\" \/>\n<meta property=\"og:description\" content=\"Projektsteuerungsleistungen sind zu einem wichtigen Erfolgsfaktor f\u00fcr Bauprojekte geworden, die Fachliteratur zeigt aber fast immer Einzelaspekte, nie den Durchmarsch durch die Stufen und Phasen der Projektarbeit im Detail.Projektsteuerer selbst stecken viel M\u00fche in die Deklaration der Planeraufgaben, die vertiefte (konkretisierte + pr\u00e4zisierte) Darlegung der eigenen Leistungen kommt dabei oft zu kurz.Projektklassen waren ein Vorschlag aus 2015, um verst\u00e4ndliche Skalenwerte und Kategorien einzuf\u00fchren. Das Fachbuch zur detaillierten Beschreibung der Projektsteuerungsleistungen ist in drei gro\u00dfen Stufen f\u00fcr direkte Anwendung\u2022 in den Projektklassen 3,\u2022 5 und dar\u00fcberdurchgehend beschrieben, in der detailliertesten Fassung mit vielen Hinweisen aus der aktiven Arbeit und aus gutachterlichem Nachvollzug gestrandeter Projekte.In Vorwegnahme des \u201eSchlussberichts der Kommission f\u00fcr Gro\u00dfprojekte\u201c hatten wir die Bewertung der Leistungsphasen der HOAI.2013 und des AHO Heftes Nr. 9 nach vorne geschoben, weil die richtig dimensionierte Aufbauorganisation und die qualifizierte Erarbeitung der Grundlagen wichtiger wurde.Erste Schritte zur interaktiven Arbeit, Projektmanagement 4.0 f\u00fcr die Steuerung von Planung+Bau 4.0 und prozessartige Beschreibungen zu allen Teilleistungen.\" \/>\n<meta property=\"og:url\" content=\"https:\/\/tugraztestweb.asol.at\/gesamtverzeichnis\/bauingenieurwissenschaften\/projektleitung-projektsteuerung-projektentwicklung-konkretisierung-praezisierung-der-leistungsbilder-auf-basis-aho-bd-nr-9\/\" \/>\n<meta property=\"og:site_name\" content=\"Verlag der TU Graz\" \/>\n<meta property=\"article:modified_time\" content=\"2020-11-30T08:46:13+00:00\" \/>\n<meta property=\"og:image\" content=\"https:\/\/tugraztestweb.asol.at\/wp-content\/uploads\/2020\/11\/image-978-3-85125-491-4.jpg\" \/>\n\t<meta property=\"og:image:width\" content=\"593\" \/>\n\t<meta property=\"og:image:height\" content=\"838\" \/>\n<meta name=\"twitter:card\" content=\"summary_large_image\" \/>\n<meta name=\"twitter:label1\" content=\"Est. reading time\">\n\t<meta name=\"twitter:data1\" content=\"1 minute\">\n<script type=\"application\/ld+json\" class=\"yoast-schema-graph\">{\"@context\":\"https:\/\/schema.org\",\"@graph\":[{\"@type\":\"WebSite\",\"@id\":\"https:\/\/tugraztestweb.asol.at\/#website\",\"url\":\"https:\/\/tugraztestweb.asol.at\/\",\"name\":\"Verlag der TU Graz\",\"description\":\"Verlag der Technischen Universit\\u00e4t Graz\",\"potentialAction\":[{\"@type\":\"SearchAction\",\"target\":\"https:\/\/tugraztestweb.asol.at\/?s={search_term_string}\",\"query-input\":\"required name=search_term_string\"}],\"inLanguage\":\"en-US\"},{\"@type\":\"ImageObject\",\"@id\":\"https:\/\/tugraztestweb.asol.at\/gesamtverzeichnis\/bauingenieurwissenschaften\/projektleitung-projektsteuerung-projektentwicklung-konkretisierung-praezisierung-der-leistungsbilder-auf-basis-aho-bd-nr-9\/#primaryimage\",\"inLanguage\":\"en-US\",\"url\":\"https:\/\/tugraztestweb.asol.at\/wp-content\/uploads\/2020\/11\/image-978-3-85125-491-4.jpg\",\"contentUrl\":\"https:\/\/tugraztestweb.asol.at\/wp-content\/uploads\/2020\/11\/image-978-3-85125-491-4.jpg\",\"width\":593,\"height\":838},{\"@type\":\"WebPage\",\"@id\":\"https:\/\/tugraztestweb.asol.at\/gesamtverzeichnis\/bauingenieurwissenschaften\/projektleitung-projektsteuerung-projektentwicklung-konkretisierung-praezisierung-der-leistungsbilder-auf-basis-aho-bd-nr-9\/#webpage\",\"url\":\"https:\/\/tugraztestweb.asol.at\/gesamtverzeichnis\/bauingenieurwissenschaften\/projektleitung-projektsteuerung-projektentwicklung-konkretisierung-praezisierung-der-leistungsbilder-auf-basis-aho-bd-nr-9\/\",\"name\":\"Projektleitung, Projektsteuerung, Projektentwicklung. Konkretisierung + Pr\\u00e4zisierung der Leistungsbilder auf Basis AHO Bd. Nr. 9 - Verlag der TU Graz\",\"isPartOf\":{\"@id\":\"https:\/\/tugraztestweb.asol.at\/#website\"},\"primaryImageOfPage\":{\"@id\":\"https:\/\/tugraztestweb.asol.at\/gesamtverzeichnis\/bauingenieurwissenschaften\/projektleitung-projektsteuerung-projektentwicklung-konkretisierung-praezisierung-der-leistungsbilder-auf-basis-aho-bd-nr-9\/#primaryimage\"},\"datePublished\":\"2020-11-30T07:45:13+00:00\",\"dateModified\":\"2020-11-30T08:46:13+00:00\",\"breadcrumb\":{\"@id\":\"https:\/\/tugraztestweb.asol.at\/gesamtverzeichnis\/bauingenieurwissenschaften\/projektleitung-projektsteuerung-projektentwicklung-konkretisierung-praezisierung-der-leistungsbilder-auf-basis-aho-bd-nr-9\/#breadcrumb\"},\"inLanguage\":\"en-US\",\"potentialAction\":[{\"@type\":\"ReadAction\",\"target\":[\"https:\/\/tugraztestweb.asol.at\/gesamtverzeichnis\/bauingenieurwissenschaften\/projektleitung-projektsteuerung-projektentwicklung-konkretisierung-praezisierung-der-leistungsbilder-auf-basis-aho-bd-nr-9\/\"]}]},{\"@type\":\"BreadcrumbList\",\"@id\":\"https:\/\/tugraztestweb.asol.at\/gesamtverzeichnis\/bauingenieurwissenschaften\/projektleitung-projektsteuerung-projektentwicklung-konkretisierung-praezisierung-der-leistungsbilder-auf-basis-aho-bd-nr-9\/#breadcrumb\",\"itemListElement\":[{\"@type\":\"ListItem\",\"position\":1,\"item\":{\"@type\":\"WebPage\",\"@id\":\"https:\/\/tugraztestweb.asol.at\/\",\"url\":\"https:\/\/tugraztestweb.asol.at\/\",\"name\":\"Home\"}},{\"@type\":\"ListItem\",\"position\":2,\"item\":{\"@type\":\"WebPage\",\"@id\":\"https:\/\/tugraztestweb.asol.at\/gesamtverzeichnis\/\",\"url\":\"https:\/\/tugraztestweb.asol.at\/gesamtverzeichnis\/\",\"name\":\"Gesamtverzeichnis\"}},{\"@type\":\"ListItem\",\"position\":3,\"item\":{\"@type\":\"WebPage\",\"@id\":\"https:\/\/tugraztestweb.asol.at\/gesamtverzeichnis\/bauingenieurwissenschaften\/projektleitung-projektsteuerung-projektentwicklung-konkretisierung-praezisierung-der-leistungsbilder-auf-basis-aho-bd-nr-9\/\",\"url\":\"https:\/\/tugraztestweb.asol.at\/gesamtverzeichnis\/bauingenieurwissenschaften\/projektleitung-projektsteuerung-projektentwicklung-konkretisierung-praezisierung-der-leistungsbilder-auf-basis-aho-bd-nr-9\/\",\"name\":\"Projektleitung, Projektsteuerung, Projektentwicklung. Konkretisierung + Pr\\u00e4zisierung der Leistungsbilder auf Basis AHO Bd. Nr. 9\"}}]}]}<\/script>\n<!-- \/ Yoast SEO plugin. -->","_links":{"self":[{"href":"https:\/\/tugraztestweb.asol.at\/en\/wp-json\/wp\/v2\/product\/30743"}],"collection":[{"href":"https:\/\/tugraztestweb.asol.at\/en\/wp-json\/wp\/v2\/product"}],"about":[{"href":"https:\/\/tugraztestweb.asol.at\/en\/wp-json\/wp\/v2\/types\/product"}],"replies":[{"embeddable":true,"href":"https:\/\/tugraztestweb.asol.at\/en\/wp-json\/wp\/v2\/comments?post=30743"}],"wp:featuredmedia":[{"embeddable":true,"href":"https:\/\/tugraztestweb.asol.at\/en\/wp-json\/wp\/v2\/media\/40069"}],"wp:attachment":[{"href":"https:\/\/tugraztestweb.asol.at\/en\/wp-json\/wp\/v2\/media?parent=30743"}],"curies":[{"name":"wp","href":"https:\/\/api.w.org\/{rel}","templated":true}]}}