{"id":30756,"date":"2020-08-21T12:55:12","date_gmt":"2020-08-21T12:55:12","guid":{"rendered":"http:\/\/tugraztestweb.asol.at\/gesamtverzeichnis\/unkategorisiert\/bauphysiktagung-2016-2\/"},"modified":"2020-08-21T14:56:12","modified_gmt":"2020-08-21T12:56:12","slug":"bauphysiktagung-2016-ebook","status":"publish","type":"product","link":"https:\/\/tugraztestweb.asol.at\/en\/gesamtverzeichnis\/bauingenieurwissenschaften\/bauphysiktagung-2016-ebook\/","title":{"rendered":"Bauphysiktagung 2016"},"content":{"rendered":"<p class=\"qtranxs-available-languages-message qtranxs-available-languages-message-en\">Sorry, this entry is only available in <a href=\"https:\/\/tugraztestweb.asol.at\/de\/wp-json\/wp\/v2\/product\/30756\" class=\"qtranxs-available-language-link qtranxs-available-language-link-de\" title=\"Deutsch\">Deutsch<\/a>.<\/p><p>Vorwort<br \/>Gesch\u00e4tzte Tagungsteilnehmerin!<br \/>Gesch\u00e4tzter Tagungsteilnehmer!<br \/>Da die Bauphysik nicht nur die Ph\u00e4nomene in den Bauteilen selbst und im Inneren von R\u00e4umen beschreibt, sondern zunehmend auch die Umgebung von Bauwerken und deren st\u00e4dtischem Verbund umfasst, starten wir diese Tagung mit der Bauphysik urbaner Oberfl\u00e4chen z.B. unter dem energetischen und schalltechnischen Aspekt, um uns in der Folge in den akustischen Herausforderungen zu vertiefen. Wieweit bauphysikalische Erkenntnisse die Qualit\u00e4t im gef\u00f6rderten Wohnbau erh\u00f6hen und sichern, wird im anschlie\u00dfenden Referat er\u00f6rtert. In den Geb\u00e4uden und St\u00e4dten der Gegenwart und Zukunft h\u00e4lt der technische Ausbau im eigentlichen Sinn, aber auch im Sinne des Monitorings und der Digitalisierung zunehmend Einzug, sodass auch diesen Themen breiter Raum einger\u00e4umt wurde.<br \/>Simulationstechnische Betrachtungen zum Hangwassermanagement bei Starkregenereignissen runden den Exkurs in Bauphysikaffine Bereiche ab.<br \/>Wiewohl die Chancen und Grenzen von Innend\u00e4mmungen stets zu bedenken sind, stellen diese oft eine Alternative zu au\u00dfenliegenden W\u00e4rmed\u00e4mmungen dar, die jedoch unter lastabtragenden Gr\u00fcndungsplatten besonderen Anforderungen ausgesetzt und noch intensiv zu erforschen sind. In K\u00fcrze wird das Memorandum der st\u00e4ndigen Konferenz der Professoren f\u00fcr Bauphysik und Technischer Ausbau ver\u00f6ffentlicht, wonach sich die Bauphysik und der Technische Ausbau in den letzten Jahrzehnten zu einem festen und belangreichen Bestandteil bei der Ausbildung von Architekten und Bauingenieuren entwickelt haben. Sie leisten einen entscheidenden Beitrag zum Wohlbe\ufb01nden des Menschen in der gebauten<br \/>Umwelt und zum nachhaltigen Bauen bzw. sind die Anforderungen bei der Planung, Errichtung und vor allem auch bei der Nutzung von Geb\u00e4uden<br \/>gegen\u00fcber fr\u00fcher gewaltig gestiegen. Somit \u201eBauphysik quo vadis \u2013 im Spannungsfeld von Tradition und Forschung\u201cund in diesem Sinne eine<br \/>spannende Bauphysiktagung 2016. Peter Kautsch <br \/><\/p>","protected":false},"excerpt":{"rendered":"<p class=\"qtranxs-available-languages-message qtranxs-available-languages-message-en\">Sorry, this entry is only available in <a href=\"https:\/\/tugraztestweb.asol.at\/de\/wp-json\/wp\/v2\/product\/30756\" class=\"qtranxs-available-language-link qtranxs-available-language-link-de\" title=\"Deutsch\">Deutsch<\/a>.<\/p>\n<p>Vorwort<br \/>Gesch\u00e4tzte Tagungsteilnehmerin!<br \/>Gesch\u00e4tzter Tagungsteilnehmer!<br \/>Da die Bauphysik nicht nur die Ph\u00e4nomene in den Bauteilen selbst und im Inneren von R\u00e4umen beschreibt, sondern zunehmend auch die Umgebung von Bauwerken und deren st\u00e4dtischem Verbund umfasst, starten wir diese Tagung mit der Bauphysik urbaner Oberfl\u00e4chen z.B. unter dem energetischen und schalltechnischen Aspekt, um uns in der Folge in den akustischen Herausforderungen zu vertiefen. Wieweit bauphysikalische Erkenntnisse die Qualit\u00e4t im gef\u00f6rderten Wohnbau erh\u00f6hen und sichern, wird im anschlie\u00dfenden Referat er\u00f6rtert. In den Geb\u00e4uden und St\u00e4dten der Gegenwart und Zukunft h\u00e4lt der technische Ausbau im eigentlichen Sinn, aber auch im Sinne des Monitorings und der Digitalisierung zunehmend Einzug, sodass auch diesen Themen breiter Raum einger\u00e4umt wurde.<br \/>Simulationstechnische Betrachtungen zum Hangwassermanagement bei Starkregenereignissen runden den Exkurs in Bauphysikaffine Bereiche ab.<br \/>Wiewohl die Chancen und Grenzen von Innend\u00e4mmungen stets zu bedenken sind, stellen diese oft eine Alternative zu au\u00dfenliegenden W\u00e4rmed\u00e4mmungen dar, die jedoch unter lastabtragenden Gr\u00fcndungsplatten besonderen Anforderungen ausgesetzt und noch intensiv zu erforschen sind. In K\u00fcrze wird das Memorandum der st\u00e4ndigen Konferenz der Professoren f\u00fcr Bauphysik und Technischer Ausbau ver\u00f6ffentlicht, wonach sich die Bauphysik und der Technische Ausbau in den letzten Jahrzehnten zu einem festen und belangreichen Bestandteil bei der Ausbildung von Architekten und Bauingenieuren entwickelt haben. Sie leisten einen entscheidenden Beitrag zum Wohlbe\ufb01nden des Menschen in der gebauten<br \/>Umwelt und zum nachhaltigen Bauen bzw. sind die Anforderungen bei der Planung, Errichtung und vor allem auch bei der Nutzung von Geb\u00e4uden<br \/>gegen\u00fcber fr\u00fcher gewaltig gestiegen. Somit \u201eBauphysik quo vadis \u2013 im Spannungsfeld von Tradition und Forschung\u201cund in diesem Sinne eine<br \/>spannende Bauphysiktagung 2016. Peter Kautsch <\/p>\n","protected":false},"featured_media":40072,"comment_status":"open","ping_status":"closed","template":"","meta":[],"yoast_head":"<!-- This site is optimized with the Yoast SEO plugin v16.1.1 - https:\/\/yoast.com\/wordpress\/plugins\/seo\/ -->\n<link rel=\"canonical\" href=\"https:\/\/tugraztestweb.asol.at\/en\/gesamtverzeichnis\/bauingenieurwissenschaften\/bauphysiktagung-2016-ebook\/\" \/>\n<meta property=\"og:locale\" content=\"en_US\" \/>\n<meta property=\"og:type\" content=\"article\" \/>\n<meta property=\"og:title\" content=\"Bauphysiktagung 2016 - Verlag der TU Graz\" \/>\n<meta property=\"og:description\" content=\"VorwortGesch\u00e4tzte Tagungsteilnehmerin!Gesch\u00e4tzter Tagungsteilnehmer!Da die Bauphysik nicht nur die Ph\u00e4nomene in den Bauteilen selbst und im Inneren von R\u00e4umen beschreibt, sondern zunehmend auch die Umgebung von Bauwerken und deren st\u00e4dtischem Verbund umfasst, starten wir diese Tagung mit der Bauphysik urbaner Oberfl\u00e4chen z.B. unter dem energetischen und schalltechnischen Aspekt, um uns in der Folge in den akustischen Herausforderungen zu vertiefen. Wieweit bauphysikalische Erkenntnisse die Qualit\u00e4t im gef\u00f6rderten Wohnbau erh\u00f6hen und sichern, wird im anschlie\u00dfenden Referat er\u00f6rtert. In den Geb\u00e4uden und St\u00e4dten der Gegenwart und Zukunft h\u00e4lt der technische Ausbau im eigentlichen Sinn, aber auch im Sinne des Monitorings und der Digitalisierung zunehmend Einzug, sodass auch diesen Themen breiter Raum einger\u00e4umt wurde.Simulationstechnische Betrachtungen zum Hangwassermanagement bei Starkregenereignissen runden den Exkurs in Bauphysikaffine Bereiche ab.Wiewohl die Chancen und Grenzen von Innend\u00e4mmungen stets zu bedenken sind, stellen diese oft eine Alternative zu au\u00dfenliegenden W\u00e4rmed\u00e4mmungen dar, die jedoch unter lastabtragenden Gr\u00fcndungsplatten besonderen Anforderungen ausgesetzt und noch intensiv zu erforschen sind. In K\u00fcrze wird das Memorandum der st\u00e4ndigen Konferenz der Professoren f\u00fcr Bauphysik und Technischer Ausbau ver\u00f6ffentlicht, wonach sich die Bauphysik und der Technische Ausbau in den letzten Jahrzehnten zu einem festen und belangreichen Bestandteil bei der Ausbildung von Architekten und Bauingenieuren entwickelt haben. Sie leisten einen entscheidenden Beitrag zum Wohlbe\ufb01nden des Menschen in der gebautenUmwelt und zum nachhaltigen Bauen bzw. sind die Anforderungen bei der Planung, Errichtung und vor allem auch bei der Nutzung von Geb\u00e4udengegen\u00fcber fr\u00fcher gewaltig gestiegen. Somit \u201eBauphysik quo vadis \u2013 im Spannungsfeld von Tradition und Forschung\u201cund in diesem Sinne einespannende Bauphysiktagung 2016. Peter Kautsch\" \/>\n<meta property=\"og:url\" content=\"https:\/\/tugraztestweb.asol.at\/en\/gesamtverzeichnis\/bauingenieurwissenschaften\/bauphysiktagung-2016-ebook\/\" \/>\n<meta property=\"og:site_name\" content=\"Verlag der TU Graz\" \/>\n<meta property=\"article:modified_time\" content=\"2020-08-21T12:56:12+00:00\" \/>\n<meta property=\"og:image\" content=\"https:\/\/tugraztestweb.asol.at\/wp-content\/uploads\/2020\/08\/image-739.jpg\" \/>\n\t<meta property=\"og:image:width\" content=\"465\" \/>\n\t<meta property=\"og:image:height\" content=\"665\" \/>\n<meta name=\"twitter:card\" content=\"summary_large_image\" \/>\n<meta name=\"twitter:label1\" content=\"Est. reading time\">\n\t<meta name=\"twitter:data1\" content=\"1 minute\">\n<script type=\"application\/ld+json\" class=\"yoast-schema-graph\">{\"@context\":\"https:\/\/schema.org\",\"@graph\":[{\"@type\":\"WebSite\",\"@id\":\"https:\/\/tugraztestweb.asol.at\/#website\",\"url\":\"https:\/\/tugraztestweb.asol.at\/\",\"name\":\"Verlag der TU Graz\",\"description\":\"Verlag der Technischen Universit\\u00e4t Graz\",\"potentialAction\":[{\"@type\":\"SearchAction\",\"target\":\"https:\/\/tugraztestweb.asol.at\/?s={search_term_string}\",\"query-input\":\"required name=search_term_string\"}],\"inLanguage\":\"en-US\"},{\"@type\":\"ImageObject\",\"@id\":\"https:\/\/tugraztestweb.asol.at\/en\/gesamtverzeichnis\/bauingenieurwissenschaften\/bauphysiktagung-2016-ebook\/#primaryimage\",\"inLanguage\":\"en-US\",\"url\":\"https:\/\/tugraztestweb.asol.at\/wp-content\/uploads\/2020\/08\/image-739.jpg\",\"contentUrl\":\"https:\/\/tugraztestweb.asol.at\/wp-content\/uploads\/2020\/08\/image-739.jpg\",\"width\":465,\"height\":665},{\"@type\":\"WebPage\",\"@id\":\"https:\/\/tugraztestweb.asol.at\/en\/gesamtverzeichnis\/bauingenieurwissenschaften\/bauphysiktagung-2016-ebook\/#webpage\",\"url\":\"https:\/\/tugraztestweb.asol.at\/en\/gesamtverzeichnis\/bauingenieurwissenschaften\/bauphysiktagung-2016-ebook\/\",\"name\":\"Bauphysiktagung 2016 - Verlag der TU Graz\",\"isPartOf\":{\"@id\":\"https:\/\/tugraztestweb.asol.at\/#website\"},\"primaryImageOfPage\":{\"@id\":\"https:\/\/tugraztestweb.asol.at\/en\/gesamtverzeichnis\/bauingenieurwissenschaften\/bauphysiktagung-2016-ebook\/#primaryimage\"},\"datePublished\":\"2020-08-21T12:55:12+00:00\",\"dateModified\":\"2020-08-21T12:56:12+00:00\",\"breadcrumb\":{\"@id\":\"https:\/\/tugraztestweb.asol.at\/en\/gesamtverzeichnis\/bauingenieurwissenschaften\/bauphysiktagung-2016-ebook\/#breadcrumb\"},\"inLanguage\":\"en-US\",\"potentialAction\":[{\"@type\":\"ReadAction\",\"target\":[\"https:\/\/tugraztestweb.asol.at\/en\/gesamtverzeichnis\/bauingenieurwissenschaften\/bauphysiktagung-2016-ebook\/\"]}]},{\"@type\":\"BreadcrumbList\",\"@id\":\"https:\/\/tugraztestweb.asol.at\/en\/gesamtverzeichnis\/bauingenieurwissenschaften\/bauphysiktagung-2016-ebook\/#breadcrumb\",\"itemListElement\":[{\"@type\":\"ListItem\",\"position\":1,\"item\":{\"@type\":\"WebPage\",\"@id\":\"https:\/\/tugraztestweb.asol.at\/\",\"url\":\"https:\/\/tugraztestweb.asol.at\/\",\"name\":\"Home\"}},{\"@type\":\"ListItem\",\"position\":2,\"item\":{\"@type\":\"WebPage\",\"@id\":\"https:\/\/tugraztestweb.asol.at\/gesamtverzeichnis\/\",\"url\":\"https:\/\/tugraztestweb.asol.at\/gesamtverzeichnis\/\",\"name\":\"Gesamtverzeichnis\"}},{\"@type\":\"ListItem\",\"position\":3,\"item\":{\"@type\":\"WebPage\",\"@id\":\"https:\/\/tugraztestweb.asol.at\/en\/gesamtverzeichnis\/bauingenieurwissenschaften\/bauphysiktagung-2016-ebook\/\",\"url\":\"https:\/\/tugraztestweb.asol.at\/en\/gesamtverzeichnis\/bauingenieurwissenschaften\/bauphysiktagung-2016-ebook\/\",\"name\":\"Bauphysiktagung 2016\"}}]}]}<\/script>\n<!-- \/ Yoast SEO plugin. -->","_links":{"self":[{"href":"https:\/\/tugraztestweb.asol.at\/en\/wp-json\/wp\/v2\/product\/30756"}],"collection":[{"href":"https:\/\/tugraztestweb.asol.at\/en\/wp-json\/wp\/v2\/product"}],"about":[{"href":"https:\/\/tugraztestweb.asol.at\/en\/wp-json\/wp\/v2\/types\/product"}],"replies":[{"embeddable":true,"href":"https:\/\/tugraztestweb.asol.at\/en\/wp-json\/wp\/v2\/comments?post=30756"}],"wp:featuredmedia":[{"embeddable":true,"href":"https:\/\/tugraztestweb.asol.at\/en\/wp-json\/wp\/v2\/media\/40072"}],"wp:attachment":[{"href":"https:\/\/tugraztestweb.asol.at\/en\/wp-json\/wp\/v2\/media?parent=30756"}],"curies":[{"name":"wp","href":"https:\/\/api.w.org\/{rel}","templated":true}]}}