{"id":30758,"date":"2020-08-21T12:55:12","date_gmt":"2020-08-21T12:55:12","guid":{"rendered":"http:\/\/tugraztestweb.asol.at\/gesamtverzeichnis\/unkategorisiert\/gad-awards-2\/"},"modified":"2020-08-21T14:56:12","modified_gmt":"2020-08-21T12:56:12","slug":"gad-awards-ebook","status":"publish","type":"product","link":"https:\/\/tugraztestweb.asol.at\/en\/gesamtverzeichnis\/architektur\/gad-awards-ebook\/","title":{"rendered":"GAD &#8211; Awards"},"content":{"rendered":"<p class=\"qtranxs-available-languages-message qtranxs-available-languages-message-en\">Sorry, this entry is only available in <a href=\"https:\/\/tugraztestweb.asol.at\/de\/wp-json\/wp\/v2\/product\/30758\" class=\"qtranxs-available-language-link qtranxs-available-language-link-de\" title=\"Deutsch\">Deutsch<\/a>.<\/p><p>Seit 2003 wird j\u00e4hrlich der GAD Award, der Grazer <br \/>Architekturdiplompreis, von der Architekturfakult\u00e4t ausgelobt und <br \/>verliehen. Diese j\u00e4hrliche Leistungsschau der Abschlussarbeiten gibt <br \/>Studierenden die M\u00f6glichkeit, ihre Arbeiten einer interessierten <br \/>\u00d6ffentlichkeit, einer international besetzten Jury<br \/>und der Fachpresse vorzustellen.<br \/>Diese<br \/> vorliegende Publikation zeigt den GAD-Award 2015 und die damit <br \/>verbundenen Veranstaltungen, und bietet einen R\u00fcckblick auf 13 Jahre <br \/>Architekturdiplompreis an der TU Graz.<\/p>","protected":false},"excerpt":{"rendered":"<p class=\"qtranxs-available-languages-message qtranxs-available-languages-message-en\">Sorry, this entry is only available in <a href=\"https:\/\/tugraztestweb.asol.at\/de\/wp-json\/wp\/v2\/product\/30758\" class=\"qtranxs-available-language-link qtranxs-available-language-link-de\" title=\"Deutsch\">Deutsch<\/a>.<\/p>\n<p>Seit 2003 wird j\u00e4hrlich der GAD Award, der Grazer <br \/>Architekturdiplompreis, von der Architekturfakult\u00e4t ausgelobt und <br \/>verliehen. Diese j\u00e4hrliche Leistungsschau der Abschlussarbeiten gibt <br \/>Studierenden die M\u00f6glichkeit, ihre Arbeiten einer interessierten <br \/>\u00d6ffentlichkeit, einer international besetzten Jury<br \/>und der Fachpresse vorzustellen.<br \/>Diese<br \/> vorliegende Publikation zeigt den GAD-Award 2015 und die damit <br \/>verbundenen Veranstaltungen, und bietet einen R\u00fcckblick auf 13 Jahre <br \/>Architekturdiplompreis an der TU Graz.<\/p>\n","protected":false},"featured_media":40073,"comment_status":"open","ping_status":"closed","template":"","meta":[],"yoast_head":"<!-- This site is optimized with the Yoast SEO plugin v16.1.1 - https:\/\/yoast.com\/wordpress\/plugins\/seo\/ -->\n<link rel=\"canonical\" href=\"https:\/\/tugraztestweb.asol.at\/gesamtverzeichnis\/architektur\/gad-awards-ebook\/\" \/>\n<meta property=\"og:locale\" content=\"en_US\" \/>\n<meta property=\"og:type\" content=\"article\" \/>\n<meta property=\"og:title\" content=\"GAD - Awards - Verlag der TU Graz\" \/>\n<meta property=\"og:description\" content=\"Seit 2003 wird j\u00e4hrlich der GAD Award, der Grazer Architekturdiplompreis, von der Architekturfakult\u00e4t ausgelobt und verliehen. Diese j\u00e4hrliche Leistungsschau der Abschlussarbeiten gibt Studierenden die M\u00f6glichkeit, ihre Arbeiten einer interessierten \u00d6ffentlichkeit, einer international besetzten Juryund der Fachpresse vorzustellen.Diese vorliegende Publikation zeigt den GAD-Award 2015 und die damit verbundenen Veranstaltungen, und bietet einen R\u00fcckblick auf 13 Jahre Architekturdiplompreis an der TU Graz.\" \/>\n<meta property=\"og:url\" content=\"https:\/\/tugraztestweb.asol.at\/gesamtverzeichnis\/architektur\/gad-awards-ebook\/\" \/>\n<meta property=\"og:site_name\" content=\"Verlag der TU Graz\" \/>\n<meta property=\"article:modified_time\" content=\"2020-08-21T12:56:12+00:00\" \/>\n<meta property=\"og:image\" content=\"https:\/\/tugraztestweb.asol.at\/wp-content\/uploads\/2020\/08\/image-740.jpg\" \/>\n\t<meta property=\"og:image:width\" content=\"651\" \/>\n\t<meta property=\"og:image:height\" content=\"667\" \/>\n<meta name=\"twitter:card\" content=\"summary_large_image\" \/>\n<script type=\"application\/ld+json\" class=\"yoast-schema-graph\">{\"@context\":\"https:\/\/schema.org\",\"@graph\":[{\"@type\":\"WebSite\",\"@id\":\"https:\/\/tugraztestweb.asol.at\/#website\",\"url\":\"https:\/\/tugraztestweb.asol.at\/\",\"name\":\"Verlag der TU Graz\",\"description\":\"Verlag der Technischen Universit\\u00e4t Graz\",\"potentialAction\":[{\"@type\":\"SearchAction\",\"target\":\"https:\/\/tugraztestweb.asol.at\/?s={search_term_string}\",\"query-input\":\"required name=search_term_string\"}],\"inLanguage\":\"en-US\"},{\"@type\":\"ImageObject\",\"@id\":\"https:\/\/tugraztestweb.asol.at\/gesamtverzeichnis\/architektur\/gad-awards-ebook\/#primaryimage\",\"inLanguage\":\"en-US\",\"url\":\"https:\/\/tugraztestweb.asol.at\/wp-content\/uploads\/2020\/08\/image-740.jpg\",\"contentUrl\":\"https:\/\/tugraztestweb.asol.at\/wp-content\/uploads\/2020\/08\/image-740.jpg\",\"width\":651,\"height\":667},{\"@type\":\"WebPage\",\"@id\":\"https:\/\/tugraztestweb.asol.at\/gesamtverzeichnis\/architektur\/gad-awards-ebook\/#webpage\",\"url\":\"https:\/\/tugraztestweb.asol.at\/gesamtverzeichnis\/architektur\/gad-awards-ebook\/\",\"name\":\"GAD - Awards - Verlag der TU Graz\",\"isPartOf\":{\"@id\":\"https:\/\/tugraztestweb.asol.at\/#website\"},\"primaryImageOfPage\":{\"@id\":\"https:\/\/tugraztestweb.asol.at\/gesamtverzeichnis\/architektur\/gad-awards-ebook\/#primaryimage\"},\"datePublished\":\"2020-08-21T12:55:12+00:00\",\"dateModified\":\"2020-08-21T12:56:12+00:00\",\"breadcrumb\":{\"@id\":\"https:\/\/tugraztestweb.asol.at\/gesamtverzeichnis\/architektur\/gad-awards-ebook\/#breadcrumb\"},\"inLanguage\":\"en-US\",\"potentialAction\":[{\"@type\":\"ReadAction\",\"target\":[\"https:\/\/tugraztestweb.asol.at\/gesamtverzeichnis\/architektur\/gad-awards-ebook\/\"]}]},{\"@type\":\"BreadcrumbList\",\"@id\":\"https:\/\/tugraztestweb.asol.at\/gesamtverzeichnis\/architektur\/gad-awards-ebook\/#breadcrumb\",\"itemListElement\":[{\"@type\":\"ListItem\",\"position\":1,\"item\":{\"@type\":\"WebPage\",\"@id\":\"https:\/\/tugraztestweb.asol.at\/\",\"url\":\"https:\/\/tugraztestweb.asol.at\/\",\"name\":\"Home\"}},{\"@type\":\"ListItem\",\"position\":2,\"item\":{\"@type\":\"WebPage\",\"@id\":\"https:\/\/tugraztestweb.asol.at\/gesamtverzeichnis\/\",\"url\":\"https:\/\/tugraztestweb.asol.at\/gesamtverzeichnis\/\",\"name\":\"Gesamtverzeichnis\"}},{\"@type\":\"ListItem\",\"position\":3,\"item\":{\"@type\":\"WebPage\",\"@id\":\"https:\/\/tugraztestweb.asol.at\/gesamtverzeichnis\/architektur\/gad-awards-ebook\/\",\"url\":\"https:\/\/tugraztestweb.asol.at\/gesamtverzeichnis\/architektur\/gad-awards-ebook\/\",\"name\":\"GAD &#8211; Awards\"}}]}]}<\/script>\n<!-- \/ Yoast SEO plugin. -->","_links":{"self":[{"href":"https:\/\/tugraztestweb.asol.at\/en\/wp-json\/wp\/v2\/product\/30758"}],"collection":[{"href":"https:\/\/tugraztestweb.asol.at\/en\/wp-json\/wp\/v2\/product"}],"about":[{"href":"https:\/\/tugraztestweb.asol.at\/en\/wp-json\/wp\/v2\/types\/product"}],"replies":[{"embeddable":true,"href":"https:\/\/tugraztestweb.asol.at\/en\/wp-json\/wp\/v2\/comments?post=30758"}],"wp:featuredmedia":[{"embeddable":true,"href":"https:\/\/tugraztestweb.asol.at\/en\/wp-json\/wp\/v2\/media\/40073"}],"wp:attachment":[{"href":"https:\/\/tugraztestweb.asol.at\/en\/wp-json\/wp\/v2\/media?parent=30758"}],"curies":[{"name":"wp","href":"https:\/\/api.w.org\/{rel}","templated":true}]}}