{"id":30760,"date":"2020-08-21T12:55:12","date_gmt":"2020-08-21T12:55:12","guid":{"rendered":"http:\/\/tugraztestweb.asol.at\/gesamtverzeichnis\/unkategorisiert\/common-ground-unser-gut-und-lebensraum\/"},"modified":"2020-08-21T14:56:12","modified_gmt":"2020-08-21T12:56:12","slug":"common-ground-unser-gut-und-lebensraum","status":"publish","type":"product","link":"https:\/\/tugraztestweb.asol.at\/en\/gesamtverzeichnis\/architektur\/common-ground-unser-gut-und-lebensraum\/","title":{"rendered":"Common Ground \u2013 Unser Gut und Lebensraum"},"content":{"rendered":"<p class=\"qtranxs-available-languages-message qtranxs-available-languages-message-en\">Sorry, this entry is only available in <a href=\"https:\/\/tugraztestweb.asol.at\/de\/wp-json\/wp\/v2\/product\/30760\" class=\"qtranxs-available-language-link qtranxs-available-language-link-de\" title=\"Deutsch\">Deutsch<\/a>.<\/p><p>Die Migrationsbewegung von 2015 \/ 2016 hat auch auf die Diskussion zum<br \/>\nThema Architektur und St\u00e4dtebau Auswirkungen gezeigt. So wurde unter<br \/>\nanderem der Ruf nach leistbarem Wohnbau wieder lauter. Diese Forderung<br \/>\nhat allerdings nichts mit den Ankommenden zu tun. Politik und<br \/>\nGesellschaft haben es \u00fcber Jahre verabs\u00e4umt die Gestaltung unseres<br \/>\ngebauten Umfeldes aktiv in die Hand zu nehmen. Stattdessen haben<br \/>\nInvestoren und Wohnbaugenossenschaften das Ruder \u00fcbernommen, sodass die<br \/>\n\u00f6ffentliche Hand zum Bittsteller wurde. Die Schaffung integrativer und<br \/>\nsozial nachhaltiger R\u00e4ume hat hier so gut wie keine Rolle gespielt. <br \/>Wohnraum,<br \/>\n der eigentlich genauso wie Lebensmittel zu den Grundbed\u00fcrfnissen der<br \/>\nMenschen z\u00e4hlen sollte, wurde stattdessen immer mehr zum Ersatz<br \/>\nalthergebrachter Anlageformen und zum Spekulationsobjekt. Der<br \/>\nunma\u00dfst\u00e4bliche Anstieg der Wohnkosten ist die logische Folge.<br \/>Die ZV Steiermark hat mit dem Buch &#8220;Common Ground &#8211; Unser Gut und Lebensraum&#8221; acht Positionen zu aktuellen Herausforderungen<br \/> an Architektur und St\u00e4dtebau herausgegeben.<br \/>Texte von: <br \/>Daniela Oberauer &amp;Wolfgang Novak (ANAH,Berlin,New York)<br \/>Franz Denk (IG Architektur)<br \/>Roland Gnaiger (Studio BASEhabitat, Kunstuniversit\u00e4t Linz)<br \/>Eugen Gross (Werkguppe Graz) <br \/>Tanja Gurke (Kunstverein Graz)<br \/>Alexander Hagner (gaupenraub +\/-)<br \/>Anke Strittmatter (FH Joanneum,Graz)<br \/>Hansj\u00f6rg Tschom (Graz)<\/p>","protected":false},"excerpt":{"rendered":"<p class=\"qtranxs-available-languages-message qtranxs-available-languages-message-en\">Sorry, this entry is only available in <a href=\"https:\/\/tugraztestweb.asol.at\/de\/wp-json\/wp\/v2\/product\/30760\" class=\"qtranxs-available-language-link qtranxs-available-language-link-de\" title=\"Deutsch\">Deutsch<\/a>.<\/p>\n<p>Die Migrationsbewegung von 2015 \/ 2016 hat auch auf die Diskussion zum<br \/>\nThema Architektur und St\u00e4dtebau Auswirkungen gezeigt. So wurde unter<br \/>\nanderem der Ruf nach leistbarem Wohnbau wieder lauter. Diese Forderung<br \/>\nhat allerdings nichts mit den Ankommenden zu tun. Politik und<br \/>\nGesellschaft haben es \u00fcber Jahre verabs\u00e4umt die Gestaltung unseres<br \/>\ngebauten Umfeldes aktiv in die Hand zu nehmen. Stattdessen haben<br \/>\nInvestoren und Wohnbaugenossenschaften das Ruder \u00fcbernommen, sodass die<br \/>\n\u00f6ffentliche Hand zum Bittsteller wurde. Die Schaffung integrativer und<br \/>\nsozial nachhaltiger R\u00e4ume hat hier so gut wie keine Rolle gespielt. <br \/>Wohnraum,<br \/>\n der eigentlich genauso wie Lebensmittel zu den Grundbed\u00fcrfnissen der<br \/>\nMenschen z\u00e4hlen sollte, wurde stattdessen immer mehr zum Ersatz<br \/>\nalthergebrachter Anlageformen und zum Spekulationsobjekt. Der<br \/>\nunma\u00dfst\u00e4bliche Anstieg der Wohnkosten ist die logische Folge.<br \/>Die ZV Steiermark hat mit dem Buch &#8220;Common Ground &#8211; Unser Gut und Lebensraum&#8221; acht Positionen zu aktuellen Herausforderungen<br \/> an Architektur und St\u00e4dtebau herausgegeben.<br \/>Texte von: <br \/>Daniela Oberauer &amp;Wolfgang Novak (ANAH,Berlin,New York)<br \/>Franz Denk (IG Architektur)<br \/>Roland Gnaiger (Studio BASEhabitat, Kunstuniversit\u00e4t Linz)<br \/>Eugen Gross (Werkguppe Graz) <br \/>Tanja Gurke (Kunstverein Graz)<br \/>Alexander Hagner (gaupenraub +\/-)<br \/>Anke Strittmatter (FH Joanneum,Graz)<br \/>Hansj\u00f6rg Tschom (Graz)<\/p>\n","protected":false},"featured_media":40074,"comment_status":"open","ping_status":"closed","template":"","meta":[],"yoast_head":"<!-- This site is optimized with the Yoast SEO plugin v16.1.1 - https:\/\/yoast.com\/wordpress\/plugins\/seo\/ -->\n<link rel=\"canonical\" href=\"https:\/\/tugraztestweb.asol.at\/en\/gesamtverzeichnis\/architektur\/common-ground-unser-gut-und-lebensraum\/\" \/>\n<meta property=\"og:locale\" content=\"en_US\" \/>\n<meta property=\"og:type\" content=\"article\" \/>\n<meta property=\"og:title\" content=\"Common Ground \u2013 Unser Gut und Lebensraum - Verlag der TU Graz\" \/>\n<meta property=\"og:description\" content=\"Die Migrationsbewegung von 2015 \/ 2016 hat auch auf die Diskussion zum Thema Architektur und St\u00e4dtebau Auswirkungen gezeigt. So wurde unter anderem der Ruf nach leistbarem Wohnbau wieder lauter. Diese Forderung hat allerdings nichts mit den Ankommenden zu tun. Politik und Gesellschaft haben es \u00fcber Jahre verabs\u00e4umt die Gestaltung unseres gebauten Umfeldes aktiv in die Hand zu nehmen. Stattdessen haben Investoren und Wohnbaugenossenschaften das Ruder \u00fcbernommen, sodass die \u00f6ffentliche Hand zum Bittsteller wurde. Die Schaffung integrativer und sozial nachhaltiger R\u00e4ume hat hier so gut wie keine Rolle gespielt. Wohnraum, der eigentlich genauso wie Lebensmittel zu den Grundbed\u00fcrfnissen der Menschen z\u00e4hlen sollte, wurde stattdessen immer mehr zum Ersatz althergebrachter Anlageformen und zum Spekulationsobjekt. Der unma\u00dfst\u00e4bliche Anstieg der Wohnkosten ist die logische Folge.Die ZV Steiermark hat mit dem Buch &quot;Common Ground - Unser Gut und Lebensraum&quot; acht Positionen zu aktuellen Herausforderungen an Architektur und St\u00e4dtebau herausgegeben.Texte von: Daniela Oberauer &amp;Wolfgang Novak (ANAH,Berlin,New York)Franz Denk (IG Architektur)Roland Gnaiger (Studio BASEhabitat, Kunstuniversit\u00e4t Linz)Eugen Gross (Werkguppe Graz) Tanja Gurke (Kunstverein Graz)Alexander Hagner (gaupenraub +\/-)Anke Strittmatter (FH Joanneum,Graz)Hansj\u00f6rg Tschom (Graz)\" \/>\n<meta property=\"og:url\" content=\"https:\/\/tugraztestweb.asol.at\/en\/gesamtverzeichnis\/architektur\/common-ground-unser-gut-und-lebensraum\/\" \/>\n<meta property=\"og:site_name\" content=\"Verlag der TU Graz\" \/>\n<meta property=\"article:modified_time\" content=\"2020-08-21T12:56:12+00:00\" \/>\n<meta property=\"og:image\" content=\"https:\/\/tugraztestweb.asol.at\/wp-content\/uploads\/2020\/08\/image-978-3-85125-499-0.jpg\" \/>\n\t<meta property=\"og:image:width\" content=\"448\" \/>\n\t<meta property=\"og:image:height\" content=\"449\" \/>\n<meta name=\"twitter:card\" content=\"summary_large_image\" \/>\n<meta name=\"twitter:label1\" content=\"Est. reading time\">\n\t<meta name=\"twitter:data1\" content=\"1 minute\">\n<script type=\"application\/ld+json\" class=\"yoast-schema-graph\">{\"@context\":\"https:\/\/schema.org\",\"@graph\":[{\"@type\":\"WebSite\",\"@id\":\"https:\/\/tugraztestweb.asol.at\/#website\",\"url\":\"https:\/\/tugraztestweb.asol.at\/\",\"name\":\"Verlag der TU Graz\",\"description\":\"Verlag der Technischen Universit\\u00e4t Graz\",\"potentialAction\":[{\"@type\":\"SearchAction\",\"target\":\"https:\/\/tugraztestweb.asol.at\/?s={search_term_string}\",\"query-input\":\"required name=search_term_string\"}],\"inLanguage\":\"en-US\"},{\"@type\":\"ImageObject\",\"@id\":\"https:\/\/tugraztestweb.asol.at\/en\/gesamtverzeichnis\/architektur\/common-ground-unser-gut-und-lebensraum\/#primaryimage\",\"inLanguage\":\"en-US\",\"url\":\"https:\/\/tugraztestweb.asol.at\/wp-content\/uploads\/2020\/08\/image-978-3-85125-499-0.jpg\",\"contentUrl\":\"https:\/\/tugraztestweb.asol.at\/wp-content\/uploads\/2020\/08\/image-978-3-85125-499-0.jpg\",\"width\":448,\"height\":449},{\"@type\":\"WebPage\",\"@id\":\"https:\/\/tugraztestweb.asol.at\/en\/gesamtverzeichnis\/architektur\/common-ground-unser-gut-und-lebensraum\/#webpage\",\"url\":\"https:\/\/tugraztestweb.asol.at\/en\/gesamtverzeichnis\/architektur\/common-ground-unser-gut-und-lebensraum\/\",\"name\":\"Common Ground \\u2013 Unser Gut und Lebensraum - Verlag der TU Graz\",\"isPartOf\":{\"@id\":\"https:\/\/tugraztestweb.asol.at\/#website\"},\"primaryImageOfPage\":{\"@id\":\"https:\/\/tugraztestweb.asol.at\/en\/gesamtverzeichnis\/architektur\/common-ground-unser-gut-und-lebensraum\/#primaryimage\"},\"datePublished\":\"2020-08-21T12:55:12+00:00\",\"dateModified\":\"2020-08-21T12:56:12+00:00\",\"breadcrumb\":{\"@id\":\"https:\/\/tugraztestweb.asol.at\/en\/gesamtverzeichnis\/architektur\/common-ground-unser-gut-und-lebensraum\/#breadcrumb\"},\"inLanguage\":\"en-US\",\"potentialAction\":[{\"@type\":\"ReadAction\",\"target\":[\"https:\/\/tugraztestweb.asol.at\/en\/gesamtverzeichnis\/architektur\/common-ground-unser-gut-und-lebensraum\/\"]}]},{\"@type\":\"BreadcrumbList\",\"@id\":\"https:\/\/tugraztestweb.asol.at\/en\/gesamtverzeichnis\/architektur\/common-ground-unser-gut-und-lebensraum\/#breadcrumb\",\"itemListElement\":[{\"@type\":\"ListItem\",\"position\":1,\"item\":{\"@type\":\"WebPage\",\"@id\":\"https:\/\/tugraztestweb.asol.at\/\",\"url\":\"https:\/\/tugraztestweb.asol.at\/\",\"name\":\"Home\"}},{\"@type\":\"ListItem\",\"position\":2,\"item\":{\"@type\":\"WebPage\",\"@id\":\"https:\/\/tugraztestweb.asol.at\/gesamtverzeichnis\/\",\"url\":\"https:\/\/tugraztestweb.asol.at\/gesamtverzeichnis\/\",\"name\":\"Gesamtverzeichnis\"}},{\"@type\":\"ListItem\",\"position\":3,\"item\":{\"@type\":\"WebPage\",\"@id\":\"https:\/\/tugraztestweb.asol.at\/en\/gesamtverzeichnis\/architektur\/common-ground-unser-gut-und-lebensraum\/\",\"url\":\"https:\/\/tugraztestweb.asol.at\/en\/gesamtverzeichnis\/architektur\/common-ground-unser-gut-und-lebensraum\/\",\"name\":\"Common Ground \\u2013 Unser Gut und Lebensraum\"}}]}]}<\/script>\n<!-- \/ Yoast SEO plugin. -->","_links":{"self":[{"href":"https:\/\/tugraztestweb.asol.at\/en\/wp-json\/wp\/v2\/product\/30760"}],"collection":[{"href":"https:\/\/tugraztestweb.asol.at\/en\/wp-json\/wp\/v2\/product"}],"about":[{"href":"https:\/\/tugraztestweb.asol.at\/en\/wp-json\/wp\/v2\/types\/product"}],"replies":[{"embeddable":true,"href":"https:\/\/tugraztestweb.asol.at\/en\/wp-json\/wp\/v2\/comments?post=30760"}],"wp:featuredmedia":[{"embeddable":true,"href":"https:\/\/tugraztestweb.asol.at\/en\/wp-json\/wp\/v2\/media\/40074"}],"wp:attachment":[{"href":"https:\/\/tugraztestweb.asol.at\/en\/wp-json\/wp\/v2\/media?parent=30760"}],"curies":[{"name":"wp","href":"https:\/\/api.w.org\/{rel}","templated":true}]}}