{"id":32033,"date":"2020-08-21T12:55:12","date_gmt":"2020-08-21T12:55:12","guid":{"rendered":"http:\/\/tugraztestweb.asol.at\/gesamtverzeichnis\/unkategorisiert\/persoenlichkeiten-aus-den-gebieten-der-ehemaligen-tschechoslowakei-im-kulturleben-oesterreichs\/"},"modified":"2020-08-21T14:56:12","modified_gmt":"2020-08-21T12:56:12","slug":"persoenlichkeiten-aus-den-gebieten-der-ehemaligen-tschechoslowakei-im-kulturleben-oesterreichs","status":"publish","type":"product","link":"https:\/\/tugraztestweb.asol.at\/en\/gesamtverzeichnis\/interdiszipinaeres\/persoenlichkeiten-aus-den-gebieten-der-ehemaligen-tschechoslowakei-im-kulturleben-oesterreichs\/","title":{"rendered":"Pers\u00f6nlichkeiten aus den Gebieten der ehemaligen Tschechoslowakei im Kulturleben \u00d6sterreichs"},"content":{"rendered":"<p class=\"qtranxs-available-languages-message qtranxs-available-languages-message-en\">Sorry, this entry is only available in <a href=\"https:\/\/tugraztestweb.asol.at\/de\/wp-json\/wp\/v2\/product\/32033\" class=\"qtranxs-available-language-link qtranxs-available-language-link-de\" title=\"Deutsch\">Deutsch<\/a>.<\/p><p>Die bio-bibliographischen Datenbanken (bibi.kfstock.at) der Autoren sind eine Fundgrube an Anregungen f\u00fcr Kulturinteressierte. Im aktuellsten Zeitalter der V\u00f6lkerwanderungen lohnt es sich, einen Blick auf die Wanderbewegungen unserer Nachbarl\u00e4nder zu werfen und ganz besonders auf die mit \u00d6sterreich \u00fcber Jahrhunderte verbundenen L\u00e4nder der <br \/>ehemaligen Tschechoslowakei.<br \/><\/p>","protected":false},"excerpt":{"rendered":"<p class=\"qtranxs-available-languages-message qtranxs-available-languages-message-en\">Sorry, this entry is only available in <a href=\"https:\/\/tugraztestweb.asol.at\/de\/wp-json\/wp\/v2\/product\/32033\" class=\"qtranxs-available-language-link qtranxs-available-language-link-de\" title=\"Deutsch\">Deutsch<\/a>.<\/p>\n<p>Die bio-bibliographischen Datenbanken (bibi.kfstock.at) der Autoren sind eine Fundgrube an Anregungen f\u00fcr Kulturinteressierte. Im aktuellsten Zeitalter der V\u00f6lkerwanderungen lohnt es sich, einen Blick auf die Wanderbewegungen unserer Nachbarl\u00e4nder zu werfen und ganz besonders auf die mit \u00d6sterreich \u00fcber Jahrhunderte verbundenen L\u00e4nder der <br \/>ehemaligen Tschechoslowakei.<\/p>\n","protected":false},"featured_media":40070,"comment_status":"open","ping_status":"closed","template":"","meta":[],"yoast_head":"<!-- This site is optimized with the Yoast SEO plugin v16.1.1 - https:\/\/yoast.com\/wordpress\/plugins\/seo\/ -->\n<link rel=\"canonical\" href=\"https:\/\/tugraztestweb.asol.at\/en\/gesamtverzeichnis\/interdiszipinaeres\/persoenlichkeiten-aus-den-gebieten-der-ehemaligen-tschechoslowakei-im-kulturleben-oesterreichs\/\" \/>\n<meta property=\"og:locale\" content=\"en_US\" \/>\n<meta property=\"og:type\" content=\"article\" \/>\n<meta property=\"og:title\" content=\"Pers\u00f6nlichkeiten aus den Gebieten der ehemaligen Tschechoslowakei im Kulturleben \u00d6sterreichs - Verlag der TU Graz\" \/>\n<meta property=\"og:description\" content=\"Die bio-bibliographischen Datenbanken (bibi.kfstock.at) der Autoren sind eine Fundgrube an Anregungen f\u00fcr Kulturinteressierte. Im aktuellsten Zeitalter der V\u00f6lkerwanderungen lohnt es sich, einen Blick auf die Wanderbewegungen unserer Nachbarl\u00e4nder zu werfen und ganz besonders auf die mit \u00d6sterreich \u00fcber Jahrhunderte verbundenen L\u00e4nder der ehemaligen Tschechoslowakei.\" \/>\n<meta property=\"og:url\" content=\"https:\/\/tugraztestweb.asol.at\/en\/gesamtverzeichnis\/interdiszipinaeres\/persoenlichkeiten-aus-den-gebieten-der-ehemaligen-tschechoslowakei-im-kulturleben-oesterreichs\/\" \/>\n<meta property=\"og:site_name\" content=\"Verlag der TU Graz\" \/>\n<meta property=\"article:modified_time\" content=\"2020-08-21T12:56:12+00:00\" \/>\n<meta property=\"og:image\" content=\"https:\/\/tugraztestweb.asol.at\/wp-content\/uploads\/2020\/08\/image-978-3-85125-492-1.jpg\" \/>\n\t<meta property=\"og:image:width\" content=\"479\" \/>\n\t<meta property=\"og:image:height\" content=\"716\" \/>\n<meta name=\"twitter:card\" content=\"summary_large_image\" \/>\n<script type=\"application\/ld+json\" class=\"yoast-schema-graph\">{\"@context\":\"https:\/\/schema.org\",\"@graph\":[{\"@type\":\"WebSite\",\"@id\":\"https:\/\/tugraztestweb.asol.at\/#website\",\"url\":\"https:\/\/tugraztestweb.asol.at\/\",\"name\":\"Verlag der TU Graz\",\"description\":\"Verlag der Technischen Universit\\u00e4t Graz\",\"potentialAction\":[{\"@type\":\"SearchAction\",\"target\":\"https:\/\/tugraztestweb.asol.at\/?s={search_term_string}\",\"query-input\":\"required name=search_term_string\"}],\"inLanguage\":\"en-US\"},{\"@type\":\"ImageObject\",\"@id\":\"https:\/\/tugraztestweb.asol.at\/en\/gesamtverzeichnis\/interdiszipinaeres\/persoenlichkeiten-aus-den-gebieten-der-ehemaligen-tschechoslowakei-im-kulturleben-oesterreichs\/#primaryimage\",\"inLanguage\":\"en-US\",\"url\":\"https:\/\/tugraztestweb.asol.at\/wp-content\/uploads\/2020\/08\/image-978-3-85125-492-1.jpg\",\"contentUrl\":\"https:\/\/tugraztestweb.asol.at\/wp-content\/uploads\/2020\/08\/image-978-3-85125-492-1.jpg\",\"width\":479,\"height\":716},{\"@type\":\"WebPage\",\"@id\":\"https:\/\/tugraztestweb.asol.at\/en\/gesamtverzeichnis\/interdiszipinaeres\/persoenlichkeiten-aus-den-gebieten-der-ehemaligen-tschechoslowakei-im-kulturleben-oesterreichs\/#webpage\",\"url\":\"https:\/\/tugraztestweb.asol.at\/en\/gesamtverzeichnis\/interdiszipinaeres\/persoenlichkeiten-aus-den-gebieten-der-ehemaligen-tschechoslowakei-im-kulturleben-oesterreichs\/\",\"name\":\"Pers\\u00f6nlichkeiten aus den Gebieten der ehemaligen Tschechoslowakei im Kulturleben \\u00d6sterreichs - Verlag der TU Graz\",\"isPartOf\":{\"@id\":\"https:\/\/tugraztestweb.asol.at\/#website\"},\"primaryImageOfPage\":{\"@id\":\"https:\/\/tugraztestweb.asol.at\/en\/gesamtverzeichnis\/interdiszipinaeres\/persoenlichkeiten-aus-den-gebieten-der-ehemaligen-tschechoslowakei-im-kulturleben-oesterreichs\/#primaryimage\"},\"datePublished\":\"2020-08-21T12:55:12+00:00\",\"dateModified\":\"2020-08-21T12:56:12+00:00\",\"breadcrumb\":{\"@id\":\"https:\/\/tugraztestweb.asol.at\/en\/gesamtverzeichnis\/interdiszipinaeres\/persoenlichkeiten-aus-den-gebieten-der-ehemaligen-tschechoslowakei-im-kulturleben-oesterreichs\/#breadcrumb\"},\"inLanguage\":\"en-US\",\"potentialAction\":[{\"@type\":\"ReadAction\",\"target\":[\"https:\/\/tugraztestweb.asol.at\/en\/gesamtverzeichnis\/interdiszipinaeres\/persoenlichkeiten-aus-den-gebieten-der-ehemaligen-tschechoslowakei-im-kulturleben-oesterreichs\/\"]}]},{\"@type\":\"BreadcrumbList\",\"@id\":\"https:\/\/tugraztestweb.asol.at\/en\/gesamtverzeichnis\/interdiszipinaeres\/persoenlichkeiten-aus-den-gebieten-der-ehemaligen-tschechoslowakei-im-kulturleben-oesterreichs\/#breadcrumb\",\"itemListElement\":[{\"@type\":\"ListItem\",\"position\":1,\"item\":{\"@type\":\"WebPage\",\"@id\":\"https:\/\/tugraztestweb.asol.at\/\",\"url\":\"https:\/\/tugraztestweb.asol.at\/\",\"name\":\"Home\"}},{\"@type\":\"ListItem\",\"position\":2,\"item\":{\"@type\":\"WebPage\",\"@id\":\"https:\/\/tugraztestweb.asol.at\/gesamtverzeichnis\/\",\"url\":\"https:\/\/tugraztestweb.asol.at\/gesamtverzeichnis\/\",\"name\":\"Gesamtverzeichnis\"}},{\"@type\":\"ListItem\",\"position\":3,\"item\":{\"@type\":\"WebPage\",\"@id\":\"https:\/\/tugraztestweb.asol.at\/en\/gesamtverzeichnis\/interdiszipinaeres\/persoenlichkeiten-aus-den-gebieten-der-ehemaligen-tschechoslowakei-im-kulturleben-oesterreichs\/\",\"url\":\"https:\/\/tugraztestweb.asol.at\/en\/gesamtverzeichnis\/interdiszipinaeres\/persoenlichkeiten-aus-den-gebieten-der-ehemaligen-tschechoslowakei-im-kulturleben-oesterreichs\/\",\"name\":\"Pers\\u00f6nlichkeiten aus den Gebieten der ehemaligen Tschechoslowakei im Kulturleben \\u00d6sterreichs\"}}]}]}<\/script>\n<!-- \/ Yoast SEO plugin. -->","_links":{"self":[{"href":"https:\/\/tugraztestweb.asol.at\/en\/wp-json\/wp\/v2\/product\/32033"}],"collection":[{"href":"https:\/\/tugraztestweb.asol.at\/en\/wp-json\/wp\/v2\/product"}],"about":[{"href":"https:\/\/tugraztestweb.asol.at\/en\/wp-json\/wp\/v2\/types\/product"}],"replies":[{"embeddable":true,"href":"https:\/\/tugraztestweb.asol.at\/en\/wp-json\/wp\/v2\/comments?post=32033"}],"wp:featuredmedia":[{"embeddable":true,"href":"https:\/\/tugraztestweb.asol.at\/en\/wp-json\/wp\/v2\/media\/40070"}],"wp:attachment":[{"href":"https:\/\/tugraztestweb.asol.at\/en\/wp-json\/wp\/v2\/media?parent=32033"}],"curies":[{"name":"wp","href":"https:\/\/api.w.org\/{rel}","templated":true}]}}