{"id":32053,"date":"2020-08-21T12:55:12","date_gmt":"2020-08-21T12:55:12","guid":{"rendered":"http:\/\/tugraztestweb.asol.at\/gesamtverzeichnis\/unkategorisiert\/arbeiten-in-stahl\/"},"modified":"2020-08-21T14:56:12","modified_gmt":"2020-08-21T12:56:12","slug":"geschweisste-skulpturen","status":"publish","type":"product","link":"https:\/\/tugraztestweb.asol.at\/en\/gesamtverzeichnis\/architektur\/geschweisste-skulpturen\/","title":{"rendered":"Geschweisste Skulpturen"},"content":{"rendered":"<p class=\"qtranxs-available-languages-message qtranxs-available-languages-message-en\">Sorry, this entry is only available in <a href=\"https:\/\/tugraztestweb.asol.at\/de\/wp-json\/wp\/v2\/product\/32053\" class=\"qtranxs-available-language-link qtranxs-available-language-link-de\" title=\"Deutsch\">Deutsch<\/a>.<\/p><p>Der geb\u00fcrtige Kapfenberger stellt in diesem aussergew\u00f6hnlich gestaltetem Werkbuch eine Auswahl eigener Arbeiten vor, die im Umfeld seiner Lehrt\u00e4tigkeit an der Architekturfakult\u00e4t der TU Graz entstanden sind. <br \/>Heusgen, selbst auch gelernter Schlosser, betreut seit mehr als 25 Jahren ein Seminar mit dem Titel &#8220;Arbeiten mit Stahl&#8221;, daher sind auch seine Arbeiten Stahlskulpturen,&nbsp;geschwei\u00dfte Skulpturen.<br \/>Die Fotos von Helmut Tezak &#8211; der ihn seit fast 30 Jahren fotographisch begleitet &#8211; zeigen die Arbeiten unmittelbar nach Fertigstellung, aber auch mit den &#8220;Spuren des Alters&#8221;.<br \/>Texte von Friedrich Achleitner, G\u00fcnther Holler-Schuster und Rudolf Kedl erg\u00e4nzen die Bilder. <br \/>Kurze, eigene Hinweise &#8220;erz\u00e4hlen&#8221; \u00fcber die Entstehung der Skulpturen.<br \/>Ein sehr pers\u00f6nliches Buch, das Freude macht.<\/p>\n<p><\/p>","protected":false},"excerpt":{"rendered":"<p class=\"qtranxs-available-languages-message qtranxs-available-languages-message-en\">Sorry, this entry is only available in <a href=\"https:\/\/tugraztestweb.asol.at\/de\/wp-json\/wp\/v2\/product\/32053\" class=\"qtranxs-available-language-link qtranxs-available-language-link-de\" title=\"Deutsch\">Deutsch<\/a>.<\/p>\n<p>Der geb\u00fcrtige Kapfenberger stellt in diesem aussergew\u00f6hnlich gestaltetem Werkbuch eine Auswahl eigener Arbeiten vor, die im Umfeld seiner Lehrt\u00e4tigkeit an der Architekturfakult\u00e4t der TU Graz entstanden sind. <br \/>Heusgen, selbst auch gelernter Schlosser, betreut seit mehr als 25 Jahren ein Seminar mit dem Titel &#8220;Arbeiten mit Stahl&#8221;, daher sind auch seine Arbeiten Stahlskulpturen,&nbsp;geschwei\u00dfte Skulpturen.<br \/>Die Fotos von Helmut Tezak &#8211; der ihn seit fast 30 Jahren fotographisch begleitet &#8211; zeigen die Arbeiten unmittelbar nach Fertigstellung, aber auch mit den &#8220;Spuren des Alters&#8221;.<br \/>Texte von Friedrich Achleitner, G\u00fcnther Holler-Schuster und Rudolf Kedl erg\u00e4nzen die Bilder. <br \/>Kurze, eigene Hinweise &#8220;erz\u00e4hlen&#8221; \u00fcber die Entstehung der Skulpturen.<br \/>Ein sehr pers\u00f6nliches Buch, das Freude macht.<\/p>\n","protected":false},"featured_media":40079,"comment_status":"open","ping_status":"closed","template":"","meta":[],"yoast_head":"<!-- This site is optimized with the Yoast SEO plugin v16.1.1 - https:\/\/yoast.com\/wordpress\/plugins\/seo\/ -->\n<link rel=\"canonical\" href=\"https:\/\/tugraztestweb.asol.at\/gesamtverzeichnis\/architektur\/geschweisste-skulpturen\/\" \/>\n<meta property=\"og:locale\" content=\"en_US\" \/>\n<meta property=\"og:type\" content=\"article\" \/>\n<meta property=\"og:title\" content=\"Geschweisste Skulpturen - Verlag der TU Graz\" \/>\n<meta property=\"og:description\" content=\"Der geb\u00fcrtige Kapfenberger stellt in diesem aussergew\u00f6hnlich gestaltetem Werkbuch eine Auswahl eigener Arbeiten vor, die im Umfeld seiner Lehrt\u00e4tigkeit an der Architekturfakult\u00e4t der TU Graz entstanden sind. Heusgen, selbst auch gelernter Schlosser, betreut seit mehr als 25 Jahren ein Seminar mit dem Titel &quot;Arbeiten mit Stahl&quot;, daher sind auch seine Arbeiten Stahlskulpturen,&nbsp;geschwei\u00dfte Skulpturen.Die Fotos von Helmut Tezak - der ihn seit fast 30 Jahren fotographisch begleitet - zeigen die Arbeiten unmittelbar nach Fertigstellung, aber auch mit den &quot;Spuren des Alters&quot;.Texte von Friedrich Achleitner, G\u00fcnther Holler-Schuster und Rudolf Kedl erg\u00e4nzen die Bilder. Kurze, eigene Hinweise &quot;erz\u00e4hlen&quot; \u00fcber die Entstehung der Skulpturen.Ein sehr pers\u00f6nliches Buch, das Freude macht.\" \/>\n<meta property=\"og:url\" content=\"https:\/\/tugraztestweb.asol.at\/gesamtverzeichnis\/architektur\/geschweisste-skulpturen\/\" \/>\n<meta property=\"og:site_name\" content=\"Verlag der TU Graz\" \/>\n<meta property=\"article:modified_time\" content=\"2020-08-21T12:56:12+00:00\" \/>\n<meta property=\"og:image\" content=\"https:\/\/tugraztestweb.asol.at\/wp-content\/uploads\/2020\/08\/image-978-3-85125-506-5.jpg\" \/>\n\t<meta property=\"og:image:width\" content=\"681\" \/>\n\t<meta property=\"og:image:height\" content=\"890\" \/>\n<meta name=\"twitter:card\" content=\"summary_large_image\" \/>\n<meta name=\"twitter:label1\" content=\"Est. reading time\">\n\t<meta name=\"twitter:data1\" content=\"1 minute\">\n<script type=\"application\/ld+json\" class=\"yoast-schema-graph\">{\"@context\":\"https:\/\/schema.org\",\"@graph\":[{\"@type\":\"WebSite\",\"@id\":\"https:\/\/tugraztestweb.asol.at\/#website\",\"url\":\"https:\/\/tugraztestweb.asol.at\/\",\"name\":\"Verlag der TU Graz\",\"description\":\"Verlag der Technischen Universit\\u00e4t Graz\",\"potentialAction\":[{\"@type\":\"SearchAction\",\"target\":\"https:\/\/tugraztestweb.asol.at\/?s={search_term_string}\",\"query-input\":\"required name=search_term_string\"}],\"inLanguage\":\"en-US\"},{\"@type\":\"ImageObject\",\"@id\":\"https:\/\/tugraztestweb.asol.at\/gesamtverzeichnis\/architektur\/geschweisste-skulpturen\/#primaryimage\",\"inLanguage\":\"en-US\",\"url\":\"https:\/\/tugraztestweb.asol.at\/wp-content\/uploads\/2020\/08\/image-978-3-85125-506-5.jpg\",\"contentUrl\":\"https:\/\/tugraztestweb.asol.at\/wp-content\/uploads\/2020\/08\/image-978-3-85125-506-5.jpg\",\"width\":681,\"height\":890},{\"@type\":\"WebPage\",\"@id\":\"https:\/\/tugraztestweb.asol.at\/gesamtverzeichnis\/architektur\/geschweisste-skulpturen\/#webpage\",\"url\":\"https:\/\/tugraztestweb.asol.at\/gesamtverzeichnis\/architektur\/geschweisste-skulpturen\/\",\"name\":\"Geschweisste Skulpturen - Verlag der TU Graz\",\"isPartOf\":{\"@id\":\"https:\/\/tugraztestweb.asol.at\/#website\"},\"primaryImageOfPage\":{\"@id\":\"https:\/\/tugraztestweb.asol.at\/gesamtverzeichnis\/architektur\/geschweisste-skulpturen\/#primaryimage\"},\"datePublished\":\"2020-08-21T12:55:12+00:00\",\"dateModified\":\"2020-08-21T12:56:12+00:00\",\"breadcrumb\":{\"@id\":\"https:\/\/tugraztestweb.asol.at\/gesamtverzeichnis\/architektur\/geschweisste-skulpturen\/#breadcrumb\"},\"inLanguage\":\"en-US\",\"potentialAction\":[{\"@type\":\"ReadAction\",\"target\":[\"https:\/\/tugraztestweb.asol.at\/gesamtverzeichnis\/architektur\/geschweisste-skulpturen\/\"]}]},{\"@type\":\"BreadcrumbList\",\"@id\":\"https:\/\/tugraztestweb.asol.at\/gesamtverzeichnis\/architektur\/geschweisste-skulpturen\/#breadcrumb\",\"itemListElement\":[{\"@type\":\"ListItem\",\"position\":1,\"item\":{\"@type\":\"WebPage\",\"@id\":\"https:\/\/tugraztestweb.asol.at\/\",\"url\":\"https:\/\/tugraztestweb.asol.at\/\",\"name\":\"Home\"}},{\"@type\":\"ListItem\",\"position\":2,\"item\":{\"@type\":\"WebPage\",\"@id\":\"https:\/\/tugraztestweb.asol.at\/gesamtverzeichnis\/\",\"url\":\"https:\/\/tugraztestweb.asol.at\/gesamtverzeichnis\/\",\"name\":\"Gesamtverzeichnis\"}},{\"@type\":\"ListItem\",\"position\":3,\"item\":{\"@type\":\"WebPage\",\"@id\":\"https:\/\/tugraztestweb.asol.at\/gesamtverzeichnis\/architektur\/geschweisste-skulpturen\/\",\"url\":\"https:\/\/tugraztestweb.asol.at\/gesamtverzeichnis\/architektur\/geschweisste-skulpturen\/\",\"name\":\"Geschweisste Skulpturen\"}}]}]}<\/script>\n<!-- \/ Yoast SEO plugin. -->","_links":{"self":[{"href":"https:\/\/tugraztestweb.asol.at\/en\/wp-json\/wp\/v2\/product\/32053"}],"collection":[{"href":"https:\/\/tugraztestweb.asol.at\/en\/wp-json\/wp\/v2\/product"}],"about":[{"href":"https:\/\/tugraztestweb.asol.at\/en\/wp-json\/wp\/v2\/types\/product"}],"replies":[{"embeddable":true,"href":"https:\/\/tugraztestweb.asol.at\/en\/wp-json\/wp\/v2\/comments?post=32053"}],"wp:featuredmedia":[{"embeddable":true,"href":"https:\/\/tugraztestweb.asol.at\/en\/wp-json\/wp\/v2\/media\/40079"}],"wp:attachment":[{"href":"https:\/\/tugraztestweb.asol.at\/en\/wp-json\/wp\/v2\/media?parent=32053"}],"curies":[{"name":"wp","href":"https:\/\/api.w.org\/{rel}","templated":true}]}}