{"id":32054,"date":"2020-08-21T12:55:12","date_gmt":"2020-08-21T12:55:12","guid":{"rendered":"http:\/\/tugraztestweb.asol.at\/gesamtverzeichnis\/unkategorisiert\/9-grazer-baubetriebs-und-baurechtsseminar\/"},"modified":"2020-08-21T14:56:13","modified_gmt":"2020-08-21T12:56:13","slug":"9-grazer-baubetriebs-und-baurechtsseminar","status":"publish","type":"product","link":"https:\/\/tugraztestweb.asol.at\/en\/gesamtverzeichnis\/bauingenieurwissenschaften\/9-grazer-baubetriebs-und-baurechtsseminar\/","title":{"rendered":"9. Grazer Baubetriebs- und Baurechtsseminar"},"content":{"rendered":"<p class=\"qtranxs-available-languages-message qtranxs-available-languages-message-en\">Sorry, this entry is only available in <a href=\"https:\/\/tugraztestweb.asol.at\/de\/wp-json\/wp\/v2\/product\/32054\" class=\"qtranxs-available-language-link qtranxs-available-language-link-de\" title=\"Deutsch\">Deutsch<\/a>.<\/p><p>Das Thema der Gemeinkosten befasst die Lehrst\u00fchle der Baubetriebsinstitute<br \/>der Technischen Universit\u00e4ten seit Jahrzehnten und die Diskussion<br \/>wird bereichert durch spannende Judikatur sowie Ausf\u00fchrungen von<br \/>Baujuristen. Die Ursache all dieser Diskussionsbeitr\u00e4ge liegt in dem allzu<br \/>kontrovers und teilweise diametral angesehenen Ansatz zur Abgeltung<br \/>von Gemeinkosten bei \u00c4nderungen vom tats\u00e4chlich angebotenen Leistungsumfang.<br \/>Im Tagungsband wird die sehr differenzierte Vorgehensweise von Heegemann<br \/>dargelegt, Er vertritt den Ansatz, dass eine grunds\u00e4tzliche Verg\u00fctung<br \/>von Gemeinkosten bei Behinderungen nicht erfolgen kann, ohne<br \/>dass etwaige zus\u00e4tzliche Erl\u00f6se anderer Baustellen oder beim selben<br \/>Projekt ber\u00fccksichtigt werden.<br \/>Die rechtliche Betrachtung von Karasek analysiert und strukturiert aus<br \/>rechtlicher Sicht die Forderungen von Gemeinkosten bei gest\u00f6rten Bauabl\u00e4ufen.<br \/>Auch er kommt zu dem Schluss, dass eine differenzierte Sicht<br \/>bei der Anrechnung von anderweitigen Erl\u00f6sen richtig erscheint, jedoch<br \/>sieht er den Auftraggeber in der Position des Nachweispflichtigen in einer<br \/>sehr schwierigen Rolle.<br \/>Fischer geht in seinem Beitrag auf die semantische Bedeutung und die<br \/>Rolle der Kalkulationsnorm \u00d6NORM B 2061 ein. Er zeigt auch die Entwicklung<br \/>der Gesch\u00e4ftsgemeinkosten auf und belegt dies mit der Entwicklung<br \/>der darin enthaltenen umgelegten Sozialkosten. Fischer deutet<br \/>auch an, dass gerade mit der Einf\u00fchrung von BIM die derzeitigen Kalkulationsverfahren<br \/>\u00fcberdacht werden sollten und appelliert an die \u00f6sterreichische<br \/>Fachcommunity, das strikte Festhalten an der \u00d6NORM B 2061<br \/>mit ihren Kalkulationsformbl\u00e4ttern zu \u00fcberdenken.<br \/>Kurbos besch\u00e4ftigt sich mit der Frage der Spekulation mit den Gemeinkosten.<br \/>Ein illustrer Beitrag mit all seinen Spitzfindigkeiten in der Kalkulation,<br \/>Kostenfunktionen aber auch dem Bundesvergabegesetz. Ein wahrer<br \/>Kurbos, ohne den ein solcher Tagungsband kaum bestehen kann.<br \/>Lechner erl\u00e4utert in einem Beitrag die leider noch nicht g\u00e4ngige Praxis<br \/>der Kalkulation von Ingenieur- resp. Architekturb\u00fcros. In Analogie zu den<br \/>\u00fcblichen K3-Kalkualtionsbl\u00e4ttern der \u00d6NORM B 2061 erstellt er solche<br \/>Kalkulationshilfen f\u00fcr die einzelnen Mitarbeiter von Planungsb\u00fcros. Eine<br \/>wertvolle Hilfe, um insbesondere auch den Ausweis und die Legitimation<br \/>von Gemeinkosten in diesem Segment lukrieren zu k\u00f6nnen.<\/p>","protected":false},"excerpt":{"rendered":"<p class=\"qtranxs-available-languages-message qtranxs-available-languages-message-en\">Sorry, this entry is only available in <a href=\"https:\/\/tugraztestweb.asol.at\/de\/wp-json\/wp\/v2\/product\/32054\" class=\"qtranxs-available-language-link qtranxs-available-language-link-de\" title=\"Deutsch\">Deutsch<\/a>.<\/p>\n<p>Das Thema der Gemeinkosten befasst die Lehrst\u00fchle der Baubetriebsinstitute<br \/>der Technischen Universit\u00e4ten seit Jahrzehnten und die Diskussion<br \/>wird bereichert durch spannende Judikatur sowie Ausf\u00fchrungen von<br \/>Baujuristen. Die Ursache all dieser Diskussionsbeitr\u00e4ge liegt in dem allzu<br \/>kontrovers und teilweise diametral angesehenen Ansatz zur Abgeltung<br \/>von Gemeinkosten bei \u00c4nderungen vom tats\u00e4chlich angebotenen Leistungsumfang.<br \/>Im Tagungsband wird die sehr differenzierte Vorgehensweise von Heegemann<br \/>dargelegt, Er vertritt den Ansatz, dass eine grunds\u00e4tzliche Verg\u00fctung<br \/>von Gemeinkosten bei Behinderungen nicht erfolgen kann, ohne<br \/>dass etwaige zus\u00e4tzliche Erl\u00f6se anderer Baustellen oder beim selben<br \/>Projekt ber\u00fccksichtigt werden.<br \/>Die rechtliche Betrachtung von Karasek analysiert und strukturiert aus<br \/>rechtlicher Sicht die Forderungen von Gemeinkosten bei gest\u00f6rten Bauabl\u00e4ufen.<br \/>Auch er kommt zu dem Schluss, dass eine differenzierte Sicht<br \/>bei der Anrechnung von anderweitigen Erl\u00f6sen richtig erscheint, jedoch<br \/>sieht er den Auftraggeber in der Position des Nachweispflichtigen in einer<br \/>sehr schwierigen Rolle.<br \/>Fischer geht in seinem Beitrag auf die semantische Bedeutung und die<br \/>Rolle der Kalkulationsnorm \u00d6NORM B 2061 ein. Er zeigt auch die Entwicklung<br \/>der Gesch\u00e4ftsgemeinkosten auf und belegt dies mit der Entwicklung<br \/>der darin enthaltenen umgelegten Sozialkosten. Fischer deutet<br \/>auch an, dass gerade mit der Einf\u00fchrung von BIM die derzeitigen Kalkulationsverfahren<br \/>\u00fcberdacht werden sollten und appelliert an die \u00f6sterreichische<br \/>Fachcommunity, das strikte Festhalten an der \u00d6NORM B 2061<br \/>mit ihren Kalkulationsformbl\u00e4ttern zu \u00fcberdenken.<br \/>Kurbos besch\u00e4ftigt sich mit der Frage der Spekulation mit den Gemeinkosten.<br \/>Ein illustrer Beitrag mit all seinen Spitzfindigkeiten in der Kalkulation,<br \/>Kostenfunktionen aber auch dem Bundesvergabegesetz. Ein wahrer<br \/>Kurbos, ohne den ein solcher Tagungsband kaum bestehen kann.<br \/>Lechner erl\u00e4utert in einem Beitrag die leider noch nicht g\u00e4ngige Praxis<br \/>der Kalkulation von Ingenieur- resp. Architekturb\u00fcros. In Analogie zu den<br \/>\u00fcblichen K3-Kalkualtionsbl\u00e4ttern der \u00d6NORM B 2061 erstellt er solche<br \/>Kalkulationshilfen f\u00fcr die einzelnen Mitarbeiter von Planungsb\u00fcros. Eine<br \/>wertvolle Hilfe, um insbesondere auch den Ausweis und die Legitimation<br \/>von Gemeinkosten in diesem Segment lukrieren zu k\u00f6nnen.<\/p>\n","protected":false},"featured_media":40080,"comment_status":"open","ping_status":"closed","template":"","meta":[],"yoast_head":"<!-- This site is optimized with the Yoast SEO plugin v16.1.1 - https:\/\/yoast.com\/wordpress\/plugins\/seo\/ -->\n<link rel=\"canonical\" href=\"https:\/\/tugraztestweb.asol.at\/gesamtverzeichnis\/bauingenieurwissenschaften\/9-grazer-baubetriebs-und-baurechtsseminar\/\" \/>\n<meta property=\"og:locale\" content=\"en_US\" \/>\n<meta property=\"og:type\" content=\"article\" \/>\n<meta property=\"og:title\" content=\"9. Grazer Baubetriebs- und Baurechtsseminar - Verlag der TU Graz\" \/>\n<meta property=\"og:description\" content=\"Das Thema der Gemeinkosten befasst die Lehrst\u00fchle der Baubetriebsinstituteder Technischen Universit\u00e4ten seit Jahrzehnten und die Diskussionwird bereichert durch spannende Judikatur sowie Ausf\u00fchrungen vonBaujuristen. Die Ursache all dieser Diskussionsbeitr\u00e4ge liegt in dem allzukontrovers und teilweise diametral angesehenen Ansatz zur Abgeltungvon Gemeinkosten bei \u00c4nderungen vom tats\u00e4chlich angebotenen Leistungsumfang.Im Tagungsband wird die sehr differenzierte Vorgehensweise von Heegemanndargelegt, Er vertritt den Ansatz, dass eine grunds\u00e4tzliche Verg\u00fctungvon Gemeinkosten bei Behinderungen nicht erfolgen kann, ohnedass etwaige zus\u00e4tzliche Erl\u00f6se anderer Baustellen oder beim selbenProjekt ber\u00fccksichtigt werden.Die rechtliche Betrachtung von Karasek analysiert und strukturiert ausrechtlicher Sicht die Forderungen von Gemeinkosten bei gest\u00f6rten Bauabl\u00e4ufen.Auch er kommt zu dem Schluss, dass eine differenzierte Sichtbei der Anrechnung von anderweitigen Erl\u00f6sen richtig erscheint, jedochsieht er den Auftraggeber in der Position des Nachweispflichtigen in einersehr schwierigen Rolle.Fischer geht in seinem Beitrag auf die semantische Bedeutung und dieRolle der Kalkulationsnorm \u00d6NORM B 2061 ein. Er zeigt auch die Entwicklungder Gesch\u00e4ftsgemeinkosten auf und belegt dies mit der Entwicklungder darin enthaltenen umgelegten Sozialkosten. Fischer deutetauch an, dass gerade mit der Einf\u00fchrung von BIM die derzeitigen Kalkulationsverfahren\u00fcberdacht werden sollten und appelliert an die \u00f6sterreichischeFachcommunity, das strikte Festhalten an der \u00d6NORM B 2061mit ihren Kalkulationsformbl\u00e4ttern zu \u00fcberdenken.Kurbos besch\u00e4ftigt sich mit der Frage der Spekulation mit den Gemeinkosten.Ein illustrer Beitrag mit all seinen Spitzfindigkeiten in der Kalkulation,Kostenfunktionen aber auch dem Bundesvergabegesetz. Ein wahrerKurbos, ohne den ein solcher Tagungsband kaum bestehen kann.Lechner erl\u00e4utert in einem Beitrag die leider noch nicht g\u00e4ngige Praxisder Kalkulation von Ingenieur- resp. Architekturb\u00fcros. In Analogie zu den\u00fcblichen K3-Kalkualtionsbl\u00e4ttern der \u00d6NORM B 2061 erstellt er solcheKalkulationshilfen f\u00fcr die einzelnen Mitarbeiter von Planungsb\u00fcros. Einewertvolle Hilfe, um insbesondere auch den Ausweis und die Legitimationvon Gemeinkosten in diesem Segment lukrieren zu k\u00f6nnen.\" \/>\n<meta property=\"og:url\" content=\"https:\/\/tugraztestweb.asol.at\/gesamtverzeichnis\/bauingenieurwissenschaften\/9-grazer-baubetriebs-und-baurechtsseminar\/\" \/>\n<meta property=\"og:site_name\" content=\"Verlag der TU Graz\" \/>\n<meta property=\"article:modified_time\" content=\"2020-08-21T12:56:13+00:00\" \/>\n<meta property=\"og:image\" content=\"https:\/\/tugraztestweb.asol.at\/wp-content\/uploads\/2020\/08\/image-978-3-85125-507-2.jpg\" \/>\n\t<meta property=\"og:image:width\" content=\"590\" \/>\n\t<meta property=\"og:image:height\" content=\"835\" \/>\n<meta name=\"twitter:card\" content=\"summary_large_image\" \/>\n<meta name=\"twitter:label1\" content=\"Est. reading time\">\n\t<meta name=\"twitter:data1\" content=\"2 minutes\">\n<script type=\"application\/ld+json\" class=\"yoast-schema-graph\">{\"@context\":\"https:\/\/schema.org\",\"@graph\":[{\"@type\":\"WebSite\",\"@id\":\"https:\/\/tugraztestweb.asol.at\/#website\",\"url\":\"https:\/\/tugraztestweb.asol.at\/\",\"name\":\"Verlag der TU Graz\",\"description\":\"Verlag der Technischen Universit\\u00e4t Graz\",\"potentialAction\":[{\"@type\":\"SearchAction\",\"target\":\"https:\/\/tugraztestweb.asol.at\/?s={search_term_string}\",\"query-input\":\"required name=search_term_string\"}],\"inLanguage\":\"en-US\"},{\"@type\":\"ImageObject\",\"@id\":\"https:\/\/tugraztestweb.asol.at\/gesamtverzeichnis\/bauingenieurwissenschaften\/9-grazer-baubetriebs-und-baurechtsseminar\/#primaryimage\",\"inLanguage\":\"en-US\",\"url\":\"https:\/\/tugraztestweb.asol.at\/wp-content\/uploads\/2020\/08\/image-978-3-85125-507-2.jpg\",\"contentUrl\":\"https:\/\/tugraztestweb.asol.at\/wp-content\/uploads\/2020\/08\/image-978-3-85125-507-2.jpg\",\"width\":590,\"height\":835},{\"@type\":\"WebPage\",\"@id\":\"https:\/\/tugraztestweb.asol.at\/gesamtverzeichnis\/bauingenieurwissenschaften\/9-grazer-baubetriebs-und-baurechtsseminar\/#webpage\",\"url\":\"https:\/\/tugraztestweb.asol.at\/gesamtverzeichnis\/bauingenieurwissenschaften\/9-grazer-baubetriebs-und-baurechtsseminar\/\",\"name\":\"9. Grazer Baubetriebs- und Baurechtsseminar - Verlag der TU Graz\",\"isPartOf\":{\"@id\":\"https:\/\/tugraztestweb.asol.at\/#website\"},\"primaryImageOfPage\":{\"@id\":\"https:\/\/tugraztestweb.asol.at\/gesamtverzeichnis\/bauingenieurwissenschaften\/9-grazer-baubetriebs-und-baurechtsseminar\/#primaryimage\"},\"datePublished\":\"2020-08-21T12:55:12+00:00\",\"dateModified\":\"2020-08-21T12:56:13+00:00\",\"breadcrumb\":{\"@id\":\"https:\/\/tugraztestweb.asol.at\/gesamtverzeichnis\/bauingenieurwissenschaften\/9-grazer-baubetriebs-und-baurechtsseminar\/#breadcrumb\"},\"inLanguage\":\"en-US\",\"potentialAction\":[{\"@type\":\"ReadAction\",\"target\":[\"https:\/\/tugraztestweb.asol.at\/gesamtverzeichnis\/bauingenieurwissenschaften\/9-grazer-baubetriebs-und-baurechtsseminar\/\"]}]},{\"@type\":\"BreadcrumbList\",\"@id\":\"https:\/\/tugraztestweb.asol.at\/gesamtverzeichnis\/bauingenieurwissenschaften\/9-grazer-baubetriebs-und-baurechtsseminar\/#breadcrumb\",\"itemListElement\":[{\"@type\":\"ListItem\",\"position\":1,\"item\":{\"@type\":\"WebPage\",\"@id\":\"https:\/\/tugraztestweb.asol.at\/\",\"url\":\"https:\/\/tugraztestweb.asol.at\/\",\"name\":\"Home\"}},{\"@type\":\"ListItem\",\"position\":2,\"item\":{\"@type\":\"WebPage\",\"@id\":\"https:\/\/tugraztestweb.asol.at\/gesamtverzeichnis\/\",\"url\":\"https:\/\/tugraztestweb.asol.at\/gesamtverzeichnis\/\",\"name\":\"Gesamtverzeichnis\"}},{\"@type\":\"ListItem\",\"position\":3,\"item\":{\"@type\":\"WebPage\",\"@id\":\"https:\/\/tugraztestweb.asol.at\/gesamtverzeichnis\/bauingenieurwissenschaften\/9-grazer-baubetriebs-und-baurechtsseminar\/\",\"url\":\"https:\/\/tugraztestweb.asol.at\/gesamtverzeichnis\/bauingenieurwissenschaften\/9-grazer-baubetriebs-und-baurechtsseminar\/\",\"name\":\"9. Grazer Baubetriebs- und Baurechtsseminar\"}}]}]}<\/script>\n<!-- \/ Yoast SEO plugin. -->","_links":{"self":[{"href":"https:\/\/tugraztestweb.asol.at\/en\/wp-json\/wp\/v2\/product\/32054"}],"collection":[{"href":"https:\/\/tugraztestweb.asol.at\/en\/wp-json\/wp\/v2\/product"}],"about":[{"href":"https:\/\/tugraztestweb.asol.at\/en\/wp-json\/wp\/v2\/types\/product"}],"replies":[{"embeddable":true,"href":"https:\/\/tugraztestweb.asol.at\/en\/wp-json\/wp\/v2\/comments?post=32054"}],"wp:featuredmedia":[{"embeddable":true,"href":"https:\/\/tugraztestweb.asol.at\/en\/wp-json\/wp\/v2\/media\/40080"}],"wp:attachment":[{"href":"https:\/\/tugraztestweb.asol.at\/en\/wp-json\/wp\/v2\/media?parent=32054"}],"curies":[{"name":"wp","href":"https:\/\/api.w.org\/{rel}","templated":true}]}}