{"id":32058,"date":"2020-08-21T12:55:13","date_gmt":"2020-08-21T12:55:13","guid":{"rendered":"http:\/\/tugraztestweb.asol.at\/gesamtverzeichnis\/unkategorisiert\/management-control-systeme-in-it-jungunternehmen\/"},"modified":"2020-08-21T14:56:13","modified_gmt":"2020-08-21T12:56:13","slug":"management-control-systeme-in-it-jungunternehmen-ebook","status":"publish","type":"product","link":"https:\/\/tugraztestweb.asol.at\/en\/gesamtverzeichnis\/maschinenbau-und-wirtschaftswissenschaften\/management-control-systeme-in-it-jungunternehmen-ebook\/","title":{"rendered":"Management Control Systeme in IT-Jungunternehmen"},"content":{"rendered":"<p class=\"qtranxs-available-languages-message qtranxs-available-languages-message-en\">Sorry, this entry is only available in <a href=\"https:\/\/tugraztestweb.asol.at\/de\/wp-json\/wp\/v2\/product\/32058\" class=\"qtranxs-available-language-link qtranxs-available-language-link-de\" title=\"Deutsch\">Deutsch<\/a>.<\/p><p>T\u00e4glich werden neue Unternehmen gegr\u00fcndet. Ein Teil von diesen<br \/>\n\u00fcberstehen jedoch die schwierigen ersten Jahre nicht und m\u00fcssen<br \/>\nInsolvenz anmelden. Dieses Buch befasst sich mit 15 bestehenden und 14<br \/>\nnicht mehr bestehenden IT-Jungunternehmen, die in einem \u00f6ffentlichen<br \/>\nInkubator gegr\u00fcndet wurden. Die betrachteten Unternehmen befinden sich<br \/>\nin der Phase nach dem Austritt aus dem Inkubator (Post-Inkubation), in<br \/>\nwelcher es oft zu einer ersten gro\u00dfen Krise (\u201aCrisis of Leadership\u2018) in<br \/>\neinem Unternehmen kommt. Diese Krise ist u.a. auf unzureichende<br \/>\ninformelle Kommunikationssysteme zur\u00fcckzuf\u00fchren und zeigt deshalb die<br \/>\nNotwendigkeit von Management Control Systemen (MCS) auf. MCS<br \/>\nunterst\u00fctzen bei der Steuerung des Unternehmens, wenn informelle Systeme<br \/>\n zu dieser nicht mehr ausreichen. Das \u201a4 Levers of Control\u2018 Framework<br \/>\nvon Robert Simons ist den Management Control Systemen zuzurechnen und<br \/>\ndient f\u00fcr diese Arbeit als Bezugsrahmen. Dieses Buch beschreibt wie<br \/>\nIT-Jungunternehmen in der Post-Inkubation das \u201a4 Levers of Control\u2018<br \/>\nFramework zur Unternehmenssteuerung anwenden und wie sich bestehende und<br \/>\n nicht mehr bestehende IT-Jungunternehmen in der Post-Inkubation<br \/>\nhinsichtlich der Anwendung des \u201a4 Levers of Control\u2018 Frameworks<br \/>\nunterscheiden. Dazu wurde eine qualitative Forschungsmethode in Form<br \/>\neiner \u201aMultiple Case Study\u2018 angewendet.<\/p>","protected":false},"excerpt":{"rendered":"<p class=\"qtranxs-available-languages-message qtranxs-available-languages-message-en\">Sorry, this entry is only available in <a href=\"https:\/\/tugraztestweb.asol.at\/de\/wp-json\/wp\/v2\/product\/32058\" class=\"qtranxs-available-language-link qtranxs-available-language-link-de\" title=\"Deutsch\">Deutsch<\/a>.<\/p>\n<p>T\u00e4glich werden neue Unternehmen gegr\u00fcndet. Ein Teil von diesen<br \/>\n\u00fcberstehen jedoch die schwierigen ersten Jahre nicht und m\u00fcssen<br \/>\nInsolvenz anmelden. Dieses Buch befasst sich mit 15 bestehenden und 14<br \/>\nnicht mehr bestehenden IT-Jungunternehmen, die in einem \u00f6ffentlichen<br \/>\nInkubator gegr\u00fcndet wurden. Die betrachteten Unternehmen befinden sich<br \/>\nin der Phase nach dem Austritt aus dem Inkubator (Post-Inkubation), in<br \/>\nwelcher es oft zu einer ersten gro\u00dfen Krise (\u201aCrisis of Leadership\u2018) in<br \/>\neinem Unternehmen kommt. Diese Krise ist u.a. auf unzureichende<br \/>\ninformelle Kommunikationssysteme zur\u00fcckzuf\u00fchren und zeigt deshalb die<br \/>\nNotwendigkeit von Management Control Systemen (MCS) auf. MCS<br \/>\nunterst\u00fctzen bei der Steuerung des Unternehmens, wenn informelle Systeme<br \/>\n zu dieser nicht mehr ausreichen. Das \u201a4 Levers of Control\u2018 Framework<br \/>\nvon Robert Simons ist den Management Control Systemen zuzurechnen und<br \/>\ndient f\u00fcr diese Arbeit als Bezugsrahmen. Dieses Buch beschreibt wie<br \/>\nIT-Jungunternehmen in der Post-Inkubation das \u201a4 Levers of Control\u2018<br \/>\nFramework zur Unternehmenssteuerung anwenden und wie sich bestehende und<br \/>\n nicht mehr bestehende IT-Jungunternehmen in der Post-Inkubation<br \/>\nhinsichtlich der Anwendung des \u201a4 Levers of Control\u2018 Frameworks<br \/>\nunterscheiden. Dazu wurde eine qualitative Forschungsmethode in Form<br \/>\neiner \u201aMultiple Case Study\u2018 angewendet.<\/p>\n","protected":false},"featured_media":40082,"comment_status":"open","ping_status":"closed","template":"","meta":[],"yoast_head":"<!-- This site is optimized with the Yoast SEO plugin v16.1.1 - https:\/\/yoast.com\/wordpress\/plugins\/seo\/ -->\n<link rel=\"canonical\" href=\"https:\/\/tugraztestweb.asol.at\/en\/gesamtverzeichnis\/maschinenbau-und-wirtschaftswissenschaften\/management-control-systeme-in-it-jungunternehmen-ebook\/\" \/>\n<meta property=\"og:locale\" content=\"en_US\" \/>\n<meta property=\"og:type\" content=\"article\" \/>\n<meta property=\"og:title\" content=\"Management Control Systeme in IT-Jungunternehmen - Verlag der TU Graz\" \/>\n<meta property=\"og:description\" content=\"T\u00e4glich werden neue Unternehmen gegr\u00fcndet. Ein Teil von diesen \u00fcberstehen jedoch die schwierigen ersten Jahre nicht und m\u00fcssen Insolvenz anmelden. Dieses Buch befasst sich mit 15 bestehenden und 14 nicht mehr bestehenden IT-Jungunternehmen, die in einem \u00f6ffentlichen Inkubator gegr\u00fcndet wurden. Die betrachteten Unternehmen befinden sich in der Phase nach dem Austritt aus dem Inkubator (Post-Inkubation), in welcher es oft zu einer ersten gro\u00dfen Krise (\u201aCrisis of Leadership\u2018) in einem Unternehmen kommt. Diese Krise ist u.a. auf unzureichende informelle Kommunikationssysteme zur\u00fcckzuf\u00fchren und zeigt deshalb die Notwendigkeit von Management Control Systemen (MCS) auf. MCS unterst\u00fctzen bei der Steuerung des Unternehmens, wenn informelle Systeme zu dieser nicht mehr ausreichen. Das \u201a4 Levers of Control\u2018 Framework von Robert Simons ist den Management Control Systemen zuzurechnen und dient f\u00fcr diese Arbeit als Bezugsrahmen. Dieses Buch beschreibt wie IT-Jungunternehmen in der Post-Inkubation das \u201a4 Levers of Control\u2018 Framework zur Unternehmenssteuerung anwenden und wie sich bestehende und nicht mehr bestehende IT-Jungunternehmen in der Post-Inkubation hinsichtlich der Anwendung des \u201a4 Levers of Control\u2018 Frameworks unterscheiden. Dazu wurde eine qualitative Forschungsmethode in Form einer \u201aMultiple Case Study\u2018 angewendet.\" \/>\n<meta property=\"og:url\" content=\"https:\/\/tugraztestweb.asol.at\/en\/gesamtverzeichnis\/maschinenbau-und-wirtschaftswissenschaften\/management-control-systeme-in-it-jungunternehmen-ebook\/\" \/>\n<meta property=\"og:site_name\" content=\"Verlag der TU Graz\" \/>\n<meta property=\"article:modified_time\" content=\"2020-08-21T12:56:13+00:00\" \/>\n<meta property=\"og:image\" content=\"https:\/\/tugraztestweb.asol.at\/wp-content\/uploads\/2020\/08\/image-978-3-85125-509-6.jpg\" \/>\n\t<meta property=\"og:image:width\" content=\"592\" \/>\n\t<meta property=\"og:image:height\" content=\"859\" \/>\n<meta name=\"twitter:card\" content=\"summary_large_image\" \/>\n<meta name=\"twitter:label1\" content=\"Est. reading time\">\n\t<meta name=\"twitter:data1\" content=\"1 minute\">\n<script type=\"application\/ld+json\" class=\"yoast-schema-graph\">{\"@context\":\"https:\/\/schema.org\",\"@graph\":[{\"@type\":\"WebSite\",\"@id\":\"https:\/\/tugraztestweb.asol.at\/#website\",\"url\":\"https:\/\/tugraztestweb.asol.at\/\",\"name\":\"Verlag der TU Graz\",\"description\":\"Verlag der Technischen Universit\\u00e4t Graz\",\"potentialAction\":[{\"@type\":\"SearchAction\",\"target\":\"https:\/\/tugraztestweb.asol.at\/?s={search_term_string}\",\"query-input\":\"required name=search_term_string\"}],\"inLanguage\":\"en-US\"},{\"@type\":\"ImageObject\",\"@id\":\"https:\/\/tugraztestweb.asol.at\/en\/gesamtverzeichnis\/maschinenbau-und-wirtschaftswissenschaften\/management-control-systeme-in-it-jungunternehmen-ebook\/#primaryimage\",\"inLanguage\":\"en-US\",\"url\":\"https:\/\/tugraztestweb.asol.at\/wp-content\/uploads\/2020\/08\/image-978-3-85125-509-6.jpg\",\"contentUrl\":\"https:\/\/tugraztestweb.asol.at\/wp-content\/uploads\/2020\/08\/image-978-3-85125-509-6.jpg\",\"width\":592,\"height\":859},{\"@type\":\"WebPage\",\"@id\":\"https:\/\/tugraztestweb.asol.at\/en\/gesamtverzeichnis\/maschinenbau-und-wirtschaftswissenschaften\/management-control-systeme-in-it-jungunternehmen-ebook\/#webpage\",\"url\":\"https:\/\/tugraztestweb.asol.at\/en\/gesamtverzeichnis\/maschinenbau-und-wirtschaftswissenschaften\/management-control-systeme-in-it-jungunternehmen-ebook\/\",\"name\":\"Management Control Systeme in IT-Jungunternehmen - Verlag der TU Graz\",\"isPartOf\":{\"@id\":\"https:\/\/tugraztestweb.asol.at\/#website\"},\"primaryImageOfPage\":{\"@id\":\"https:\/\/tugraztestweb.asol.at\/en\/gesamtverzeichnis\/maschinenbau-und-wirtschaftswissenschaften\/management-control-systeme-in-it-jungunternehmen-ebook\/#primaryimage\"},\"datePublished\":\"2020-08-21T12:55:13+00:00\",\"dateModified\":\"2020-08-21T12:56:13+00:00\",\"breadcrumb\":{\"@id\":\"https:\/\/tugraztestweb.asol.at\/en\/gesamtverzeichnis\/maschinenbau-und-wirtschaftswissenschaften\/management-control-systeme-in-it-jungunternehmen-ebook\/#breadcrumb\"},\"inLanguage\":\"en-US\",\"potentialAction\":[{\"@type\":\"ReadAction\",\"target\":[\"https:\/\/tugraztestweb.asol.at\/en\/gesamtverzeichnis\/maschinenbau-und-wirtschaftswissenschaften\/management-control-systeme-in-it-jungunternehmen-ebook\/\"]}]},{\"@type\":\"BreadcrumbList\",\"@id\":\"https:\/\/tugraztestweb.asol.at\/en\/gesamtverzeichnis\/maschinenbau-und-wirtschaftswissenschaften\/management-control-systeme-in-it-jungunternehmen-ebook\/#breadcrumb\",\"itemListElement\":[{\"@type\":\"ListItem\",\"position\":1,\"item\":{\"@type\":\"WebPage\",\"@id\":\"https:\/\/tugraztestweb.asol.at\/\",\"url\":\"https:\/\/tugraztestweb.asol.at\/\",\"name\":\"Home\"}},{\"@type\":\"ListItem\",\"position\":2,\"item\":{\"@type\":\"WebPage\",\"@id\":\"https:\/\/tugraztestweb.asol.at\/gesamtverzeichnis\/\",\"url\":\"https:\/\/tugraztestweb.asol.at\/gesamtverzeichnis\/\",\"name\":\"Gesamtverzeichnis\"}},{\"@type\":\"ListItem\",\"position\":3,\"item\":{\"@type\":\"WebPage\",\"@id\":\"https:\/\/tugraztestweb.asol.at\/en\/gesamtverzeichnis\/maschinenbau-und-wirtschaftswissenschaften\/management-control-systeme-in-it-jungunternehmen-ebook\/\",\"url\":\"https:\/\/tugraztestweb.asol.at\/en\/gesamtverzeichnis\/maschinenbau-und-wirtschaftswissenschaften\/management-control-systeme-in-it-jungunternehmen-ebook\/\",\"name\":\"Management Control Systeme in IT-Jungunternehmen\"}}]}]}<\/script>\n<!-- \/ Yoast SEO plugin. -->","_links":{"self":[{"href":"https:\/\/tugraztestweb.asol.at\/en\/wp-json\/wp\/v2\/product\/32058"}],"collection":[{"href":"https:\/\/tugraztestweb.asol.at\/en\/wp-json\/wp\/v2\/product"}],"about":[{"href":"https:\/\/tugraztestweb.asol.at\/en\/wp-json\/wp\/v2\/types\/product"}],"replies":[{"embeddable":true,"href":"https:\/\/tugraztestweb.asol.at\/en\/wp-json\/wp\/v2\/comments?post=32058"}],"wp:featuredmedia":[{"embeddable":true,"href":"https:\/\/tugraztestweb.asol.at\/en\/wp-json\/wp\/v2\/media\/40082"}],"wp:attachment":[{"href":"https:\/\/tugraztestweb.asol.at\/en\/wp-json\/wp\/v2\/media?parent=32058"}],"curies":[{"name":"wp","href":"https:\/\/api.w.org\/{rel}","templated":true}]}}