{"id":32129,"date":"2020-08-21T12:55:13","date_gmt":"2020-08-21T12:55:13","guid":{"rendered":"http:\/\/tugraztestweb.asol.at\/gesamtverzeichnis\/unkategorisiert\/persoenlichkeiten-aus-den-gebieten-der-ehemaligen-tschechoslowakei-im-kulturleben-oesterreichs-2\/"},"modified":"2020-08-21T14:56:13","modified_gmt":"2020-08-21T12:56:13","slug":"personalbibliographien-oesterreichischer-medizinerinnen-und-mediziner","status":"publish","type":"product","link":"https:\/\/tugraztestweb.asol.at\/en\/gesamtverzeichnis\/interdiszipinaeres\/personalbibliographien-oesterreichischer-medizinerinnen-und-mediziner\/","title":{"rendered":"Personalbibliographien \u00f6sterreichischer Medizinerinnen und Mediziner"},"content":{"rendered":"<p class=\"qtranxs-available-languages-message qtranxs-available-languages-message-en\">Sorry, this entry is only available in <a href=\"https:\/\/tugraztestweb.asol.at\/de\/wp-json\/wp\/v2\/product\/32129\" class=\"qtranxs-available-language-link qtranxs-available-language-link-de\" title=\"Deutsch\">Deutsch<\/a>.<\/p><p>Das neueste Werk des Autorentrios Karl F. Stock, Rudolf Heilinger und Maryl\u00e9ne Stock, die in jahrelanger, intensiver Arbeit entstandenen \u201ePersonalbibliographien \u00d6sterreichischer Medizinerinnen und Mediziner\u201c, ist eine wahre Fundgrube von Literatur-Informationen zu allen bedeutenden \u00c4rztinnen und \u00c4rzten die \u00d6sterreich seit dem Mittelalter hervorgebracht hat. Es stellt ein unentbehrliches Hilfsmittel f\u00fcr all jene dar, die zur Geschichte und zum Wirken dieser Personengruppe forschen oder sich f\u00fcr diesen Bereich der Wissenschaft interessieren.<\/p>","protected":false},"excerpt":{"rendered":"<p class=\"qtranxs-available-languages-message qtranxs-available-languages-message-en\">Sorry, this entry is only available in <a href=\"https:\/\/tugraztestweb.asol.at\/de\/wp-json\/wp\/v2\/product\/32129\" class=\"qtranxs-available-language-link qtranxs-available-language-link-de\" title=\"Deutsch\">Deutsch<\/a>.<\/p>\n<p>Das neueste Werk des Autorentrios Karl F. Stock, Rudolf Heilinger und Maryl\u00e9ne Stock, die in jahrelanger, intensiver Arbeit entstandenen \u201ePersonalbibliographien \u00d6sterreichischer Medizinerinnen und Mediziner\u201c, ist eine wahre Fundgrube von Literatur-Informationen zu allen bedeutenden \u00c4rztinnen und \u00c4rzten die \u00d6sterreich seit dem Mittelalter hervorgebracht hat. Es stellt ein unentbehrliches Hilfsmittel f\u00fcr all jene dar, die zur Geschichte und zum Wirken dieser Personengruppe forschen oder sich f\u00fcr diesen Bereich der Wissenschaft interessieren.<\/p>\n","protected":false},"featured_media":40085,"comment_status":"open","ping_status":"closed","template":"","meta":[],"yoast_head":"<!-- This site is optimized with the Yoast SEO plugin v16.1.1 - https:\/\/yoast.com\/wordpress\/plugins\/seo\/ -->\n<link rel=\"canonical\" href=\"https:\/\/tugraztestweb.asol.at\/gesamtverzeichnis\/interdiszipinaeres\/personalbibliographien-oesterreichischer-medizinerinnen-und-mediziner\/\" \/>\n<meta property=\"og:locale\" content=\"en_US\" \/>\n<meta property=\"og:type\" content=\"article\" \/>\n<meta property=\"og:title\" content=\"Personalbibliographien \u00f6sterreichischer Medizinerinnen und Mediziner - Verlag der TU Graz\" \/>\n<meta property=\"og:description\" content=\"Das neueste Werk des Autorentrios Karl F. Stock, Rudolf Heilinger und Maryl\u00e9ne Stock, die in jahrelanger, intensiver Arbeit entstandenen \u201ePersonalbibliographien \u00d6sterreichischer Medizinerinnen und Mediziner\u201c, ist eine wahre Fundgrube von Literatur-Informationen zu allen bedeutenden \u00c4rztinnen und \u00c4rzten die \u00d6sterreich seit dem Mittelalter hervorgebracht hat. Es stellt ein unentbehrliches Hilfsmittel f\u00fcr all jene dar, die zur Geschichte und zum Wirken dieser Personengruppe forschen oder sich f\u00fcr diesen Bereich der Wissenschaft interessieren.\" \/>\n<meta property=\"og:url\" content=\"https:\/\/tugraztestweb.asol.at\/gesamtverzeichnis\/interdiszipinaeres\/personalbibliographien-oesterreichischer-medizinerinnen-und-mediziner\/\" \/>\n<meta property=\"og:site_name\" content=\"Verlag der TU Graz\" \/>\n<meta property=\"article:modified_time\" content=\"2020-08-21T12:56:13+00:00\" \/>\n<meta property=\"og:image\" content=\"https:\/\/tugraztestweb.asol.at\/wp-content\/uploads\/2020\/08\/image-978-3-85125-510-2.jpg\" \/>\n\t<meta property=\"og:image:width\" content=\"1002\" \/>\n\t<meta property=\"og:image:height\" content=\"706\" \/>\n<meta name=\"twitter:card\" content=\"summary_large_image\" \/>\n<script type=\"application\/ld+json\" class=\"yoast-schema-graph\">{\"@context\":\"https:\/\/schema.org\",\"@graph\":[{\"@type\":\"WebSite\",\"@id\":\"https:\/\/tugraztestweb.asol.at\/#website\",\"url\":\"https:\/\/tugraztestweb.asol.at\/\",\"name\":\"Verlag der TU Graz\",\"description\":\"Verlag der Technischen Universit\\u00e4t Graz\",\"potentialAction\":[{\"@type\":\"SearchAction\",\"target\":\"https:\/\/tugraztestweb.asol.at\/?s={search_term_string}\",\"query-input\":\"required name=search_term_string\"}],\"inLanguage\":\"en-US\"},{\"@type\":\"ImageObject\",\"@id\":\"https:\/\/tugraztestweb.asol.at\/gesamtverzeichnis\/interdiszipinaeres\/personalbibliographien-oesterreichischer-medizinerinnen-und-mediziner\/#primaryimage\",\"inLanguage\":\"en-US\",\"url\":\"https:\/\/tugraztestweb.asol.at\/wp-content\/uploads\/2020\/08\/image-978-3-85125-510-2.jpg\",\"contentUrl\":\"https:\/\/tugraztestweb.asol.at\/wp-content\/uploads\/2020\/08\/image-978-3-85125-510-2.jpg\",\"width\":1002,\"height\":706},{\"@type\":\"WebPage\",\"@id\":\"https:\/\/tugraztestweb.asol.at\/gesamtverzeichnis\/interdiszipinaeres\/personalbibliographien-oesterreichischer-medizinerinnen-und-mediziner\/#webpage\",\"url\":\"https:\/\/tugraztestweb.asol.at\/gesamtverzeichnis\/interdiszipinaeres\/personalbibliographien-oesterreichischer-medizinerinnen-und-mediziner\/\",\"name\":\"Personalbibliographien \\u00f6sterreichischer Medizinerinnen und Mediziner - Verlag der TU Graz\",\"isPartOf\":{\"@id\":\"https:\/\/tugraztestweb.asol.at\/#website\"},\"primaryImageOfPage\":{\"@id\":\"https:\/\/tugraztestweb.asol.at\/gesamtverzeichnis\/interdiszipinaeres\/personalbibliographien-oesterreichischer-medizinerinnen-und-mediziner\/#primaryimage\"},\"datePublished\":\"2020-08-21T12:55:13+00:00\",\"dateModified\":\"2020-08-21T12:56:13+00:00\",\"breadcrumb\":{\"@id\":\"https:\/\/tugraztestweb.asol.at\/gesamtverzeichnis\/interdiszipinaeres\/personalbibliographien-oesterreichischer-medizinerinnen-und-mediziner\/#breadcrumb\"},\"inLanguage\":\"en-US\",\"potentialAction\":[{\"@type\":\"ReadAction\",\"target\":[\"https:\/\/tugraztestweb.asol.at\/gesamtverzeichnis\/interdiszipinaeres\/personalbibliographien-oesterreichischer-medizinerinnen-und-mediziner\/\"]}]},{\"@type\":\"BreadcrumbList\",\"@id\":\"https:\/\/tugraztestweb.asol.at\/gesamtverzeichnis\/interdiszipinaeres\/personalbibliographien-oesterreichischer-medizinerinnen-und-mediziner\/#breadcrumb\",\"itemListElement\":[{\"@type\":\"ListItem\",\"position\":1,\"item\":{\"@type\":\"WebPage\",\"@id\":\"https:\/\/tugraztestweb.asol.at\/\",\"url\":\"https:\/\/tugraztestweb.asol.at\/\",\"name\":\"Home\"}},{\"@type\":\"ListItem\",\"position\":2,\"item\":{\"@type\":\"WebPage\",\"@id\":\"https:\/\/tugraztestweb.asol.at\/gesamtverzeichnis\/\",\"url\":\"https:\/\/tugraztestweb.asol.at\/gesamtverzeichnis\/\",\"name\":\"Gesamtverzeichnis\"}},{\"@type\":\"ListItem\",\"position\":3,\"item\":{\"@type\":\"WebPage\",\"@id\":\"https:\/\/tugraztestweb.asol.at\/gesamtverzeichnis\/interdiszipinaeres\/personalbibliographien-oesterreichischer-medizinerinnen-und-mediziner\/\",\"url\":\"https:\/\/tugraztestweb.asol.at\/gesamtverzeichnis\/interdiszipinaeres\/personalbibliographien-oesterreichischer-medizinerinnen-und-mediziner\/\",\"name\":\"Personalbibliographien \\u00f6sterreichischer Medizinerinnen und Mediziner\"}}]}]}<\/script>\n<!-- \/ Yoast SEO plugin. -->","_links":{"self":[{"href":"https:\/\/tugraztestweb.asol.at\/en\/wp-json\/wp\/v2\/product\/32129"}],"collection":[{"href":"https:\/\/tugraztestweb.asol.at\/en\/wp-json\/wp\/v2\/product"}],"about":[{"href":"https:\/\/tugraztestweb.asol.at\/en\/wp-json\/wp\/v2\/types\/product"}],"replies":[{"embeddable":true,"href":"https:\/\/tugraztestweb.asol.at\/en\/wp-json\/wp\/v2\/comments?post=32129"}],"wp:featuredmedia":[{"embeddable":true,"href":"https:\/\/tugraztestweb.asol.at\/en\/wp-json\/wp\/v2\/media\/40085"}],"wp:attachment":[{"href":"https:\/\/tugraztestweb.asol.at\/en\/wp-json\/wp\/v2\/media?parent=32129"}],"curies":[{"name":"wp","href":"https:\/\/api.w.org\/{rel}","templated":true}]}}