{"id":32220,"date":"2020-08-27T08:23:16","date_gmt":"2020-08-27T08:23:16","guid":{"rendered":"http:\/\/tugraztestweb.asol.at\/gesamtverzeichnis\/unkategorisiert\/monolithisch-bauen\/"},"modified":"2020-08-27T10:24:16","modified_gmt":"2020-08-27T08:24:16","slug":"monolithisch-bauen-ebook","status":"publish","type":"product","link":"https:\/\/tugraztestweb.asol.at\/en\/gesamtverzeichnis\/architektur\/monolithisch-bauen-ebook\/","title":{"rendered":"Monolithisch Bauen"},"content":{"rendered":"<p class=\"qtranxs-available-languages-message qtranxs-available-languages-message-en\">Sorry, this entry is only available in <a href=\"https:\/\/tugraztestweb.asol.at\/de\/wp-json\/wp\/v2\/product\/32220\" class=\"qtranxs-available-language-link qtranxs-available-language-link-de\" title=\"Deutsch\">Deutsch<\/a>.<\/p><p>Monolithisches Bauen: eine Bauweise, die nach Stabilit\u00e4t und<br \/>\nDauerhaftigkeit klingt und fr\u00fcher g\u00e4ngig war, geriet durch die<br \/>\nsteigenden Anforderungen des W\u00e4rmeschutzes einige Jahrzehnte lang ins<br \/>\nHintertreffen. Dank einer Weiterentwicklung der Baustoffe wird es heute<br \/>\nwieder zu einer Option. Zum aktuellen Stand liefern Protagonisten wie<br \/>\nz.B. Andrea Deplazes, Mike Schlaich und Matthias Schuller Beitr\u00e4ge aus<br \/>\nverschiedenen Perspektiven, um den vielf\u00e4ltigen Aspekten entsprechender<br \/>\nWandkonstruktionen gerecht zu werden. Neben theoretischen und<br \/>\ntechnischen Aspekten werden exemplarisch sieben H\u00e4user vorgestellt,<br \/>\nderen Au\u00dfenw\u00e4nde allein mittels einschichtiger Aufbauten realisiert.<\/p>","protected":false},"excerpt":{"rendered":"<p class=\"qtranxs-available-languages-message qtranxs-available-languages-message-en\">Sorry, this entry is only available in <a href=\"https:\/\/tugraztestweb.asol.at\/de\/wp-json\/wp\/v2\/product\/32220\" class=\"qtranxs-available-language-link qtranxs-available-language-link-de\" title=\"Deutsch\">Deutsch<\/a>.<\/p>\n<p>Monolithisches Bauen: eine Bauweise, die nach Stabilit\u00e4t und<br \/>\nDauerhaftigkeit klingt und fr\u00fcher g\u00e4ngig war, geriet durch die<br \/>\nsteigenden Anforderungen des W\u00e4rmeschutzes einige Jahrzehnte lang ins<br \/>\nHintertreffen. Dank einer Weiterentwicklung der Baustoffe wird es heute<br \/>\nwieder zu einer Option. Zum aktuellen Stand liefern Protagonisten wie<br \/>\nz.B. Andrea Deplazes, Mike Schlaich und Matthias Schuller Beitr\u00e4ge aus<br \/>\nverschiedenen Perspektiven, um den vielf\u00e4ltigen Aspekten entsprechender<br \/>\nWandkonstruktionen gerecht zu werden. Neben theoretischen und<br \/>\ntechnischen Aspekten werden exemplarisch sieben H\u00e4user vorgestellt,<br \/>\nderen Au\u00dfenw\u00e4nde allein mittels einschichtiger Aufbauten realisiert.<\/p>\n","protected":false},"featured_media":40087,"comment_status":"open","ping_status":"closed","template":"","meta":[],"yoast_head":"<!-- This site is optimized with the Yoast SEO plugin v16.1.1 - https:\/\/yoast.com\/wordpress\/plugins\/seo\/ -->\n<link rel=\"canonical\" href=\"https:\/\/tugraztestweb.asol.at\/gesamtverzeichnis\/architektur\/monolithisch-bauen-ebook\/\" \/>\n<meta property=\"og:locale\" content=\"en_US\" \/>\n<meta property=\"og:type\" content=\"article\" \/>\n<meta property=\"og:title\" content=\"Monolithisch Bauen - Verlag der TU Graz\" \/>\n<meta property=\"og:description\" content=\"Monolithisches Bauen: eine Bauweise, die nach Stabilit\u00e4t und Dauerhaftigkeit klingt und fr\u00fcher g\u00e4ngig war, geriet durch die steigenden Anforderungen des W\u00e4rmeschutzes einige Jahrzehnte lang ins Hintertreffen. Dank einer Weiterentwicklung der Baustoffe wird es heute wieder zu einer Option. Zum aktuellen Stand liefern Protagonisten wie z.B. Andrea Deplazes, Mike Schlaich und Matthias Schuller Beitr\u00e4ge aus verschiedenen Perspektiven, um den vielf\u00e4ltigen Aspekten entsprechender Wandkonstruktionen gerecht zu werden. Neben theoretischen und technischen Aspekten werden exemplarisch sieben H\u00e4user vorgestellt, deren Au\u00dfenw\u00e4nde allein mittels einschichtiger Aufbauten realisiert.\" \/>\n<meta property=\"og:url\" content=\"https:\/\/tugraztestweb.asol.at\/gesamtverzeichnis\/architektur\/monolithisch-bauen-ebook\/\" \/>\n<meta property=\"og:site_name\" content=\"Verlag der TU Graz\" \/>\n<meta property=\"article:modified_time\" content=\"2020-08-27T08:24:16+00:00\" \/>\n<meta property=\"og:image\" content=\"https:\/\/tugraztestweb.asol.at\/wp-content\/uploads\/2020\/08\/image-978-3-85125-512-6.jpg\" \/>\n\t<meta property=\"og:image:width\" content=\"532\" \/>\n\t<meta property=\"og:image:height\" content=\"780\" \/>\n<meta name=\"twitter:card\" content=\"summary_large_image\" \/>\n<script type=\"application\/ld+json\" class=\"yoast-schema-graph\">{\"@context\":\"https:\/\/schema.org\",\"@graph\":[{\"@type\":\"WebSite\",\"@id\":\"https:\/\/tugraztestweb.asol.at\/#website\",\"url\":\"https:\/\/tugraztestweb.asol.at\/\",\"name\":\"Verlag der TU Graz\",\"description\":\"Verlag der Technischen Universit\\u00e4t Graz\",\"potentialAction\":[{\"@type\":\"SearchAction\",\"target\":\"https:\/\/tugraztestweb.asol.at\/?s={search_term_string}\",\"query-input\":\"required name=search_term_string\"}],\"inLanguage\":\"en-US\"},{\"@type\":\"ImageObject\",\"@id\":\"https:\/\/tugraztestweb.asol.at\/gesamtverzeichnis\/architektur\/monolithisch-bauen-ebook\/#primaryimage\",\"inLanguage\":\"en-US\",\"url\":\"https:\/\/tugraztestweb.asol.at\/wp-content\/uploads\/2020\/08\/image-978-3-85125-512-6.jpg\",\"contentUrl\":\"https:\/\/tugraztestweb.asol.at\/wp-content\/uploads\/2020\/08\/image-978-3-85125-512-6.jpg\",\"width\":532,\"height\":780},{\"@type\":\"WebPage\",\"@id\":\"https:\/\/tugraztestweb.asol.at\/gesamtverzeichnis\/architektur\/monolithisch-bauen-ebook\/#webpage\",\"url\":\"https:\/\/tugraztestweb.asol.at\/gesamtverzeichnis\/architektur\/monolithisch-bauen-ebook\/\",\"name\":\"Monolithisch Bauen - Verlag der TU Graz\",\"isPartOf\":{\"@id\":\"https:\/\/tugraztestweb.asol.at\/#website\"},\"primaryImageOfPage\":{\"@id\":\"https:\/\/tugraztestweb.asol.at\/gesamtverzeichnis\/architektur\/monolithisch-bauen-ebook\/#primaryimage\"},\"datePublished\":\"2020-08-27T08:23:16+00:00\",\"dateModified\":\"2020-08-27T08:24:16+00:00\",\"breadcrumb\":{\"@id\":\"https:\/\/tugraztestweb.asol.at\/gesamtverzeichnis\/architektur\/monolithisch-bauen-ebook\/#breadcrumb\"},\"inLanguage\":\"en-US\",\"potentialAction\":[{\"@type\":\"ReadAction\",\"target\":[\"https:\/\/tugraztestweb.asol.at\/gesamtverzeichnis\/architektur\/monolithisch-bauen-ebook\/\"]}]},{\"@type\":\"BreadcrumbList\",\"@id\":\"https:\/\/tugraztestweb.asol.at\/gesamtverzeichnis\/architektur\/monolithisch-bauen-ebook\/#breadcrumb\",\"itemListElement\":[{\"@type\":\"ListItem\",\"position\":1,\"item\":{\"@type\":\"WebPage\",\"@id\":\"https:\/\/tugraztestweb.asol.at\/\",\"url\":\"https:\/\/tugraztestweb.asol.at\/\",\"name\":\"Home\"}},{\"@type\":\"ListItem\",\"position\":2,\"item\":{\"@type\":\"WebPage\",\"@id\":\"https:\/\/tugraztestweb.asol.at\/gesamtverzeichnis\/\",\"url\":\"https:\/\/tugraztestweb.asol.at\/gesamtverzeichnis\/\",\"name\":\"Gesamtverzeichnis\"}},{\"@type\":\"ListItem\",\"position\":3,\"item\":{\"@type\":\"WebPage\",\"@id\":\"https:\/\/tugraztestweb.asol.at\/gesamtverzeichnis\/architektur\/monolithisch-bauen-ebook\/\",\"url\":\"https:\/\/tugraztestweb.asol.at\/gesamtverzeichnis\/architektur\/monolithisch-bauen-ebook\/\",\"name\":\"Monolithisch Bauen\"}}]}]}<\/script>\n<!-- \/ Yoast SEO plugin. -->","_links":{"self":[{"href":"https:\/\/tugraztestweb.asol.at\/en\/wp-json\/wp\/v2\/product\/32220"}],"collection":[{"href":"https:\/\/tugraztestweb.asol.at\/en\/wp-json\/wp\/v2\/product"}],"about":[{"href":"https:\/\/tugraztestweb.asol.at\/en\/wp-json\/wp\/v2\/types\/product"}],"replies":[{"embeddable":true,"href":"https:\/\/tugraztestweb.asol.at\/en\/wp-json\/wp\/v2\/comments?post=32220"}],"wp:featuredmedia":[{"embeddable":true,"href":"https:\/\/tugraztestweb.asol.at\/en\/wp-json\/wp\/v2\/media\/40087"}],"wp:attachment":[{"href":"https:\/\/tugraztestweb.asol.at\/en\/wp-json\/wp\/v2\/media?parent=32220"}],"curies":[{"name":"wp","href":"https:\/\/api.w.org\/{rel}","templated":true}]}}