{"id":32306,"date":"2020-08-21T12:55:13","date_gmt":"2020-08-21T12:55:13","guid":{"rendered":"http:\/\/tugraztestweb.asol.at\/gesamtverzeichnis\/unkategorisiert\/management-control-systeme-in-it-jungunternehmen-2\/"},"modified":"2020-08-21T14:56:13","modified_gmt":"2020-08-21T12:56:13","slug":"motive-und-unternehmerische-kompetenzen-von-gruenderinnen-technologie-orientierter-unternehmen","status":"publish","type":"product","link":"https:\/\/tugraztestweb.asol.at\/en\/gesamtverzeichnis\/maschinenbau-und-wirtschaftswissenschaften\/motive-und-unternehmerische-kompetenzen-von-gruenderinnen-technologie-orientierter-unternehmen\/","title":{"rendered":"Motive und unternehmerische Kompetenzen von Gr\u00fcnderInnen technologie-orientierter Unternehmen"},"content":{"rendered":"<p class=\"qtranxs-available-languages-message qtranxs-available-languages-message-en\">Sorry, this entry is only available in <a href=\"https:\/\/tugraztestweb.asol.at\/de\/wp-json\/wp\/v2\/product\/32306\" class=\"qtranxs-available-language-link qtranxs-available-language-link-de\" title=\"Deutsch\">Deutsch<\/a>.<\/p><p>Speziell in der ersten Lebensphase eines jungen Unternehmens stehen die Gr\u00fcnderInnen bzw. das Gr\u00fcndungsteam im Fokus und sind ma\u00dfgeblich (mit-)verantwortlich f\u00fcr Erfolg bzw. Misserfolg des Unternehmens. Die Kompetenzen der Gr\u00fcnderInnen bzw. des Gr\u00fcndungsteams spielen dabei eine entscheidende Rolle. <br \/>Die vorliegende Forschungsarbeit greift diese Thematik auf und geht den Fragen nach den wichtigsten Motiven f\u00fcr technologie-orientierte Unternehmensgr\u00fcndungen sowie den zentralsten unternehmerischen Kompetenzen f\u00fcr Gr\u00fcnderInnen dieser Unternehmen nach. Dazu wurden Gr\u00fcndungsmotive und unternehmerische Kompetenzen in der Literatur identifiziert und unter Gr\u00fcnderInnen aus dem \u00f6sterreichischen AplusB-Programm empirisch validiert. Als theoretische Ans\u00e4tze wurden Motivationstheorien, die person-environment fit theory und der competence-based view herangezogen. Die Ergebnisse dieser Arbeit zeigen einerseits die bedeutendsten Motive f\u00fcr Unternehmensgr\u00fcndungen und andererseits die wesentlichen unternehmerischen Kompetenzen f\u00fcr Gr\u00fcnderInnen in technologie-orientierten Branchen auf. Zudem schaffen sie eine Basis f\u00fcr eine m\u00f6gliche Gestaltung von Entrepreneurship-Studienpl\u00e4nen an Hochschulen. Die aus dieser Arbeit gewonnenen Ma\u00dfnahmen zur F\u00f6rderung von Unternehmertum an Hochschulen erm\u00f6glichen zudem eine St\u00e4rkung der Rolle von Universit\u00e4ten in der wichtigen Sensitivierungsphase f\u00fcr Unternehmensgr\u00fcndungen.<\/p>\n<p><\/p>","protected":false},"excerpt":{"rendered":"<p class=\"qtranxs-available-languages-message qtranxs-available-languages-message-en\">Sorry, this entry is only available in <a href=\"https:\/\/tugraztestweb.asol.at\/de\/wp-json\/wp\/v2\/product\/32306\" class=\"qtranxs-available-language-link qtranxs-available-language-link-de\" title=\"Deutsch\">Deutsch<\/a>.<\/p>\n<p>Speziell in der ersten Lebensphase eines jungen Unternehmens stehen die Gr\u00fcnderInnen bzw. das Gr\u00fcndungsteam im Fokus und sind ma\u00dfgeblich (mit-)verantwortlich f\u00fcr Erfolg bzw. Misserfolg des Unternehmens. Die Kompetenzen der Gr\u00fcnderInnen bzw. des Gr\u00fcndungsteams spielen dabei eine entscheidende Rolle. <br \/>Die vorliegende Forschungsarbeit greift diese Thematik auf und geht den Fragen nach den wichtigsten Motiven f\u00fcr technologie-orientierte Unternehmensgr\u00fcndungen sowie den zentralsten unternehmerischen Kompetenzen f\u00fcr Gr\u00fcnderInnen dieser Unternehmen nach. Dazu wurden Gr\u00fcndungsmotive und unternehmerische Kompetenzen in der Literatur identifiziert und unter Gr\u00fcnderInnen aus dem \u00f6sterreichischen AplusB-Programm empirisch validiert. Als theoretische Ans\u00e4tze wurden Motivationstheorien, die person-environment fit theory und der competence-based view herangezogen. Die Ergebnisse dieser Arbeit zeigen einerseits die bedeutendsten Motive f\u00fcr Unternehmensgr\u00fcndungen und andererseits die wesentlichen unternehmerischen Kompetenzen f\u00fcr Gr\u00fcnderInnen in technologie-orientierten Branchen auf. Zudem schaffen sie eine Basis f\u00fcr eine m\u00f6gliche Gestaltung von Entrepreneurship-Studienpl\u00e4nen an Hochschulen. Die aus dieser Arbeit gewonnenen Ma\u00dfnahmen zur F\u00f6rderung von Unternehmertum an Hochschulen erm\u00f6glichen zudem eine St\u00e4rkung der Rolle von Universit\u00e4ten in der wichtigen Sensitivierungsphase f\u00fcr Unternehmensgr\u00fcndungen.<\/p>\n","protected":false},"featured_media":40089,"comment_status":"open","ping_status":"closed","template":"","meta":[],"yoast_head":"<!-- This site is optimized with the Yoast SEO plugin v16.1.1 - https:\/\/yoast.com\/wordpress\/plugins\/seo\/ -->\n<link rel=\"canonical\" href=\"https:\/\/tugraztestweb.asol.at\/en\/gesamtverzeichnis\/maschinenbau-und-wirtschaftswissenschaften\/motive-und-unternehmerische-kompetenzen-von-gruenderinnen-technologie-orientierter-unternehmen\/\" \/>\n<meta property=\"og:locale\" content=\"en_US\" \/>\n<meta property=\"og:type\" content=\"article\" \/>\n<meta property=\"og:title\" content=\"Motive und unternehmerische Kompetenzen von Gr\u00fcnderInnen technologie-orientierter Unternehmen - Verlag der TU Graz\" \/>\n<meta property=\"og:description\" content=\"Speziell in der ersten Lebensphase eines jungen Unternehmens stehen die Gr\u00fcnderInnen bzw. das Gr\u00fcndungsteam im Fokus und sind ma\u00dfgeblich (mit-)verantwortlich f\u00fcr Erfolg bzw. Misserfolg des Unternehmens. Die Kompetenzen der Gr\u00fcnderInnen bzw. des Gr\u00fcndungsteams spielen dabei eine entscheidende Rolle. Die vorliegende Forschungsarbeit greift diese Thematik auf und geht den Fragen nach den wichtigsten Motiven f\u00fcr technologie-orientierte Unternehmensgr\u00fcndungen sowie den zentralsten unternehmerischen Kompetenzen f\u00fcr Gr\u00fcnderInnen dieser Unternehmen nach. Dazu wurden Gr\u00fcndungsmotive und unternehmerische Kompetenzen in der Literatur identifiziert und unter Gr\u00fcnderInnen aus dem \u00f6sterreichischen AplusB-Programm empirisch validiert. Als theoretische Ans\u00e4tze wurden Motivationstheorien, die person-environment fit theory und der competence-based view herangezogen. Die Ergebnisse dieser Arbeit zeigen einerseits die bedeutendsten Motive f\u00fcr Unternehmensgr\u00fcndungen und andererseits die wesentlichen unternehmerischen Kompetenzen f\u00fcr Gr\u00fcnderInnen in technologie-orientierten Branchen auf. Zudem schaffen sie eine Basis f\u00fcr eine m\u00f6gliche Gestaltung von Entrepreneurship-Studienpl\u00e4nen an Hochschulen. Die aus dieser Arbeit gewonnenen Ma\u00dfnahmen zur F\u00f6rderung von Unternehmertum an Hochschulen erm\u00f6glichen zudem eine St\u00e4rkung der Rolle von Universit\u00e4ten in der wichtigen Sensitivierungsphase f\u00fcr Unternehmensgr\u00fcndungen.\" \/>\n<meta property=\"og:url\" content=\"https:\/\/tugraztestweb.asol.at\/en\/gesamtverzeichnis\/maschinenbau-und-wirtschaftswissenschaften\/motive-und-unternehmerische-kompetenzen-von-gruenderinnen-technologie-orientierter-unternehmen\/\" \/>\n<meta property=\"og:site_name\" content=\"Verlag der TU Graz\" \/>\n<meta property=\"article:modified_time\" content=\"2020-08-21T12:56:13+00:00\" \/>\n<meta property=\"og:image\" content=\"https:\/\/tugraztestweb.asol.at\/wp-content\/uploads\/2020\/08\/image-978-3-85125-516-4.jpg\" \/>\n\t<meta property=\"og:image:width\" content=\"595\" \/>\n\t<meta property=\"og:image:height\" content=\"860\" \/>\n<meta name=\"twitter:card\" content=\"summary_large_image\" \/>\n<meta name=\"twitter:label1\" content=\"Est. reading time\">\n\t<meta name=\"twitter:data1\" content=\"1 minute\">\n<script type=\"application\/ld+json\" class=\"yoast-schema-graph\">{\"@context\":\"https:\/\/schema.org\",\"@graph\":[{\"@type\":\"WebSite\",\"@id\":\"https:\/\/tugraztestweb.asol.at\/#website\",\"url\":\"https:\/\/tugraztestweb.asol.at\/\",\"name\":\"Verlag der TU Graz\",\"description\":\"Verlag der Technischen Universit\\u00e4t Graz\",\"potentialAction\":[{\"@type\":\"SearchAction\",\"target\":\"https:\/\/tugraztestweb.asol.at\/?s={search_term_string}\",\"query-input\":\"required name=search_term_string\"}],\"inLanguage\":\"en-US\"},{\"@type\":\"ImageObject\",\"@id\":\"https:\/\/tugraztestweb.asol.at\/en\/gesamtverzeichnis\/maschinenbau-und-wirtschaftswissenschaften\/motive-und-unternehmerische-kompetenzen-von-gruenderinnen-technologie-orientierter-unternehmen\/#primaryimage\",\"inLanguage\":\"en-US\",\"url\":\"https:\/\/tugraztestweb.asol.at\/wp-content\/uploads\/2020\/08\/image-978-3-85125-516-4.jpg\",\"contentUrl\":\"https:\/\/tugraztestweb.asol.at\/wp-content\/uploads\/2020\/08\/image-978-3-85125-516-4.jpg\",\"width\":595,\"height\":860},{\"@type\":\"WebPage\",\"@id\":\"https:\/\/tugraztestweb.asol.at\/en\/gesamtverzeichnis\/maschinenbau-und-wirtschaftswissenschaften\/motive-und-unternehmerische-kompetenzen-von-gruenderinnen-technologie-orientierter-unternehmen\/#webpage\",\"url\":\"https:\/\/tugraztestweb.asol.at\/en\/gesamtverzeichnis\/maschinenbau-und-wirtschaftswissenschaften\/motive-und-unternehmerische-kompetenzen-von-gruenderinnen-technologie-orientierter-unternehmen\/\",\"name\":\"Motive und unternehmerische Kompetenzen von Gr\\u00fcnderInnen technologie-orientierter Unternehmen - Verlag der TU Graz\",\"isPartOf\":{\"@id\":\"https:\/\/tugraztestweb.asol.at\/#website\"},\"primaryImageOfPage\":{\"@id\":\"https:\/\/tugraztestweb.asol.at\/en\/gesamtverzeichnis\/maschinenbau-und-wirtschaftswissenschaften\/motive-und-unternehmerische-kompetenzen-von-gruenderinnen-technologie-orientierter-unternehmen\/#primaryimage\"},\"datePublished\":\"2020-08-21T12:55:13+00:00\",\"dateModified\":\"2020-08-21T12:56:13+00:00\",\"breadcrumb\":{\"@id\":\"https:\/\/tugraztestweb.asol.at\/en\/gesamtverzeichnis\/maschinenbau-und-wirtschaftswissenschaften\/motive-und-unternehmerische-kompetenzen-von-gruenderinnen-technologie-orientierter-unternehmen\/#breadcrumb\"},\"inLanguage\":\"en-US\",\"potentialAction\":[{\"@type\":\"ReadAction\",\"target\":[\"https:\/\/tugraztestweb.asol.at\/en\/gesamtverzeichnis\/maschinenbau-und-wirtschaftswissenschaften\/motive-und-unternehmerische-kompetenzen-von-gruenderinnen-technologie-orientierter-unternehmen\/\"]}]},{\"@type\":\"BreadcrumbList\",\"@id\":\"https:\/\/tugraztestweb.asol.at\/en\/gesamtverzeichnis\/maschinenbau-und-wirtschaftswissenschaften\/motive-und-unternehmerische-kompetenzen-von-gruenderinnen-technologie-orientierter-unternehmen\/#breadcrumb\",\"itemListElement\":[{\"@type\":\"ListItem\",\"position\":1,\"item\":{\"@type\":\"WebPage\",\"@id\":\"https:\/\/tugraztestweb.asol.at\/\",\"url\":\"https:\/\/tugraztestweb.asol.at\/\",\"name\":\"Home\"}},{\"@type\":\"ListItem\",\"position\":2,\"item\":{\"@type\":\"WebPage\",\"@id\":\"https:\/\/tugraztestweb.asol.at\/gesamtverzeichnis\/\",\"url\":\"https:\/\/tugraztestweb.asol.at\/gesamtverzeichnis\/\",\"name\":\"Gesamtverzeichnis\"}},{\"@type\":\"ListItem\",\"position\":3,\"item\":{\"@type\":\"WebPage\",\"@id\":\"https:\/\/tugraztestweb.asol.at\/en\/gesamtverzeichnis\/maschinenbau-und-wirtschaftswissenschaften\/motive-und-unternehmerische-kompetenzen-von-gruenderinnen-technologie-orientierter-unternehmen\/\",\"url\":\"https:\/\/tugraztestweb.asol.at\/en\/gesamtverzeichnis\/maschinenbau-und-wirtschaftswissenschaften\/motive-und-unternehmerische-kompetenzen-von-gruenderinnen-technologie-orientierter-unternehmen\/\",\"name\":\"Motive und unternehmerische Kompetenzen von Gr\\u00fcnderInnen technologie-orientierter Unternehmen\"}}]}]}<\/script>\n<!-- \/ Yoast SEO plugin. -->","_links":{"self":[{"href":"https:\/\/tugraztestweb.asol.at\/en\/wp-json\/wp\/v2\/product\/32306"}],"collection":[{"href":"https:\/\/tugraztestweb.asol.at\/en\/wp-json\/wp\/v2\/product"}],"about":[{"href":"https:\/\/tugraztestweb.asol.at\/en\/wp-json\/wp\/v2\/types\/product"}],"replies":[{"embeddable":true,"href":"https:\/\/tugraztestweb.asol.at\/en\/wp-json\/wp\/v2\/comments?post=32306"}],"wp:featuredmedia":[{"embeddable":true,"href":"https:\/\/tugraztestweb.asol.at\/en\/wp-json\/wp\/v2\/media\/40089"}],"wp:attachment":[{"href":"https:\/\/tugraztestweb.asol.at\/en\/wp-json\/wp\/v2\/media?parent=32306"}],"curies":[{"name":"wp","href":"https:\/\/api.w.org\/{rel}","templated":true}]}}