{"id":32319,"date":"2020-08-21T12:55:16","date_gmt":"2020-08-21T12:55:16","guid":{"rendered":"http:\/\/tugraztestweb.asol.at\/gesamtverzeichnis\/unkategorisiert\/14-grazer-baubetriebs-und-bauwirtschaftssymposium-tagungsband-2016-belastbare-dokumentation-in-der-bauausfuehrung-baubetriebliche-bauwirtschaftliche-und-rechtliche-aspekte-2\/"},"modified":"2020-08-21T14:56:16","modified_gmt":"2020-08-21T12:56:16","slug":"15-grazer-baubetriebs-und-bauwirtschaftssymposium-tagungsband-2017-bauzeitermittlung-im-soll-sollte-und-ist-baubetriebliche-bauwirtschaftliche-und-rechtliche-aspekte-2","status":"publish","type":"product","link":"https:\/\/tugraztestweb.asol.at\/en\/gesamtverzeichnis\/bauingenieurwissenschaften\/15-grazer-baubetriebs-und-bauwirtschaftssymposium-tagungsband-2017-bauzeitermittlung-im-soll-sollte-und-ist-baubetriebliche-bauwirtschaftliche-und-rechtliche-aspekte-2\/","title":{"rendered":"15. Grazer Baubetriebs- und Bauwirtschaftssymposium, Tagungsband 2017; Bauzeitermittlung im SOLL, SOLLTE und IST \u2013 Baubetriebliche, bauwirtschaftliche und rechtliche Aspekte"},"content":{"rendered":"<p class=\"qtranxs-available-languages-message qtranxs-available-languages-message-en\">Sorry, this entry is only available in <a href=\"https:\/\/tugraztestweb.asol.at\/de\/wp-json\/wp\/v2\/product\/32319\" class=\"qtranxs-available-language-link qtranxs-available-language-link-de\" title=\"Deutsch\">Deutsch<\/a>.<\/p><p>Die Bauzeitermittlung stellt eine der verantwortungsvollsten Aufgaben in der Bauwirtschaft dar und ist entscheidend f\u00fcr den wirtschaftlichen Erfolg eines Bauprojekts. Sowohl vom Auftraggeber als auch vom Auftragnehmer erfolgen in unterschiedlichen Projektphasen Zeitprognosen, die die Basis f\u00fcr weitere \u00dcberlegungen und Entscheidungen darstellen. Doch was sind die Elemente einer sachgerechten Bauzeitermittlung und welche Voraussetzungen kann der Auftraggeber schaffen, damit die Bauzeit eingehalten wird? Besteht ein Zusammenhang zwischen der vorgegebenen Bauzeit und den Baukosten? Wie erfolgt die Abgrenzung zwischen SOLL, SOLLTE und IST? Wie sind Bauzeitver\u00e4nderungen monet\u00e4r zu bewerten? Welches Verst\u00e4ndnis von der Bauzeit hat die Judikatur?<\/p>\n<p>Auf Grundlage dieser und anderer Fragen befasst sich das 15. Grazer Baubetriebs- und Bauwirtschaftssymposium mit den Elementen, Voraussetzungen und Erfolgsfaktoren der Bauzeitermittlung \u2013 veranschaulicht und belegt durch Beispiele aus der Baupraxis. Erg\u00e4nzt werden diese Ausf\u00fchrungen durch aktuelle Beitr\u00e4ge aus der baubetrieblichen und bauwirtschaftlichen Forschung.<\/p>\n<p>Im Tagungsband wird den zum Teil kontroversen Einsch\u00e4tzungen und Meinungen zum Thema \u201eBauzeitermittlung im SOLL, SOLLTE und IST\u201c verschiedener am Bau Beteiligter nachgegangen. Die Ansichten und Ergebnisse der Referenten werden im vorliegenden Tagungsband ausgef\u00fchrt. <\/p>\n<p>Es wird auf die Bedeutung der Bauzeit eingegangen und es werden sowohl baubetriebliche und bauwirtschaftliche als auch rechtliche Aspekte beleuchtet und zur Diskussion gestellt.<\/p>\n<p><\/p>","protected":false},"excerpt":{"rendered":"<p class=\"qtranxs-available-languages-message qtranxs-available-languages-message-en\">Sorry, this entry is only available in <a href=\"https:\/\/tugraztestweb.asol.at\/de\/wp-json\/wp\/v2\/product\/32319\" class=\"qtranxs-available-language-link qtranxs-available-language-link-de\" title=\"Deutsch\">Deutsch<\/a>.<\/p>\n<p>Die Bauzeitermittlung stellt eine der verantwortungsvollsten Aufgaben in der Bauwirtschaft dar und ist entscheidend f\u00fcr den wirtschaftlichen Erfolg eines Bauprojekts. Sowohl vom Auftraggeber als auch vom Auftragnehmer erfolgen in unterschiedlichen Projektphasen Zeitprognosen, die die Basis f\u00fcr weitere \u00dcberlegungen und Entscheidungen darstellen. Doch was sind die Elemente einer sachgerechten Bauzeitermittlung und welche Voraussetzungen kann der Auftraggeber schaffen, damit die Bauzeit eingehalten wird? Besteht ein Zusammenhang zwischen der vorgegebenen Bauzeit und den Baukosten? Wie erfolgt die Abgrenzung zwischen SOLL, SOLLTE und IST? Wie sind Bauzeitver\u00e4nderungen monet\u00e4r zu bewerten? Welches Verst\u00e4ndnis von der Bauzeit hat die Judikatur?<\/p>\n<p>Auf Grundlage dieser und anderer Fragen befasst sich das 15. Grazer Baubetriebs- und Bauwirtschaftssymposium mit den Elementen, Voraussetzungen und Erfolgsfaktoren der Bauzeitermittlung \u2013 veranschaulicht und belegt durch Beispiele aus der Baupraxis. Erg\u00e4nzt werden diese Ausf\u00fchrungen durch aktuelle Beitr\u00e4ge aus der baubetrieblichen und bauwirtschaftlichen Forschung.<\/p>\n<p>Im Tagungsband wird den zum Teil kontroversen Einsch\u00e4tzungen und Meinungen zum Thema \u201eBauzeitermittlung im SOLL, SOLLTE und IST\u201c verschiedener am Bau Beteiligter nachgegangen. Die Ansichten und Ergebnisse der Referenten werden im vorliegenden Tagungsband ausgef\u00fchrt. <\/p>\n<p>Es wird auf die Bedeutung der Bauzeit eingegangen und es werden sowohl baubetriebliche und bauwirtschaftliche als auch rechtliche Aspekte beleuchtet und zur Diskussion gestellt.<\/p>\n","protected":false},"featured_media":40090,"comment_status":"open","ping_status":"closed","template":"","meta":[],"yoast_head":"<!-- This site is optimized with the Yoast SEO plugin v16.1.1 - https:\/\/yoast.com\/wordpress\/plugins\/seo\/ -->\n<link rel=\"canonical\" href=\"https:\/\/tugraztestweb.asol.at\/en\/gesamtverzeichnis\/bauingenieurwissenschaften\/15-grazer-baubetriebs-und-bauwirtschaftssymposium-tagungsband-2017-bauzeitermittlung-im-soll-sollte-und-ist-baubetriebliche-bauwirtschaftliche-und-rechtliche-aspekte-2\/\" \/>\n<meta property=\"og:locale\" content=\"en_US\" \/>\n<meta property=\"og:type\" content=\"article\" \/>\n<meta property=\"og:title\" content=\"15. Grazer Baubetriebs- und Bauwirtschaftssymposium, Tagungsband 2017; Bauzeitermittlung im SOLL, SOLLTE und IST \u2013 Baubetriebliche, bauwirtschaftliche und rechtliche Aspekte - Verlag der TU Graz\" \/>\n<meta property=\"og:description\" content=\"Die Bauzeitermittlung stellt eine der verantwortungsvollsten Aufgaben in der Bauwirtschaft dar und ist entscheidend f\u00fcr den wirtschaftlichen Erfolg eines Bauprojekts. Sowohl vom Auftraggeber als auch vom Auftragnehmer erfolgen in unterschiedlichen Projektphasen Zeitprognosen, die die Basis f\u00fcr weitere \u00dcberlegungen und Entscheidungen darstellen. Doch was sind die Elemente einer sachgerechten Bauzeitermittlung und welche Voraussetzungen kann der Auftraggeber schaffen, damit die Bauzeit eingehalten wird? Besteht ein Zusammenhang zwischen der vorgegebenen Bauzeit und den Baukosten? Wie erfolgt die Abgrenzung zwischen SOLL, SOLLTE und IST? Wie sind Bauzeitver\u00e4nderungen monet\u00e4r zu bewerten? Welches Verst\u00e4ndnis von der Bauzeit hat die Judikatur?Auf Grundlage dieser und anderer Fragen befasst sich das 15. Grazer Baubetriebs- und Bauwirtschaftssymposium mit den Elementen, Voraussetzungen und Erfolgsfaktoren der Bauzeitermittlung \u2013 veranschaulicht und belegt durch Beispiele aus der Baupraxis. Erg\u00e4nzt werden diese Ausf\u00fchrungen durch aktuelle Beitr\u00e4ge aus der baubetrieblichen und bauwirtschaftlichen Forschung.Im Tagungsband wird den zum Teil kontroversen Einsch\u00e4tzungen und Meinungen zum Thema \u201eBauzeitermittlung im SOLL, SOLLTE und IST\u201c verschiedener am Bau Beteiligter nachgegangen. Die Ansichten und Ergebnisse der Referenten werden im vorliegenden Tagungsband ausgef\u00fchrt. Es wird auf die Bedeutung der Bauzeit eingegangen und es werden sowohl baubetriebliche und bauwirtschaftliche als auch rechtliche Aspekte beleuchtet und zur Diskussion gestellt.\" \/>\n<meta property=\"og:url\" content=\"https:\/\/tugraztestweb.asol.at\/en\/gesamtverzeichnis\/bauingenieurwissenschaften\/15-grazer-baubetriebs-und-bauwirtschaftssymposium-tagungsband-2017-bauzeitermittlung-im-soll-sollte-und-ist-baubetriebliche-bauwirtschaftliche-und-rechtliche-aspekte-2\/\" \/>\n<meta property=\"og:site_name\" content=\"Verlag der TU Graz\" \/>\n<meta property=\"article:modified_time\" content=\"2020-08-21T12:56:16+00:00\" \/>\n<meta property=\"og:image\" content=\"https:\/\/tugraztestweb.asol.at\/wp-content\/uploads\/2020\/08\/image-978-3-85125-515-7.jpg\" \/>\n\t<meta property=\"og:image:width\" content=\"591\" \/>\n\t<meta property=\"og:image:height\" content=\"836\" \/>\n<meta name=\"twitter:card\" content=\"summary_large_image\" \/>\n<meta name=\"twitter:label1\" content=\"Est. reading time\">\n\t<meta name=\"twitter:data1\" content=\"1 minute\">\n<script type=\"application\/ld+json\" class=\"yoast-schema-graph\">{\"@context\":\"https:\/\/schema.org\",\"@graph\":[{\"@type\":\"WebSite\",\"@id\":\"https:\/\/tugraztestweb.asol.at\/#website\",\"url\":\"https:\/\/tugraztestweb.asol.at\/\",\"name\":\"Verlag der TU Graz\",\"description\":\"Verlag der Technischen Universit\\u00e4t Graz\",\"potentialAction\":[{\"@type\":\"SearchAction\",\"target\":\"https:\/\/tugraztestweb.asol.at\/?s={search_term_string}\",\"query-input\":\"required name=search_term_string\"}],\"inLanguage\":\"en-US\"},{\"@type\":\"ImageObject\",\"@id\":\"https:\/\/tugraztestweb.asol.at\/en\/gesamtverzeichnis\/bauingenieurwissenschaften\/15-grazer-baubetriebs-und-bauwirtschaftssymposium-tagungsband-2017-bauzeitermittlung-im-soll-sollte-und-ist-baubetriebliche-bauwirtschaftliche-und-rechtliche-aspekte-2\/#primaryimage\",\"inLanguage\":\"en-US\",\"url\":\"https:\/\/tugraztestweb.asol.at\/wp-content\/uploads\/2020\/08\/image-978-3-85125-515-7.jpg\",\"contentUrl\":\"https:\/\/tugraztestweb.asol.at\/wp-content\/uploads\/2020\/08\/image-978-3-85125-515-7.jpg\",\"width\":591,\"height\":836},{\"@type\":\"WebPage\",\"@id\":\"https:\/\/tugraztestweb.asol.at\/en\/gesamtverzeichnis\/bauingenieurwissenschaften\/15-grazer-baubetriebs-und-bauwirtschaftssymposium-tagungsband-2017-bauzeitermittlung-im-soll-sollte-und-ist-baubetriebliche-bauwirtschaftliche-und-rechtliche-aspekte-2\/#webpage\",\"url\":\"https:\/\/tugraztestweb.asol.at\/en\/gesamtverzeichnis\/bauingenieurwissenschaften\/15-grazer-baubetriebs-und-bauwirtschaftssymposium-tagungsband-2017-bauzeitermittlung-im-soll-sollte-und-ist-baubetriebliche-bauwirtschaftliche-und-rechtliche-aspekte-2\/\",\"name\":\"15. Grazer Baubetriebs- und Bauwirtschaftssymposium, Tagungsband 2017; Bauzeitermittlung im SOLL, SOLLTE und IST \\u2013 Baubetriebliche, bauwirtschaftliche und rechtliche Aspekte - Verlag der TU Graz\",\"isPartOf\":{\"@id\":\"https:\/\/tugraztestweb.asol.at\/#website\"},\"primaryImageOfPage\":{\"@id\":\"https:\/\/tugraztestweb.asol.at\/en\/gesamtverzeichnis\/bauingenieurwissenschaften\/15-grazer-baubetriebs-und-bauwirtschaftssymposium-tagungsband-2017-bauzeitermittlung-im-soll-sollte-und-ist-baubetriebliche-bauwirtschaftliche-und-rechtliche-aspekte-2\/#primaryimage\"},\"datePublished\":\"2020-08-21T12:55:16+00:00\",\"dateModified\":\"2020-08-21T12:56:16+00:00\",\"breadcrumb\":{\"@id\":\"https:\/\/tugraztestweb.asol.at\/en\/gesamtverzeichnis\/bauingenieurwissenschaften\/15-grazer-baubetriebs-und-bauwirtschaftssymposium-tagungsband-2017-bauzeitermittlung-im-soll-sollte-und-ist-baubetriebliche-bauwirtschaftliche-und-rechtliche-aspekte-2\/#breadcrumb\"},\"inLanguage\":\"en-US\",\"potentialAction\":[{\"@type\":\"ReadAction\",\"target\":[\"https:\/\/tugraztestweb.asol.at\/en\/gesamtverzeichnis\/bauingenieurwissenschaften\/15-grazer-baubetriebs-und-bauwirtschaftssymposium-tagungsband-2017-bauzeitermittlung-im-soll-sollte-und-ist-baubetriebliche-bauwirtschaftliche-und-rechtliche-aspekte-2\/\"]}]},{\"@type\":\"BreadcrumbList\",\"@id\":\"https:\/\/tugraztestweb.asol.at\/en\/gesamtverzeichnis\/bauingenieurwissenschaften\/15-grazer-baubetriebs-und-bauwirtschaftssymposium-tagungsband-2017-bauzeitermittlung-im-soll-sollte-und-ist-baubetriebliche-bauwirtschaftliche-und-rechtliche-aspekte-2\/#breadcrumb\",\"itemListElement\":[{\"@type\":\"ListItem\",\"position\":1,\"item\":{\"@type\":\"WebPage\",\"@id\":\"https:\/\/tugraztestweb.asol.at\/\",\"url\":\"https:\/\/tugraztestweb.asol.at\/\",\"name\":\"Home\"}},{\"@type\":\"ListItem\",\"position\":2,\"item\":{\"@type\":\"WebPage\",\"@id\":\"https:\/\/tugraztestweb.asol.at\/gesamtverzeichnis\/\",\"url\":\"https:\/\/tugraztestweb.asol.at\/gesamtverzeichnis\/\",\"name\":\"Gesamtverzeichnis\"}},{\"@type\":\"ListItem\",\"position\":3,\"item\":{\"@type\":\"WebPage\",\"@id\":\"https:\/\/tugraztestweb.asol.at\/en\/gesamtverzeichnis\/bauingenieurwissenschaften\/15-grazer-baubetriebs-und-bauwirtschaftssymposium-tagungsband-2017-bauzeitermittlung-im-soll-sollte-und-ist-baubetriebliche-bauwirtschaftliche-und-rechtliche-aspekte-2\/\",\"url\":\"https:\/\/tugraztestweb.asol.at\/en\/gesamtverzeichnis\/bauingenieurwissenschaften\/15-grazer-baubetriebs-und-bauwirtschaftssymposium-tagungsband-2017-bauzeitermittlung-im-soll-sollte-und-ist-baubetriebliche-bauwirtschaftliche-und-rechtliche-aspekte-2\/\",\"name\":\"15. Grazer Baubetriebs- und Bauwirtschaftssymposium, Tagungsband 2017; Bauzeitermittlung im SOLL, SOLLTE und IST \\u2013 Baubetriebliche, bauwirtschaftliche und rechtliche Aspekte\"}}]}]}<\/script>\n<!-- \/ Yoast SEO plugin. -->","_links":{"self":[{"href":"https:\/\/tugraztestweb.asol.at\/en\/wp-json\/wp\/v2\/product\/32319"}],"collection":[{"href":"https:\/\/tugraztestweb.asol.at\/en\/wp-json\/wp\/v2\/product"}],"about":[{"href":"https:\/\/tugraztestweb.asol.at\/en\/wp-json\/wp\/v2\/types\/product"}],"replies":[{"embeddable":true,"href":"https:\/\/tugraztestweb.asol.at\/en\/wp-json\/wp\/v2\/comments?post=32319"}],"wp:featuredmedia":[{"embeddable":true,"href":"https:\/\/tugraztestweb.asol.at\/en\/wp-json\/wp\/v2\/media\/40090"}],"wp:attachment":[{"href":"https:\/\/tugraztestweb.asol.at\/en\/wp-json\/wp\/v2\/media?parent=32319"}],"curies":[{"name":"wp","href":"https:\/\/api.w.org\/{rel}","templated":true}]}}