{"id":32726,"date":"2020-08-21T12:55:17","date_gmt":"2020-08-21T12:55:17","guid":{"rendered":"http:\/\/tugraztestweb.asol.at\/gesamtverzeichnis\/unkategorisiert\/risiken-von-kritischen-sublieferanten\/"},"modified":"2020-08-21T14:56:17","modified_gmt":"2020-08-21T12:56:17","slug":"risiken-von-kritischen-sublieferanten","status":"publish","type":"product","link":"https:\/\/tugraztestweb.asol.at\/en\/gesamtverzeichnis\/maschinenbau-und-wirtschaftswissenschaften\/risiken-von-kritischen-sublieferanten\/","title":{"rendered":"Risiken von kritischen Sublieferanten"},"content":{"rendered":"<p class=\"qtranxs-available-languages-message qtranxs-available-languages-message-en\">Sorry, this entry is only available in <a href=\"https:\/\/tugraztestweb.asol.at\/de\/wp-json\/wp\/v2\/product\/32726\" class=\"qtranxs-available-language-link qtranxs-available-language-link-de\" title=\"Deutsch\">Deutsch<\/a>.<\/p><p>Globalisierung, volatile M\u00e4rkte, komplexe sich rasch ver\u00e4ndernde Technologien sowie die vielschichtigen Erwartungshaltungen der Kunden zwingen Lieferanten, Hersteller und Distributoren effizient miteinander zu kollaborieren. Supply Netzwerke entwickelten sich im Laufe der letzten Jahrzehnte verst\u00e4rkt zu komplexen und dynamischen Strukturen. Das Wachstum der globalen Versorgungsalternativen sowie die Tendenz verst\u00e4rktes strategisches Outsourcing zu betreiben, hat das Risiko rund um Versorgungsnetzwerke f\u00fcr Unternehmen stark zunehmen lassen. Langfristige strategische Entscheidungen stellen verst\u00e4rkt die Verbesserung der Netzwerkstabilit\u00e4t in den Fokus.<br \/>Lineare Supply Chains verwandelten sich zunehmend zu komplexen Netzwerkstrukturen, in deren Sublieferanten stark an Bedeutung gewonnen haben und kritische Positionen einnehmen. Vorliegende Forschungsarbeit greift diese Thematik auf und besch\u00e4ftigt sich mit kritischen Sublieferanten in einem Supply Netzwerk.<br \/>Die Ergebnisse dieser Forschungsarbeit zeigen auf, dass Unternehmen st\u00e4rker \u00fcber Kooperationen von strategischen Lieferanten hinausgehen und sich auf die unterschiedlichen Perspektiven von Sublieferanten in Supply Netzwerke fokussieren m\u00fcssen, um langfristig wettbewerbsf\u00e4hig bleiben zu k\u00f6nnen.<\/p>\n<p><\/p>","protected":false},"excerpt":{"rendered":"<p class=\"qtranxs-available-languages-message qtranxs-available-languages-message-en\">Sorry, this entry is only available in <a href=\"https:\/\/tugraztestweb.asol.at\/de\/wp-json\/wp\/v2\/product\/32726\" class=\"qtranxs-available-language-link qtranxs-available-language-link-de\" title=\"Deutsch\">Deutsch<\/a>.<\/p>\n<p>Globalisierung, volatile M\u00e4rkte, komplexe sich rasch ver\u00e4ndernde Technologien sowie die vielschichtigen Erwartungshaltungen der Kunden zwingen Lieferanten, Hersteller und Distributoren effizient miteinander zu kollaborieren. Supply Netzwerke entwickelten sich im Laufe der letzten Jahrzehnte verst\u00e4rkt zu komplexen und dynamischen Strukturen. Das Wachstum der globalen Versorgungsalternativen sowie die Tendenz verst\u00e4rktes strategisches Outsourcing zu betreiben, hat das Risiko rund um Versorgungsnetzwerke f\u00fcr Unternehmen stark zunehmen lassen. Langfristige strategische Entscheidungen stellen verst\u00e4rkt die Verbesserung der Netzwerkstabilit\u00e4t in den Fokus.<br \/>Lineare Supply Chains verwandelten sich zunehmend zu komplexen Netzwerkstrukturen, in deren Sublieferanten stark an Bedeutung gewonnen haben und kritische Positionen einnehmen. Vorliegende Forschungsarbeit greift diese Thematik auf und besch\u00e4ftigt sich mit kritischen Sublieferanten in einem Supply Netzwerk.<br \/>Die Ergebnisse dieser Forschungsarbeit zeigen auf, dass Unternehmen st\u00e4rker \u00fcber Kooperationen von strategischen Lieferanten hinausgehen und sich auf die unterschiedlichen Perspektiven von Sublieferanten in Supply Netzwerke fokussieren m\u00fcssen, um langfristig wettbewerbsf\u00e4hig bleiben zu k\u00f6nnen.<\/p>\n","protected":false},"featured_media":40101,"comment_status":"open","ping_status":"closed","template":"","meta":[],"yoast_head":"<!-- This site is optimized with the Yoast SEO plugin v16.1.1 - https:\/\/yoast.com\/wordpress\/plugins\/seo\/ -->\n<link rel=\"canonical\" href=\"https:\/\/tugraztestweb.asol.at\/en\/gesamtverzeichnis\/maschinenbau-und-wirtschaftswissenschaften\/risiken-von-kritischen-sublieferanten\/\" \/>\n<meta property=\"og:locale\" content=\"en_US\" \/>\n<meta property=\"og:type\" content=\"article\" \/>\n<meta property=\"og:title\" content=\"Risiken von kritischen Sublieferanten - Verlag der TU Graz\" \/>\n<meta property=\"og:description\" content=\"Globalisierung, volatile M\u00e4rkte, komplexe sich rasch ver\u00e4ndernde Technologien sowie die vielschichtigen Erwartungshaltungen der Kunden zwingen Lieferanten, Hersteller und Distributoren effizient miteinander zu kollaborieren. Supply Netzwerke entwickelten sich im Laufe der letzten Jahrzehnte verst\u00e4rkt zu komplexen und dynamischen Strukturen. Das Wachstum der globalen Versorgungsalternativen sowie die Tendenz verst\u00e4rktes strategisches Outsourcing zu betreiben, hat das Risiko rund um Versorgungsnetzwerke f\u00fcr Unternehmen stark zunehmen lassen. Langfristige strategische Entscheidungen stellen verst\u00e4rkt die Verbesserung der Netzwerkstabilit\u00e4t in den Fokus.Lineare Supply Chains verwandelten sich zunehmend zu komplexen Netzwerkstrukturen, in deren Sublieferanten stark an Bedeutung gewonnen haben und kritische Positionen einnehmen. Vorliegende Forschungsarbeit greift diese Thematik auf und besch\u00e4ftigt sich mit kritischen Sublieferanten in einem Supply Netzwerk.Die Ergebnisse dieser Forschungsarbeit zeigen auf, dass Unternehmen st\u00e4rker \u00fcber Kooperationen von strategischen Lieferanten hinausgehen und sich auf die unterschiedlichen Perspektiven von Sublieferanten in Supply Netzwerke fokussieren m\u00fcssen, um langfristig wettbewerbsf\u00e4hig bleiben zu k\u00f6nnen.\" \/>\n<meta property=\"og:url\" content=\"https:\/\/tugraztestweb.asol.at\/en\/gesamtverzeichnis\/maschinenbau-und-wirtschaftswissenschaften\/risiken-von-kritischen-sublieferanten\/\" \/>\n<meta property=\"og:site_name\" content=\"Verlag der TU Graz\" \/>\n<meta property=\"article:modified_time\" content=\"2020-08-21T12:56:17+00:00\" \/>\n<meta property=\"og:image\" content=\"https:\/\/tugraztestweb.asol.at\/wp-content\/uploads\/2020\/08\/image-978-3-85125-525-6.jpg\" \/>\n\t<meta property=\"og:image:width\" content=\"591\" \/>\n\t<meta property=\"og:image:height\" content=\"857\" \/>\n<meta name=\"twitter:card\" content=\"summary_large_image\" \/>\n<meta name=\"twitter:label1\" content=\"Est. reading time\">\n\t<meta name=\"twitter:data1\" content=\"1 minute\">\n<script type=\"application\/ld+json\" class=\"yoast-schema-graph\">{\"@context\":\"https:\/\/schema.org\",\"@graph\":[{\"@type\":\"WebSite\",\"@id\":\"https:\/\/tugraztestweb.asol.at\/#website\",\"url\":\"https:\/\/tugraztestweb.asol.at\/\",\"name\":\"Verlag der TU Graz\",\"description\":\"Verlag der Technischen Universit\\u00e4t Graz\",\"potentialAction\":[{\"@type\":\"SearchAction\",\"target\":\"https:\/\/tugraztestweb.asol.at\/?s={search_term_string}\",\"query-input\":\"required name=search_term_string\"}],\"inLanguage\":\"en-US\"},{\"@type\":\"ImageObject\",\"@id\":\"https:\/\/tugraztestweb.asol.at\/en\/gesamtverzeichnis\/maschinenbau-und-wirtschaftswissenschaften\/risiken-von-kritischen-sublieferanten\/#primaryimage\",\"inLanguage\":\"en-US\",\"url\":\"https:\/\/tugraztestweb.asol.at\/wp-content\/uploads\/2020\/08\/image-978-3-85125-525-6.jpg\",\"contentUrl\":\"https:\/\/tugraztestweb.asol.at\/wp-content\/uploads\/2020\/08\/image-978-3-85125-525-6.jpg\",\"width\":591,\"height\":857},{\"@type\":\"WebPage\",\"@id\":\"https:\/\/tugraztestweb.asol.at\/en\/gesamtverzeichnis\/maschinenbau-und-wirtschaftswissenschaften\/risiken-von-kritischen-sublieferanten\/#webpage\",\"url\":\"https:\/\/tugraztestweb.asol.at\/en\/gesamtverzeichnis\/maschinenbau-und-wirtschaftswissenschaften\/risiken-von-kritischen-sublieferanten\/\",\"name\":\"Risiken von kritischen Sublieferanten - Verlag der TU Graz\",\"isPartOf\":{\"@id\":\"https:\/\/tugraztestweb.asol.at\/#website\"},\"primaryImageOfPage\":{\"@id\":\"https:\/\/tugraztestweb.asol.at\/en\/gesamtverzeichnis\/maschinenbau-und-wirtschaftswissenschaften\/risiken-von-kritischen-sublieferanten\/#primaryimage\"},\"datePublished\":\"2020-08-21T12:55:17+00:00\",\"dateModified\":\"2020-08-21T12:56:17+00:00\",\"breadcrumb\":{\"@id\":\"https:\/\/tugraztestweb.asol.at\/en\/gesamtverzeichnis\/maschinenbau-und-wirtschaftswissenschaften\/risiken-von-kritischen-sublieferanten\/#breadcrumb\"},\"inLanguage\":\"en-US\",\"potentialAction\":[{\"@type\":\"ReadAction\",\"target\":[\"https:\/\/tugraztestweb.asol.at\/en\/gesamtverzeichnis\/maschinenbau-und-wirtschaftswissenschaften\/risiken-von-kritischen-sublieferanten\/\"]}]},{\"@type\":\"BreadcrumbList\",\"@id\":\"https:\/\/tugraztestweb.asol.at\/en\/gesamtverzeichnis\/maschinenbau-und-wirtschaftswissenschaften\/risiken-von-kritischen-sublieferanten\/#breadcrumb\",\"itemListElement\":[{\"@type\":\"ListItem\",\"position\":1,\"item\":{\"@type\":\"WebPage\",\"@id\":\"https:\/\/tugraztestweb.asol.at\/\",\"url\":\"https:\/\/tugraztestweb.asol.at\/\",\"name\":\"Home\"}},{\"@type\":\"ListItem\",\"position\":2,\"item\":{\"@type\":\"WebPage\",\"@id\":\"https:\/\/tugraztestweb.asol.at\/gesamtverzeichnis\/\",\"url\":\"https:\/\/tugraztestweb.asol.at\/gesamtverzeichnis\/\",\"name\":\"Gesamtverzeichnis\"}},{\"@type\":\"ListItem\",\"position\":3,\"item\":{\"@type\":\"WebPage\",\"@id\":\"https:\/\/tugraztestweb.asol.at\/en\/gesamtverzeichnis\/maschinenbau-und-wirtschaftswissenschaften\/risiken-von-kritischen-sublieferanten\/\",\"url\":\"https:\/\/tugraztestweb.asol.at\/en\/gesamtverzeichnis\/maschinenbau-und-wirtschaftswissenschaften\/risiken-von-kritischen-sublieferanten\/\",\"name\":\"Risiken von kritischen Sublieferanten\"}}]}]}<\/script>\n<!-- \/ Yoast SEO plugin. -->","_links":{"self":[{"href":"https:\/\/tugraztestweb.asol.at\/en\/wp-json\/wp\/v2\/product\/32726"}],"collection":[{"href":"https:\/\/tugraztestweb.asol.at\/en\/wp-json\/wp\/v2\/product"}],"about":[{"href":"https:\/\/tugraztestweb.asol.at\/en\/wp-json\/wp\/v2\/types\/product"}],"replies":[{"embeddable":true,"href":"https:\/\/tugraztestweb.asol.at\/en\/wp-json\/wp\/v2\/comments?post=32726"}],"wp:featuredmedia":[{"embeddable":true,"href":"https:\/\/tugraztestweb.asol.at\/en\/wp-json\/wp\/v2\/media\/40101"}],"wp:attachment":[{"href":"https:\/\/tugraztestweb.asol.at\/en\/wp-json\/wp\/v2\/media?parent=32726"}],"curies":[{"name":"wp","href":"https:\/\/api.w.org\/{rel}","templated":true}]}}