{"id":32790,"date":"2020-08-21T12:55:17","date_gmt":"2020-08-21T12:55:17","guid":{"rendered":"http:\/\/tugraztestweb.asol.at\/gesamtverzeichnis\/unkategorisiert\/bewegliche-tragwerke-2\/"},"modified":"2020-08-21T14:56:17","modified_gmt":"2020-08-21T12:56:17","slug":"bewegliche-tragwerke-ebook","status":"publish","type":"product","link":"https:\/\/tugraztestweb.asol.at\/en\/gesamtverzeichnis\/architektur\/bewegliche-tragwerke-ebook\/","title":{"rendered":"Bewegliche Tragwerke"},"content":{"rendered":"<p> The Aim of this book is to extend commonly used structural design for architects by a part about moveable constructions in buildings. Contents of different appertaining subjects, namely Kinematics as part of general mechanics and the interdependent mechanisms and gear trains as part of mechanical engineering, were reduced to vital substance from the point of structural design for architects. The present treatise is intended to be used as a guidebook by designing architects and engineers, who are to examine moveable building-constructions. A collection of examples of built moveable structures show typical and additionally special solutions in the design of bridges and rising structures.<\/p>","protected":false},"excerpt":{"rendered":"<p>The Aim of this book is to extend commonly used structural design for architects by a part about moveable constructions in buildings. Contents of different appertaining subjects, namely Kinematics as part of general mechanics and the interdependent mechanisms and gear trains as part of mechanical engineering, were reduced to vital substance from the point of structural design for architects. The present treatise is intended to be used as a guidebook by designing architects and engineers, who are to examine moveable building-constructions. A collection of examples of built moveable structures show typical and additionally special solutions in the design of bridges and rising structures.<\/p>\n","protected":false},"featured_media":40105,"comment_status":"open","ping_status":"closed","template":"","meta":[],"yoast_head":"<!-- This site is optimized with the Yoast SEO plugin v16.1.1 - https:\/\/yoast.com\/wordpress\/plugins\/seo\/ -->\n<link rel=\"canonical\" href=\"https:\/\/tugraztestweb.asol.at\/gesamtverzeichnis\/architektur\/bewegliche-tragwerke-ebook\/\" \/>\n<meta property=\"og:locale\" content=\"en_US\" \/>\n<meta property=\"og:type\" content=\"article\" \/>\n<meta property=\"og:title\" content=\"Bewegliche Tragwerke - Verlag der TU Graz\" \/>\n<meta property=\"og:description\" content=\"Ziel der vorliegenden Arbeit ist die Erweiterung der g\u00e4ngigen Tragwerkslehre f\u00fcr Architekten um Inhalte zu beweglichen Baukonstruktionen. Aus der Sicht der Tragwerkslehre wurden die verschiedenen, zugeh\u00f6rigen Fachbereiche, n\u00e4mlich die Kinematik als Teil der allgemeinen Mechanik und die technische Getriebelehre als Teil des Maschinenbaus, auf die wesentlichen Teile reduziert und zusammengef\u00fchrt. Der vorliegende Leitfaden soll entwerfenden Architekten und Ingenieuren dienen, welche sich mit der Konzeption und der baulichen Umsetzung beweglicher Baukonstruktionen auseinanderzusetzen haben. Eine Auswahl an Anwendungsbeispielen zeigt Tragwerke und hinsichtlich des Tragwerkverhaltens untergeordnete, bewegliche Baukonstruktionen. Dabei werden die typischen L\u00f6sungen f\u00fcr Bauaufgaben aus dem Br\u00fccken- und Hochbau beschrieben und um Sonderformen erg\u00e4nzt.The Aim of this book is to extend commonly used structural design for architects by a part about moveable constructions in buildings. Contents of different appertaining subjects, namely Kinematics as part of general mechanics and the interdependent mechanisms and gear trains as part of mechanical engineering, were reduced to vital substance from the point of structural design for architects. The present treatise is intended to be used as a guidebook by designing architects and engineers, who are to examine moveable building-constructions. A collection of examples of built moveable structures show typical and additionally special solutions in the design of bridges and rising structures.\" \/>\n<meta property=\"og:url\" content=\"https:\/\/tugraztestweb.asol.at\/gesamtverzeichnis\/architektur\/bewegliche-tragwerke-ebook\/\" \/>\n<meta property=\"og:site_name\" content=\"Verlag der TU Graz\" \/>\n<meta property=\"article:modified_time\" content=\"2020-08-21T12:56:17+00:00\" \/>\n<meta property=\"og:image\" content=\"https:\/\/tugraztestweb.asol.at\/wp-content\/uploads\/2020\/08\/image-978-3-85125-529-4.jpg\" \/>\n\t<meta property=\"og:image:width\" content=\"677\" \/>\n\t<meta property=\"og:image:height\" content=\"908\" \/>\n<meta name=\"twitter:card\" content=\"summary_large_image\" \/>\n<meta name=\"twitter:label1\" content=\"Est. reading time\">\n\t<meta name=\"twitter:data1\" content=\"1 minute\">\n<script type=\"application\/ld+json\" class=\"yoast-schema-graph\">{\"@context\":\"https:\/\/schema.org\",\"@graph\":[{\"@type\":\"WebSite\",\"@id\":\"https:\/\/tugraztestweb.asol.at\/#website\",\"url\":\"https:\/\/tugraztestweb.asol.at\/\",\"name\":\"Verlag der TU Graz\",\"description\":\"Verlag der Technischen Universit\\u00e4t Graz\",\"potentialAction\":[{\"@type\":\"SearchAction\",\"target\":\"https:\/\/tugraztestweb.asol.at\/?s={search_term_string}\",\"query-input\":\"required name=search_term_string\"}],\"inLanguage\":\"en-US\"},{\"@type\":\"ImageObject\",\"@id\":\"https:\/\/tugraztestweb.asol.at\/gesamtverzeichnis\/architektur\/bewegliche-tragwerke-ebook\/#primaryimage\",\"inLanguage\":\"en-US\",\"url\":\"https:\/\/tugraztestweb.asol.at\/wp-content\/uploads\/2020\/08\/image-978-3-85125-529-4.jpg\",\"contentUrl\":\"https:\/\/tugraztestweb.asol.at\/wp-content\/uploads\/2020\/08\/image-978-3-85125-529-4.jpg\",\"width\":677,\"height\":908},{\"@type\":\"WebPage\",\"@id\":\"https:\/\/tugraztestweb.asol.at\/gesamtverzeichnis\/architektur\/bewegliche-tragwerke-ebook\/#webpage\",\"url\":\"https:\/\/tugraztestweb.asol.at\/gesamtverzeichnis\/architektur\/bewegliche-tragwerke-ebook\/\",\"name\":\"Bewegliche Tragwerke - Verlag der TU Graz\",\"isPartOf\":{\"@id\":\"https:\/\/tugraztestweb.asol.at\/#website\"},\"primaryImageOfPage\":{\"@id\":\"https:\/\/tugraztestweb.asol.at\/gesamtverzeichnis\/architektur\/bewegliche-tragwerke-ebook\/#primaryimage\"},\"datePublished\":\"2020-08-21T12:55:17+00:00\",\"dateModified\":\"2020-08-21T12:56:17+00:00\",\"breadcrumb\":{\"@id\":\"https:\/\/tugraztestweb.asol.at\/gesamtverzeichnis\/architektur\/bewegliche-tragwerke-ebook\/#breadcrumb\"},\"inLanguage\":\"en-US\",\"potentialAction\":[{\"@type\":\"ReadAction\",\"target\":[\"https:\/\/tugraztestweb.asol.at\/gesamtverzeichnis\/architektur\/bewegliche-tragwerke-ebook\/\"]}]},{\"@type\":\"BreadcrumbList\",\"@id\":\"https:\/\/tugraztestweb.asol.at\/gesamtverzeichnis\/architektur\/bewegliche-tragwerke-ebook\/#breadcrumb\",\"itemListElement\":[{\"@type\":\"ListItem\",\"position\":1,\"item\":{\"@type\":\"WebPage\",\"@id\":\"https:\/\/tugraztestweb.asol.at\/\",\"url\":\"https:\/\/tugraztestweb.asol.at\/\",\"name\":\"Home\"}},{\"@type\":\"ListItem\",\"position\":2,\"item\":{\"@type\":\"WebPage\",\"@id\":\"https:\/\/tugraztestweb.asol.at\/gesamtverzeichnis\/\",\"url\":\"https:\/\/tugraztestweb.asol.at\/gesamtverzeichnis\/\",\"name\":\"Gesamtverzeichnis\"}},{\"@type\":\"ListItem\",\"position\":3,\"item\":{\"@type\":\"WebPage\",\"@id\":\"https:\/\/tugraztestweb.asol.at\/gesamtverzeichnis\/architektur\/bewegliche-tragwerke-ebook\/\",\"url\":\"https:\/\/tugraztestweb.asol.at\/gesamtverzeichnis\/architektur\/bewegliche-tragwerke-ebook\/\",\"name\":\"Bewegliche Tragwerke\"}}]}]}<\/script>\n<!-- \/ Yoast SEO plugin. -->","_links":{"self":[{"href":"https:\/\/tugraztestweb.asol.at\/en\/wp-json\/wp\/v2\/product\/32790"}],"collection":[{"href":"https:\/\/tugraztestweb.asol.at\/en\/wp-json\/wp\/v2\/product"}],"about":[{"href":"https:\/\/tugraztestweb.asol.at\/en\/wp-json\/wp\/v2\/types\/product"}],"replies":[{"embeddable":true,"href":"https:\/\/tugraztestweb.asol.at\/en\/wp-json\/wp\/v2\/comments?post=32790"}],"wp:featuredmedia":[{"embeddable":true,"href":"https:\/\/tugraztestweb.asol.at\/en\/wp-json\/wp\/v2\/media\/40105"}],"wp:attachment":[{"href":"https:\/\/tugraztestweb.asol.at\/en\/wp-json\/wp\/v2\/media?parent=32790"}],"curies":[{"name":"wp","href":"https:\/\/api.w.org\/{rel}","templated":true}]}}