{"id":32827,"date":"2020-08-21T12:55:18","date_gmt":"2020-08-21T12:55:18","guid":{"rendered":"http:\/\/tugraztestweb.asol.at\/gesamtverzeichnis\/unkategorisiert\/aqua-urbanica-2017-urbanes-niederschlagswassermanagement-im-spannungsfeld-zwischen-zentralen-und-dezentralen-massnahmen-2\/"},"modified":"2020-08-21T14:56:18","modified_gmt":"2020-08-21T12:56:18","slug":"aqua-urbanica-2017-urbanes-niederschlagswassermanagement-im-spannungsfeld-zwischen-zentralen-und-dezentralen-massnahmen-ebook","status":"publish","type":"product","link":"https:\/\/tugraztestweb.asol.at\/en\/gesamtverzeichnis\/bauingenieurwissenschaften\/aqua-urbanica-2017-urbanes-niederschlagswassermanagement-im-spannungsfeld-zwischen-zentralen-und-dezentralen-massnahmen-ebook\/","title":{"rendered":"Aqua Urbanica 2017 &#8211; Urbanes Niederschlagswassermanagement im Spannungsfeld zwischen zentralen und dezentralen Ma\u00dfnahmen"},"content":{"rendered":"<p class=\"qtranxs-available-languages-message qtranxs-available-languages-message-en\">Sorry, this entry is only available in <a href=\"https:\/\/tugraztestweb.asol.at\/de\/wp-json\/wp\/v2\/product\/32827\" class=\"qtranxs-available-language-link qtranxs-available-language-link-de\" title=\"Deutsch\">Deutsch<\/a>.<\/p><p>Zur Sicherstellung eines durch die EN 752 europaweit vorgegebenen<br \/>\nEntw\u00e4sserungskomforts im urbanen Raum wird ein leistungsf\u00e4higes<br \/>\nzentrales Grundsystem ben\u00f6tigt, das von mehreren Generationen geschaffen<br \/>\n wurde. Dabei gilt, dieses auch weiterhin zu erhalten,<br \/>\nerforderlichenfalls zu erweitern und zu optimieren, damit es auch den<br \/>\nzuk\u00fcnftigen Herausforderungen wie dem demografischen Wandel oder<br \/>\nKlimawandel gewachsen ist. Daneben sind im Regenwetterfall aber auch die<br \/>\n Oberfl\u00e4chengew\u00e4sser und der Grundwasserk\u00f6rper als wichtige<br \/>\nTrinkwasserressourcen und Naturg\u00fcter bestm\u00f6glich vor<br \/>\nSchmutzstoffeintr\u00e4gen zu sch\u00fctzen. Nach M\u00f6glichkeit sollte nicht<br \/>\nbehandlungsbed\u00fcrftiges oder entsprechend vorgereinigtes Wasser nicht in<br \/>\ndie Kanalisation eingeleitet werden. Daf\u00fcr sollen als Erg\u00e4nzung zur<br \/>\nklassischen zentralen Ableitung und Reinigung der Abw\u00e4sser auf<br \/>\nKl\u00e4ranlagen zunehmend auch m\u00f6glichst naturnahe und intelligente<br \/>\ndezentrale Ma\u00dfnahmen zum Einsatz kommen. Dabei geht es zumeist nicht um<br \/>\nein \u201eentweder-oder\u201c, sondern vielfach um eine sinnvolle Kombination<br \/>\nbeider M\u00f6glichkeiten. Voraussetzung daf\u00fcr sind allerdings die Auswahl<br \/>\nbetriebssicherer, leistungsf\u00e4higer und \u00fcberwachbarer Systeme, die einen<br \/>\nbedarfsorientierten Betrieb, Systemanpassungen und -optimierungen sowie<br \/>\nauch systematische Erfolgskontrollen erm\u00f6glichen. Die sich daraus<br \/>\nergebenden M\u00f6glichkeiten und das damit einhergehende Spannungsfeld wurde<br \/>\n als kommunale Gemeinschaftsaufgabe und -herausforderung im Rahmen der<br \/>\nAqua Urbanica 2017 in Graz m\u00f6glichst breit betrachtet und diskutiert.<\/p>","protected":false},"excerpt":{"rendered":"<p class=\"qtranxs-available-languages-message qtranxs-available-languages-message-en\">Sorry, this entry is only available in <a href=\"https:\/\/tugraztestweb.asol.at\/de\/wp-json\/wp\/v2\/product\/32827\" class=\"qtranxs-available-language-link qtranxs-available-language-link-de\" title=\"Deutsch\">Deutsch<\/a>.<\/p>\n<p>Zur Sicherstellung eines durch die EN 752 europaweit vorgegebenen<br \/>\nEntw\u00e4sserungskomforts im urbanen Raum wird ein leistungsf\u00e4higes<br \/>\nzentrales Grundsystem ben\u00f6tigt, das von mehreren Generationen geschaffen<br \/>\n wurde. Dabei gilt, dieses auch weiterhin zu erhalten,<br \/>\nerforderlichenfalls zu erweitern und zu optimieren, damit es auch den<br \/>\nzuk\u00fcnftigen Herausforderungen wie dem demografischen Wandel oder<br \/>\nKlimawandel gewachsen ist. Daneben sind im Regenwetterfall aber auch die<br \/>\n Oberfl\u00e4chengew\u00e4sser und der Grundwasserk\u00f6rper als wichtige<br \/>\nTrinkwasserressourcen und Naturg\u00fcter bestm\u00f6glich vor<br \/>\nSchmutzstoffeintr\u00e4gen zu sch\u00fctzen. Nach M\u00f6glichkeit sollte nicht<br \/>\nbehandlungsbed\u00fcrftiges oder entsprechend vorgereinigtes Wasser nicht in<br \/>\ndie Kanalisation eingeleitet werden. Daf\u00fcr sollen als Erg\u00e4nzung zur<br \/>\nklassischen zentralen Ableitung und Reinigung der Abw\u00e4sser auf<br \/>\nKl\u00e4ranlagen zunehmend auch m\u00f6glichst naturnahe und intelligente<br \/>\ndezentrale Ma\u00dfnahmen zum Einsatz kommen. Dabei geht es zumeist nicht um<br \/>\nein \u201eentweder-oder\u201c, sondern vielfach um eine sinnvolle Kombination<br \/>\nbeider M\u00f6glichkeiten. Voraussetzung daf\u00fcr sind allerdings die Auswahl<br \/>\nbetriebssicherer, leistungsf\u00e4higer und \u00fcberwachbarer Systeme, die einen<br \/>\nbedarfsorientierten Betrieb, Systemanpassungen und -optimierungen sowie<br \/>\nauch systematische Erfolgskontrollen erm\u00f6glichen. Die sich daraus<br \/>\nergebenden M\u00f6glichkeiten und das damit einhergehende Spannungsfeld wurde<br \/>\n als kommunale Gemeinschaftsaufgabe und -herausforderung im Rahmen der<br \/>\nAqua Urbanica 2017 in Graz m\u00f6glichst breit betrachtet und diskutiert.<\/p>\n","protected":false},"featured_media":40109,"comment_status":"open","ping_status":"closed","template":"","meta":[],"yoast_head":"<!-- This site is optimized with the Yoast SEO plugin v16.1.1 - https:\/\/yoast.com\/wordpress\/plugins\/seo\/ -->\n<link rel=\"canonical\" href=\"https:\/\/tugraztestweb.asol.at\/en\/gesamtverzeichnis\/bauingenieurwissenschaften\/aqua-urbanica-2017-urbanes-niederschlagswassermanagement-im-spannungsfeld-zwischen-zentralen-und-dezentralen-massnahmen-ebook\/\" \/>\n<meta property=\"og:locale\" content=\"en_US\" \/>\n<meta property=\"og:type\" content=\"article\" \/>\n<meta property=\"og:title\" content=\"Aqua Urbanica 2017 - Urbanes Niederschlagswassermanagement im Spannungsfeld zwischen zentralen und dezentralen Ma\u00dfnahmen - Verlag der TU Graz\" \/>\n<meta property=\"og:description\" content=\"Zur Sicherstellung eines durch die EN 752 europaweit vorgegebenen Entw\u00e4sserungskomforts im urbanen Raum wird ein leistungsf\u00e4higes zentrales Grundsystem ben\u00f6tigt, das von mehreren Generationen geschaffen wurde. Dabei gilt, dieses auch weiterhin zu erhalten, erforderlichenfalls zu erweitern und zu optimieren, damit es auch den zuk\u00fcnftigen Herausforderungen wie dem demografischen Wandel oder Klimawandel gewachsen ist. Daneben sind im Regenwetterfall aber auch die Oberfl\u00e4chengew\u00e4sser und der Grundwasserk\u00f6rper als wichtige Trinkwasserressourcen und Naturg\u00fcter bestm\u00f6glich vor Schmutzstoffeintr\u00e4gen zu sch\u00fctzen. Nach M\u00f6glichkeit sollte nicht behandlungsbed\u00fcrftiges oder entsprechend vorgereinigtes Wasser nicht in die Kanalisation eingeleitet werden. Daf\u00fcr sollen als Erg\u00e4nzung zur klassischen zentralen Ableitung und Reinigung der Abw\u00e4sser auf Kl\u00e4ranlagen zunehmend auch m\u00f6glichst naturnahe und intelligente dezentrale Ma\u00dfnahmen zum Einsatz kommen. Dabei geht es zumeist nicht um ein \u201eentweder-oder\u201c, sondern vielfach um eine sinnvolle Kombination beider M\u00f6glichkeiten. Voraussetzung daf\u00fcr sind allerdings die Auswahl betriebssicherer, leistungsf\u00e4higer und \u00fcberwachbarer Systeme, die einen bedarfsorientierten Betrieb, Systemanpassungen und -optimierungen sowie auch systematische Erfolgskontrollen erm\u00f6glichen. Die sich daraus ergebenden M\u00f6glichkeiten und das damit einhergehende Spannungsfeld wurde als kommunale Gemeinschaftsaufgabe und -herausforderung im Rahmen der Aqua Urbanica 2017 in Graz m\u00f6glichst breit betrachtet und diskutiert.\" \/>\n<meta property=\"og:url\" content=\"https:\/\/tugraztestweb.asol.at\/en\/gesamtverzeichnis\/bauingenieurwissenschaften\/aqua-urbanica-2017-urbanes-niederschlagswassermanagement-im-spannungsfeld-zwischen-zentralen-und-dezentralen-massnahmen-ebook\/\" \/>\n<meta property=\"og:site_name\" content=\"Verlag der TU Graz\" \/>\n<meta property=\"article:modified_time\" content=\"2020-08-21T12:56:18+00:00\" \/>\n<meta property=\"og:image\" content=\"https:\/\/tugraztestweb.asol.at\/wp-content\/uploads\/2020\/08\/image-978-3-85125-535-5.jpg\" \/>\n\t<meta property=\"og:image:width\" content=\"605\" \/>\n\t<meta property=\"og:image:height\" content=\"853\" \/>\n<meta name=\"twitter:card\" content=\"summary_large_image\" \/>\n<meta name=\"twitter:label1\" content=\"Est. reading time\">\n\t<meta name=\"twitter:data1\" content=\"1 minute\">\n<script type=\"application\/ld+json\" class=\"yoast-schema-graph\">{\"@context\":\"https:\/\/schema.org\",\"@graph\":[{\"@type\":\"WebSite\",\"@id\":\"https:\/\/tugraztestweb.asol.at\/#website\",\"url\":\"https:\/\/tugraztestweb.asol.at\/\",\"name\":\"Verlag der TU Graz\",\"description\":\"Verlag der Technischen Universit\\u00e4t Graz\",\"potentialAction\":[{\"@type\":\"SearchAction\",\"target\":\"https:\/\/tugraztestweb.asol.at\/?s={search_term_string}\",\"query-input\":\"required name=search_term_string\"}],\"inLanguage\":\"en-US\"},{\"@type\":\"ImageObject\",\"@id\":\"https:\/\/tugraztestweb.asol.at\/en\/gesamtverzeichnis\/bauingenieurwissenschaften\/aqua-urbanica-2017-urbanes-niederschlagswassermanagement-im-spannungsfeld-zwischen-zentralen-und-dezentralen-massnahmen-ebook\/#primaryimage\",\"inLanguage\":\"en-US\",\"url\":\"https:\/\/tugraztestweb.asol.at\/wp-content\/uploads\/2020\/08\/image-978-3-85125-535-5.jpg\",\"contentUrl\":\"https:\/\/tugraztestweb.asol.at\/wp-content\/uploads\/2020\/08\/image-978-3-85125-535-5.jpg\",\"width\":605,\"height\":853},{\"@type\":\"WebPage\",\"@id\":\"https:\/\/tugraztestweb.asol.at\/en\/gesamtverzeichnis\/bauingenieurwissenschaften\/aqua-urbanica-2017-urbanes-niederschlagswassermanagement-im-spannungsfeld-zwischen-zentralen-und-dezentralen-massnahmen-ebook\/#webpage\",\"url\":\"https:\/\/tugraztestweb.asol.at\/en\/gesamtverzeichnis\/bauingenieurwissenschaften\/aqua-urbanica-2017-urbanes-niederschlagswassermanagement-im-spannungsfeld-zwischen-zentralen-und-dezentralen-massnahmen-ebook\/\",\"name\":\"Aqua Urbanica 2017 - Urbanes Niederschlagswassermanagement im Spannungsfeld zwischen zentralen und dezentralen Ma\\u00dfnahmen - Verlag der TU Graz\",\"isPartOf\":{\"@id\":\"https:\/\/tugraztestweb.asol.at\/#website\"},\"primaryImageOfPage\":{\"@id\":\"https:\/\/tugraztestweb.asol.at\/en\/gesamtverzeichnis\/bauingenieurwissenschaften\/aqua-urbanica-2017-urbanes-niederschlagswassermanagement-im-spannungsfeld-zwischen-zentralen-und-dezentralen-massnahmen-ebook\/#primaryimage\"},\"datePublished\":\"2020-08-21T12:55:18+00:00\",\"dateModified\":\"2020-08-21T12:56:18+00:00\",\"breadcrumb\":{\"@id\":\"https:\/\/tugraztestweb.asol.at\/en\/gesamtverzeichnis\/bauingenieurwissenschaften\/aqua-urbanica-2017-urbanes-niederschlagswassermanagement-im-spannungsfeld-zwischen-zentralen-und-dezentralen-massnahmen-ebook\/#breadcrumb\"},\"inLanguage\":\"en-US\",\"potentialAction\":[{\"@type\":\"ReadAction\",\"target\":[\"https:\/\/tugraztestweb.asol.at\/en\/gesamtverzeichnis\/bauingenieurwissenschaften\/aqua-urbanica-2017-urbanes-niederschlagswassermanagement-im-spannungsfeld-zwischen-zentralen-und-dezentralen-massnahmen-ebook\/\"]}]},{\"@type\":\"BreadcrumbList\",\"@id\":\"https:\/\/tugraztestweb.asol.at\/en\/gesamtverzeichnis\/bauingenieurwissenschaften\/aqua-urbanica-2017-urbanes-niederschlagswassermanagement-im-spannungsfeld-zwischen-zentralen-und-dezentralen-massnahmen-ebook\/#breadcrumb\",\"itemListElement\":[{\"@type\":\"ListItem\",\"position\":1,\"item\":{\"@type\":\"WebPage\",\"@id\":\"https:\/\/tugraztestweb.asol.at\/\",\"url\":\"https:\/\/tugraztestweb.asol.at\/\",\"name\":\"Home\"}},{\"@type\":\"ListItem\",\"position\":2,\"item\":{\"@type\":\"WebPage\",\"@id\":\"https:\/\/tugraztestweb.asol.at\/gesamtverzeichnis\/\",\"url\":\"https:\/\/tugraztestweb.asol.at\/gesamtverzeichnis\/\",\"name\":\"Gesamtverzeichnis\"}},{\"@type\":\"ListItem\",\"position\":3,\"item\":{\"@type\":\"WebPage\",\"@id\":\"https:\/\/tugraztestweb.asol.at\/en\/gesamtverzeichnis\/bauingenieurwissenschaften\/aqua-urbanica-2017-urbanes-niederschlagswassermanagement-im-spannungsfeld-zwischen-zentralen-und-dezentralen-massnahmen-ebook\/\",\"url\":\"https:\/\/tugraztestweb.asol.at\/en\/gesamtverzeichnis\/bauingenieurwissenschaften\/aqua-urbanica-2017-urbanes-niederschlagswassermanagement-im-spannungsfeld-zwischen-zentralen-und-dezentralen-massnahmen-ebook\/\",\"name\":\"Aqua Urbanica 2017 &#8211; Urbanes Niederschlagswassermanagement im Spannungsfeld zwischen zentralen und dezentralen Ma\\u00dfnahmen\"}}]}]}<\/script>\n<!-- \/ Yoast SEO plugin. -->","_links":{"self":[{"href":"https:\/\/tugraztestweb.asol.at\/en\/wp-json\/wp\/v2\/product\/32827"}],"collection":[{"href":"https:\/\/tugraztestweb.asol.at\/en\/wp-json\/wp\/v2\/product"}],"about":[{"href":"https:\/\/tugraztestweb.asol.at\/en\/wp-json\/wp\/v2\/types\/product"}],"replies":[{"embeddable":true,"href":"https:\/\/tugraztestweb.asol.at\/en\/wp-json\/wp\/v2\/comments?post=32827"}],"wp:featuredmedia":[{"embeddable":true,"href":"https:\/\/tugraztestweb.asol.at\/en\/wp-json\/wp\/v2\/media\/40109"}],"wp:attachment":[{"href":"https:\/\/tugraztestweb.asol.at\/en\/wp-json\/wp\/v2\/media?parent=32827"}],"curies":[{"name":"wp","href":"https:\/\/api.w.org\/{rel}","templated":true}]}}