{"id":32842,"date":"2020-08-21T12:55:21","date_gmt":"2020-08-21T12:55:21","guid":{"rendered":"http:\/\/tugraztestweb.asol.at\/gesamtverzeichnis\/unkategorisiert\/concrete-tower-lannach-knock-on-wood\/"},"modified":"2020-08-21T14:56:21","modified_gmt":"2020-08-21T12:56:21","slug":"concrete-tower-lannach-knock-on-wood-ebook","status":"publish","type":"product","link":"https:\/\/tugraztestweb.asol.at\/en\/gesamtverzeichnis\/architektur\/concrete-tower-lannach-knock-on-wood-ebook\/","title":{"rendered":"Concrete Tower Lannach &#8211;  Knock on Wood"},"content":{"rendered":"<p class=\"qtranxs-available-languages-message qtranxs-available-languages-message-en\">Sorry, this entry is only available in <a href=\"https:\/\/tugraztestweb.asol.at\/de\/wp-json\/wp\/v2\/product\/32842\" class=\"qtranxs-available-language-link qtranxs-available-language-link-de\" title=\"Deutsch\">Deutsch<\/a>.<\/p><p>Kann Architektur erz\u00e4hlt werden? Ist es m\u00f6glich, architektonische R\u00e4ume<br \/>\nund Entw\u00fcrfe mittels narrativer Texte zu entwickeln und somit<br \/>\nfiktionale, gedachte R\u00e4ume in ein realweltliches Pendant zu \u00fcberf\u00fchren?<br \/>Wie<br \/>\n kann Architektur aus dem Ort heraus gedacht und geschrieben werden und<br \/>\nk\u00f6nnen die so entstandenen Raumentw\u00fcrfe mit architekturad\u00e4quaten Mitteln<br \/>\n dargestellt und in ein Projekt umgesetzt werden? <br \/>Diese<br \/>\nFragestellungen, basierend auf der Annahme, bildeten die Grundlage und<br \/>\nden Ausgangspunkt einer Entwurfs\u00fcbung am Institut f\u00fcr<br \/>\nArchitekturtechnologie an der TU Graz.<\/p>\n<p>Beispiele von Michel<br \/>\nHouellebecq, Georges Perec, Ernest Hemingway, Paul Auster und Franz<br \/>\nHessel dienten der Auseinandersetzung mit dem Konzept des erz\u00e4hlten<br \/>\nRaums und der fiktiven Wirklichkeitserschlie\u00dfung mittels literarischer<br \/>\nTextformen.<\/p>\n<p>Die nun in Buchform vorliegenden Semesterarbeiten<br \/>\nzeigen, dass die Fiktion als Ausgangspunkt der Wirklichkeitserschlie\u00dfung<br \/>\n als erster Schritt zum architektonischen Entwurf ein taugliches Mittel<br \/>\nsein kann. Ideen und M\u00f6glichkeiten, die zur Entwicklung und<br \/>\nMaterialisierung des architektonischen Raums f\u00fchren, werden zuerst in<br \/>\nHandlungs- und Bewegungsr\u00e4umen gedacht und geschrieben. Und danach von<br \/>\nder Skizze zum Entwurf gef\u00fchrt.<\/p>","protected":false},"excerpt":{"rendered":"<p class=\"qtranxs-available-languages-message qtranxs-available-languages-message-en\">Sorry, this entry is only available in <a href=\"https:\/\/tugraztestweb.asol.at\/de\/wp-json\/wp\/v2\/product\/32842\" class=\"qtranxs-available-language-link qtranxs-available-language-link-de\" title=\"Deutsch\">Deutsch<\/a>.<\/p>\n<p>Kann Architektur erz\u00e4hlt werden? Ist es m\u00f6glich, architektonische R\u00e4ume<br \/>\nund Entw\u00fcrfe mittels narrativer Texte zu entwickeln und somit<br \/>\nfiktionale, gedachte R\u00e4ume in ein realweltliches Pendant zu \u00fcberf\u00fchren?<br \/>Wie<br \/>\n kann Architektur aus dem Ort heraus gedacht und geschrieben werden und<br \/>\nk\u00f6nnen die so entstandenen Raumentw\u00fcrfe mit architekturad\u00e4quaten Mitteln<br \/>\n dargestellt und in ein Projekt umgesetzt werden? <br \/>Diese<br \/>\nFragestellungen, basierend auf der Annahme, bildeten die Grundlage und<br \/>\nden Ausgangspunkt einer Entwurfs\u00fcbung am Institut f\u00fcr<br \/>\nArchitekturtechnologie an der TU Graz.<\/p>\n<p>Beispiele von Michel<br \/>\nHouellebecq, Georges Perec, Ernest Hemingway, Paul Auster und Franz<br \/>\nHessel dienten der Auseinandersetzung mit dem Konzept des erz\u00e4hlten<br \/>\nRaums und der fiktiven Wirklichkeitserschlie\u00dfung mittels literarischer<br \/>\nTextformen.<\/p>\n<p>Die nun in Buchform vorliegenden Semesterarbeiten<br \/>\nzeigen, dass die Fiktion als Ausgangspunkt der Wirklichkeitserschlie\u00dfung<br \/>\n als erster Schritt zum architektonischen Entwurf ein taugliches Mittel<br \/>\nsein kann. Ideen und M\u00f6glichkeiten, die zur Entwicklung und<br \/>\nMaterialisierung des architektonischen Raums f\u00fchren, werden zuerst in<br \/>\nHandlungs- und Bewegungsr\u00e4umen gedacht und geschrieben. Und danach von<br \/>\nder Skizze zum Entwurf gef\u00fchrt.<\/p>\n","protected":false},"featured_media":40111,"comment_status":"open","ping_status":"closed","template":"","meta":[],"yoast_head":"<!-- This site is optimized with the Yoast SEO plugin v16.1.1 - https:\/\/yoast.com\/wordpress\/plugins\/seo\/ -->\n<link rel=\"canonical\" href=\"https:\/\/tugraztestweb.asol.at\/gesamtverzeichnis\/architektur\/concrete-tower-lannach-knock-on-wood-ebook\/\" \/>\n<meta property=\"og:locale\" content=\"en_US\" \/>\n<meta property=\"og:type\" content=\"article\" \/>\n<meta property=\"og:title\" content=\"Concrete Tower Lannach - Knock on Wood - Verlag der TU Graz\" \/>\n<meta property=\"og:description\" content=\"Kann Architektur erz\u00e4hlt werden? Ist es m\u00f6glich, architektonische R\u00e4ume und Entw\u00fcrfe mittels narrativer Texte zu entwickeln und somit fiktionale, gedachte R\u00e4ume in ein realweltliches Pendant zu \u00fcberf\u00fchren?Wie kann Architektur aus dem Ort heraus gedacht und geschrieben werden und k\u00f6nnen die so entstandenen Raumentw\u00fcrfe mit architekturad\u00e4quaten Mitteln dargestellt und in ein Projekt umgesetzt werden? Diese Fragestellungen, basierend auf der Annahme, bildeten die Grundlage und den Ausgangspunkt einer Entwurfs\u00fcbung am Institut f\u00fcr Architekturtechnologie an der TU Graz.Beispiele von Michel Houellebecq, Georges Perec, Ernest Hemingway, Paul Auster und Franz Hessel dienten der Auseinandersetzung mit dem Konzept des erz\u00e4hlten Raums und der fiktiven Wirklichkeitserschlie\u00dfung mittels literarischer Textformen.Die nun in Buchform vorliegenden Semesterarbeiten zeigen, dass die Fiktion als Ausgangspunkt der Wirklichkeitserschlie\u00dfung als erster Schritt zum architektonischen Entwurf ein taugliches Mittel sein kann. Ideen und M\u00f6glichkeiten, die zur Entwicklung und Materialisierung des architektonischen Raums f\u00fchren, werden zuerst in Handlungs- und Bewegungsr\u00e4umen gedacht und geschrieben. Und danach von der Skizze zum Entwurf gef\u00fchrt.\" \/>\n<meta property=\"og:url\" content=\"https:\/\/tugraztestweb.asol.at\/gesamtverzeichnis\/architektur\/concrete-tower-lannach-knock-on-wood-ebook\/\" \/>\n<meta property=\"og:site_name\" content=\"Verlag der TU Graz\" \/>\n<meta property=\"article:modified_time\" content=\"2020-08-21T12:56:21+00:00\" \/>\n<meta property=\"og:image\" content=\"https:\/\/tugraztestweb.asol.at\/wp-content\/uploads\/2020\/08\/image-795.jpg\" \/>\n\t<meta property=\"og:image:width\" content=\"447\" \/>\n\t<meta property=\"og:image:height\" content=\"475\" \/>\n<meta name=\"twitter:card\" content=\"summary_large_image\" \/>\n<meta name=\"twitter:label1\" content=\"Est. reading time\">\n\t<meta name=\"twitter:data1\" content=\"1 minute\">\n<script type=\"application\/ld+json\" class=\"yoast-schema-graph\">{\"@context\":\"https:\/\/schema.org\",\"@graph\":[{\"@type\":\"WebSite\",\"@id\":\"https:\/\/tugraztestweb.asol.at\/#website\",\"url\":\"https:\/\/tugraztestweb.asol.at\/\",\"name\":\"Verlag der TU Graz\",\"description\":\"Verlag der Technischen Universit\\u00e4t Graz\",\"potentialAction\":[{\"@type\":\"SearchAction\",\"target\":\"https:\/\/tugraztestweb.asol.at\/?s={search_term_string}\",\"query-input\":\"required name=search_term_string\"}],\"inLanguage\":\"en-US\"},{\"@type\":\"ImageObject\",\"@id\":\"https:\/\/tugraztestweb.asol.at\/gesamtverzeichnis\/architektur\/concrete-tower-lannach-knock-on-wood-ebook\/#primaryimage\",\"inLanguage\":\"en-US\",\"url\":\"https:\/\/tugraztestweb.asol.at\/wp-content\/uploads\/2020\/08\/image-795.jpg\",\"contentUrl\":\"https:\/\/tugraztestweb.asol.at\/wp-content\/uploads\/2020\/08\/image-795.jpg\",\"width\":447,\"height\":475},{\"@type\":\"WebPage\",\"@id\":\"https:\/\/tugraztestweb.asol.at\/gesamtverzeichnis\/architektur\/concrete-tower-lannach-knock-on-wood-ebook\/#webpage\",\"url\":\"https:\/\/tugraztestweb.asol.at\/gesamtverzeichnis\/architektur\/concrete-tower-lannach-knock-on-wood-ebook\/\",\"name\":\"Concrete Tower Lannach - Knock on Wood - Verlag der TU Graz\",\"isPartOf\":{\"@id\":\"https:\/\/tugraztestweb.asol.at\/#website\"},\"primaryImageOfPage\":{\"@id\":\"https:\/\/tugraztestweb.asol.at\/gesamtverzeichnis\/architektur\/concrete-tower-lannach-knock-on-wood-ebook\/#primaryimage\"},\"datePublished\":\"2020-08-21T12:55:21+00:00\",\"dateModified\":\"2020-08-21T12:56:21+00:00\",\"breadcrumb\":{\"@id\":\"https:\/\/tugraztestweb.asol.at\/gesamtverzeichnis\/architektur\/concrete-tower-lannach-knock-on-wood-ebook\/#breadcrumb\"},\"inLanguage\":\"en-US\",\"potentialAction\":[{\"@type\":\"ReadAction\",\"target\":[\"https:\/\/tugraztestweb.asol.at\/gesamtverzeichnis\/architektur\/concrete-tower-lannach-knock-on-wood-ebook\/\"]}]},{\"@type\":\"BreadcrumbList\",\"@id\":\"https:\/\/tugraztestweb.asol.at\/gesamtverzeichnis\/architektur\/concrete-tower-lannach-knock-on-wood-ebook\/#breadcrumb\",\"itemListElement\":[{\"@type\":\"ListItem\",\"position\":1,\"item\":{\"@type\":\"WebPage\",\"@id\":\"https:\/\/tugraztestweb.asol.at\/\",\"url\":\"https:\/\/tugraztestweb.asol.at\/\",\"name\":\"Home\"}},{\"@type\":\"ListItem\",\"position\":2,\"item\":{\"@type\":\"WebPage\",\"@id\":\"https:\/\/tugraztestweb.asol.at\/gesamtverzeichnis\/\",\"url\":\"https:\/\/tugraztestweb.asol.at\/gesamtverzeichnis\/\",\"name\":\"Gesamtverzeichnis\"}},{\"@type\":\"ListItem\",\"position\":3,\"item\":{\"@type\":\"WebPage\",\"@id\":\"https:\/\/tugraztestweb.asol.at\/gesamtverzeichnis\/architektur\/concrete-tower-lannach-knock-on-wood-ebook\/\",\"url\":\"https:\/\/tugraztestweb.asol.at\/gesamtverzeichnis\/architektur\/concrete-tower-lannach-knock-on-wood-ebook\/\",\"name\":\"Concrete Tower Lannach &#8211; Knock on Wood\"}}]}]}<\/script>\n<!-- \/ Yoast SEO plugin. -->","_links":{"self":[{"href":"https:\/\/tugraztestweb.asol.at\/en\/wp-json\/wp\/v2\/product\/32842"}],"collection":[{"href":"https:\/\/tugraztestweb.asol.at\/en\/wp-json\/wp\/v2\/product"}],"about":[{"href":"https:\/\/tugraztestweb.asol.at\/en\/wp-json\/wp\/v2\/types\/product"}],"replies":[{"embeddable":true,"href":"https:\/\/tugraztestweb.asol.at\/en\/wp-json\/wp\/v2\/comments?post=32842"}],"wp:featuredmedia":[{"embeddable":true,"href":"https:\/\/tugraztestweb.asol.at\/en\/wp-json\/wp\/v2\/media\/40111"}],"wp:attachment":[{"href":"https:\/\/tugraztestweb.asol.at\/en\/wp-json\/wp\/v2\/media?parent=32842"}],"curies":[{"name":"wp","href":"https:\/\/api.w.org\/{rel}","templated":true}]}}