{"id":32906,"date":"2020-08-21T12:55:21","date_gmt":"2020-08-21T12:55:21","guid":{"rendered":"http:\/\/tugraztestweb.asol.at\/gesamtverzeichnis\/unkategorisiert\/book-of-abstracts-ess-hpt-2016-the-european-summer-school-in-high-pressure-technology-2\/"},"modified":"2020-08-21T14:56:21","modified_gmt":"2020-08-21T12:56:21","slug":"book-of-abstracts-ess-hpt-2017-the-european-summer-school-in-high-pressure-technology-ebook","status":"publish","type":"product","link":"https:\/\/tugraztestweb.asol.at\/en\/gesamtverzeichnis\/technische-chemie-verfahrenstechnik-und-umwelttechnik\/book-of-abstracts-ess-hpt-2017-the-european-summer-school-in-high-pressure-technology-ebook\/","title":{"rendered":"Book of Abstracts, ESS-HPT 2017 The European Summer School in High Pressure Technology"},"content":{"rendered":"<p> ESS-HPT 2017 &#8220;The European Summer School in High Pressure Technology&#8221; is a 2 week intensive course in the field of high pressure technology. This year 22 Eurpean students (with 9 different nationalities) and 21 professors will participate. This course includes the wide range of compressed and supercritical gases from the fundamentals till indsutrial applications including necessary design of apparatus and plants.<\/p>","protected":false},"excerpt":{"rendered":"<p>ESS-HPT 2017 &#8220;The European Summer School in High Pressure Technology&#8221; is a 2 week intensive course in the field of high pressure technology. This year 22 Eurpean students (with 9 different nationalities) and 21 professors will participate. This course includes the wide range of compressed and supercritical gases from the fundamentals till indsutrial applications including necessary design of apparatus and plants.<\/p>\n","protected":false},"featured_media":40113,"comment_status":"open","ping_status":"closed","template":"","meta":[],"yoast_head":"<!-- This site is optimized with the Yoast SEO plugin v16.1.1 - https:\/\/yoast.com\/wordpress\/plugins\/seo\/ -->\n<link rel=\"canonical\" href=\"https:\/\/tugraztestweb.asol.at\/en\/gesamtverzeichnis\/technische-chemie-verfahrenstechnik-und-umwelttechnik\/book-of-abstracts-ess-hpt-2017-the-european-summer-school-in-high-pressure-technology-ebook\/\" \/>\n<meta property=\"og:locale\" content=\"en_US\" \/>\n<meta property=\"og:type\" content=\"article\" \/>\n<meta property=\"og:title\" content=\"Book of Abstracts, ESS-HPT 2017 The European Summer School in High Pressure Technology - Verlag der TU Graz\" \/>\n<meta property=\"og:description\" content=\"ESS-HPT 2017 &quot;The European Summer School in High Pressure Technology&quot; ist ein 2 w\u00f6chiger Intensivkurs im Bereich der Hochdrucktechnik, bei dem heuer 22 europ\u00e4ische Studierende (9 unterschiedliche Nationalit\u00e4ten) und 21ProfessorenInnen teilnehmen. Dieser Kurs umfasst die gesamte Bandbreite verdichteter Gase von den Grundlagen bis hin zu den industriellen Anwendungen inklusive den daf\u00fcr erforderlichen Ausf\u00fchrungen von Apparaten und Anlagen.ESS-HPT 2017 &quot;The European Summer School in High Pressure Technology&quot; is a 2 week intensive course in the field of high pressure technology. This year 22 Eurpean students (with 9 different nationalities) and 21 professors will participate. This course includes the wide range of compressed and supercritical gases from the fundamentals till indsutrial applications including necessary design of apparatus and plants.\" \/>\n<meta property=\"og:url\" content=\"https:\/\/tugraztestweb.asol.at\/en\/gesamtverzeichnis\/technische-chemie-verfahrenstechnik-und-umwelttechnik\/book-of-abstracts-ess-hpt-2017-the-european-summer-school-in-high-pressure-technology-ebook\/\" \/>\n<meta property=\"og:site_name\" content=\"Verlag der TU Graz\" \/>\n<meta property=\"article:modified_time\" content=\"2020-08-21T12:56:21+00:00\" \/>\n<meta property=\"og:image\" content=\"https:\/\/tugraztestweb.asol.at\/wp-content\/uploads\/2020\/08\/image-978-3-85125-541-6.jpg\" \/>\n\t<meta property=\"og:image:width\" content=\"450\" \/>\n\t<meta property=\"og:image:height\" content=\"641\" \/>\n<meta name=\"twitter:card\" content=\"summary_large_image\" \/>\n<meta name=\"twitter:label1\" content=\"Est. reading time\">\n\t<meta name=\"twitter:data1\" content=\"1 minute\">\n<script type=\"application\/ld+json\" class=\"yoast-schema-graph\">{\"@context\":\"https:\/\/schema.org\",\"@graph\":[{\"@type\":\"WebSite\",\"@id\":\"https:\/\/tugraztestweb.asol.at\/#website\",\"url\":\"https:\/\/tugraztestweb.asol.at\/\",\"name\":\"Verlag der TU Graz\",\"description\":\"Verlag der Technischen Universit\\u00e4t Graz\",\"potentialAction\":[{\"@type\":\"SearchAction\",\"target\":\"https:\/\/tugraztestweb.asol.at\/?s={search_term_string}\",\"query-input\":\"required name=search_term_string\"}],\"inLanguage\":\"en-US\"},{\"@type\":\"ImageObject\",\"@id\":\"https:\/\/tugraztestweb.asol.at\/en\/gesamtverzeichnis\/technische-chemie-verfahrenstechnik-und-umwelttechnik\/book-of-abstracts-ess-hpt-2017-the-european-summer-school-in-high-pressure-technology-ebook\/#primaryimage\",\"inLanguage\":\"en-US\",\"url\":\"https:\/\/tugraztestweb.asol.at\/wp-content\/uploads\/2020\/08\/image-978-3-85125-541-6.jpg\",\"contentUrl\":\"https:\/\/tugraztestweb.asol.at\/wp-content\/uploads\/2020\/08\/image-978-3-85125-541-6.jpg\",\"width\":450,\"height\":641},{\"@type\":\"WebPage\",\"@id\":\"https:\/\/tugraztestweb.asol.at\/en\/gesamtverzeichnis\/technische-chemie-verfahrenstechnik-und-umwelttechnik\/book-of-abstracts-ess-hpt-2017-the-european-summer-school-in-high-pressure-technology-ebook\/#webpage\",\"url\":\"https:\/\/tugraztestweb.asol.at\/en\/gesamtverzeichnis\/technische-chemie-verfahrenstechnik-und-umwelttechnik\/book-of-abstracts-ess-hpt-2017-the-european-summer-school-in-high-pressure-technology-ebook\/\",\"name\":\"Book of Abstracts, ESS-HPT 2017 The European Summer School in High Pressure Technology - Verlag der TU Graz\",\"isPartOf\":{\"@id\":\"https:\/\/tugraztestweb.asol.at\/#website\"},\"primaryImageOfPage\":{\"@id\":\"https:\/\/tugraztestweb.asol.at\/en\/gesamtverzeichnis\/technische-chemie-verfahrenstechnik-und-umwelttechnik\/book-of-abstracts-ess-hpt-2017-the-european-summer-school-in-high-pressure-technology-ebook\/#primaryimage\"},\"datePublished\":\"2020-08-21T12:55:21+00:00\",\"dateModified\":\"2020-08-21T12:56:21+00:00\",\"breadcrumb\":{\"@id\":\"https:\/\/tugraztestweb.asol.at\/en\/gesamtverzeichnis\/technische-chemie-verfahrenstechnik-und-umwelttechnik\/book-of-abstracts-ess-hpt-2017-the-european-summer-school-in-high-pressure-technology-ebook\/#breadcrumb\"},\"inLanguage\":\"en-US\",\"potentialAction\":[{\"@type\":\"ReadAction\",\"target\":[\"https:\/\/tugraztestweb.asol.at\/en\/gesamtverzeichnis\/technische-chemie-verfahrenstechnik-und-umwelttechnik\/book-of-abstracts-ess-hpt-2017-the-european-summer-school-in-high-pressure-technology-ebook\/\"]}]},{\"@type\":\"BreadcrumbList\",\"@id\":\"https:\/\/tugraztestweb.asol.at\/en\/gesamtverzeichnis\/technische-chemie-verfahrenstechnik-und-umwelttechnik\/book-of-abstracts-ess-hpt-2017-the-european-summer-school-in-high-pressure-technology-ebook\/#breadcrumb\",\"itemListElement\":[{\"@type\":\"ListItem\",\"position\":1,\"item\":{\"@type\":\"WebPage\",\"@id\":\"https:\/\/tugraztestweb.asol.at\/\",\"url\":\"https:\/\/tugraztestweb.asol.at\/\",\"name\":\"Home\"}},{\"@type\":\"ListItem\",\"position\":2,\"item\":{\"@type\":\"WebPage\",\"@id\":\"https:\/\/tugraztestweb.asol.at\/gesamtverzeichnis\/\",\"url\":\"https:\/\/tugraztestweb.asol.at\/gesamtverzeichnis\/\",\"name\":\"Gesamtverzeichnis\"}},{\"@type\":\"ListItem\",\"position\":3,\"item\":{\"@type\":\"WebPage\",\"@id\":\"https:\/\/tugraztestweb.asol.at\/en\/gesamtverzeichnis\/technische-chemie-verfahrenstechnik-und-umwelttechnik\/book-of-abstracts-ess-hpt-2017-the-european-summer-school-in-high-pressure-technology-ebook\/\",\"url\":\"https:\/\/tugraztestweb.asol.at\/en\/gesamtverzeichnis\/technische-chemie-verfahrenstechnik-und-umwelttechnik\/book-of-abstracts-ess-hpt-2017-the-european-summer-school-in-high-pressure-technology-ebook\/\",\"name\":\"Book of Abstracts, ESS-HPT 2017 The European Summer School in High Pressure Technology\"}}]}]}<\/script>\n<!-- \/ Yoast SEO plugin. -->","_links":{"self":[{"href":"https:\/\/tugraztestweb.asol.at\/en\/wp-json\/wp\/v2\/product\/32906"}],"collection":[{"href":"https:\/\/tugraztestweb.asol.at\/en\/wp-json\/wp\/v2\/product"}],"about":[{"href":"https:\/\/tugraztestweb.asol.at\/en\/wp-json\/wp\/v2\/types\/product"}],"replies":[{"embeddable":true,"href":"https:\/\/tugraztestweb.asol.at\/en\/wp-json\/wp\/v2\/comments?post=32906"}],"wp:featuredmedia":[{"embeddable":true,"href":"https:\/\/tugraztestweb.asol.at\/en\/wp-json\/wp\/v2\/media\/40113"}],"wp:attachment":[{"href":"https:\/\/tugraztestweb.asol.at\/en\/wp-json\/wp\/v2\/media?parent=32906"}],"curies":[{"name":"wp","href":"https:\/\/api.w.org\/{rel}","templated":true}]}}