{"id":32934,"date":"2020-08-21T12:55:21","date_gmt":"2020-08-21T12:55:21","guid":{"rendered":"http:\/\/tugraztestweb.asol.at\/gesamtverzeichnis\/unkategorisiert\/streuung-im-zugtragverhalten-von-stahlfaserbeton\/"},"modified":"2020-08-21T14:56:21","modified_gmt":"2020-08-21T12:56:21","slug":"streuung-im-zugtragverhalten-von-stahlfaserbeton-ebook","status":"publish","type":"product","link":"https:\/\/tugraztestweb.asol.at\/en\/gesamtverzeichnis\/bauingenieurwissenschaften\/streuung-im-zugtragverhalten-von-stahlfaserbeton-ebook\/","title":{"rendered":"Streuung im Zugtragverhalten von Stahlfaserbeton"},"content":{"rendered":"<p class=\"qtranxs-available-languages-message qtranxs-available-languages-message-en\">Sorry, this entry is only available in <a href=\"https:\/\/tugraztestweb.asol.at\/de\/wp-json\/wp\/v2\/product\/32934\" class=\"qtranxs-available-language-link qtranxs-available-language-link-de\" title=\"Deutsch\">Deutsch<\/a>.<\/p><p>Die vorliegende Arbeit beschreibt einen Beitrag zum Zugtragverhalten von<br \/>\n stahlfaserbewehrtem Normalbeton und Ultra-Hochleistungsbeton (UHPC) und<br \/>\n beinhaltet sowohl experimentelle als auch theoretische Untersuchungen.<br \/>\nDer Fokus liegt dabei auf der Streuung des Nachrisszugtragverhaltens,<br \/>\nder Definition der Prozesszonenl\u00e4nge und auf der Berechnung von<br \/>\nMaterialgesetzen aus Biegezugversuchen. <br \/>Nach der Einleitung und der<br \/>\nDefinition der Problemstellung erfolgt eine detaillierte Beschreibung<br \/>\nder experimentellen Versuche. Anschlie\u00dfend wird das numerische Modell<br \/>\nvorgestellt, welches die Versuchskurve von 4-Punkt-Biegezugversuchen<br \/>\nberechnet. Da im Modell jede Faser separat betrachtet wird ist f\u00fcr jede<br \/>\nDehnung bzw. Rissbreite das resultierende Moment bekannt. Dadurch kann<br \/>\ndie im Bereich der Risslokalisation ben\u00f6tigte Prozesszonenl\u00e4nge durch<br \/>\nden Vergleich mit dem Versuchsergebnis bestimmt werden. Des Weiteren<br \/>\nkann die Spannungs-Dehnungslinie sowohl f\u00fcr den verfestigenden als auch<br \/>\nentfestigenden Bereich der Betonarbeitslinie ermittelt werden. <br \/>Zus\u00e4tzlich<br \/>\n wurde ein analytisches Modell entwickelt, dass die<br \/>\nZugspannungs-Dehnungslinie aus den Ergebnissen von Biegezugversuchen<br \/>\ndirekt ermittelt. Es ist sowohl f\u00fcr Normalbeton als auch<br \/>\nUltra-Hochleistungsbeton anwendbar. Abschlie\u00dfend erfolgt eine Empfehlung<br \/>\n f\u00fcr die Bemessung und Herstellung von normalfestem und ultra-hochfestem<br \/>\n Stahlfaserbeton. <br \/><\/p>","protected":false},"excerpt":{"rendered":"<p class=\"qtranxs-available-languages-message qtranxs-available-languages-message-en\">Sorry, this entry is only available in <a href=\"https:\/\/tugraztestweb.asol.at\/de\/wp-json\/wp\/v2\/product\/32934\" class=\"qtranxs-available-language-link qtranxs-available-language-link-de\" title=\"Deutsch\">Deutsch<\/a>.<\/p>\n<p>Die vorliegende Arbeit beschreibt einen Beitrag zum Zugtragverhalten von<br \/>\n stahlfaserbewehrtem Normalbeton und Ultra-Hochleistungsbeton (UHPC) und<br \/>\n beinhaltet sowohl experimentelle als auch theoretische Untersuchungen.<br \/>\nDer Fokus liegt dabei auf der Streuung des Nachrisszugtragverhaltens,<br \/>\nder Definition der Prozesszonenl\u00e4nge und auf der Berechnung von<br \/>\nMaterialgesetzen aus Biegezugversuchen. <br \/>Nach der Einleitung und der<br \/>\nDefinition der Problemstellung erfolgt eine detaillierte Beschreibung<br \/>\nder experimentellen Versuche. Anschlie\u00dfend wird das numerische Modell<br \/>\nvorgestellt, welches die Versuchskurve von 4-Punkt-Biegezugversuchen<br \/>\nberechnet. Da im Modell jede Faser separat betrachtet wird ist f\u00fcr jede<br \/>\nDehnung bzw. Rissbreite das resultierende Moment bekannt. Dadurch kann<br \/>\ndie im Bereich der Risslokalisation ben\u00f6tigte Prozesszonenl\u00e4nge durch<br \/>\nden Vergleich mit dem Versuchsergebnis bestimmt werden. Des Weiteren<br \/>\nkann die Spannungs-Dehnungslinie sowohl f\u00fcr den verfestigenden als auch<br \/>\nentfestigenden Bereich der Betonarbeitslinie ermittelt werden. <br \/>Zus\u00e4tzlich<br \/>\n wurde ein analytisches Modell entwickelt, dass die<br \/>\nZugspannungs-Dehnungslinie aus den Ergebnissen von Biegezugversuchen<br \/>\ndirekt ermittelt. Es ist sowohl f\u00fcr Normalbeton als auch<br \/>\nUltra-Hochleistungsbeton anwendbar. Abschlie\u00dfend erfolgt eine Empfehlung<br \/>\n f\u00fcr die Bemessung und Herstellung von normalfestem und ultra-hochfestem<br \/>\n Stahlfaserbeton. <\/p>\n","protected":false},"featured_media":40116,"comment_status":"open","ping_status":"closed","template":"","meta":[],"yoast_head":"<!-- This site is optimized with the Yoast SEO plugin v16.1.1 - https:\/\/yoast.com\/wordpress\/plugins\/seo\/ -->\n<link rel=\"canonical\" href=\"https:\/\/tugraztestweb.asol.at\/en\/gesamtverzeichnis\/bauingenieurwissenschaften\/streuung-im-zugtragverhalten-von-stahlfaserbeton-ebook\/\" \/>\n<meta property=\"og:locale\" content=\"en_US\" \/>\n<meta property=\"og:type\" content=\"article\" \/>\n<meta property=\"og:title\" content=\"Streuung im Zugtragverhalten von Stahlfaserbeton - Verlag der TU Graz\" \/>\n<meta property=\"og:description\" content=\"Die vorliegende Arbeit beschreibt einen Beitrag zum Zugtragverhalten von stahlfaserbewehrtem Normalbeton und Ultra-Hochleistungsbeton (UHPC) und beinhaltet sowohl experimentelle als auch theoretische Untersuchungen. Der Fokus liegt dabei auf der Streuung des Nachrisszugtragverhaltens, der Definition der Prozesszonenl\u00e4nge und auf der Berechnung von Materialgesetzen aus Biegezugversuchen. Nach der Einleitung und der Definition der Problemstellung erfolgt eine detaillierte Beschreibung der experimentellen Versuche. Anschlie\u00dfend wird das numerische Modell vorgestellt, welches die Versuchskurve von 4-Punkt-Biegezugversuchen berechnet. Da im Modell jede Faser separat betrachtet wird ist f\u00fcr jede Dehnung bzw. Rissbreite das resultierende Moment bekannt. Dadurch kann die im Bereich der Risslokalisation ben\u00f6tigte Prozesszonenl\u00e4nge durch den Vergleich mit dem Versuchsergebnis bestimmt werden. Des Weiteren kann die Spannungs-Dehnungslinie sowohl f\u00fcr den verfestigenden als auch entfestigenden Bereich der Betonarbeitslinie ermittelt werden. Zus\u00e4tzlich wurde ein analytisches Modell entwickelt, dass die Zugspannungs-Dehnungslinie aus den Ergebnissen von Biegezugversuchen direkt ermittelt. Es ist sowohl f\u00fcr Normalbeton als auch Ultra-Hochleistungsbeton anwendbar. Abschlie\u00dfend erfolgt eine Empfehlung f\u00fcr die Bemessung und Herstellung von normalfestem und ultra-hochfestem Stahlfaserbeton.\" \/>\n<meta property=\"og:url\" content=\"https:\/\/tugraztestweb.asol.at\/en\/gesamtverzeichnis\/bauingenieurwissenschaften\/streuung-im-zugtragverhalten-von-stahlfaserbeton-ebook\/\" \/>\n<meta property=\"og:site_name\" content=\"Verlag der TU Graz\" \/>\n<meta property=\"article:modified_time\" content=\"2020-08-21T12:56:21+00:00\" \/>\n<meta property=\"og:image\" content=\"https:\/\/tugraztestweb.asol.at\/wp-content\/uploads\/2020\/08\/image-978-3-85125-540-9.jpg\" \/>\n\t<meta property=\"og:image:width\" content=\"502\" \/>\n\t<meta property=\"og:image:height\" content=\"743\" \/>\n<meta name=\"twitter:card\" content=\"summary_large_image\" \/>\n<meta name=\"twitter:label1\" content=\"Est. reading time\">\n\t<meta name=\"twitter:data1\" content=\"1 minute\">\n<script type=\"application\/ld+json\" class=\"yoast-schema-graph\">{\"@context\":\"https:\/\/schema.org\",\"@graph\":[{\"@type\":\"WebSite\",\"@id\":\"https:\/\/tugraztestweb.asol.at\/#website\",\"url\":\"https:\/\/tugraztestweb.asol.at\/\",\"name\":\"Verlag der TU Graz\",\"description\":\"Verlag der Technischen Universit\\u00e4t Graz\",\"potentialAction\":[{\"@type\":\"SearchAction\",\"target\":\"https:\/\/tugraztestweb.asol.at\/?s={search_term_string}\",\"query-input\":\"required name=search_term_string\"}],\"inLanguage\":\"en-US\"},{\"@type\":\"ImageObject\",\"@id\":\"https:\/\/tugraztestweb.asol.at\/en\/gesamtverzeichnis\/bauingenieurwissenschaften\/streuung-im-zugtragverhalten-von-stahlfaserbeton-ebook\/#primaryimage\",\"inLanguage\":\"en-US\",\"url\":\"https:\/\/tugraztestweb.asol.at\/wp-content\/uploads\/2020\/08\/image-978-3-85125-540-9.jpg\",\"contentUrl\":\"https:\/\/tugraztestweb.asol.at\/wp-content\/uploads\/2020\/08\/image-978-3-85125-540-9.jpg\",\"width\":502,\"height\":743},{\"@type\":\"WebPage\",\"@id\":\"https:\/\/tugraztestweb.asol.at\/en\/gesamtverzeichnis\/bauingenieurwissenschaften\/streuung-im-zugtragverhalten-von-stahlfaserbeton-ebook\/#webpage\",\"url\":\"https:\/\/tugraztestweb.asol.at\/en\/gesamtverzeichnis\/bauingenieurwissenschaften\/streuung-im-zugtragverhalten-von-stahlfaserbeton-ebook\/\",\"name\":\"Streuung im Zugtragverhalten von Stahlfaserbeton - Verlag der TU Graz\",\"isPartOf\":{\"@id\":\"https:\/\/tugraztestweb.asol.at\/#website\"},\"primaryImageOfPage\":{\"@id\":\"https:\/\/tugraztestweb.asol.at\/en\/gesamtverzeichnis\/bauingenieurwissenschaften\/streuung-im-zugtragverhalten-von-stahlfaserbeton-ebook\/#primaryimage\"},\"datePublished\":\"2020-08-21T12:55:21+00:00\",\"dateModified\":\"2020-08-21T12:56:21+00:00\",\"breadcrumb\":{\"@id\":\"https:\/\/tugraztestweb.asol.at\/en\/gesamtverzeichnis\/bauingenieurwissenschaften\/streuung-im-zugtragverhalten-von-stahlfaserbeton-ebook\/#breadcrumb\"},\"inLanguage\":\"en-US\",\"potentialAction\":[{\"@type\":\"ReadAction\",\"target\":[\"https:\/\/tugraztestweb.asol.at\/en\/gesamtverzeichnis\/bauingenieurwissenschaften\/streuung-im-zugtragverhalten-von-stahlfaserbeton-ebook\/\"]}]},{\"@type\":\"BreadcrumbList\",\"@id\":\"https:\/\/tugraztestweb.asol.at\/en\/gesamtverzeichnis\/bauingenieurwissenschaften\/streuung-im-zugtragverhalten-von-stahlfaserbeton-ebook\/#breadcrumb\",\"itemListElement\":[{\"@type\":\"ListItem\",\"position\":1,\"item\":{\"@type\":\"WebPage\",\"@id\":\"https:\/\/tugraztestweb.asol.at\/\",\"url\":\"https:\/\/tugraztestweb.asol.at\/\",\"name\":\"Home\"}},{\"@type\":\"ListItem\",\"position\":2,\"item\":{\"@type\":\"WebPage\",\"@id\":\"https:\/\/tugraztestweb.asol.at\/gesamtverzeichnis\/\",\"url\":\"https:\/\/tugraztestweb.asol.at\/gesamtverzeichnis\/\",\"name\":\"Gesamtverzeichnis\"}},{\"@type\":\"ListItem\",\"position\":3,\"item\":{\"@type\":\"WebPage\",\"@id\":\"https:\/\/tugraztestweb.asol.at\/en\/gesamtverzeichnis\/bauingenieurwissenschaften\/streuung-im-zugtragverhalten-von-stahlfaserbeton-ebook\/\",\"url\":\"https:\/\/tugraztestweb.asol.at\/en\/gesamtverzeichnis\/bauingenieurwissenschaften\/streuung-im-zugtragverhalten-von-stahlfaserbeton-ebook\/\",\"name\":\"Streuung im Zugtragverhalten von Stahlfaserbeton\"}}]}]}<\/script>\n<!-- \/ Yoast SEO plugin. -->","_links":{"self":[{"href":"https:\/\/tugraztestweb.asol.at\/en\/wp-json\/wp\/v2\/product\/32934"}],"collection":[{"href":"https:\/\/tugraztestweb.asol.at\/en\/wp-json\/wp\/v2\/product"}],"about":[{"href":"https:\/\/tugraztestweb.asol.at\/en\/wp-json\/wp\/v2\/types\/product"}],"replies":[{"embeddable":true,"href":"https:\/\/tugraztestweb.asol.at\/en\/wp-json\/wp\/v2\/comments?post=32934"}],"wp:featuredmedia":[{"embeddable":true,"href":"https:\/\/tugraztestweb.asol.at\/en\/wp-json\/wp\/v2\/media\/40116"}],"wp:attachment":[{"href":"https:\/\/tugraztestweb.asol.at\/en\/wp-json\/wp\/v2\/media?parent=32934"}],"curies":[{"name":"wp","href":"https:\/\/api.w.org\/{rel}","templated":true}]}}