{"id":33166,"date":"2020-08-21T12:55:22","date_gmt":"2020-08-21T12:55:22","guid":{"rendered":"http:\/\/tugraztestweb.asol.at\/gesamtverzeichnis\/unkategorisiert\/quintessenz-der-exlibris-literatur\/"},"modified":"2020-08-21T14:56:22","modified_gmt":"2020-08-21T12:56:22","slug":"quintessenz-der-internationalen-exlibris-literatur-quintessence-of-the-international-bookplate-literature","status":"publish","type":"product","link":"https:\/\/tugraztestweb.asol.at\/en\/gesamtverzeichnis\/interdiszipinaeres\/quintessenz-der-internationalen-exlibris-literatur-quintessence-of-the-international-bookplate-literature\/","title":{"rendered":"Quintessenz der internationalen Exlibris-Literatur; Quintessence of the international Bookplate Literature"},"content":{"rendered":"<p class=\"qtranxs-available-languages-message qtranxs-available-languages-message-en\">Sorry, this entry is only available in <a href=\"https:\/\/tugraztestweb.asol.at\/de\/wp-json\/wp\/v2\/product\/33166\" class=\"qtranxs-available-language-link qtranxs-available-language-link-de\" title=\"Deutsch\">Deutsch<\/a>.<\/p><p>Wer wei\u00df, wieviele Monographien, Zeitschriften und Zeitschriften-Artikel es zum Thema Exlibris wirklich gibt? <br \/>Obwohl die \u201cDatenbank der Internationalen Exlibrisliteratur\u201d (bibi.kfstock.at) zur Zeit 63750 Eintr\u00e4ge enth\u00e4lt, kann man dennoch vermuten, dass die tats\u00e4chliche Zahl an Exlibrispublikationen mehr als 120000 betr\u00e4gt. Aber auch die Zahl der 63.750 Eintr\u00e4ge w\u00fcrden ein vielb\u00e4ndiges Werk als Druckausgabe ergeben. Es ist daher meist sinnvoll und g\u00fcnstiger, die Online Datenbank f\u00fcr Forscher- und Sammlerzwecke zu ben\u00fctzen. <br \/>F\u00fcr Exlibristen, die dennoch ein handliches Druckwerk mit den wichtigsten Exlibrispublikationen w\u00fcnschen, soll die vorliegende Ver\u00f6ffentlichung dienen. Immerhin verzeichnet diese \u201cQuintessenz\u201d 3.730 Literaturnachweise.<\/p>\n<p><\/p>","protected":false},"excerpt":{"rendered":"<p class=\"qtranxs-available-languages-message qtranxs-available-languages-message-en\">Sorry, this entry is only available in <a href=\"https:\/\/tugraztestweb.asol.at\/de\/wp-json\/wp\/v2\/product\/33166\" class=\"qtranxs-available-language-link qtranxs-available-language-link-de\" title=\"Deutsch\">Deutsch<\/a>.<\/p>\n<p>Wer wei\u00df, wieviele Monographien, Zeitschriften und Zeitschriften-Artikel es zum Thema Exlibris wirklich gibt? <br \/>Obwohl die \u201cDatenbank der Internationalen Exlibrisliteratur\u201d (bibi.kfstock.at) zur Zeit 63750 Eintr\u00e4ge enth\u00e4lt, kann man dennoch vermuten, dass die tats\u00e4chliche Zahl an Exlibrispublikationen mehr als 120000 betr\u00e4gt. Aber auch die Zahl der 63.750 Eintr\u00e4ge w\u00fcrden ein vielb\u00e4ndiges Werk als Druckausgabe ergeben. Es ist daher meist sinnvoll und g\u00fcnstiger, die Online Datenbank f\u00fcr Forscher- und Sammlerzwecke zu ben\u00fctzen. <br \/>F\u00fcr Exlibristen, die dennoch ein handliches Druckwerk mit den wichtigsten Exlibrispublikationen w\u00fcnschen, soll die vorliegende Ver\u00f6ffentlichung dienen. Immerhin verzeichnet diese \u201cQuintessenz\u201d 3.730 Literaturnachweise.<\/p>\n","protected":false},"featured_media":40128,"comment_status":"open","ping_status":"closed","template":"","meta":[],"yoast_head":"<!-- This site is optimized with the Yoast SEO plugin v16.1.1 - https:\/\/yoast.com\/wordpress\/plugins\/seo\/ -->\n<link rel=\"canonical\" href=\"https:\/\/tugraztestweb.asol.at\/gesamtverzeichnis\/interdiszipinaeres\/quintessenz-der-internationalen-exlibris-literatur-quintessence-of-the-international-bookplate-literature\/\" \/>\n<meta property=\"og:locale\" content=\"en_US\" \/>\n<meta property=\"og:type\" content=\"article\" \/>\n<meta property=\"og:title\" content=\"Quintessenz der internationalen Exlibris-Literatur; Quintessence of the international Bookplate Literature - Verlag der TU Graz\" \/>\n<meta property=\"og:description\" content=\"Wer wei\u00df, wieviele Monographien, Zeitschriften und Zeitschriften-Artikel es zum Thema Exlibris wirklich gibt? Obwohl die \u201cDatenbank der Internationalen Exlibrisliteratur\u201d (bibi.kfstock.at) zur Zeit 63750 Eintr\u00e4ge enth\u00e4lt, kann man dennoch vermuten, dass die tats\u00e4chliche Zahl an Exlibrispublikationen mehr als 120000 betr\u00e4gt. Aber auch die Zahl der 63.750 Eintr\u00e4ge w\u00fcrden ein vielb\u00e4ndiges Werk als Druckausgabe ergeben. Es ist daher meist sinnvoll und g\u00fcnstiger, die Online Datenbank f\u00fcr Forscher- und Sammlerzwecke zu ben\u00fctzen. F\u00fcr Exlibristen, die dennoch ein handliches Druckwerk mit den wichtigsten Exlibrispublikationen w\u00fcnschen, soll die vorliegende Ver\u00f6ffentlichung dienen. Immerhin verzeichnet diese \u201cQuintessenz\u201d 3.730 Literaturnachweise.\" \/>\n<meta property=\"og:url\" content=\"https:\/\/tugraztestweb.asol.at\/gesamtverzeichnis\/interdiszipinaeres\/quintessenz-der-internationalen-exlibris-literatur-quintessence-of-the-international-bookplate-literature\/\" \/>\n<meta property=\"og:site_name\" content=\"Verlag der TU Graz\" \/>\n<meta property=\"article:modified_time\" content=\"2020-08-21T12:56:22+00:00\" \/>\n<meta property=\"og:image\" content=\"https:\/\/tugraztestweb.asol.at\/wp-content\/uploads\/2020\/08\/image-978-3-85125-559-1.jpg\" \/>\n\t<meta property=\"og:image:width\" content=\"402\" \/>\n\t<meta property=\"og:image:height\" content=\"195\" \/>\n<meta name=\"twitter:card\" content=\"summary_large_image\" \/>\n<meta name=\"twitter:label1\" content=\"Est. reading time\">\n\t<meta name=\"twitter:data1\" content=\"1 minute\">\n<script type=\"application\/ld+json\" class=\"yoast-schema-graph\">{\"@context\":\"https:\/\/schema.org\",\"@graph\":[{\"@type\":\"WebSite\",\"@id\":\"https:\/\/tugraztestweb.asol.at\/#website\",\"url\":\"https:\/\/tugraztestweb.asol.at\/\",\"name\":\"Verlag der TU Graz\",\"description\":\"Verlag der Technischen Universit\\u00e4t Graz\",\"potentialAction\":[{\"@type\":\"SearchAction\",\"target\":\"https:\/\/tugraztestweb.asol.at\/?s={search_term_string}\",\"query-input\":\"required name=search_term_string\"}],\"inLanguage\":\"en-US\"},{\"@type\":\"ImageObject\",\"@id\":\"https:\/\/tugraztestweb.asol.at\/gesamtverzeichnis\/interdiszipinaeres\/quintessenz-der-internationalen-exlibris-literatur-quintessence-of-the-international-bookplate-literature\/#primaryimage\",\"inLanguage\":\"en-US\",\"url\":\"https:\/\/tugraztestweb.asol.at\/wp-content\/uploads\/2020\/08\/image-978-3-85125-559-1.jpg\",\"contentUrl\":\"https:\/\/tugraztestweb.asol.at\/wp-content\/uploads\/2020\/08\/image-978-3-85125-559-1.jpg\",\"width\":402,\"height\":195},{\"@type\":\"WebPage\",\"@id\":\"https:\/\/tugraztestweb.asol.at\/gesamtverzeichnis\/interdiszipinaeres\/quintessenz-der-internationalen-exlibris-literatur-quintessence-of-the-international-bookplate-literature\/#webpage\",\"url\":\"https:\/\/tugraztestweb.asol.at\/gesamtverzeichnis\/interdiszipinaeres\/quintessenz-der-internationalen-exlibris-literatur-quintessence-of-the-international-bookplate-literature\/\",\"name\":\"Quintessenz der internationalen Exlibris-Literatur; Quintessence of the international Bookplate Literature - Verlag der TU Graz\",\"isPartOf\":{\"@id\":\"https:\/\/tugraztestweb.asol.at\/#website\"},\"primaryImageOfPage\":{\"@id\":\"https:\/\/tugraztestweb.asol.at\/gesamtverzeichnis\/interdiszipinaeres\/quintessenz-der-internationalen-exlibris-literatur-quintessence-of-the-international-bookplate-literature\/#primaryimage\"},\"datePublished\":\"2020-08-21T12:55:22+00:00\",\"dateModified\":\"2020-08-21T12:56:22+00:00\",\"breadcrumb\":{\"@id\":\"https:\/\/tugraztestweb.asol.at\/gesamtverzeichnis\/interdiszipinaeres\/quintessenz-der-internationalen-exlibris-literatur-quintessence-of-the-international-bookplate-literature\/#breadcrumb\"},\"inLanguage\":\"en-US\",\"potentialAction\":[{\"@type\":\"ReadAction\",\"target\":[\"https:\/\/tugraztestweb.asol.at\/gesamtverzeichnis\/interdiszipinaeres\/quintessenz-der-internationalen-exlibris-literatur-quintessence-of-the-international-bookplate-literature\/\"]}]},{\"@type\":\"BreadcrumbList\",\"@id\":\"https:\/\/tugraztestweb.asol.at\/gesamtverzeichnis\/interdiszipinaeres\/quintessenz-der-internationalen-exlibris-literatur-quintessence-of-the-international-bookplate-literature\/#breadcrumb\",\"itemListElement\":[{\"@type\":\"ListItem\",\"position\":1,\"item\":{\"@type\":\"WebPage\",\"@id\":\"https:\/\/tugraztestweb.asol.at\/\",\"url\":\"https:\/\/tugraztestweb.asol.at\/\",\"name\":\"Home\"}},{\"@type\":\"ListItem\",\"position\":2,\"item\":{\"@type\":\"WebPage\",\"@id\":\"https:\/\/tugraztestweb.asol.at\/gesamtverzeichnis\/\",\"url\":\"https:\/\/tugraztestweb.asol.at\/gesamtverzeichnis\/\",\"name\":\"Gesamtverzeichnis\"}},{\"@type\":\"ListItem\",\"position\":3,\"item\":{\"@type\":\"WebPage\",\"@id\":\"https:\/\/tugraztestweb.asol.at\/gesamtverzeichnis\/interdiszipinaeres\/quintessenz-der-internationalen-exlibris-literatur-quintessence-of-the-international-bookplate-literature\/\",\"url\":\"https:\/\/tugraztestweb.asol.at\/gesamtverzeichnis\/interdiszipinaeres\/quintessenz-der-internationalen-exlibris-literatur-quintessence-of-the-international-bookplate-literature\/\",\"name\":\"Quintessenz der internationalen Exlibris-Literatur; Quintessence of the international Bookplate Literature\"}}]}]}<\/script>\n<!-- \/ Yoast SEO plugin. -->","_links":{"self":[{"href":"https:\/\/tugraztestweb.asol.at\/en\/wp-json\/wp\/v2\/product\/33166"}],"collection":[{"href":"https:\/\/tugraztestweb.asol.at\/en\/wp-json\/wp\/v2\/product"}],"about":[{"href":"https:\/\/tugraztestweb.asol.at\/en\/wp-json\/wp\/v2\/types\/product"}],"replies":[{"embeddable":true,"href":"https:\/\/tugraztestweb.asol.at\/en\/wp-json\/wp\/v2\/comments?post=33166"}],"wp:featuredmedia":[{"embeddable":true,"href":"https:\/\/tugraztestweb.asol.at\/en\/wp-json\/wp\/v2\/media\/40128"}],"wp:attachment":[{"href":"https:\/\/tugraztestweb.asol.at\/en\/wp-json\/wp\/v2\/media?parent=33166"}],"curies":[{"name":"wp","href":"https:\/\/api.w.org\/{rel}","templated":true}]}}