{"id":33231,"date":"2020-08-21T12:55:22","date_gmt":"2020-08-21T12:55:22","guid":{"rendered":"http:\/\/tugraztestweb.asol.at\/gesamtverzeichnis\/unkategorisiert\/15-tagung-der-arbeitsprozess-des-verbrennungsmotors-2\/"},"modified":"2020-08-21T14:56:23","modified_gmt":"2020-08-21T12:56:23","slug":"16-tagung-der-arbeitsprozess-des-verbrennungsmotors","status":"publish","type":"product","link":"https:\/\/tugraztestweb.asol.at\/en\/gesamtverzeichnis\/technische-chemie-verfahrenstechnik-und-umwelttechnik\/16-tagung-der-arbeitsprozess-des-verbrennungsmotors\/","title":{"rendered":"16. Tagung Der Arbeitsprozess des Verbrennungsmotors"},"content":{"rendered":"<p class=\"qtranxs-available-languages-message qtranxs-available-languages-message-en\">Sorry, this entry is only available in <a href=\"https:\/\/tugraztestweb.asol.at\/de\/wp-json\/wp\/v2\/product\/33231\" class=\"qtranxs-available-language-link qtranxs-available-language-link-de\" title=\"Deutsch\">Deutsch<\/a>.<\/p><p>Der Bericht macht die anl\u00e4sslich der 16. Tagung \u201eDer Arbeitsprozess des Verbrennungsmotors\u201c im September 2017 pr\u00e4sentierten Forschungs- und Entwicklungsergebnisse einem gr\u00f6\u00dferen Interessentenkreis zug\u00e4nglich. In 42 Beitr\u00e4gen internationaler Experten werden die Themenkreise Thermodynamik des verbrennungsmotorischen Arbeitsprozesses, Schadstoffminderung, Wirkungsgradsteigerung, Aufladung, Abgasnachbehandlung, Elektrifizierung der VKM, Abgasw\u00e4rmenutzung, Kraftstoffe, Simulation und Messtechnik&nbsp; behandelt. Der Anwenungsbereich erstreckt sich dabei auf Antriebe von PKW und LKW sowie Gro\u00dfmotoren, die einen besonderen Schwerpunkt bilden.<\/p>","protected":false},"excerpt":{"rendered":"<p class=\"qtranxs-available-languages-message qtranxs-available-languages-message-en\">Sorry, this entry is only available in <a href=\"https:\/\/tugraztestweb.asol.at\/de\/wp-json\/wp\/v2\/product\/33231\" class=\"qtranxs-available-language-link qtranxs-available-language-link-de\" title=\"Deutsch\">Deutsch<\/a>.<\/p>\n<p>Der Bericht macht die anl\u00e4sslich der 16. Tagung \u201eDer Arbeitsprozess des Verbrennungsmotors\u201c im September 2017 pr\u00e4sentierten Forschungs- und Entwicklungsergebnisse einem gr\u00f6\u00dferen Interessentenkreis zug\u00e4nglich. In 42 Beitr\u00e4gen internationaler Experten werden die Themenkreise Thermodynamik des verbrennungsmotorischen Arbeitsprozesses, Schadstoffminderung, Wirkungsgradsteigerung, Aufladung, Abgasnachbehandlung, Elektrifizierung der VKM, Abgasw\u00e4rmenutzung, Kraftstoffe, Simulation und Messtechnik&nbsp; behandelt. Der Anwenungsbereich erstreckt sich dabei auf Antriebe von PKW und LKW sowie Gro\u00dfmotoren, die einen besonderen Schwerpunkt bilden.<\/p>\n","protected":false},"featured_media":40133,"comment_status":"open","ping_status":"closed","template":"","meta":[],"yoast_head":"<!-- This site is optimized with the Yoast SEO plugin v16.1.1 - https:\/\/yoast.com\/wordpress\/plugins\/seo\/ -->\n<link rel=\"canonical\" href=\"https:\/\/tugraztestweb.asol.at\/gesamtverzeichnis\/technische-chemie-verfahrenstechnik-und-umwelttechnik\/16-tagung-der-arbeitsprozess-des-verbrennungsmotors\/\" \/>\n<meta property=\"og:locale\" content=\"en_US\" \/>\n<meta property=\"og:type\" content=\"article\" \/>\n<meta property=\"og:title\" content=\"16. Tagung Der Arbeitsprozess des Verbrennungsmotors - Verlag der TU Graz\" \/>\n<meta property=\"og:description\" content=\"Der Bericht macht die anl\u00e4sslich der 16. Tagung \u201eDer Arbeitsprozess des Verbrennungsmotors\u201c im September 2017 pr\u00e4sentierten Forschungs- und Entwicklungsergebnisse einem gr\u00f6\u00dferen Interessentenkreis zug\u00e4nglich. In 42 Beitr\u00e4gen internationaler Experten werden die Themenkreise Thermodynamik des verbrennungsmotorischen Arbeitsprozesses, Schadstoffminderung, Wirkungsgradsteigerung, Aufladung, Abgasnachbehandlung, Elektrifizierung der VKM, Abgasw\u00e4rmenutzung, Kraftstoffe, Simulation und Messtechnik&nbsp; behandelt. Der Anwenungsbereich erstreckt sich dabei auf Antriebe von PKW und LKW sowie Gro\u00dfmotoren, die einen besonderen Schwerpunkt bilden.\" \/>\n<meta property=\"og:url\" content=\"https:\/\/tugraztestweb.asol.at\/gesamtverzeichnis\/technische-chemie-verfahrenstechnik-und-umwelttechnik\/16-tagung-der-arbeitsprozess-des-verbrennungsmotors\/\" \/>\n<meta property=\"og:site_name\" content=\"Verlag der TU Graz\" \/>\n<meta property=\"article:modified_time\" content=\"2020-08-21T12:56:23+00:00\" \/>\n<meta property=\"og:image\" content=\"https:\/\/tugraztestweb.asol.at\/wp-content\/uploads\/2020\/08\/image-978-3-85125-561-4.jpg\" \/>\n\t<meta property=\"og:image:width\" content=\"611\" \/>\n\t<meta property=\"og:image:height\" content=\"862\" \/>\n<meta name=\"twitter:card\" content=\"summary_large_image\" \/>\n<script type=\"application\/ld+json\" class=\"yoast-schema-graph\">{\"@context\":\"https:\/\/schema.org\",\"@graph\":[{\"@type\":\"WebSite\",\"@id\":\"https:\/\/tugraztestweb.asol.at\/#website\",\"url\":\"https:\/\/tugraztestweb.asol.at\/\",\"name\":\"Verlag der TU Graz\",\"description\":\"Verlag der Technischen Universit\\u00e4t Graz\",\"potentialAction\":[{\"@type\":\"SearchAction\",\"target\":\"https:\/\/tugraztestweb.asol.at\/?s={search_term_string}\",\"query-input\":\"required name=search_term_string\"}],\"inLanguage\":\"en-US\"},{\"@type\":\"ImageObject\",\"@id\":\"https:\/\/tugraztestweb.asol.at\/gesamtverzeichnis\/technische-chemie-verfahrenstechnik-und-umwelttechnik\/16-tagung-der-arbeitsprozess-des-verbrennungsmotors\/#primaryimage\",\"inLanguage\":\"en-US\",\"url\":\"https:\/\/tugraztestweb.asol.at\/wp-content\/uploads\/2020\/08\/image-978-3-85125-561-4.jpg\",\"contentUrl\":\"https:\/\/tugraztestweb.asol.at\/wp-content\/uploads\/2020\/08\/image-978-3-85125-561-4.jpg\",\"width\":611,\"height\":862},{\"@type\":\"WebPage\",\"@id\":\"https:\/\/tugraztestweb.asol.at\/gesamtverzeichnis\/technische-chemie-verfahrenstechnik-und-umwelttechnik\/16-tagung-der-arbeitsprozess-des-verbrennungsmotors\/#webpage\",\"url\":\"https:\/\/tugraztestweb.asol.at\/gesamtverzeichnis\/technische-chemie-verfahrenstechnik-und-umwelttechnik\/16-tagung-der-arbeitsprozess-des-verbrennungsmotors\/\",\"name\":\"16. Tagung Der Arbeitsprozess des Verbrennungsmotors - Verlag der TU Graz\",\"isPartOf\":{\"@id\":\"https:\/\/tugraztestweb.asol.at\/#website\"},\"primaryImageOfPage\":{\"@id\":\"https:\/\/tugraztestweb.asol.at\/gesamtverzeichnis\/technische-chemie-verfahrenstechnik-und-umwelttechnik\/16-tagung-der-arbeitsprozess-des-verbrennungsmotors\/#primaryimage\"},\"datePublished\":\"2020-08-21T12:55:22+00:00\",\"dateModified\":\"2020-08-21T12:56:23+00:00\",\"breadcrumb\":{\"@id\":\"https:\/\/tugraztestweb.asol.at\/gesamtverzeichnis\/technische-chemie-verfahrenstechnik-und-umwelttechnik\/16-tagung-der-arbeitsprozess-des-verbrennungsmotors\/#breadcrumb\"},\"inLanguage\":\"en-US\",\"potentialAction\":[{\"@type\":\"ReadAction\",\"target\":[\"https:\/\/tugraztestweb.asol.at\/gesamtverzeichnis\/technische-chemie-verfahrenstechnik-und-umwelttechnik\/16-tagung-der-arbeitsprozess-des-verbrennungsmotors\/\"]}]},{\"@type\":\"BreadcrumbList\",\"@id\":\"https:\/\/tugraztestweb.asol.at\/gesamtverzeichnis\/technische-chemie-verfahrenstechnik-und-umwelttechnik\/16-tagung-der-arbeitsprozess-des-verbrennungsmotors\/#breadcrumb\",\"itemListElement\":[{\"@type\":\"ListItem\",\"position\":1,\"item\":{\"@type\":\"WebPage\",\"@id\":\"https:\/\/tugraztestweb.asol.at\/\",\"url\":\"https:\/\/tugraztestweb.asol.at\/\",\"name\":\"Home\"}},{\"@type\":\"ListItem\",\"position\":2,\"item\":{\"@type\":\"WebPage\",\"@id\":\"https:\/\/tugraztestweb.asol.at\/gesamtverzeichnis\/\",\"url\":\"https:\/\/tugraztestweb.asol.at\/gesamtverzeichnis\/\",\"name\":\"Gesamtverzeichnis\"}},{\"@type\":\"ListItem\",\"position\":3,\"item\":{\"@type\":\"WebPage\",\"@id\":\"https:\/\/tugraztestweb.asol.at\/gesamtverzeichnis\/technische-chemie-verfahrenstechnik-und-umwelttechnik\/16-tagung-der-arbeitsprozess-des-verbrennungsmotors\/\",\"url\":\"https:\/\/tugraztestweb.asol.at\/gesamtverzeichnis\/technische-chemie-verfahrenstechnik-und-umwelttechnik\/16-tagung-der-arbeitsprozess-des-verbrennungsmotors\/\",\"name\":\"16. Tagung Der Arbeitsprozess des Verbrennungsmotors\"}}]}]}<\/script>\n<!-- \/ Yoast SEO plugin. -->","_links":{"self":[{"href":"https:\/\/tugraztestweb.asol.at\/en\/wp-json\/wp\/v2\/product\/33231"}],"collection":[{"href":"https:\/\/tugraztestweb.asol.at\/en\/wp-json\/wp\/v2\/product"}],"about":[{"href":"https:\/\/tugraztestweb.asol.at\/en\/wp-json\/wp\/v2\/types\/product"}],"replies":[{"embeddable":true,"href":"https:\/\/tugraztestweb.asol.at\/en\/wp-json\/wp\/v2\/comments?post=33231"}],"wp:featuredmedia":[{"embeddable":true,"href":"https:\/\/tugraztestweb.asol.at\/en\/wp-json\/wp\/v2\/media\/40133"}],"wp:attachment":[{"href":"https:\/\/tugraztestweb.asol.at\/en\/wp-json\/wp\/v2\/media?parent=33231"}],"curies":[{"name":"wp","href":"https:\/\/api.w.org\/{rel}","templated":true}]}}