{"id":33353,"date":"2020-08-21T12:55:26","date_gmt":"2020-08-21T12:55:26","guid":{"rendered":"http:\/\/tugraztestweb.asol.at\/gesamtverzeichnis\/unkategorisiert\/reviews-baumanagement\/"},"modified":"2020-08-21T14:56:26","modified_gmt":"2020-08-21T12:56:26","slug":"erggaenzungsheft-fuer-building-information-modeling-lm-leistungsmodell-vm-verguetungsmodell-objektplanung-architektur-oa-bim","status":"publish","type":"product","link":"https:\/\/tugraztestweb.asol.at\/en\/gesamtverzeichnis\/bauingenieurwissenschaften\/erggaenzungsheft-fuer-building-information-modeling-lm-leistungsmodell-vm-verguetungsmodell-objektplanung-architektur-oa-bim\/","title":{"rendered":"Ergg\u00e4nzungsheft f\u00fcr Building Information Modeling, LM.Leistungsmodell VM.Verg\u00fctungsmodell Objektplanung Architektur [OA.BIM]"},"content":{"rendered":"<p class=\"qtranxs-available-languages-message qtranxs-available-languages-message-en\">Sorry, this entry is only available in <a href=\"https:\/\/tugraztestweb.asol.at\/de\/wp-json\/wp\/v2\/product\/33353\" class=\"qtranxs-available-language-link qtranxs-available-language-link-de\" title=\"Deutsch\">Deutsch<\/a>.<\/p><p><br \/><\/p>","protected":false},"excerpt":{"rendered":"<p class=\"qtranxs-available-languages-message qtranxs-available-languages-message-en\">Sorry, this entry is only available in <a href=\"https:\/\/tugraztestweb.asol.at\/de\/wp-json\/wp\/v2\/product\/33353\" class=\"qtranxs-available-language-link qtranxs-available-language-link-de\" title=\"Deutsch\">Deutsch<\/a>.<\/p>\n<p><\/p>\n","protected":false},"featured_media":39472,"comment_status":"open","ping_status":"closed","template":"","meta":[],"yoast_head":"<!-- This site is optimized with the Yoast SEO plugin v16.1.1 - https:\/\/yoast.com\/wordpress\/plugins\/seo\/ -->\n<link rel=\"canonical\" href=\"https:\/\/tugraztestweb.asol.at\/gesamtverzeichnis\/bauingenieurwissenschaften\/erggaenzungsheft-fuer-building-information-modeling-lm-leistungsmodell-vm-verguetungsmodell-objektplanung-architektur-oa-bim\/\" \/>\n<meta property=\"og:locale\" content=\"en_US\" \/>\n<meta property=\"og:type\" content=\"article\" \/>\n<meta property=\"og:title\" content=\"Ergg\u00e4nzungsheft f\u00fcr Building Information Modeling, LM.Leistungsmodell VM.Verg\u00fctungsmodell Objektplanung Architektur [OA.BIM] - Verlag der TU Graz\" \/>\n<meta property=\"og:url\" content=\"https:\/\/tugraztestweb.asol.at\/gesamtverzeichnis\/bauingenieurwissenschaften\/erggaenzungsheft-fuer-building-information-modeling-lm-leistungsmodell-vm-verguetungsmodell-objektplanung-architektur-oa-bim\/\" \/>\n<meta property=\"og:site_name\" content=\"Verlag der TU Graz\" \/>\n<meta property=\"article:modified_time\" content=\"2020-08-21T12:56:26+00:00\" \/>\n<meta property=\"og:image\" content=\"https:\/\/tugraztestweb.asol.at\/wp-content\/uploads\/2020\/08\/image-978-3-85125-571-3.png\" \/>\n\t<meta property=\"og:image:width\" content=\"451\" \/>\n\t<meta property=\"og:image:height\" content=\"641\" \/>\n<meta name=\"twitter:card\" content=\"summary_large_image\" \/>\n<script type=\"application\/ld+json\" class=\"yoast-schema-graph\">{\"@context\":\"https:\/\/schema.org\",\"@graph\":[{\"@type\":\"WebSite\",\"@id\":\"https:\/\/tugraztestweb.asol.at\/#website\",\"url\":\"https:\/\/tugraztestweb.asol.at\/\",\"name\":\"Verlag der TU Graz\",\"description\":\"Verlag der Technischen Universit\\u00e4t Graz\",\"potentialAction\":[{\"@type\":\"SearchAction\",\"target\":\"https:\/\/tugraztestweb.asol.at\/?s={search_term_string}\",\"query-input\":\"required name=search_term_string\"}],\"inLanguage\":\"en-US\"},{\"@type\":\"ImageObject\",\"@id\":\"https:\/\/tugraztestweb.asol.at\/gesamtverzeichnis\/bauingenieurwissenschaften\/erggaenzungsheft-fuer-building-information-modeling-lm-leistungsmodell-vm-verguetungsmodell-objektplanung-architektur-oa-bim\/#primaryimage\",\"inLanguage\":\"en-US\",\"url\":\"https:\/\/tugraztestweb.asol.at\/wp-content\/uploads\/2020\/08\/image-978-3-85125-571-3.png\",\"contentUrl\":\"https:\/\/tugraztestweb.asol.at\/wp-content\/uploads\/2020\/08\/image-978-3-85125-571-3.png\",\"width\":451,\"height\":641},{\"@type\":\"WebPage\",\"@id\":\"https:\/\/tugraztestweb.asol.at\/gesamtverzeichnis\/bauingenieurwissenschaften\/erggaenzungsheft-fuer-building-information-modeling-lm-leistungsmodell-vm-verguetungsmodell-objektplanung-architektur-oa-bim\/#webpage\",\"url\":\"https:\/\/tugraztestweb.asol.at\/gesamtverzeichnis\/bauingenieurwissenschaften\/erggaenzungsheft-fuer-building-information-modeling-lm-leistungsmodell-vm-verguetungsmodell-objektplanung-architektur-oa-bim\/\",\"name\":\"Ergg\\u00e4nzungsheft f\\u00fcr Building Information Modeling, LM.Leistungsmodell VM.Verg\\u00fctungsmodell Objektplanung Architektur [OA.BIM] - Verlag der TU Graz\",\"isPartOf\":{\"@id\":\"https:\/\/tugraztestweb.asol.at\/#website\"},\"primaryImageOfPage\":{\"@id\":\"https:\/\/tugraztestweb.asol.at\/gesamtverzeichnis\/bauingenieurwissenschaften\/erggaenzungsheft-fuer-building-information-modeling-lm-leistungsmodell-vm-verguetungsmodell-objektplanung-architektur-oa-bim\/#primaryimage\"},\"datePublished\":\"2020-08-21T12:55:26+00:00\",\"dateModified\":\"2020-08-21T12:56:26+00:00\",\"breadcrumb\":{\"@id\":\"https:\/\/tugraztestweb.asol.at\/gesamtverzeichnis\/bauingenieurwissenschaften\/erggaenzungsheft-fuer-building-information-modeling-lm-leistungsmodell-vm-verguetungsmodell-objektplanung-architektur-oa-bim\/#breadcrumb\"},\"inLanguage\":\"en-US\",\"potentialAction\":[{\"@type\":\"ReadAction\",\"target\":[\"https:\/\/tugraztestweb.asol.at\/gesamtverzeichnis\/bauingenieurwissenschaften\/erggaenzungsheft-fuer-building-information-modeling-lm-leistungsmodell-vm-verguetungsmodell-objektplanung-architektur-oa-bim\/\"]}]},{\"@type\":\"BreadcrumbList\",\"@id\":\"https:\/\/tugraztestweb.asol.at\/gesamtverzeichnis\/bauingenieurwissenschaften\/erggaenzungsheft-fuer-building-information-modeling-lm-leistungsmodell-vm-verguetungsmodell-objektplanung-architektur-oa-bim\/#breadcrumb\",\"itemListElement\":[{\"@type\":\"ListItem\",\"position\":1,\"item\":{\"@type\":\"WebPage\",\"@id\":\"https:\/\/tugraztestweb.asol.at\/\",\"url\":\"https:\/\/tugraztestweb.asol.at\/\",\"name\":\"Home\"}},{\"@type\":\"ListItem\",\"position\":2,\"item\":{\"@type\":\"WebPage\",\"@id\":\"https:\/\/tugraztestweb.asol.at\/gesamtverzeichnis\/\",\"url\":\"https:\/\/tugraztestweb.asol.at\/gesamtverzeichnis\/\",\"name\":\"Gesamtverzeichnis\"}},{\"@type\":\"ListItem\",\"position\":3,\"item\":{\"@type\":\"WebPage\",\"@id\":\"https:\/\/tugraztestweb.asol.at\/gesamtverzeichnis\/bauingenieurwissenschaften\/erggaenzungsheft-fuer-building-information-modeling-lm-leistungsmodell-vm-verguetungsmodell-objektplanung-architektur-oa-bim\/\",\"url\":\"https:\/\/tugraztestweb.asol.at\/gesamtverzeichnis\/bauingenieurwissenschaften\/erggaenzungsheft-fuer-building-information-modeling-lm-leistungsmodell-vm-verguetungsmodell-objektplanung-architektur-oa-bim\/\",\"name\":\"Ergg\\u00e4nzungsheft f\\u00fcr Building Information Modeling, LM.Leistungsmodell VM.Verg\\u00fctungsmodell Objektplanung Architektur [OA.BIM]\"}}]}]}<\/script>\n<!-- \/ Yoast SEO plugin. -->","_links":{"self":[{"href":"https:\/\/tugraztestweb.asol.at\/en\/wp-json\/wp\/v2\/product\/33353"}],"collection":[{"href":"https:\/\/tugraztestweb.asol.at\/en\/wp-json\/wp\/v2\/product"}],"about":[{"href":"https:\/\/tugraztestweb.asol.at\/en\/wp-json\/wp\/v2\/types\/product"}],"replies":[{"embeddable":true,"href":"https:\/\/tugraztestweb.asol.at\/en\/wp-json\/wp\/v2\/comments?post=33353"}],"wp:featuredmedia":[{"embeddable":true,"href":"https:\/\/tugraztestweb.asol.at\/en\/wp-json\/wp\/v2\/media\/39472"}],"wp:attachment":[{"href":"https:\/\/tugraztestweb.asol.at\/en\/wp-json\/wp\/v2\/media?parent=33353"}],"curies":[{"name":"wp","href":"https:\/\/api.w.org\/{rel}","templated":true}]}}